{"id":990177,"date":"2025-08-10T22:33:47","date_gmt":"2025-08-10T22:33:47","guid":{"rendered":"https:\/\/agrovetazerbaijan.az\/?post_type=product&#038;p=990177"},"modified":"2025-09-09T08:31:50","modified_gmt":"2025-09-09T08:31:50","slug":"cloverpet-immunis-tablet-for-cats-and-dogs","status":"publish","type":"product","link":"https:\/\/agrovetazerbaijan.az\/ru\/product\/cloverpet-immunis-tablet-for-cats-and-dogs\/","title":{"rendered":"CLOVERPET \u0422\u0410\u0411\u041b\u0415\u0422\u041a\u0418 \u0414\u041b\u042f \u0418\u041c\u041c\u0423\u041d\u0418\u0422\u0415\u0422\u0410 \u0414\u041b\u042f \u041a\u041e\u0428\u0415\u041a \u0418 \u0421\u041e\u0411\u0410\u041a"},"content":{"rendered":"<div class=\"vgblk-rw-wrapper limit-wrapper\">\n<p data-start=\"115\" data-end=\"155\"><strong data-start=\"115\" data-end=\"155\">\u0422\u0430\u0431\u043b\u0435\u0442\u043a\u0438 CLOVER PET Immunes \u0434\u043b\u044f \u043a\u043e\u0448\u0435\u043a \u0438 \u0441\u043e\u0431\u0430\u043a<\/strong><\/p>\n<p data-start=\"157\" data-end=\"238\"><strong data-start=\"157\" data-end=\"174\">\u0418\u043c\u043c\u0443\u043d\u043d\u0430\u044f \u0442\u0430\u0431\u043b\u0435\u0442\u043a\u0430<\/strong><br data-start=\"174\" data-end=\"177\" \/>\u042d\u0442\u043e \u0442\u0430\u0431\u043b\u0435\u0442\u043a\u0430, \u043f\u043e\u0434\u0434\u0435\u0440\u0436\u0438\u0432\u0430\u044e\u0449\u0430\u044f \u0438\u043c\u043c\u0443\u043d\u043d\u0443\u044e \u0441\u0438\u0441\u0442\u0435\u043c\u0443 \u043a\u043e\u0448\u0435\u043a \u0438 \u0441\u043e\u0431\u0430\u043a.<\/p>\n<hr data-start=\"240\" data-end=\"243\" \/>\n<h3 data-start=\"245\" data-end=\"256\">\u0418\u043d\u0433\u0440\u0435\u0434\u0438\u0435\u043d\u0442\u044b<\/h3>\n<div class=\"_tableContainer_1rjym_1\">\n<div class=\"_tableWrapper_1rjym_13 group flex w-fit flex-col-reverse\" tabindex=\"-1\">\n<table class=\"w-fit min-w-(--thread-content-width)\" data-start=\"258\" data-end=\"488\">\n<thead data-start=\"258\" data-end=\"334\">\n<tr data-start=\"258\" data-end=\"334\">\n<th data-start=\"258\" data-end=\"275\" data-col-size=\"sm\">\u041d\u043e\u043c\u0435\u0440 \u0438\u0437\u043e\u0431\u0440\u0430\u0436\u0435\u043d\u0438\u044f<\/th>\n<th data-start=\"275\" data-end=\"295\" data-col-size=\"sm\">\u0410\u043a\u0442\u0438\u0432\u043d\u044b\u0439 \u0438\u043d\u0433\u0440\u0435\u0434\u0438\u0435\u043d\u0442<\/th>\n<th data-start=\"295\" data-end=\"313\" data-col-size=\"sm\">\u041a\u043e\u043b\u0438\u0447\u0435\u0441\u0442\u0432\u043e\/\u0442\u0430\u0431\u043b\u0435\u0442\u043a\u0430<\/th>\n<th data-start=\"313\" data-end=\"334\" data-col-size=\"sm\">\u041a\u043e\u043b\u0438\u0447\u0435\u0441\u0442\u0432\u043e\/\u043a\u0433<\/th>\n<\/tr>\n<\/thead>\n<tbody data-start=\"412\" data-end=\"488\">\n<tr data-start=\"412\" data-end=\"488\">\n<td data-start=\"412\" data-end=\"429\" data-col-size=\"sm\">3.\u0430.300<\/td>\n<td data-col-size=\"sm\" data-start=\"429\" data-end=\"449\">\u0412\u0438\u0442\u0430\u043c\u0438\u043d \u0421<\/td>\n<td data-col-size=\"sm\" data-start=\"449\" data-end=\"467\">10 \u043c\u0433<\/td>\n<td data-col-size=\"sm\" data-start=\"467\" data-end=\"488\">8000 \u043c\u0433\/\u043a\u0433<\/td>\n<\/tr>\n<\/tbody>\n<\/table>\n<div class=\"sticky end-(--thread-content-margin) h-0 self-end select-none\">\n<div class=\"absolute end-0 flex items-end\"><\/div>\n<\/div>\n<\/div>\n<\/div>\n<h3 data-start=\"490\" data-end=\"523\">\u0414\u0440\u0443\u0433\u0438\u0435 \u0438\u043d\u0433\u0440\u0435\u0434\u0438\u0435\u043d\u0442\u044b \u0438 \u043c\u0438\u043d\u0435\u0440\u0430\u043b\u044b<\/h3>\n<div class=\"_tableContainer_1rjym_1\">\n<div class=\"_tableWrapper_1rjym_13 group flex w-fit flex-col-reverse\" tabindex=\"-1\">\n<table class=\"w-fit min-w-(--thread-content-width)\" data-start=\"525\" data-end=\"1010\">\n<thead data-start=\"525\" data-end=\"605\">\n<tr data-start=\"525\" data-end=\"605\">\n<th data-start=\"525\" data-end=\"542\" data-col-size=\"sm\">\u041d\u043e\u043c\u0435\u0440 \u0438\u0437\u043e\u0431\u0440\u0430\u0436\u0435\u043d\u0438\u044f<\/th>\n<th data-start=\"542\" data-end=\"566\" data-col-size=\"sm\">\u0410\u043a\u0442\u0438\u0432\u043d\u044b\u0439 \u0438\u043d\u0433\u0440\u0435\u0434\u0438\u0435\u043d\u0442<\/th>\n<th data-start=\"566\" data-end=\"584\" data-col-size=\"sm\">\u041a\u043e\u043b\u0438\u0447\u0435\u0441\u0442\u0432\u043e\/\u0442\u0430\u0431\u043b\u0435\u0442\u043a\u0430<\/th>\n<th data-start=\"584\" data-end=\"605\" data-col-size=\"sm\">\u041a\u043e\u043b\u0438\u0447\u0435\u0441\u0442\u0432\u043e\/\u043a\u0433<\/th>\n<\/tr>\n<\/thead>\n<tbody data-start=\"687\" data-end=\"1010\">\n<tr data-start=\"687\" data-end=\"767\">\n<td data-start=\"687\" data-end=\"704\" data-col-size=\"sm\">11.2.8<\/td>\n<td data-col-size=\"sm\" data-start=\"704\" data-end=\"728\">\u0413\u0438\u0434\u0440\u043e\u043a\u0441\u0438\u0434 \u043c\u0430\u0433\u043d\u0438\u044f<\/td>\n<td data-col-size=\"sm\" data-start=\"728\" data-end=\"746\">30 \u043c\u0433<\/td>\n<td data-col-size=\"sm\" data-start=\"746\" data-end=\"767\">3000 \u043c\u0433\/\u043a\u0433<\/td>\n<\/tr>\n<tr data-start=\"768\" data-end=\"848\">\n<td data-start=\"768\" data-end=\"785\" data-col-size=\"sm\">3.\u0431.605<\/td>\n<td data-col-size=\"sm\" data-start=\"785\" data-end=\"809\">\u0421\u0443\u043b\u044c\u0444\u0430\u0442 \u0446\u0438\u043d\u043a\u0430<\/td>\n<td data-col-size=\"sm\" data-start=\"809\" data-end=\"827\">2 \u043c\u0433<\/td>\n<td data-col-size=\"sm\" data-start=\"827\" data-end=\"848\">2000 \u043c\u0433\/\u043a\u0433<\/td>\n<\/tr>\n<tr data-start=\"849\" data-end=\"929\">\n<td data-start=\"849\" data-end=\"866\" data-col-size=\"sm\">2\u0431<\/td>\n<td data-col-size=\"sm\" data-start=\"866\" data-end=\"890\">\u042d\u043a\u0441\u0442\u0440\u0430\u043a\u0442 \u044d\u0445\u0438\u043d\u0430\u0446\u0435\u0438<\/td>\n<td data-col-size=\"sm\" data-start=\"890\" data-end=\"908\">20 \u043c\u0433<\/td>\n<td data-col-size=\"sm\" data-start=\"908\" data-end=\"929\">12 000 \u043c\u0433\/\u043a\u0433<\/td>\n<\/tr>\n<tr data-start=\"930\" data-end=\"1010\">\n<td data-start=\"930\" data-end=\"947\" data-col-size=\"sm\">3.2.1<\/td>\n<td data-col-size=\"sm\" data-start=\"947\" data-end=\"971\">L-\u043b\u0438\u0437\u0438\u043d<\/td>\n<td data-col-size=\"sm\" data-start=\"971\" data-end=\"989\">150 \u043c\u0433<\/td>\n<td data-col-size=\"sm\" data-start=\"989\" data-end=\"1010\">10 000 \u043c\u0433\/\u043a\u0433<\/td>\n<\/tr>\n<\/tbody>\n<\/table>\n<div class=\"sticky end-(--thread-content-margin) h-0 self-end select-none\">\n<div class=\"absolute end-0 flex items-end\"><\/div>\n<\/div>\n<\/div>\n<\/div>\n<p data-start=\"1012\" data-end=\"1071\"><strong data-start=\"1012\" data-end=\"1034\">\u0412\u0435\u0449\u0435\u0441\u0442\u0432\u0430-\u043d\u043e\u0441\u0438\u0442\u0435\u043b\u0438:<\/strong> \u0421\u043e\u0440\u0431\u0438\u0442, \u0441\u0442\u0435\u0430\u0440\u0430\u0442 \u043c\u0430\u0433\u043d\u0438\u044f, \u043a\u0440\u0430\u0445\u043c\u0430\u043b<\/p>\n<hr data-start=\"1073\" data-end=\"1076\" \/>\n<h3 data-start=\"1078\" data-end=\"1097\">\u041e\u0431\u043b\u0430\u0441\u0442\u044c \u0438\u0441\u043f\u043e\u043b\u044c\u0437\u043e\u0432\u0430\u043d\u0438\u044f<\/h3>\n<p data-start=\"1099\" data-end=\"1226\">\u0422\u0430\u0431\u043b\u0435\u0442\u043a\u0438 Immunes \u2014 \u044d\u0442\u043e \u0434\u043e\u043f\u043e\u043b\u043d\u0438\u0442\u0435\u043b\u044c\u043d\u044b\u0439 \u043a\u043e\u0440\u043c, \u0441\u043e\u0434\u0435\u0440\u0436\u0430\u0449\u0438\u0439 \u0432\u0438\u0442\u0430\u043c\u0438\u043d\u044b \u0438 \u0440\u0430\u0441\u0442\u0438\u0442\u0435\u043b\u044c\u043d\u044b\u0435 \u044d\u043a\u0441\u0442\u0440\u0430\u043a\u0442\u044b, \u043a\u043e\u0442\u043e\u0440\u044b\u0435 \u043f\u043e\u0434\u0434\u0435\u0440\u0436\u0438\u0432\u0430\u044e\u0442 \u0438\u043c\u043c\u0443\u043d\u043d\u0443\u044e \u0441\u0438\u0441\u0442\u0435\u043c\u0443 \u0441\u043e\u0431\u0430\u043a \u0438 \u043a\u043e\u0448\u0435\u043a.<\/p>\n<hr data-start=\"1228\" data-end=\"1231\" \/>\n<h3 data-start=\"1233\" data-end=\"1263\">\u0421\u043f\u043e\u0441\u043e\u0431 \u043f\u0440\u0438\u043c\u0435\u043d\u0435\u043d\u0438\u044f \u0438 \u0434\u043e\u0437\u0438\u0440\u043e\u0432\u043a\u0430<\/h3>\n<p data-start=\"1265\" data-end=\"1432\">\u0422\u0430\u0431\u043b\u0435\u0442\u043a\u0438 \u00ab\u0418\u043c\u043c\u0443\u043d\u0435\u0441\u00bb \u0434\u0430\u044e\u0442 \u0441\u043e\u0431\u0430\u043a\u0430\u043c \u0438 \u043a\u043e\u0448\u043a\u0430\u043c \u043d\u0435\u043f\u043e\u0441\u0440\u0435\u0434\u0441\u0442\u0432\u0435\u043d\u043d\u043e \u0438\u043b\u0438 \u0441\u043c\u0435\u0448\u0438\u0432\u0430\u044e\u0442 \u0441 \u043a\u043e\u0440\u043c\u043e\u043c. \u041f\u0440\u0438 \u043d\u0435\u043e\u0431\u0445\u043e\u0434\u0438\u043c\u043e\u0441\u0442\u0438 \u0442\u0430\u0431\u043b\u0435\u0442\u043a\u0438 \u043c\u043e\u0436\u043d\u043e \u0438\u0437\u043c\u0435\u043b\u044c\u0447\u0438\u0442\u044c \u0438 \u0441\u043c\u0435\u0448\u0430\u0442\u044c \u0441 \u043a\u043e\u0440\u043c\u043e\u043c.<br data-start=\"1399\" data-end=\"1402\" \/>\u0414\u043e\u0437\u0438\u0440\u043e\u0432\u043a\u0438 \u043f\u043e \u043c\u0430\u0441\u0441\u0435 \u0442\u0435\u043b\u0430:<\/p>\n<ul data-start=\"1433\" data-end=\"1556\">\n<li data-start=\"1433\" data-end=\"1469\">\n<p data-start=\"1435\" data-end=\"1469\">0-5 \u043a\u0433: \u043f\u043e\u043b\u043e\u0432\u0438\u043d\u0430 \u0442\u0430\u0431\u043b\u0435\u0442\u043a\u0438 \u0432 \u0434\u0435\u043d\u044c<\/p>\n<\/li>\n<li data-start=\"1470\" data-end=\"1503\">\n<p data-start=\"1472\" data-end=\"1503\">\u041e\u0442 5 \u0434\u043e 10 \u043a\u0433: 1 \u0442\u0430\u0431\u043b\u0435\u0442\u043a\u0430 \u0432 \u0434\u0435\u043d\u044c<\/p>\n<\/li>\n<li data-start=\"1504\" data-end=\"1556\">\n<p data-start=\"1506\" data-end=\"1556\">\u0411\u043e\u043b\u0435\u0435 10 \u043a\u0433: 1 \u0442\u0430\u0431\u043b\u0435\u0442\u043a\u0430 \u043d\u0430 \u043a\u0430\u0436\u0434\u044b\u0435 10 \u043a\u0433.<\/p>\n<\/li>\n<\/ul>\n<hr data-start=\"1558\" data-end=\"1561\" \/>\n<h3 data-start=\"1563\" data-end=\"1600\">\u0421\u0440\u043e\u043a \u0433\u043e\u0434\u043d\u043e\u0441\u0442\u0438 \u0438 \u043f\u0440\u0435\u0434\u0443\u043f\u0440\u0435\u0436\u0434\u0435\u043d\u0438\u044f<\/h3>\n<p data-start=\"1602\" data-end=\"1860\">\u0421\u0440\u043e\u043a \u0433\u043e\u0434\u043d\u043e\u0441\u0442\u0438: 36 \u043c\u0435\u0441\u044f\u0446\u0435\u0432 \u0441 \u0434\u0430\u0442\u044b \u0438\u0437\u0433\u043e\u0442\u043e\u0432\u043b\u0435\u043d\u0438\u044f. \u0425\u0440\u0430\u043d\u0438\u0442\u044c \u0432\u0434\u0430\u043b\u0438 \u043e\u0442 \u0441\u043e\u043b\u043d\u0435\u0447\u043d\u044b\u0445 \u043b\u0443\u0447\u0435\u0439, \u043f\u0440\u0438 \u043a\u043e\u043c\u043d\u0430\u0442\u043d\u043e\u0439 \u0442\u0435\u043c\u043f\u0435\u0440\u0430\u0442\u0443\u0440\u0435, \u0432 \u043d\u0435\u0434\u043e\u0441\u0442\u0443\u043f\u043d\u043e\u043c \u0434\u043b\u044f \u0434\u0435\u0442\u0435\u0439 \u043c\u0435\u0441\u0442\u0435.<br data-start=\"1760\" data-end=\"1763\" \/>\u042d\u0442\u043e \u043d\u0435 \u043b\u0435\u043a\u0430\u0440\u0441\u0442\u0432\u043e \u0438 \u043d\u0435 \u0438\u0441\u043f\u043e\u043b\u044c\u0437\u0443\u0435\u0442\u0441\u044f \u0432 \u0442\u0435\u0440\u0430\u043f\u0435\u0432\u0442\u0438\u0447\u0435\u0441\u043a\u0438\u0445 \u0446\u0435\u043b\u044f\u0445. \u042d\u0442\u043e \u0434\u043e\u043f\u043e\u043b\u043d\u0438\u0442\u0435\u043b\u044c\u043d\u044b\u0439 \u043a\u043e\u0440\u043c \u0434\u043b\u044f \u0441\u043e\u0431\u0430\u043a \u0438 \u043a\u043e\u0448\u0435\u043a.<\/p>\n<hr data-start=\"1862\" data-end=\"1865\" \/>\n<h3 data-start=\"1867\" data-end=\"1887\">\u041a\u043e\u043c\u043f\u0430\u043d\u0438\u044f-\u043f\u0440\u043e\u0438\u0437\u0432\u043e\u0434\u0438\u0442\u0435\u043b\u044c<\/h3>\n<p data-start=\"1889\" data-end=\"2137\">Yonca Pet Chemical Pharmaceutical Industry and Trade Ltd. Co. Ltd.<br data-start=\"1932\" data-end=\"1935\" \/>\u0428\u0435\u0440\u0438\u0444\u0430\u043b\u0438 \u041c\u0430\u0445. \u0428\u0430\u0445\u0438\u0442 \u0421\u043e\u043a. \u2116:27\/1 \u0423\u043c\u0440\u0430\u043d\u0438\u044f \/ \u0421\u0442\u0430\u043c\u0431\u0443\u043b \/ \u0422\u0423\u0420\u0426\u0418\u042f<br data-start=\"1997\" data-end=\"2000\" \/>\u041f\u0440\u043e\u0438\u0437\u0432\u0435\u0434\u0435\u043d\u043e \u043d\u0430 \u043f\u0440\u0435\u0434\u043f\u0440\u0438\u044f\u0442\u0438\u0438, \u0443\u0442\u0432\u0435\u0440\u0436\u0434\u0435\u043d\u043d\u043e\u043c \u041c\u0438\u043d\u0438\u0441\u0442\u0435\u0440\u0441\u0442\u0432\u043e\u043c \u0421\u0435\u043b\u044c\u0441\u043a\u043e\u0433\u043e \u0425\u043e\u0437\u044f\u0439\u0441\u0442\u0432\u0430 \u0410\u0437\u0435\u0440\u0431\u0430\u0439\u0434\u0436\u0430\u043d\u0430 04.05.2023 \u043f\u043e\u0434 \u043d\u043e\u043c\u0435\u0440\u043e\u043c \u03b1 TR-3400313.<\/p>\n<\/div>\n<p><!-- .vgblk-rw-wrapper --><\/p>","protected":false},"excerpt":{"rendered":"<p>CLOVER PET Immunes Cat &amp; Dog Tableti \u0130mmun TabletiPi\u015fikl\u0259r v\u0259 itl\u0259r \u00fc\u00e7\u00fcn immun sistemini d\u0259st\u0259kl\u0259y\u0259n tabletdir. T\u0259rkibi T\u0259svir n\u00f6mr\u0259si Aktiv madd\u0259 Miqdar \/ tablet Miqdar \/ kq 3.a.300 Vitamin C 10 mg 8.000 mg\/kq Dig\u0259r t\u0259rkibl\u0259r v\u0259 minerallar T\u0259svir n\u00f6mr\u0259si Aktiv madd\u0259 Miqdar \/ tablet Miqdar \/ kq 11.2.8 Maqnezium Hidroksid 30 mg 3.000 mg\/kq&#8230;<\/p>","protected":false},"featured_media":990178,"comment_status":"open","ping_status":"closed","template":"","meta":{"nf_dc_page":"","_monsterinsights_skip_tracking":false,"_monsterinsights_sitenote_active":false,"_monsterinsights_sitenote_note":"","_monsterinsights_sitenote_category":0},"product_brand":[],"product_cat":[244,58,160,51],"product_tag":[],"class_list":{"0":"post-990177","1":"product","2":"type-product","3":"status-publish","4":"has-post-thumbnail","6":"product_cat-it-ve-pisik-mehsullari","7":"product_cat-dog","8":"product_cat-nutrients","9":"product_cat-cat","11":"first","12":"instock","13":"shipping-taxable","14":"product-type-simple"},"jetpack_sharing_enabled":true,"_links":{"self":[{"href":"https:\/\/agrovetazerbaijan.az\/ru\/wp-json\/wp\/v2\/product\/990177","targetHints":{"allow":["GET"]}}],"collection":[{"href":"https:\/\/agrovetazerbaijan.az\/ru\/wp-json\/wp\/v2\/product"}],"about":[{"href":"https:\/\/agrovetazerbaijan.az\/ru\/wp-json\/wp\/v2\/types\/product"}],"replies":[{"embeddable":true,"href":"https:\/\/agrovetazerbaijan.az\/ru\/wp-json\/wp\/v2\/comments?post=990177"}],"version-history":[{"count":1,"href":"https:\/\/agrovetazerbaijan.az\/ru\/wp-json\/wp\/v2\/product\/990177\/revisions"}],"predecessor-version":[{"id":990179,"href":"https:\/\/agrovetazerbaijan.az\/ru\/wp-json\/wp\/v2\/product\/990177\/revisions\/990179"}],"wp:featuredmedia":[{"embeddable":true,"href":"https:\/\/agrovetazerbaijan.az\/ru\/wp-json\/wp\/v2\/media\/990178"}],"wp:attachment":[{"href":"https:\/\/agrovetazerbaijan.az\/ru\/wp-json\/wp\/v2\/media?parent=990177"}],"wp:term":[{"taxonomy":"product_brand","embeddable":true,"href":"https:\/\/agrovetazerbaijan.az\/ru\/wp-json\/wp\/v2\/product_brand?post=990177"},{"taxonomy":"product_cat","embeddable":true,"href":"https:\/\/agrovetazerbaijan.az\/ru\/wp-json\/wp\/v2\/product_cat?post=990177"},{"taxonomy":"product_tag","embeddable":true,"href":"https:\/\/agrovetazerbaijan.az\/ru\/wp-json\/wp\/v2\/product_tag?post=990177"}],"curies":[{"name":"WP","href":"https:\/\/api.w.org\/{rel}","templated":true}]}}