{"id":990175,"date":"2025-08-10T22:30:35","date_gmt":"2025-08-10T22:30:35","guid":{"rendered":"https:\/\/agrovetazerbaijan.az\/?post_type=product&#038;p=990175"},"modified":"2025-09-09T08:20:23","modified_gmt":"2025-09-09T08:20:23","slug":"cloverpet-multi-vit-tablet-for-cats-and-dogs","status":"publish","type":"product","link":"https:\/\/agrovetazerbaijan.az\/ru\/product\/cloverpet-multi-vit-tablet-for-cats-and-dogs\/","title":{"rendered":"CLOVERPET \u041c\u0423\u041b\u042c\u0422\u0418-\u0412\u0418\u0422 \u0422\u0410\u0411\u041b\u0415\u0422\u041a\u0418 \u0414\u041b\u042f \u041a\u041e\u0428\u0415\u041a \u0418 \u0421\u041e\u0411\u0410\u041a"},"content":{"rendered":"<div class=\"vgblk-rw-wrapper limit-wrapper\">\n<p data-start=\"120\" data-end=\"165\"><strong data-start=\"120\" data-end=\"165\">CLOVER PET \u041c\u0443\u043b\u044c\u0442\u0438\u0432\u0438\u0442\u0430\u043c\u0438\u043d\u043d\u044b\u0435 \u0442\u0430\u0431\u043b\u0435\u0442\u043a\u0438 \u0434\u043b\u044f \u043a\u043e\u0448\u0435\u043a \u0438 \u0441\u043e\u0431\u0430\u043a<\/strong><\/p>\n<p data-start=\"167\" data-end=\"237\"><strong data-start=\"167\" data-end=\"191\">\u041c\u0443\u043b\u044c\u0442\u0438\u0432\u0438\u0442\u0430\u043c\u0438\u043d\u043d\u0430\u044f \u0442\u0430\u0431\u043b\u0435\u0442\u043a\u0430<\/strong><br data-start=\"191\" data-end=\"194\" \/>\u041c\u0443\u043b\u044c\u0442\u0438\u0432\u0438\u0442\u0430\u043c\u0438\u043d\u043d\u044b\u0435 \u0442\u0430\u0431\u043b\u0435\u0442\u043a\u0438 \u0434\u043b\u044f \u043a\u043e\u0448\u0435\u043a \u0438 \u0441\u043e\u0431\u0430\u043a<\/p>\n<hr data-start=\"239\" data-end=\"242\" \/>\n<h3 data-start=\"244\" data-end=\"255\">\u0418\u043d\u0433\u0440\u0435\u0434\u0438\u0435\u043d\u0442\u044b<\/h3>\n<div class=\"_tableContainer_1rjym_1\">\n<div class=\"_tableWrapper_1rjym_13 group flex w-fit flex-col-reverse\" tabindex=\"-1\">\n<table class=\"w-fit min-w-(--thread-content-width)\" data-start=\"257\" data-end=\"1168\">\n<thead data-start=\"257\" data-end=\"332\">\n<tr data-start=\"257\" data-end=\"332\">\n<th data-start=\"257\" data-end=\"274\" data-col-size=\"sm\">\u041d\u043e\u043c\u0435\u0440 \u0438\u0437\u043e\u0431\u0440\u0430\u0436\u0435\u043d\u0438\u044f<\/th>\n<th data-start=\"274\" data-end=\"293\" data-col-size=\"sm\">\u0410\u043a\u0442\u0438\u0432\u043d\u044b\u0439 \u0438\u043d\u0433\u0440\u0435\u0434\u0438\u0435\u043d\u0442<\/th>\n<th data-start=\"293\" data-end=\"311\" data-col-size=\"sm\">\u041a\u043e\u043b\u0438\u0447\u0435\u0441\u0442\u0432\u043e\/\u0442\u0430\u0431\u043b\u0435\u0442\u043a\u0430<\/th>\n<th data-start=\"311\" data-end=\"332\" data-col-size=\"sm\">\u041a\u043e\u043b\u0438\u0447\u0435\u0441\u0442\u0432\u043e\/\u043a\u0433<\/th>\n<\/tr>\n<\/thead>\n<tbody data-start=\"409\" data-end=\"1168\">\n<tr data-start=\"409\" data-end=\"484\">\n<td data-start=\"409\" data-end=\"426\" data-col-size=\"sm\">3.\u0430.700<\/td>\n<td data-col-size=\"sm\" data-start=\"426\" data-end=\"445\">\u0412\u0438\u0442\u0430\u043c\u0438\u043d \u0415<\/td>\n<td data-col-size=\"sm\" data-start=\"445\" data-end=\"463\">6 \u043c\u0433<\/td>\n<td data-col-size=\"sm\" data-start=\"463\" data-end=\"484\">6000 \u043c\u0433\/\u043a\u0433<\/td>\n<\/tr>\n<tr data-start=\"485\" data-end=\"560\">\n<td data-start=\"485\" data-end=\"502\" data-col-size=\"sm\">3.\u0430.300<\/td>\n<td data-col-size=\"sm\" data-start=\"502\" data-end=\"521\">\u0412\u0438\u0442\u0430\u043c\u0438\u043d \u0421<\/td>\n<td data-col-size=\"sm\" data-start=\"521\" data-end=\"539\">8 \u043c\u0433<\/td>\n<td data-col-size=\"sm\" data-start=\"539\" data-end=\"560\">8000 \u043c\u0433\/\u043a\u0433<\/td>\n<\/tr>\n<tr data-start=\"561\" data-end=\"636\">\n<td data-start=\"561\" data-end=\"578\" data-col-size=\"sm\">3.\u0430.821<\/td>\n<td data-col-size=\"sm\" data-start=\"578\" data-end=\"597\">\u0412\u0438\u0442\u0430\u043c\u0438\u043d \u04121<\/td>\n<td data-col-size=\"sm\" data-start=\"597\" data-end=\"615\">1,2 \u043c\u0433<\/td>\n<td data-col-size=\"sm\" data-start=\"615\" data-end=\"636\">1200 \u043c\u0433\/\u043a\u0433<\/td>\n<\/tr>\n<tr data-start=\"637\" data-end=\"712\">\n<td data-start=\"637\" data-end=\"654\" data-col-size=\"sm\"><\/td>\n<td data-col-size=\"sm\" data-start=\"654\" data-end=\"673\">\u0412\u0438\u0442\u0430\u043c\u0438\u043d \u04122<\/td>\n<td data-col-size=\"sm\" data-start=\"673\" data-end=\"691\">1,6 \u043c\u0433<\/td>\n<td data-col-size=\"sm\" data-start=\"691\" data-end=\"712\">1600 \u043c\u0433\/\u043a\u0433<\/td>\n<\/tr>\n<tr data-start=\"713\" data-end=\"788\">\n<td data-start=\"713\" data-end=\"730\" data-col-size=\"sm\">3.\u0430.314<\/td>\n<td data-col-size=\"sm\" data-start=\"730\" data-end=\"749\">\u0412\u0438\u0442\u0430\u043c\u0438\u043d \u04123<\/td>\n<td data-col-size=\"sm\" data-start=\"749\" data-end=\"767\">6 \u043c\u0433<\/td>\n<td data-col-size=\"sm\" data-start=\"767\" data-end=\"788\">6000 \u043c\u0433\/\u043a\u0433<\/td>\n<\/tr>\n<tr data-start=\"789\" data-end=\"864\">\n<td data-start=\"789\" data-end=\"806\" data-col-size=\"sm\">3.a.841<\/td>\n<td data-start=\"806\" data-end=\"825\" data-col-size=\"sm\">\u0412\u0438\u0442\u0430\u043c\u0438\u043d \u04125<\/td>\n<td data-col-size=\"sm\" data-start=\"825\" data-end=\"843\">6 \u043c\u0433<\/td>\n<td data-col-size=\"sm\" data-start=\"843\" data-end=\"864\">6000 \u043c\u0433\/\u043a\u0433<\/td>\n<\/tr>\n<tr data-start=\"865\" data-end=\"940\">\n<td data-start=\"865\" data-end=\"882\" data-col-size=\"sm\">3.a.831<\/td>\n<td data-col-size=\"sm\" data-start=\"882\" data-end=\"901\">\u0412\u0438\u0442\u0430\u043c\u0438\u043d \u04126<\/td>\n<td data-col-size=\"sm\" data-start=\"901\" data-end=\"919\">0,6 \u043c\u0433<\/td>\n<td data-col-size=\"sm\" data-start=\"919\" data-end=\"940\">600 \u043c\u0433\/\u043a\u0433<\/td>\n<\/tr>\n<tr data-start=\"941\" data-end=\"1016\">\n<td data-start=\"941\" data-end=\"958\" data-col-size=\"sm\"><\/td>\n<td data-col-size=\"sm\" data-start=\"958\" data-end=\"977\">\u0412\u0438\u0442\u0430\u043c\u0438\u043d \u041212<\/td>\n<td data-col-size=\"sm\" data-start=\"977\" data-end=\"995\">300 \u043c\u043a\u0433<\/td>\n<td data-col-size=\"sm\" data-start=\"995\" data-end=\"1016\">300 \u043c\u0433\/\u043a\u0433<\/td>\n<\/tr>\n<tr data-start=\"1017\" data-end=\"1092\">\n<td data-start=\"1017\" data-end=\"1034\" data-col-size=\"sm\">3.\u0430.710<\/td>\n<td data-start=\"1034\" data-end=\"1053\" data-col-size=\"sm\">\u0412\u0438\u0442\u0430\u043c\u0438\u043d \u041a3<\/td>\n<td data-col-size=\"sm\" data-start=\"1053\" data-end=\"1071\">600 \u043c\u043a\u0433<\/td>\n<td data-col-size=\"sm\" data-start=\"1071\" data-end=\"1092\">600 \u043c\u0433\/\u043a\u0433<\/td>\n<\/tr>\n<tr data-start=\"1093\" data-end=\"1168\">\n<td data-start=\"1093\" data-end=\"1110\" data-col-size=\"sm\">3.a.880<\/td>\n<td data-col-size=\"sm\" data-start=\"1110\" data-end=\"1129\">\u0412\u0438\u0442\u0430\u043c\u0438\u043d \u04127<\/td>\n<td data-col-size=\"sm\" data-start=\"1129\" data-end=\"1147\">60 \u043c\u043a\u0433<\/td>\n<td data-col-size=\"sm\" data-start=\"1147\" data-end=\"1168\">60 \u043c\u0433\/\u043a\u0433<\/td>\n<\/tr>\n<\/tbody>\n<\/table>\n<div class=\"sticky end-(--thread-content-margin) h-0 self-end select-none\">\n<div class=\"absolute end-0 flex items-end\"><\/div>\n<\/div>\n<\/div>\n<\/div>\n<h3 data-start=\"1170\" data-end=\"1203\">\u0414\u0440\u0443\u0433\u0438\u0435 \u0438\u043d\u0433\u0440\u0435\u0434\u0438\u0435\u043d\u0442\u044b \u0438 \u043c\u0438\u043d\u0435\u0440\u0430\u043b\u044b<\/h3>\n<div class=\"_tableContainer_1rjym_1\">\n<div class=\"_tableWrapper_1rjym_13 group flex w-fit flex-col-reverse\" tabindex=\"-1\">\n<table class=\"w-fit min-w-(--thread-content-width)\" data-start=\"1205\" data-end=\"1660\">\n<thead data-start=\"1205\" data-end=\"1280\">\n<tr data-start=\"1205\" data-end=\"1280\">\n<th data-start=\"1205\" data-end=\"1222\" data-col-size=\"sm\">\u041d\u043e\u043c\u0435\u0440 \u0438\u0437\u043e\u0431\u0440\u0430\u0436\u0435\u043d\u0438\u044f<\/th>\n<th data-start=\"1222\" data-end=\"1241\" data-col-size=\"sm\">\u0410\u043a\u0442\u0438\u0432\u043d\u044b\u0439 \u0438\u043d\u0433\u0440\u0435\u0434\u0438\u0435\u043d\u0442<\/th>\n<th data-start=\"1241\" data-end=\"1259\" data-col-size=\"sm\">\u041a\u043e\u043b\u0438\u0447\u0435\u0441\u0442\u0432\u043e\/\u0442\u0430\u0431\u043b\u0435\u0442\u043a\u0430<\/th>\n<th data-start=\"1259\" data-end=\"1280\" data-col-size=\"sm\">\u041a\u043e\u043b\u0438\u0447\u0435\u0441\u0442\u0432\u043e\/\u043a\u0433<\/th>\n<\/tr>\n<\/thead>\n<tbody data-start=\"1357\" data-end=\"1660\">\n<tr data-start=\"1357\" data-end=\"1432\">\n<td data-start=\"1357\" data-end=\"1374\" data-col-size=\"sm\">11.1.1<\/td>\n<td data-start=\"1374\" data-end=\"1393\" data-col-size=\"sm\">\u041a\u0430\u0440\u0431\u043e\u043d\u0430\u0442 \u043a\u0430\u043b\u044c\u0446\u0438\u044f<\/td>\n<td data-col-size=\"sm\" data-start=\"1393\" data-end=\"1411\">150 \u043c\u0433<\/td>\n<td data-col-size=\"sm\" data-start=\"1411\" data-end=\"1432\">150000 \u043c\u0433\/\u043a\u0433<\/td>\n<\/tr>\n<tr data-start=\"1433\" data-end=\"1508\">\n<td data-start=\"1433\" data-end=\"1450\" data-col-size=\"sm\">11.2.8<\/td>\n<td data-col-size=\"sm\" data-start=\"1450\" data-end=\"1472\">\u0413\u0438\u0434\u0440\u043e\u043a\u0441\u0438\u0434 \u043c\u0430\u0433\u043d\u0438\u044f<\/td>\n<td data-col-size=\"sm\" data-start=\"1472\" data-end=\"1487\">30 \u043c\u0433<\/td>\n<td data-col-size=\"sm\" data-start=\"1487\" data-end=\"1508\">30000 \u043c\u0433\/\u043a\u0433<\/td>\n<\/tr>\n<tr data-start=\"1509\" data-end=\"1584\">\n<td data-start=\"1509\" data-end=\"1526\" data-col-size=\"sm\">3.\u0431.201<\/td>\n<td data-col-size=\"sm\" data-start=\"1526\" data-end=\"1545\">\u0421\u0443\u043b\u044c\u0444\u0430\u0442 \u0446\u0438\u043d\u043a\u0430<\/td>\n<td data-col-size=\"sm\" data-start=\"1545\" data-end=\"1563\">12 \u043c\u0433<\/td>\n<td data-col-size=\"sm\" data-start=\"1563\" data-end=\"1584\">12000 \u043c\u0433\/\u043a\u0433<\/td>\n<\/tr>\n<tr data-start=\"1585\" data-end=\"1660\">\n<td data-start=\"1585\" data-end=\"1602\" data-col-size=\"sm\">\u04151<\/td>\n<td data-col-size=\"sm\" data-start=\"1602\" data-end=\"1621\">\u0421\u0443\u043b\u044c\u0444\u0430\u0442 \u0436\u0435\u043b\u0435\u0437\u0430<\/td>\n<td data-col-size=\"sm\" data-start=\"1621\" data-end=\"1639\">6 \u043c\u0433<\/td>\n<td data-col-size=\"sm\" data-start=\"1639\" data-end=\"1660\">6000 \u043c\u0433\/\u043a\u0433<\/td>\n<\/tr>\n<\/tbody>\n<\/table>\n<div class=\"sticky end-(--thread-content-margin) h-0 self-end select-none\">\n<div class=\"absolute end-0 flex items-end\"><\/div>\n<\/div>\n<\/div>\n<\/div>\n<p data-start=\"1662\" data-end=\"1721\"><strong data-start=\"1662\" data-end=\"1684\">\u0412\u0435\u0449\u0435\u0441\u0442\u0432\u0430-\u043d\u043e\u0441\u0438\u0442\u0435\u043b\u0438:<\/strong> \u0421\u043e\u0440\u0431\u0438\u0442, \u0441\u0442\u0435\u0430\u0440\u0430\u0442 \u043c\u0430\u0433\u043d\u0438\u044f, \u043a\u0440\u0430\u0445\u043c\u0430\u043b<\/p>\n<hr data-start=\"1723\" data-end=\"1726\" \/>\n<h3 data-start=\"1728\" data-end=\"1747\">\u041e\u0431\u043b\u0430\u0441\u0442\u044c \u0438\u0441\u043f\u043e\u043b\u044c\u0437\u043e\u0432\u0430\u043d\u0438\u044f<\/h3>\n<p data-start=\"1749\" data-end=\"1866\">\u041c\u0443\u043b\u044c\u0442\u0438\u0432\u0438\u0442\u0430\u043c\u0438\u043d\u043d\u0430\u044f \u0442\u0430\u0431\u043b\u0435\u0442\u043a\u0430 \u2014 \u044d\u0442\u043e \u0434\u043e\u043f\u043e\u043b\u043d\u0438\u0442\u0435\u043b\u044c\u043d\u044b\u0439 \u043a\u043e\u0440\u043c, \u0441\u043e\u0434\u0435\u0440\u0436\u0430\u0449\u0438\u0439 \u0432\u0438\u0442\u0430\u043c\u0438\u043d\u044b \u0438 \u043c\u0438\u043d\u0435\u0440\u0430\u043b\u044b, \u0441\u043f\u043e\u0441\u043e\u0431\u0441\u0442\u0432\u0443\u044e\u0449\u0438\u0435 \u0437\u0434\u043e\u0440\u043e\u0432\u043e\u043c\u0443 \u043f\u0438\u0442\u0430\u043d\u0438\u044e \u0441\u043e\u0431\u0430\u043a.<\/p>\n<hr data-start=\"1868\" data-end=\"1871\" \/>\n<h3 data-start=\"1873\" data-end=\"1903\">\u0421\u043f\u043e\u0441\u043e\u0431 \u043f\u0440\u0438\u043c\u0435\u043d\u0435\u043d\u0438\u044f \u0438 \u0434\u043e\u0437\u0438\u0440\u043e\u0432\u043a\u0430<\/h3>\n<p data-start=\"1905\" data-end=\"2064\">\u041c\u0443\u043b\u044c\u0442\u0438\u0432\u0438\u0442\u0430\u043c\u0438\u043d\u043d\u044b\u0435 \u0442\u0430\u0431\u043b\u0435\u0442\u043a\u0438 \u0434\u0430\u044e\u0442 \u0441\u043e\u0431\u0430\u043a\u0430\u043c \u043d\u0435\u043f\u043e\u0441\u0440\u0435\u0434\u0441\u0442\u0432\u0435\u043d\u043d\u043e \u0438\u043b\u0438 \u0441\u043c\u0435\u0448\u0438\u0432\u0430\u044e\u0442 \u0441 \u043a\u043e\u0440\u043c\u043e\u043c. \u041f\u0440\u0438 \u043d\u0435\u043e\u0431\u0445\u043e\u0434\u0438\u043c\u043e\u0441\u0442\u0438 \u0442\u0430\u0431\u043b\u0435\u0442\u043a\u0438 \u043c\u043e\u0436\u043d\u043e \u0438\u0437\u043c\u0435\u043b\u044c\u0447\u0438\u0442\u044c \u0438 \u0441\u043c\u0435\u0448\u0430\u0442\u044c \u0441 \u043a\u043e\u0440\u043c\u043e\u043c.<br data-start=\"2031\" data-end=\"2034\" \/>\u0414\u043e\u0437\u0438\u0440\u043e\u0432\u043a\u0438 \u043f\u043e \u043c\u0430\u0441\u0441\u0435 \u0442\u0435\u043b\u0430:<\/p>\n<ul data-start=\"2065\" data-end=\"2188\">\n<li data-start=\"2065\" data-end=\"2101\">\n<p data-start=\"2067\" data-end=\"2101\">0-5 \u043a\u0433: \u043f\u043e\u043b\u043e\u0432\u0438\u043d\u0430 \u0442\u0430\u0431\u043b\u0435\u0442\u043a\u0438 \u0432 \u0434\u0435\u043d\u044c<\/p>\n<\/li>\n<li data-start=\"2102\" data-end=\"2135\">\n<p data-start=\"2104\" data-end=\"2135\">\u041e\u0442 5 \u0434\u043e 10 \u043a\u0433: 1 \u0442\u0430\u0431\u043b\u0435\u0442\u043a\u0430 \u0432 \u0434\u0435\u043d\u044c<\/p>\n<\/li>\n<li data-start=\"2136\" data-end=\"2188\">\n<p data-start=\"2138\" data-end=\"2188\">\u0411\u043e\u043b\u0435\u0435 10 \u043a\u0433: 1 \u0442\u0430\u0431\u043b\u0435\u0442\u043a\u0430 \u043d\u0430 \u043a\u0430\u0436\u0434\u044b\u0435 10 \u043a\u0433.<\/p>\n<\/li>\n<\/ul>\n<hr data-start=\"2190\" data-end=\"2193\" \/>\n<h3 data-start=\"2195\" data-end=\"2232\">\u0421\u0440\u043e\u043a \u0433\u043e\u0434\u043d\u043e\u0441\u0442\u0438 \u0438 \u043f\u0440\u0435\u0434\u0443\u043f\u0440\u0435\u0436\u0434\u0435\u043d\u0438\u044f<\/h3>\n<p data-start=\"2234\" data-end=\"2492\">\u0421\u0440\u043e\u043a \u0433\u043e\u0434\u043d\u043e\u0441\u0442\u0438: 36 \u043c\u0435\u0441\u044f\u0446\u0435\u0432 \u0441 \u0434\u0430\u0442\u044b \u0438\u0437\u0433\u043e\u0442\u043e\u0432\u043b\u0435\u043d\u0438\u044f. \u0425\u0440\u0430\u043d\u0438\u0442\u044c \u0432\u0434\u0430\u043b\u0438 \u043e\u0442 \u0441\u043e\u043b\u043d\u0435\u0447\u043d\u044b\u0445 \u043b\u0443\u0447\u0435\u0439, \u043f\u0440\u0438 \u043a\u043e\u043c\u043d\u0430\u0442\u043d\u043e\u0439 \u0442\u0435\u043c\u043f\u0435\u0440\u0430\u0442\u0443\u0440\u0435, \u0432 \u043d\u0435\u0434\u043e\u0441\u0442\u0443\u043f\u043d\u043e\u043c \u0434\u043b\u044f \u0434\u0435\u0442\u0435\u0439 \u043c\u0435\u0441\u0442\u0435.<br data-start=\"2392\" data-end=\"2395\" \/>\u042d\u0442\u043e \u043d\u0435 \u043b\u0435\u043a\u0430\u0440\u0441\u0442\u0432\u043e \u0438 \u043d\u0435 \u0438\u0441\u043f\u043e\u043b\u044c\u0437\u0443\u0435\u0442\u0441\u044f \u0432 \u0442\u0435\u0440\u0430\u043f\u0435\u0432\u0442\u0438\u0447\u0435\u0441\u043a\u0438\u0445 \u0446\u0435\u043b\u044f\u0445. \u042d\u0442\u043e \u0434\u043e\u043f\u043e\u043b\u043d\u0438\u0442\u0435\u043b\u044c\u043d\u044b\u0439 \u043a\u043e\u0440\u043c \u0434\u043b\u044f \u0441\u043e\u0431\u0430\u043a \u0438 \u043a\u043e\u0448\u0435\u043a.<\/p>\n<\/div>\n<p><!-- .vgblk-rw-wrapper --><\/p>","protected":false},"excerpt":{"rendered":"<p>CLOVER PET Multivitamin Cat &amp; Dog Tableti Multivitamin TabletiPi\u015fikl\u0259r v\u0259 itl\u0259r \u00fc\u00e7\u00fcn multivitamin tableti T\u0259rkibi T\u0259svir n\u00f6mr\u0259si Aktiv madd\u0259 Miqdar \/ tablet Miqdar \/ kq 3.a.700 Vitamin E 6 mg 6000 mg\/kq 3.a.300 Vitamin C 8 mg 8000 mg\/kq 3.a.821 Vitamin B1 1.2 mg 1200 mg\/kq Vitamin B2 1.6 mg 1600 mg\/kq 3.a.314 Vitamin B3&#8230;<\/p>","protected":false},"featured_media":990187,"comment_status":"open","ping_status":"closed","template":"","meta":{"nf_dc_page":"","_monsterinsights_skip_tracking":false,"_monsterinsights_sitenote_active":false,"_monsterinsights_sitenote_note":"","_monsterinsights_sitenote_category":0},"product_brand":[],"product_cat":[244,58,160,51],"product_tag":[],"class_list":{"0":"post-990175","1":"product","2":"type-product","3":"status-publish","4":"has-post-thumbnail","6":"product_cat-it-ve-pisik-mehsullari","7":"product_cat-dog","8":"product_cat-nutrients","9":"product_cat-cat","11":"first","12":"instock","13":"shipping-taxable","14":"product-type-simple"},"jetpack_sharing_enabled":true,"_links":{"self":[{"href":"https:\/\/agrovetazerbaijan.az\/ru\/wp-json\/wp\/v2\/product\/990175","targetHints":{"allow":["GET"]}}],"collection":[{"href":"https:\/\/agrovetazerbaijan.az\/ru\/wp-json\/wp\/v2\/product"}],"about":[{"href":"https:\/\/agrovetazerbaijan.az\/ru\/wp-json\/wp\/v2\/types\/product"}],"replies":[{"embeddable":true,"href":"https:\/\/agrovetazerbaijan.az\/ru\/wp-json\/wp\/v2\/comments?post=990175"}],"version-history":[{"count":1,"href":"https:\/\/agrovetazerbaijan.az\/ru\/wp-json\/wp\/v2\/product\/990175\/revisions"}],"predecessor-version":[{"id":990176,"href":"https:\/\/agrovetazerbaijan.az\/ru\/wp-json\/wp\/v2\/product\/990175\/revisions\/990176"}],"wp:featuredmedia":[{"embeddable":true,"href":"https:\/\/agrovetazerbaijan.az\/ru\/wp-json\/wp\/v2\/media\/990187"}],"wp:attachment":[{"href":"https:\/\/agrovetazerbaijan.az\/ru\/wp-json\/wp\/v2\/media?parent=990175"}],"wp:term":[{"taxonomy":"product_brand","embeddable":true,"href":"https:\/\/agrovetazerbaijan.az\/ru\/wp-json\/wp\/v2\/product_brand?post=990175"},{"taxonomy":"product_cat","embeddable":true,"href":"https:\/\/agrovetazerbaijan.az\/ru\/wp-json\/wp\/v2\/product_cat?post=990175"},{"taxonomy":"product_tag","embeddable":true,"href":"https:\/\/agrovetazerbaijan.az\/ru\/wp-json\/wp\/v2\/product_tag?post=990175"}],"curies":[{"name":"WP","href":"https:\/\/api.w.org\/{rel}","templated":true}]}}