{"id":990173,"date":"2025-08-10T22:29:10","date_gmt":"2025-08-10T22:29:10","guid":{"rendered":"https:\/\/agrovetazerbaijan.az\/?post_type=product&#038;p=990173"},"modified":"2025-09-09T09:11:15","modified_gmt":"2025-09-09T09:11:15","slug":"cloverpet-brewers-tablet-for-cats-and-dogs","status":"publish","type":"product","link":"https:\/\/agrovetazerbaijan.az\/ru\/product\/cloverpet-brewers-tablet-for-cats-and-dogs\/","title":{"rendered":"\u0422\u0430\u0431\u043b\u0435\u0442\u043a\u0438 CLOVERPET BREWERS \u0434\u043b\u044f \u043a\u043e\u0448\u0435\u043a \u0438 \u0441\u043e\u0431\u0430\u043a"},"content":{"rendered":"<div class=\"vgblk-rw-wrapper limit-wrapper\">\n<p data-start=\"116\" data-end=\"156\"><strong data-start=\"116\" data-end=\"156\">\u0422\u0430\u0431\u043b\u0435\u0442\u043a\u0438 CLOVER PET Brewers \u0434\u043b\u044f \u043a\u043e\u0448\u0435\u043a \u0438 \u0441\u043e\u0431\u0430\u043a<\/strong><\/p>\n<p data-start=\"158\" data-end=\"223\"><strong data-start=\"158\" data-end=\"177\">\u0422\u0430\u0431\u043b\u0435\u0442\u043a\u0430 Brewers<\/strong><br data-start=\"177\" data-end=\"180\" \/>\u0412\u0438\u0442\u0430\u043c\u0438\u043d\u044b \u0434\u043b\u044f \u0432\u043e\u043b\u043e\u0441 \u0432 \u0442\u0430\u0431\u043b\u0435\u0442\u043a\u0430\u0445 \u0434\u043b\u044f \u043a\u043e\u0448\u0435\u043a \u0438 \u0441\u043e\u0431\u0430\u043a<\/p>\n<hr data-start=\"225\" data-end=\"228\" \/>\n<h3 data-start=\"230\" data-end=\"241\">\u0418\u043d\u0433\u0440\u0435\u0434\u0438\u0435\u043d\u0442\u044b<\/h3>\n<div class=\"_tableContainer_1rjym_1\">\n<div class=\"_tableWrapper_1rjym_13 group flex w-fit flex-col-reverse\" tabindex=\"-1\">\n<table class=\"w-fit min-w-(--thread-content-width)\" data-start=\"243\" data-end=\"617\">\n<thead data-start=\"243\" data-end=\"317\">\n<tr data-start=\"243\" data-end=\"317\">\n<th data-start=\"243\" data-end=\"260\" data-col-size=\"sm\">\u041d\u043e\u043c\u0435\u0440 \u0438\u0437\u043e\u0431\u0440\u0430\u0436\u0435\u043d\u0438\u044f<\/th>\n<th data-start=\"260\" data-end=\"279\" data-col-size=\"sm\">\u0410\u043a\u0442\u0438\u0432\u043d\u044b\u0439 \u0438\u043d\u0433\u0440\u0435\u0434\u0438\u0435\u043d\u0442<\/th>\n<th data-start=\"279\" data-end=\"297\" data-col-size=\"sm\">\u041a\u043e\u043b\u0438\u0447\u0435\u0441\u0442\u0432\u043e\/\u0442\u0430\u0431\u043b\u0435\u0442\u043a\u0430<\/th>\n<th data-start=\"297\" data-end=\"317\" data-col-size=\"sm\">\u041a\u043e\u043b\u0438\u0447\u0435\u0441\u0442\u0432\u043e\/\u043a\u0433<\/th>\n<\/tr>\n<\/thead>\n<tbody data-start=\"393\" data-end=\"617\">\n<tr data-start=\"393\" data-end=\"467\">\n<td data-start=\"393\" data-end=\"410\" data-col-size=\"sm\">3.\u0430.700<\/td>\n<td data-col-size=\"sm\" data-start=\"410\" data-end=\"429\">\u0412\u0438\u0442\u0430\u043c\u0438\u043d \u0415<\/td>\n<td data-col-size=\"sm\" data-start=\"429\" data-end=\"447\">2 \u043c\u0433<\/td>\n<td data-col-size=\"sm\" data-start=\"447\" data-end=\"467\">2000 \u043c\u0433\/\u043a\u0433<\/td>\n<\/tr>\n<tr data-start=\"468\" data-end=\"542\">\n<td data-start=\"468\" data-end=\"485\" data-col-size=\"sm\">3.a.880<\/td>\n<td data-col-size=\"sm\" data-start=\"485\" data-end=\"504\">\u0411\u0438\u043e\u0442\u0438\u043d %2<\/td>\n<td data-col-size=\"sm\" data-start=\"504\" data-end=\"522\">2,5 \u043c\u0433<\/td>\n<td data-col-size=\"sm\" data-start=\"522\" data-end=\"542\">25,00 \u043c\u0433\/\u043a\u0433<\/td>\n<\/tr>\n<tr data-start=\"543\" data-end=\"617\">\n<td data-start=\"543\" data-end=\"560\" data-col-size=\"sm\">3.\u0431.201<\/td>\n<td data-col-size=\"sm\" data-start=\"560\" data-end=\"579\">\u0421\u0443\u043b\u044c\u0444\u0430\u0442 \u0446\u0438\u043d\u043a\u0430<\/td>\n<td data-col-size=\"sm\" data-start=\"579\" data-end=\"597\">2 \u043c\u0433<\/td>\n<td data-col-size=\"sm\" data-start=\"597\" data-end=\"617\">2000 \u043c\u0433\/\u043a\u0433<\/td>\n<\/tr>\n<\/tbody>\n<\/table>\n<div class=\"sticky end-(--thread-content-margin) h-0 self-end select-none\">\n<div class=\"absolute end-0 flex items-end\"><\/div>\n<\/div>\n<\/div>\n<\/div>\n<h3 data-start=\"619\" data-end=\"652\">\u0414\u0440\u0443\u0433\u0438\u0435 \u0438\u043d\u0433\u0440\u0435\u0434\u0438\u0435\u043d\u0442\u044b \u0438 \u043c\u0438\u043d\u0435\u0440\u0430\u043b\u044b<\/h3>\n<p data-start=\"654\" data-end=\"704\">\u042d\u043a\u0441\u0442\u0440\u0430\u043a\u0442 \u0447\u0435\u0441\u043d\u043e\u0447\u043d\u043e\u0433\u043e \u043f\u043e\u0440\u043e\u0448\u043a\u0430, \u043d\u0435\u0430\u043a\u0442\u0438\u0432\u043d\u044b\u0435 \u043f\u0438\u0432\u043d\u044b\u0435 \u0434\u0440\u043e\u0436\u0436\u0438<\/p>\n<p data-start=\"706\" data-end=\"765\"><strong data-start=\"706\" data-end=\"728\">\u0412\u0435\u0449\u0435\u0441\u0442\u0432\u0430-\u043d\u043e\u0441\u0438\u0442\u0435\u043b\u0438:<\/strong> \u0421\u043e\u0440\u0431\u0438\u0442, \u0441\u0442\u0435\u0430\u0440\u0430\u0442 \u043c\u0430\u0433\u043d\u0438\u044f, \u043a\u0440\u0430\u0445\u043c\u0430\u043b<\/p>\n<hr data-start=\"767\" data-end=\"770\" \/>\n<h3 data-start=\"772\" data-end=\"791\">\u041e\u0431\u043b\u0430\u0441\u0442\u044c \u0438\u0441\u043f\u043e\u043b\u044c\u0437\u043e\u0432\u0430\u043d\u0438\u044f<\/h3>\n<p data-start=\"793\" data-end=\"935\">\u0422\u0430\u0431\u043b\u0435\u0442\u043a\u0438 Brewers \u2014 \u044d\u0442\u043e \u0434\u043e\u043f\u043e\u043b\u043d\u0438\u0442\u0435\u043b\u044c\u043d\u044b\u0439 \u043a\u043e\u0440\u043c, \u0441\u043e\u0434\u0435\u0440\u0436\u0430\u0449\u0438\u0439 \u0432\u0438\u0442\u0430\u043c\u0438\u043d\u044b \u0438 \u044d\u043a\u0441\u0442\u0440\u0430\u043a\u0442\u044b, \u043a\u043e\u0442\u043e\u0440\u044b\u0435 \u043f\u043e\u0434\u0434\u0435\u0440\u0436\u0438\u0432\u0430\u044e\u0442 \u0437\u0434\u043e\u0440\u043e\u0432\u0443\u044e \u0441\u0442\u0440\u0443\u043a\u0442\u0443\u0440\u0443 \u043a\u043e\u0436\u0438 \u0438 \u0448\u0435\u0440\u0441\u0442\u0438 \u0443 \u0441\u043e\u0431\u0430\u043a \u0438 \u043a\u043e\u0448\u0435\u043a.<\/p>\n<hr data-start=\"937\" data-end=\"940\" \/>\n<h3 data-start=\"942\" data-end=\"972\">\u0421\u043f\u043e\u0441\u043e\u0431 \u043f\u0440\u0438\u043c\u0435\u043d\u0435\u043d\u0438\u044f \u0438 \u0434\u043e\u0437\u0438\u0440\u043e\u0432\u043a\u0430<\/h3>\n<p data-start=\"974\" data-end=\"1141\">\u0422\u0430\u0431\u043b\u0435\u0442\u043a\u0438 Brewers \u043c\u043e\u0436\u043d\u043e \u0434\u0430\u0432\u0430\u0442\u044c \u0441\u043e\u0431\u0430\u043a\u0430\u043c \u0438 \u043a\u043e\u0448\u043a\u0430\u043c \u043d\u0435\u043f\u043e\u0441\u0440\u0435\u0434\u0441\u0442\u0432\u0435\u043d\u043d\u043e \u0438\u043b\u0438 \u0434\u043e\u0431\u0430\u0432\u043b\u044f\u0442\u044c \u0432 \u043a\u043e\u0440\u043c. \u041f\u0440\u0438 \u043d\u0435\u043e\u0431\u0445\u043e\u0434\u0438\u043c\u043e\u0441\u0442\u0438 \u0442\u0430\u0431\u043b\u0435\u0442\u043a\u0438 \u043c\u043e\u0436\u043d\u043e \u0438\u0437\u043c\u0435\u043b\u044c\u0447\u0438\u0442\u044c \u0438 \u0434\u043e\u0431\u0430\u0432\u0438\u0442\u044c \u0432 \u043a\u043e\u0440\u043c.<br data-start=\"1108\" data-end=\"1111\" \/>\u0414\u043e\u0437\u0438\u0440\u043e\u0432\u043a\u0438 \u043f\u043e \u043c\u0430\u0441\u0441\u0435 \u0442\u0435\u043b\u0430:<\/p>\n<ul data-start=\"1142\" data-end=\"1265\">\n<li data-start=\"1142\" data-end=\"1178\">\n<p data-start=\"1144\" data-end=\"1178\">0-5 \u043a\u0433: \u043f\u043e\u043b\u043e\u0432\u0438\u043d\u0430 \u0442\u0430\u0431\u043b\u0435\u0442\u043a\u0438 \u0432 \u0434\u0435\u043d\u044c<\/p>\n<\/li>\n<li data-start=\"1179\" data-end=\"1212\">\n<p data-start=\"1181\" data-end=\"1212\">\u041e\u0442 5 \u0434\u043e 10 \u043a\u0433: 1 \u0442\u0430\u0431\u043b\u0435\u0442\u043a\u0430 \u0432 \u0434\u0435\u043d\u044c<\/p>\n<\/li>\n<li data-start=\"1213\" data-end=\"1265\">\n<p data-start=\"1215\" data-end=\"1265\">\u0411\u043e\u043b\u0435\u0435 10 \u043a\u0433: 1 \u0442\u0430\u0431\u043b\u0435\u0442\u043a\u0430 \u043d\u0430 \u043a\u0430\u0436\u0434\u044b\u0435 10 \u043a\u0433.<\/p>\n<\/li>\n<\/ul>\n<hr data-start=\"1267\" data-end=\"1270\" \/>\n<h3 data-start=\"1272\" data-end=\"1309\">\u0421\u0440\u043e\u043a \u0433\u043e\u0434\u043d\u043e\u0441\u0442\u0438 \u0438 \u043f\u0440\u0435\u0434\u0443\u043f\u0440\u0435\u0436\u0434\u0435\u043d\u0438\u044f<\/h3>\n<p data-start=\"1311\" data-end=\"1569\">\u0421\u0440\u043e\u043a \u0433\u043e\u0434\u043d\u043e\u0441\u0442\u0438: 36 \u043c\u0435\u0441\u044f\u0446\u0435\u0432 \u0441 \u0434\u0430\u0442\u044b \u0438\u0437\u0433\u043e\u0442\u043e\u0432\u043b\u0435\u043d\u0438\u044f. \u0425\u0440\u0430\u043d\u0438\u0442\u044c \u0432\u0434\u0430\u043b\u0438 \u043e\u0442 \u0441\u043e\u043b\u043d\u0435\u0447\u043d\u044b\u0445 \u043b\u0443\u0447\u0435\u0439, \u043f\u0440\u0438 \u043a\u043e\u043c\u043d\u0430\u0442\u043d\u043e\u0439 \u0442\u0435\u043c\u043f\u0435\u0440\u0430\u0442\u0443\u0440\u0435, \u0432 \u043d\u0435\u0434\u043e\u0441\u0442\u0443\u043f\u043d\u043e\u043c \u0434\u043b\u044f \u0434\u0435\u0442\u0435\u0439 \u043c\u0435\u0441\u0442\u0435.<br data-start=\"1469\" data-end=\"1472\" \/>\u042d\u0442\u043e \u043d\u0435 \u043b\u0435\u043a\u0430\u0440\u0441\u0442\u0432\u043e \u0438 \u043d\u0435 \u0438\u0441\u043f\u043e\u043b\u044c\u0437\u0443\u0435\u0442\u0441\u044f \u0432 \u0442\u0435\u0440\u0430\u043f\u0435\u0432\u0442\u0438\u0447\u0435\u0441\u043a\u0438\u0445 \u0446\u0435\u043b\u044f\u0445. \u042d\u0442\u043e \u0434\u043e\u043f\u043e\u043b\u043d\u0438\u0442\u0435\u043b\u044c\u043d\u044b\u0439 \u043a\u043e\u0440\u043c \u0434\u043b\u044f \u0441\u043e\u0431\u0430\u043a \u0438 \u043a\u043e\u0448\u0435\u043a.<\/p>\n<\/div>\n<p><!-- .vgblk-rw-wrapper --><\/p>","protected":false},"excerpt":{"rendered":"<p>CLOVER PET Brewers Cat &amp; Dog Tableti Brewers TabletiPi\u015fikl\u0259r v\u0259 itl\u0259r \u00fc\u00e7\u00fcn t\u00fck vitamini tableti T\u0259rkibi T\u0259svir n\u00f6mr\u0259si Aktiv madd\u0259 Miqdar \/ tablet Miqdar \/ kq 3.a.700 Vitamin E 2 mg 2.000 mg\/kq 3.a.880 Biotin %2 2.5 mg 25.00 mg\/kq 3.b.201 Sink Sulfat 2 mg 2.000 mg\/kq Dig\u0259r t\u0259rkibl\u0259r v\u0259 minerallar Sar\u0131msaq tozu ekstrakt\u0131, aktiv&#8230;<\/p>","protected":false},"featured_media":990186,"comment_status":"open","ping_status":"closed","template":"","meta":{"nf_dc_page":"","_monsterinsights_skip_tracking":false,"_monsterinsights_sitenote_active":false,"_monsterinsights_sitenote_note":"","_monsterinsights_sitenote_category":0},"product_brand":[],"product_cat":[244,58,160,51],"product_tag":[],"class_list":{"0":"post-990173","1":"product","2":"type-product","3":"status-publish","4":"has-post-thumbnail","6":"product_cat-it-ve-pisik-mehsullari","7":"product_cat-dog","8":"product_cat-nutrients","9":"product_cat-cat","11":"first","12":"instock","13":"shipping-taxable","14":"product-type-simple"},"jetpack_sharing_enabled":true,"_links":{"self":[{"href":"https:\/\/agrovetazerbaijan.az\/ru\/wp-json\/wp\/v2\/product\/990173","targetHints":{"allow":["GET"]}}],"collection":[{"href":"https:\/\/agrovetazerbaijan.az\/ru\/wp-json\/wp\/v2\/product"}],"about":[{"href":"https:\/\/agrovetazerbaijan.az\/ru\/wp-json\/wp\/v2\/types\/product"}],"replies":[{"embeddable":true,"href":"https:\/\/agrovetazerbaijan.az\/ru\/wp-json\/wp\/v2\/comments?post=990173"}],"version-history":[{"count":1,"href":"https:\/\/agrovetazerbaijan.az\/ru\/wp-json\/wp\/v2\/product\/990173\/revisions"}],"predecessor-version":[{"id":990174,"href":"https:\/\/agrovetazerbaijan.az\/ru\/wp-json\/wp\/v2\/product\/990173\/revisions\/990174"}],"wp:featuredmedia":[{"embeddable":true,"href":"https:\/\/agrovetazerbaijan.az\/ru\/wp-json\/wp\/v2\/media\/990186"}],"wp:attachment":[{"href":"https:\/\/agrovetazerbaijan.az\/ru\/wp-json\/wp\/v2\/media?parent=990173"}],"wp:term":[{"taxonomy":"product_brand","embeddable":true,"href":"https:\/\/agrovetazerbaijan.az\/ru\/wp-json\/wp\/v2\/product_brand?post=990173"},{"taxonomy":"product_cat","embeddable":true,"href":"https:\/\/agrovetazerbaijan.az\/ru\/wp-json\/wp\/v2\/product_cat?post=990173"},{"taxonomy":"product_tag","embeddable":true,"href":"https:\/\/agrovetazerbaijan.az\/ru\/wp-json\/wp\/v2\/product_tag?post=990173"}],"curies":[{"name":"WP","href":"https:\/\/api.w.org\/{rel}","templated":true}]}}