{"id":990171,"date":"2025-08-10T22:27:03","date_gmt":"2025-08-10T22:27:03","guid":{"rendered":"https:\/\/agrovetazerbaijan.az\/?post_type=product&#038;p=990171"},"modified":"2025-09-09T08:59:35","modified_gmt":"2025-09-09T08:59:35","slug":"cloverpet-calcium-tablet-for-cats-and-dogs","status":"publish","type":"product","link":"https:\/\/agrovetazerbaijan.az\/ru\/product\/cloverpet-calcium-tablet-for-cats-and-dogs\/","title":{"rendered":"\u041a\u043b\u043e\u0432\u0435\u0440\u043f\u0435\u0442 \u0442\u0430\u0431\u043b\u0435\u0442\u043a\u0438 \u043a\u0430\u043b\u044c\u0446\u0438\u044f \u0434\u043b\u044f \u043a\u043e\u0448\u0435\u043a \u0438 \u0441\u043e\u0431\u0430\u043a"},"content":{"rendered":"<div class=\"vgblk-rw-wrapper limit-wrapper\">\n<p data-start=\"145\" data-end=\"185\"><strong data-start=\"145\" data-end=\"185\">\u0422\u0430\u0431\u043b\u0435\u0442\u043a\u0438 CLOVER PET Calcium \u0434\u043b\u044f \u043a\u043e\u0448\u0435\u043a \u0438 \u0441\u043e\u0431\u0430\u043a<\/strong><\/p>\n<p data-start=\"187\" data-end=\"247\"><strong data-start=\"187\" data-end=\"206\">\u0422\u0430\u0431\u043b\u0435\u0442\u043a\u0430 \u043a\u0430\u043b\u044c\u0446\u0438\u044f<\/strong><br data-start=\"206\" data-end=\"209\" \/>\u0422\u0430\u0431\u043b\u0435\u0442\u043a\u0438 \u043a\u0430\u043b\u044c\u0446\u0438\u044f \u0434\u043b\u044f \u043a\u043e\u0448\u0435\u043a \u0438 \u0441\u043e\u0431\u0430\u043a<\/p>\n<hr data-start=\"249\" data-end=\"252\" \/>\n<h3 data-start=\"254\" data-end=\"265\">\u0418\u043d\u0433\u0440\u0435\u0434\u0438\u0435\u043d\u0442\u044b<\/h3>\n<div class=\"_tableContainer_1rjym_1\">\n<div class=\"_tableWrapper_1rjym_13 group flex w-fit flex-col-reverse\" tabindex=\"-1\">\n<table class=\"w-fit min-w-(--thread-content-width)\" data-start=\"267\" data-end=\"491\">\n<thead data-start=\"267\" data-end=\"341\">\n<tr data-start=\"267\" data-end=\"341\">\n<th data-start=\"267\" data-end=\"284\" data-col-size=\"sm\">\u041d\u043e\u043c\u0435\u0440 \u0438\u0437\u043e\u0431\u0440\u0430\u0436\u0435\u043d\u0438\u044f<\/th>\n<th data-start=\"284\" data-end=\"303\" data-col-size=\"sm\">\u0410\u043a\u0442\u0438\u0432\u043d\u044b\u0439 \u0438\u043d\u0433\u0440\u0435\u0434\u0438\u0435\u043d\u0442<\/th>\n<th data-start=\"303\" data-end=\"321\" data-col-size=\"sm\">\u041a\u043e\u043b\u0438\u0447\u0435\u0441\u0442\u0432\u043e\/\u0442\u0430\u0431\u043b\u0435\u0442\u043a\u0430<\/th>\n<th data-start=\"321\" data-end=\"341\" data-col-size=\"sm\">\u041a\u043e\u043b\u0438\u0447\u0435\u0441\u0442\u0432\u043e\/\u043a\u0433<\/th>\n<\/tr>\n<\/thead>\n<tbody data-start=\"417\" data-end=\"491\">\n<tr data-start=\"417\" data-end=\"491\">\n<td data-start=\"417\" data-end=\"434\" data-col-size=\"sm\">3.\u0430.300<\/td>\n<td data-start=\"434\" data-end=\"453\" data-col-size=\"sm\">\u0412\u0438\u0442\u0430\u043c\u0438\u043d \u0421<\/td>\n<td data-col-size=\"sm\" data-start=\"453\" data-end=\"471\">8 \u043c\u0433<\/td>\n<td data-col-size=\"sm\" data-start=\"471\" data-end=\"491\">8000 \u043c\u0433\/\u043a\u0433<\/td>\n<\/tr>\n<\/tbody>\n<\/table>\n<div class=\"sticky end-(--thread-content-margin) h-0 self-end select-none\">\n<div class=\"absolute end-0 flex items-end\"><\/div>\n<\/div>\n<\/div>\n<\/div>\n<h3 data-start=\"493\" data-end=\"526\">\u0414\u0440\u0443\u0433\u0438\u0435 \u0438\u043d\u0433\u0440\u0435\u0434\u0438\u0435\u043d\u0442\u044b \u0438 \u043c\u0438\u043d\u0435\u0440\u0430\u043b\u044b<\/h3>\n<div class=\"_tableContainer_1rjym_1\">\n<div class=\"_tableWrapper_1rjym_13 group flex w-fit flex-col-reverse\" tabindex=\"-1\">\n<table class=\"w-fit min-w-(--thread-content-width)\" data-start=\"528\" data-end=\"984\">\n<thead data-start=\"528\" data-end=\"603\">\n<tr data-start=\"528\" data-end=\"603\">\n<th data-start=\"528\" data-end=\"545\" data-col-size=\"sm\">\u041d\u043e\u043c\u0435\u0440 \u0438\u0437\u043e\u0431\u0440\u0430\u0436\u0435\u043d\u0438\u044f<\/th>\n<th data-start=\"545\" data-end=\"565\" data-col-size=\"sm\">\u0410\u043a\u0442\u0438\u0432\u043d\u044b\u0439 \u0438\u043d\u0433\u0440\u0435\u0434\u0438\u0435\u043d\u0442<\/th>\n<th data-start=\"565\" data-end=\"583\" data-col-size=\"sm\">\u041a\u043e\u043b\u0438\u0447\u0435\u0441\u0442\u0432\u043e\/\u0442\u0430\u0431\u043b\u0435\u0442\u043a\u0430<\/th>\n<th data-start=\"583\" data-end=\"603\" data-col-size=\"sm\">\u041a\u043e\u043b\u0438\u0447\u0435\u0441\u0442\u0432\u043e\/\u043a\u0433<\/th>\n<\/tr>\n<\/thead>\n<tbody data-start=\"680\" data-end=\"984\">\n<tr data-start=\"680\" data-end=\"755\">\n<td data-start=\"680\" data-end=\"697\" data-col-size=\"sm\">11.1.1<\/td>\n<td data-col-size=\"sm\" data-start=\"697\" data-end=\"717\">\u041a\u0430\u0440\u0431\u043e\u043d\u0430\u0442 \u043a\u0430\u043b\u044c\u0446\u0438\u044f<\/td>\n<td data-col-size=\"sm\" data-start=\"717\" data-end=\"735\">200 \u043c\u0433<\/td>\n<td data-col-size=\"sm\" data-start=\"735\" data-end=\"755\">20 000 \u043c\u0433\/\u043a\u0433<\/td>\n<\/tr>\n<tr data-start=\"756\" data-end=\"832\">\n<td data-start=\"756\" data-end=\"773\" data-col-size=\"sm\">11.2.8<\/td>\n<td data-col-size=\"sm\" data-start=\"773\" data-end=\"795\">\u0413\u0438\u0434\u0440\u043e\u043a\u0441\u0438\u0434 \u043c\u0430\u0433\u043d\u0438\u044f<\/td>\n<td data-col-size=\"sm\" data-start=\"795\" data-end=\"812\">25 \u043c\u0433<\/td>\n<td data-col-size=\"sm\" data-start=\"812\" data-end=\"832\">25 000 \u043c\u0433\/\u043a\u0433<\/td>\n<\/tr>\n<tr data-start=\"833\" data-end=\"908\">\n<td data-start=\"833\" data-end=\"850\" data-col-size=\"sm\">3\u0431201<\/td>\n<td data-col-size=\"sm\" data-start=\"850\" data-end=\"870\">\u0421\u0443\u043b\u044c\u0444\u0430\u0442 \u0446\u0438\u043d\u043a\u0430<\/td>\n<td data-col-size=\"sm\" data-start=\"870\" data-end=\"888\">2 \u043c\u0433<\/td>\n<td data-col-size=\"sm\" data-start=\"888\" data-end=\"908\">2000 \u043c\u0433\/\u043a\u0433<\/td>\n<\/tr>\n<tr data-start=\"909\" data-end=\"984\">\n<td data-start=\"909\" data-end=\"926\" data-col-size=\"sm\">11.3<\/td>\n<td data-col-size=\"sm\" data-start=\"926\" data-end=\"946\">\u0414\u0438\u0444\u043e\u0441\u0444\u0430\u0442 \u043a\u0430\u043b\u044c\u0446\u0438\u044f<\/td>\n<td data-col-size=\"sm\" data-start=\"946\" data-end=\"964\">107,5 \u043c\u0433<\/td>\n<td data-col-size=\"sm\" data-start=\"964\" data-end=\"984\">10 750 \u043c\u0433\/\u043a\u0433<\/td>\n<\/tr>\n<\/tbody>\n<\/table>\n<div class=\"sticky end-(--thread-content-margin) h-0 self-end select-none\">\n<div class=\"absolute end-0 flex items-end\"><\/div>\n<\/div>\n<\/div>\n<\/div>\n<p data-start=\"986\" data-end=\"1045\"><strong data-start=\"986\" data-end=\"1008\">\u0412\u0435\u0449\u0435\u0441\u0442\u0432\u0430-\u043d\u043e\u0441\u0438\u0442\u0435\u043b\u0438:<\/strong> \u0421\u043e\u0440\u0431\u0438\u0442, \u0441\u0442\u0435\u0430\u0440\u0430\u0442 \u043c\u0430\u0433\u043d\u0438\u044f, \u043a\u0440\u0430\u0445\u043c\u0430\u043b<\/p>\n<hr data-start=\"1047\" data-end=\"1050\" \/>\n<h3 data-start=\"1052\" data-end=\"1071\">\u041e\u0431\u043b\u0430\u0441\u0442\u044c \u0438\u0441\u043f\u043e\u043b\u044c\u0437\u043e\u0432\u0430\u043d\u0438\u044f<\/h3>\n<p data-start=\"1073\" data-end=\"1193\">\u0422\u0430\u0431\u043b\u0435\u0442\u043a\u0438 \u043a\u0430\u043b\u044c\u0446\u0438\u044f \u2014 \u044d\u0442\u043e \u0434\u043e\u043f\u043e\u043b\u043d\u0438\u0442\u0435\u043b\u044c\u043d\u044b\u0439 \u043a\u043e\u0440\u043c, \u0441\u043e\u0434\u0435\u0440\u0436\u0430\u0449\u0438\u0439 \u0432\u0438\u0442\u0430\u043c\u0438\u043d\u044b \u0438 \u043a\u0430\u043b\u044c\u0446\u0438\u0439, \u043a\u043e\u0442\u043e\u0440\u044b\u0439 \u0441\u043f\u043e\u0441\u043e\u0431\u0441\u0442\u0432\u0443\u0435\u0442 \u0440\u0430\u0437\u0432\u0438\u0442\u0438\u044e \u0437\u0443\u0431\u043e\u0432 \u0438 \u043a\u043e\u0441\u0442\u0435\u0439 \u0443 \u0441\u043e\u0431\u0430\u043a \u0438 \u043a\u043e\u0448\u0435\u043a.<\/p>\n<hr data-start=\"1195\" data-end=\"1198\" \/>\n<h3 data-start=\"1200\" data-end=\"1230\">\u0421\u043f\u043e\u0441\u043e\u0431 \u043f\u0440\u0438\u043c\u0435\u043d\u0435\u043d\u0438\u044f \u0438 \u0434\u043e\u0437\u0438\u0440\u043e\u0432\u043a\u0430<\/h3>\n<p data-start=\"1232\" data-end=\"1399\">\u0422\u0430\u0431\u043b\u0435\u0442\u043a\u0438 \u043a\u0430\u043b\u044c\u0446\u0438\u044f \u0434\u0430\u044e\u0442 \u0441\u043e\u0431\u0430\u043a\u0430\u043c \u0438 \u043a\u043e\u0448\u043a\u0430\u043c \u043d\u0435\u043f\u043e\u0441\u0440\u0435\u0434\u0441\u0442\u0432\u0435\u043d\u043d\u043e \u0438\u043b\u0438 \u0441\u043c\u0435\u0448\u0438\u0432\u0430\u044e\u0442 \u0441 \u043a\u043e\u0440\u043c\u043e\u043c. \u041f\u0440\u0438 \u043d\u0435\u043e\u0431\u0445\u043e\u0434\u0438\u043c\u043e\u0441\u0442\u0438 \u0442\u0430\u0431\u043b\u0435\u0442\u043a\u0438 \u043c\u043e\u0436\u043d\u043e \u0438\u0437\u043c\u0435\u043b\u044c\u0447\u0438\u0442\u044c \u0438 \u0441\u043c\u0435\u0448\u0430\u0442\u044c \u0441 \u043a\u043e\u0440\u043c\u043e\u043c.<br data-start=\"1366\" data-end=\"1369\" \/>\u0414\u043e\u0437\u0438\u0440\u043e\u0432\u043a\u0438 \u043f\u043e \u043c\u0430\u0441\u0441\u0435 \u0442\u0435\u043b\u0430:<\/p>\n<ul data-start=\"1400\" data-end=\"1523\">\n<li data-start=\"1400\" data-end=\"1436\">\n<p data-start=\"1402\" data-end=\"1436\">0-5 \u043a\u0433: \u043f\u043e\u043b\u043e\u0432\u0438\u043d\u0430 \u0442\u0430\u0431\u043b\u0435\u0442\u043a\u0438 \u0432 \u0434\u0435\u043d\u044c<\/p>\n<\/li>\n<li data-start=\"1437\" data-end=\"1470\">\n<p data-start=\"1439\" data-end=\"1470\">\u041e\u0442 5 \u0434\u043e 10 \u043a\u0433: 1 \u0442\u0430\u0431\u043b\u0435\u0442\u043a\u0430 \u0432 \u0434\u0435\u043d\u044c<\/p>\n<\/li>\n<li data-start=\"1471\" data-end=\"1523\">\n<p data-start=\"1473\" data-end=\"1523\">\u0411\u043e\u043b\u0435\u0435 10 \u043a\u0433: 1 \u0442\u0430\u0431\u043b\u0435\u0442\u043a\u0430 \u043d\u0430 \u043a\u0430\u0436\u0434\u044b\u0435 10 \u043a\u0433.<\/p>\n<\/li>\n<\/ul>\n<hr data-start=\"1525\" data-end=\"1528\" \/>\n<h3 data-start=\"1530\" data-end=\"1567\">\u0421\u0440\u043e\u043a \u0433\u043e\u0434\u043d\u043e\u0441\u0442\u0438 \u0438 \u043f\u0440\u0435\u0434\u0443\u043f\u0440\u0435\u0436\u0434\u0435\u043d\u0438\u044f<\/h3>\n<p data-start=\"1569\" data-end=\"1827\">\u0421\u0440\u043e\u043a \u0433\u043e\u0434\u043d\u043e\u0441\u0442\u0438: 36 \u043c\u0435\u0441\u044f\u0446\u0435\u0432 \u0441 \u0434\u0430\u0442\u044b \u0438\u0437\u0433\u043e\u0442\u043e\u0432\u043b\u0435\u043d\u0438\u044f. \u0425\u0440\u0430\u043d\u0438\u0442\u044c \u0432\u0434\u0430\u043b\u0438 \u043e\u0442 \u0441\u043e\u043b\u043d\u0435\u0447\u043d\u044b\u0445 \u043b\u0443\u0447\u0435\u0439, \u043f\u0440\u0438 \u043a\u043e\u043c\u043d\u0430\u0442\u043d\u043e\u0439 \u0442\u0435\u043c\u043f\u0435\u0440\u0430\u0442\u0443\u0440\u0435, \u0432 \u043d\u0435\u0434\u043e\u0441\u0442\u0443\u043f\u043d\u043e\u043c \u0434\u043b\u044f \u0434\u0435\u0442\u0435\u0439 \u043c\u0435\u0441\u0442\u0435.<br data-start=\"1727\" data-end=\"1730\" \/>\u042d\u0442\u043e \u043d\u0435 \u043b\u0435\u043a\u0430\u0440\u0441\u0442\u0432\u043e \u0438 \u043d\u0435 \u0438\u0441\u043f\u043e\u043b\u044c\u0437\u0443\u0435\u0442\u0441\u044f \u0432 \u0442\u0435\u0440\u0430\u043f\u0435\u0432\u0442\u0438\u0447\u0435\u0441\u043a\u0438\u0445 \u0446\u0435\u043b\u044f\u0445. \u042d\u0442\u043e \u0434\u043e\u043f\u043e\u043b\u043d\u0438\u0442\u0435\u043b\u044c\u043d\u044b\u0439 \u043a\u043e\u0440\u043c \u0434\u043b\u044f \u0441\u043e\u0431\u0430\u043a \u0438 \u043a\u043e\u0448\u0435\u043a.<\/p>\n<\/div>\n<p><!-- .vgblk-rw-wrapper --><\/p>","protected":false},"excerpt":{"rendered":"<p>CLOVER PET Kalsium Cat &amp; Dog Tableti Kalsium TabletiPi\u015fikl\u0259r v\u0259 itl\u0259r \u00fc\u00e7\u00fcn kalsium tableti T\u0259rkibi T\u0259svir n\u00f6mr\u0259si Aktiv madd\u0259 Miqdar \/ tablet Miqdar \/ kq 3.a.300 Vitamin C 8 mg 8.000 mg\/kq Dig\u0259r t\u0259rkibl\u0259r v\u0259 minerallar T\u0259svir n\u00f6mr\u0259si Aktiv madd\u0259 Miqdar \/ tablet Miqdar \/ kq 11.1.1 Kalsium Karbonat 200 mg 20.000 mg\/kq 11.2.8 Maqnezium&#8230;<\/p>","protected":false},"featured_media":990185,"comment_status":"open","ping_status":"closed","template":"","meta":{"nf_dc_page":"","_monsterinsights_skip_tracking":false,"_monsterinsights_sitenote_active":false,"_monsterinsights_sitenote_note":"","_monsterinsights_sitenote_category":0},"product_brand":[],"product_cat":[244,58,160,51],"product_tag":[],"class_list":{"0":"post-990171","1":"product","2":"type-product","3":"status-publish","4":"has-post-thumbnail","6":"product_cat-it-ve-pisik-mehsullari","7":"product_cat-dog","8":"product_cat-nutrients","9":"product_cat-cat","11":"first","12":"instock","13":"shipping-taxable","14":"product-type-simple"},"jetpack_sharing_enabled":true,"_links":{"self":[{"href":"https:\/\/agrovetazerbaijan.az\/ru\/wp-json\/wp\/v2\/product\/990171","targetHints":{"allow":["GET"]}}],"collection":[{"href":"https:\/\/agrovetazerbaijan.az\/ru\/wp-json\/wp\/v2\/product"}],"about":[{"href":"https:\/\/agrovetazerbaijan.az\/ru\/wp-json\/wp\/v2\/types\/product"}],"replies":[{"embeddable":true,"href":"https:\/\/agrovetazerbaijan.az\/ru\/wp-json\/wp\/v2\/comments?post=990171"}],"version-history":[{"count":1,"href":"https:\/\/agrovetazerbaijan.az\/ru\/wp-json\/wp\/v2\/product\/990171\/revisions"}],"predecessor-version":[{"id":990172,"href":"https:\/\/agrovetazerbaijan.az\/ru\/wp-json\/wp\/v2\/product\/990171\/revisions\/990172"}],"wp:featuredmedia":[{"embeddable":true,"href":"https:\/\/agrovetazerbaijan.az\/ru\/wp-json\/wp\/v2\/media\/990185"}],"wp:attachment":[{"href":"https:\/\/agrovetazerbaijan.az\/ru\/wp-json\/wp\/v2\/media?parent=990171"}],"wp:term":[{"taxonomy":"product_brand","embeddable":true,"href":"https:\/\/agrovetazerbaijan.az\/ru\/wp-json\/wp\/v2\/product_brand?post=990171"},{"taxonomy":"product_cat","embeddable":true,"href":"https:\/\/agrovetazerbaijan.az\/ru\/wp-json\/wp\/v2\/product_cat?post=990171"},{"taxonomy":"product_tag","embeddable":true,"href":"https:\/\/agrovetazerbaijan.az\/ru\/wp-json\/wp\/v2\/product_tag?post=990171"}],"curies":[{"name":"WP","href":"https:\/\/api.w.org\/{rel}","templated":true}]}}