{"id":990168,"date":"2025-08-10T22:23:30","date_gmt":"2025-08-10T22:23:30","guid":{"rendered":"https:\/\/agrovetazerbaijan.az\/?post_type=product&#038;p=990168"},"modified":"2025-09-09T08:25:36","modified_gmt":"2025-09-09T08:25:36","slug":"cloverpet-immunis-paste-for-cats-and-dogs","status":"publish","type":"product","link":"https:\/\/agrovetazerbaijan.az\/ru\/product\/cloverpet-immunis-paste-for-cats-and-dogs\/","title":{"rendered":"\u041f\u0430\u0441\u0442\u0430 Cloverpet Immunis+ \u0434\u043b\u044f \u043a\u043e\u0448\u0435\u043a \u0438 \u0441\u043e\u0431\u0430\u043a"},"content":{"rendered":"<div class=\"vgblk-rw-wrapper limit-wrapper\">\n<h2 data-start=\"207\" data-end=\"292\"><strong data-start=\"210\" data-end=\"292\">CLOVER PET Immun Paste Plus (\u043f\u0430\u0441\u0442\u0430 \u0434\u043b\u044f \u043f\u043e\u0434\u0434\u0435\u0440\u0436\u043a\u0438 \u0438\u043c\u043c\u0443\u043d\u0438\u0442\u0435\u0442\u0430 \u0443 \u043a\u043e\u0448\u0435\u043a \u0438 \u0441\u043e\u0431\u0430\u043a)<\/strong><\/h2>\n<h3 data-start=\"294\" data-end=\"311\"><strong data-start=\"298\" data-end=\"309\">\u0421\u043e\u0441\u0442\u0430\u0432:<\/strong><\/h3>\n<ul data-start=\"312\" data-end=\"422\">\n<li data-start=\"312\" data-end=\"330\">\n<p data-start=\"314\" data-end=\"330\">\u0421\u043e\u043b\u043e\u0434\u043e\u0432\u044b\u0439 \u044d\u043a\u0441\u0442\u0440\u0430\u043a\u0442<\/p>\n<\/li>\n<li data-start=\"331\" data-end=\"344\">\n<p data-start=\"333\" data-end=\"344\">\u041e\u0432\u0441\u044f\u043d\u043a\u0430<\/p>\n<\/li>\n<li data-start=\"345\" data-end=\"362\">\n<p data-start=\"347\" data-end=\"362\">\u0420\u0430\u0441\u0442\u0438\u0442\u0435\u043b\u044c\u043d\u044b\u0435 \u043c\u0430\u0441\u043b\u0430<\/p>\n<\/li>\n<li data-start=\"363\" data-end=\"377\">\n<p data-start=\"365\" data-end=\"377\">\u0420\u044b\u0431\u0438\u0439 \u0436\u0438\u0440<\/p>\n<\/li>\n<li data-start=\"378\" data-end=\"398\">\n<p data-start=\"380\" data-end=\"398\">\u041f\u043e\u0440\u043e\u0448\u043e\u043a \u0440\u043e\u0436\u043a\u043e\u0432\u043e\u0433\u043e \u0434\u0435\u0440\u0435\u0432\u0430<\/p>\n<\/li>\n<li data-start=\"399\" data-end=\"422\">\n<p data-start=\"401\" data-end=\"422\">\u0414\u0435\u0438\u043e\u043d\u0438\u0437\u0438\u0440\u043e\u0432\u0430\u043d\u043d\u0430\u044f \u0432\u043e\u0434\u0430<\/p>\n<\/li>\n<\/ul>\n<h3 data-start=\"424\" data-end=\"469\"><strong data-start=\"428\" data-end=\"467\">\u0414\u0440\u0443\u0433\u0438\u0435 \u0438\u043d\u0433\u0440\u0435\u0434\u0438\u0435\u043d\u0442\u044b (\u043d\u0430 1 \u043a\u0433):<\/strong><\/h3>\n<ul data-start=\"470\" data-end=\"876\">\n<li data-start=\"470\" data-end=\"494\">\n<p data-start=\"472\" data-end=\"494\">\u0411\u0438\u043e\u0442\u0438\u043d 2%: 2500 \u043c\u0433<\/p>\n<\/li>\n<li data-start=\"495\" data-end=\"518\">\n<p data-start=\"497\" data-end=\"518\">\u0412\u0438\u0442\u0430\u043c\u0438\u043d \u041a3: 150 \u043c\u0433<\/p>\n<\/li>\n<li data-start=\"519\" data-end=\"543\">\n<p data-start=\"521\" data-end=\"543\">\u0412\u0438\u0442\u0430\u043c\u0438\u043d \u0421: 7000 \u043c\u0433<\/p>\n<\/li>\n<li data-start=\"544\" data-end=\"568\">\n<p data-start=\"546\" data-end=\"568\">\u0412\u0438\u0442\u0430\u043c\u0438\u043d \u0415: 5000 \u043c\u0433<\/p>\n<\/li>\n<li data-start=\"569\" data-end=\"592\">\n<p data-start=\"571\" data-end=\"592\">\u0412\u0438\u0442\u0430\u043c\u0438\u043d B1: 300 \u043c\u0433<\/p>\n<\/li>\n<li data-start=\"593\" data-end=\"616\">\n<p data-start=\"595\" data-end=\"616\">\u0412\u0438\u0442\u0430\u043c\u0438\u043d B2: 300 \u043c\u0433<\/p>\n<\/li>\n<li data-start=\"617\" data-end=\"640\">\n<p data-start=\"619\" data-end=\"640\">\u0412\u0438\u0442\u0430\u043c\u0438\u043d B6: 200 \u043c\u0433<\/p>\n<\/li>\n<li data-start=\"641\" data-end=\"668\">\n<p data-start=\"643\" data-end=\"668\">\u0412\u0438\u0442\u0430\u043c\u0438\u043d B12 1%: 100 \u043c\u0433<\/p>\n<\/li>\n<li data-start=\"669\" data-end=\"686\">\n<p data-start=\"671\" data-end=\"686\">\u0426\u0438\u043d\u043a: 200 \u043c\u0433<\/p>\n<\/li>\n<li data-start=\"687\" data-end=\"708\">\n<p data-start=\"689\" data-end=\"708\">\u0422\u0430\u0443\u0440\u0438\u043d: 2000 \u043c\u0433<\/p>\n<\/li>\n<li data-start=\"709\" data-end=\"738\">\n<p data-start=\"711\" data-end=\"738\">\u0411\u0435\u043d\u0437\u043e\u0430\u0442 \u043d\u0430\u0442\u0440\u0438\u044f: 1000 \u043c\u0433<\/p>\n<\/li>\n<li data-start=\"739\" data-end=\"770\">\n<p data-start=\"741\" data-end=\"770\">\u0421\u043e\u0440\u0431\u0430\u0442 \u043a\u0430\u043b\u0438\u044f: 1000 \u043c\u0433<\/p>\n<\/li>\n<li data-start=\"771\" data-end=\"793\">\n<p data-start=\"773\" data-end=\"793\">\u041a\u0430\u043b\u044c\u0446\u0438\u0439: 1000 \u043c\u0433<\/p>\n<\/li>\n<li data-start=\"794\" data-end=\"816\">\n<p data-start=\"796\" data-end=\"816\">L-\u043b\u0438\u0437\u0438\u043d: 5000 \u043c\u0433<\/p>\n<\/li>\n<li data-start=\"817\" data-end=\"851\">\n<p data-start=\"819\" data-end=\"851\">\u0413\u0438\u0434\u0440\u043e\u043a\u0441\u0438\u0434 \u043c\u0430\u0433\u043d\u0438\u044f: 5000 \u043c\u0433<\/p>\n<\/li>\n<li data-start=\"852\" data-end=\"876\">\n<p data-start=\"854\" data-end=\"876\">\u042d\u0445\u0438\u043d\u0430\u0446\u0435\u044f: 3000 \u043c\u0433<\/p>\n<\/li>\n<\/ul>\n<hr data-start=\"878\" data-end=\"881\" \/>\n<h3 data-start=\"883\" data-end=\"915\"><strong data-start=\"887\" data-end=\"913\">\u0410\u043d\u0430\u043b\u0438\u0442\u0438\u0447\u0435\u0441\u043a\u0438\u0435 \u043f\u043e\u043a\u0430\u0437\u0430\u0442\u0435\u043b\u0438:<\/strong><\/h3>\n<ul data-start=\"916\" data-end=\"1011\">\n<li data-start=\"916\" data-end=\"937\">\n<p data-start=\"918\" data-end=\"937\">\u0421\u044b\u0440\u043e\u0439 \u043f\u0440\u043e\u0442\u0435\u0438\u043d: 27,69%<\/p>\n<\/li>\n<li data-start=\"938\" data-end=\"957\">\n<p data-start=\"940\" data-end=\"957\">\u0421\u044b\u0440\u0430\u044f \u043d\u0435\u0444\u0442\u044c: 16.16%<\/p>\n<\/li>\n<li data-start=\"958\" data-end=\"976\">\n<p data-start=\"960\" data-end=\"976\">\u0421\u044b\u0440\u0430\u044f \u043a\u043b\u0435\u0442\u0447\u0430\u0442\u043a\u0430: 1,68%<\/p>\n<\/li>\n<li data-start=\"977\" data-end=\"995\">\n<p data-start=\"979\" data-end=\"995\">\u0421\u044b\u0440\u0430\u044f \u0437\u043e\u043b\u0430: 1,82%<\/p>\n<\/li>\n<li data-start=\"996\" data-end=\"1011\">\n<p data-start=\"998\" data-end=\"1011\">\u0412\u043b\u0430\u0436\u043d\u043e\u0441\u0442\u044c: 19,56%<\/p>\n<\/li>\n<\/ul>\n<hr data-start=\"1013\" data-end=\"1016\" \/>\n<h3 data-start=\"1018\" data-end=\"1042\"><strong data-start=\"1022\" data-end=\"1040\">\u0424\u0443\u043d\u043a\u0446\u0438\u0438:<\/strong><\/h3>\n<ul data-start=\"1043\" data-end=\"1142\">\n<li data-start=\"1043\" data-end=\"1082\">\n<p data-start=\"1045\" data-end=\"1082\">\u0421\u0430\u0445\u0430\u0440 \u0438 \u043a\u0440\u0430\u0441\u0438\u0442\u0435\u043b\u044c <strong data-start=\"1068\" data-end=\"1079\">\u043d\u0435 \u0441\u043e\u0434\u0435\u0440\u0436\u0438\u0442<\/strong>!<\/p>\n<\/li>\n<li data-start=\"1083\" data-end=\"1142\">\n<p data-start=\"1085\" data-end=\"1142\">\u041a\u043e\u0440\u043c \u0441\u043f\u0435\u0446\u0438\u0430\u043b\u044c\u043d\u043e \u0440\u0430\u0437\u0440\u0430\u0431\u043e\u0442\u0430\u043d \u0434\u043b\u044f \u043a\u043e\u0448\u0435\u043a \u0438 \u0441\u043e\u0431\u0430\u043a, \u0438\u043c\u0435\u0435\u0442 \u043e\u0441\u043e\u0431\u044b\u0439 \u0432\u043a\u0443\u0441 \u0438 \u0430\u0440\u043e\u043c\u0430\u0442.<\/p>\n<\/li>\n<\/ul>\n<hr data-start=\"1144\" data-end=\"1147\" \/>\n<h3 data-start=\"1149\" data-end=\"1175\"><strong data-start=\"1153\" data-end=\"1173\">\u041e\u0431\u043b\u0430\u0441\u0442\u044c \u043f\u0440\u0438\u043c\u0435\u043d\u0435\u043d\u0438\u044f:<\/strong><\/h3>\n<p data-start=\"1176\" data-end=\"1369\">\u0414\u043e\u043f\u043e\u043b\u043d\u0438\u0442\u0435\u043b\u044c\u043d\u044b\u0439 \u043a\u043e\u0440\u043c \u0434\u043b\u044f \u0443\u043a\u0440\u0435\u043f\u043b\u0435\u043d\u0438\u044f \u0438\u043c\u043c\u0443\u043d\u0438\u0442\u0435\u0442\u0430, \u043e\u0431\u043e\u0433\u0430\u0449\u0451\u043d\u043d\u044b\u0439 \u0432\u0438\u0442\u0430\u043c\u0438\u043d\u0430\u043c\u0438, \u043c\u0438\u043d\u0435\u0440\u0430\u043b\u0430\u043c\u0438 \u0438 \u0430\u043c\u0438\u043d\u043e\u043a\u0438\u0441\u043b\u043e\u0442\u0430\u043c\u0438. \u041e\u0431\u0435\u0441\u043f\u0435\u0447\u0438\u0432\u0430\u0435\u0442 \u0437\u0434\u043e\u0440\u043e\u0432\u0443\u044e \u0436\u0438\u0437\u043d\u044c \u043a\u043e\u0448\u0435\u043a \u0438 \u0441\u043e\u0431\u0430\u043a \u0438 \u0443\u043a\u0440\u0435\u043f\u043b\u044f\u0435\u0442 \u0438\u0445 \u0438\u043c\u043c\u0443\u043d\u0438\u0442\u0435\u0442.<\/p>\n<hr data-start=\"1371\" data-end=\"1374\" \/>\n<h3 data-start=\"1376\" data-end=\"1413\"><strong data-start=\"1380\" data-end=\"1411\">\u0421\u043f\u043e\u0441\u043e\u0431 \u043f\u0440\u0438\u043c\u0435\u043d\u0435\u043d\u0438\u044f \u0438 \u0434\u043e\u0437\u0438\u0440\u043e\u0432\u043a\u0430:<\/strong><\/h3>\n<p data-start=\"1414\" data-end=\"1514\">\u0418\u0441\u043f\u043e\u043b\u044c\u0437\u0443\u0435\u0442\u0441\u044f \u043d\u0430\u043f\u0440\u044f\u043c\u0443\u044e \u0438\u043b\u0438 \u0441\u043c\u0435\u0448\u0438\u0432\u0430\u0435\u0442\u0441\u044f \u0441 \u043a\u043e\u0440\u043c\u043e\u043c.<br data-start=\"1464\" data-end=\"1467\" \/>\u0420\u0435\u043a\u043e\u043c\u0435\u043d\u0434\u0443\u0435\u0442\u0441\u044f \u0440\u0435\u0433\u0443\u043b\u044f\u0440\u043d\u043e\u0435 \u0438\u0441\u043f\u043e\u043b\u044c\u0437\u043e\u0432\u0430\u043d\u0438\u0435 \u043f\u043e 2-3 \u0441\u043c \u0432 \u0434\u0435\u043d\u044c.<\/p>\n<hr data-start=\"1516\" data-end=\"1519\" \/>\n<h3 data-start=\"1521\" data-end=\"1559\"><strong data-start=\"1525\" data-end=\"1557\">\u0425\u0440\u0430\u043d\u0435\u043d\u0438\u0435 \u0438 \u0441\u0440\u043e\u043a \u0433\u043e\u0434\u043d\u043e\u0441\u0442\u0438:<\/strong><\/h3>\n<ul data-start=\"1560\" data-end=\"1777\">\n<li data-start=\"1560\" data-end=\"1619\">\n<p data-start=\"1562\" data-end=\"1619\">\u0421\u0440\u043e\u043a \u0433\u043e\u0434\u043d\u043e\u0441\u0442\u0438 \u2014 2 \u0433\u043e\u0434\u0430 \u0441 \u0434\u0430\u0442\u044b \u0438\u0437\u0433\u043e\u0442\u043e\u0432\u043b\u0435\u043d\u0438\u044f.<\/p>\n<\/li>\n<li data-start=\"1620\" data-end=\"1714\">\n<p data-start=\"1622\" data-end=\"1714\">\u0425\u0440\u0430\u043d\u0438\u0442\u044c \u0432\u0434\u0430\u043b\u0438 \u043e\u0442 \u0441\u043e\u043b\u043d\u0435\u0447\u043d\u044b\u0445 \u043b\u0443\u0447\u0435\u0439, \u043f\u0440\u0438 \u043a\u043e\u043c\u043d\u0430\u0442\u043d\u043e\u0439 \u0442\u0435\u043c\u043f\u0435\u0440\u0430\u0442\u0443\u0440\u0435, \u0432 \u043d\u0435\u0434\u043e\u0441\u0442\u0443\u043f\u043d\u043e\u043c \u0434\u043b\u044f \u0434\u0435\u0442\u0435\u0439 \u043c\u0435\u0441\u0442\u0435.<\/p>\n<\/li>\n<li data-start=\"1715\" data-end=\"1777\">\n<p data-start=\"1717\" data-end=\"1777\">\u042d\u0442\u043e \u043d\u0435 \u043b\u0435\u043a\u0430\u0440\u0441\u0442\u0432\u043e \u0438 \u043d\u0435 \u0438\u0441\u043f\u043e\u043b\u044c\u0437\u0443\u0435\u0442\u0441\u044f \u0432 \u043b\u0435\u0447\u0435\u0431\u043d\u044b\u0445 \u0446\u0435\u043b\u044f\u0445.<\/p>\n<\/li>\n<\/ul>\n<\/div>\n<p><!-- .vgblk-rw-wrapper --><\/p>","protected":false},"excerpt":{"rendered":"<p>CLOVER PET Immun Paste Plus (Pi\u015fik v\u0259 \u0130tl\u0259r \u00fc\u00e7\u00fcn \u0130mmunitet D\u0259st\u0259kl\u0259yici Pasta) T\u0259rkib: Malt ekstrakt\u0131 Yulaf unu Bitki ya\u011flar\u0131 Bal\u0131q ya\u011f\u0131 Ke\u00e7iboynuzu tozu Deioniz\u0259 edilmi\u015f su Dig\u0259r t\u0259rkibi madd\u0259l\u0259r (1 kq \u00fc\u00e7\u00fcn): Biotin 2% : 2,500 mq Vitamin K3 : 150 mq Vitamin C : 7,000 mq Vitamin E : 5,000 mq Vitamin B1 :&#8230;<\/p>","protected":false},"featured_media":990184,"comment_status":"open","ping_status":"closed","template":"","meta":{"nf_dc_page":"","_monsterinsights_skip_tracking":false,"_monsterinsights_sitenote_active":false,"_monsterinsights_sitenote_note":"","_monsterinsights_sitenote_category":0},"product_brand":[],"product_cat":[244,58,160,51],"product_tag":[],"class_list":{"0":"post-990168","1":"product","2":"type-product","3":"status-publish","4":"has-post-thumbnail","6":"product_cat-it-ve-pisik-mehsullari","7":"product_cat-dog","8":"product_cat-nutrients","9":"product_cat-cat","11":"first","12":"instock","13":"shipping-taxable","14":"product-type-simple"},"jetpack_sharing_enabled":true,"_links":{"self":[{"href":"https:\/\/agrovetazerbaijan.az\/ru\/wp-json\/wp\/v2\/product\/990168","targetHints":{"allow":["GET"]}}],"collection":[{"href":"https:\/\/agrovetazerbaijan.az\/ru\/wp-json\/wp\/v2\/product"}],"about":[{"href":"https:\/\/agrovetazerbaijan.az\/ru\/wp-json\/wp\/v2\/types\/product"}],"replies":[{"embeddable":true,"href":"https:\/\/agrovetazerbaijan.az\/ru\/wp-json\/wp\/v2\/comments?post=990168"}],"version-history":[{"count":2,"href":"https:\/\/agrovetazerbaijan.az\/ru\/wp-json\/wp\/v2\/product\/990168\/revisions"}],"predecessor-version":[{"id":990170,"href":"https:\/\/agrovetazerbaijan.az\/ru\/wp-json\/wp\/v2\/product\/990168\/revisions\/990170"}],"wp:featuredmedia":[{"embeddable":true,"href":"https:\/\/agrovetazerbaijan.az\/ru\/wp-json\/wp\/v2\/media\/990184"}],"wp:attachment":[{"href":"https:\/\/agrovetazerbaijan.az\/ru\/wp-json\/wp\/v2\/media?parent=990168"}],"wp:term":[{"taxonomy":"product_brand","embeddable":true,"href":"https:\/\/agrovetazerbaijan.az\/ru\/wp-json\/wp\/v2\/product_brand?post=990168"},{"taxonomy":"product_cat","embeddable":true,"href":"https:\/\/agrovetazerbaijan.az\/ru\/wp-json\/wp\/v2\/product_cat?post=990168"},{"taxonomy":"product_tag","embeddable":true,"href":"https:\/\/agrovetazerbaijan.az\/ru\/wp-json\/wp\/v2\/product_tag?post=990168"}],"curies":[{"name":"WP","href":"https:\/\/api.w.org\/{rel}","templated":true}]}}