{"id":990165,"date":"2025-08-10T22:15:09","date_gmt":"2025-08-10T22:15:09","guid":{"rendered":"https:\/\/agrovetazerbaijan.az\/?post_type=product&#038;p=990165"},"modified":"2025-09-09T09:13:08","modified_gmt":"2025-09-09T09:13:08","slug":"cloverpet-biotin-paste-for-cats-and-dogs","status":"publish","type":"product","link":"https:\/\/agrovetazerbaijan.az\/ru\/product\/cloverpet-biotin-paste-for-cats-and-dogs\/","title":{"rendered":"\u041f\u0430\u0441\u0442\u0430 \u0441 \u0431\u0438\u043e\u0442\u0438\u043d\u043e\u043c Cloverpet \u0434\u043b\u044f \u043a\u043e\u0448\u0435\u043a \u0438 \u0441\u043e\u0431\u0430\u043a"},"content":{"rendered":"<div class=\"vgblk-rw-wrapper limit-wrapper\">\n<h2 data-start=\"87\" data-end=\"143\"><strong data-start=\"90\" data-end=\"141\">CLOVER PET \u2013 \u0411\u0438\u043e\u0442\u0438\u043d\u043e\u0432\u0430\u044f \u043f\u0430\u0441\u0442\u0430 \u0434\u043b\u044f \u043a\u043e\u0448\u0435\u043a \u0438 \u0441\u043e\u0431\u0430\u043a<\/strong><\/h2>\n<p data-start=\"144\" data-end=\"201\"><strong data-start=\"144\" data-end=\"199\">(\u0414\u043e\u043f\u043e\u043b\u043d\u0438\u0442\u0435\u043b\u044c\u043d\u044b\u0439 \u043a\u043e\u0440\u043c, \u043f\u043e\u0434\u0434\u0435\u0440\u0436\u0438\u0432\u0430\u044e\u0449\u0438\u0439 \u0437\u0434\u043e\u0440\u043e\u0432\u044c\u0435 \u043a\u043e\u0436\u0438 \u0438 \u0448\u0435\u0440\u0441\u0442\u0438)<\/strong><\/p>\n<h3 data-start=\"203\" data-end=\"229\"><strong data-start=\"207\" data-end=\"227\">\u0421\u043f\u0438\u0441\u043e\u043a \u0438\u043d\u0433\u0440\u0435\u0434\u0438\u0435\u043d\u0442\u043e\u0432:<\/strong><\/h3>\n<ul data-start=\"230\" data-end=\"340\">\n<li data-start=\"230\" data-end=\"248\">\n<p data-start=\"232\" data-end=\"248\">\u0421\u043e\u043b\u043e\u0434\u043e\u0432\u044b\u0439 \u044d\u043a\u0441\u0442\u0440\u0430\u043a\u0442<\/p>\n<\/li>\n<li data-start=\"249\" data-end=\"262\">\n<p data-start=\"251\" data-end=\"262\">\u041e\u0432\u0441\u044f\u043d\u043a\u0430<\/p>\n<\/li>\n<li data-start=\"263\" data-end=\"280\">\n<p data-start=\"265\" data-end=\"280\">\u0420\u0430\u0441\u0442\u0438\u0442\u0435\u043b\u044c\u043d\u044b\u0435 \u043c\u0430\u0441\u043b\u0430<\/p>\n<\/li>\n<li data-start=\"281\" data-end=\"295\">\n<p data-start=\"283\" data-end=\"295\">\u0420\u044b\u0431\u0438\u0439 \u0436\u0438\u0440<\/p>\n<\/li>\n<li data-start=\"296\" data-end=\"316\">\n<p data-start=\"298\" data-end=\"316\">\u041f\u043e\u0440\u043e\u0448\u043e\u043a \u0440\u043e\u0436\u043a\u043e\u0432\u043e\u0433\u043e \u0434\u0435\u0440\u0435\u0432\u0430<\/p>\n<\/li>\n<li data-start=\"317\" data-end=\"340\">\n<p data-start=\"319\" data-end=\"340\">\u0414\u0435\u0438\u043e\u043d\u0438\u0437\u0438\u0440\u043e\u0432\u0430\u043d\u043d\u0430\u044f \u0432\u043e\u0434\u0430<\/p>\n<\/li>\n<\/ul>\n<p data-start=\"342\" data-end=\"375\"><strong data-start=\"342\" data-end=\"373\">\u0414\u0440\u0443\u0433\u0438\u0435 \u0438\u043d\u0433\u0440\u0435\u0434\u0438\u0435\u043d\u0442\u044b (\u043d\u0430 1 \u043a\u0433):<\/strong><\/p>\n<ul data-start=\"376\" data-end=\"522\">\n<li data-start=\"376\" data-end=\"404\">\n<p data-start=\"378\" data-end=\"404\"><strong data-start=\"378\" data-end=\"392\">\u0411\u0438\u043e\u0442\u0438\u043d 2%:<\/strong> 10 000 \u043c\u0433<\/p>\n<\/li>\n<li data-start=\"405\" data-end=\"437\">\n<p data-start=\"407\" data-end=\"437\"><strong data-start=\"407\" data-end=\"426\">\u0411\u0435\u043d\u0437\u043e\u0430\u0442 \u043d\u0430\u0442\u0440\u0438\u044f:<\/strong> 1000 \u043c\u0433<\/p>\n<\/li>\n<li data-start=\"438\" data-end=\"463\">\n<p data-start=\"440\" data-end=\"463\"><strong data-start=\"440\" data-end=\"452\">\u041e\u043c\u0435\u0433\u0430-3:<\/strong> 2000 \u043c\u0433<\/p>\n<\/li>\n<li data-start=\"464\" data-end=\"495\">\n<p data-start=\"466\" data-end=\"495\"><strong data-start=\"466\" data-end=\"484\">\u0421\u043e\u0440\u0431\u0430\u0442 \u043a\u0430\u043b\u0438\u044f:<\/strong> 1000 \u043c\u0433<\/p>\n<\/li>\n<li data-start=\"496\" data-end=\"522\">\n<p data-start=\"498\" data-end=\"522\"><strong data-start=\"498\" data-end=\"510\">\u041a\u0430\u043b\u044c\u0446\u0438\u0439:<\/strong> 10 000 \u043c\u0433<\/p>\n<\/li>\n<\/ul>\n<hr data-start=\"524\" data-end=\"527\" \/>\n<h3 data-start=\"529\" data-end=\"561\"><strong data-start=\"533\" data-end=\"559\">\u0410\u043d\u0430\u043b\u0438\u0442\u0438\u0447\u0435\u0441\u043a\u0438\u0435 \u043f\u043e\u043a\u0430\u0437\u0430\u0442\u0435\u043b\u0438:<\/strong><\/h3>\n<ul data-start=\"562\" data-end=\"677\">\n<li data-start=\"562\" data-end=\"587\">\n<p data-start=\"564\" data-end=\"587\"><strong data-start=\"564\" data-end=\"578\">\u0421\u044b\u0440\u043e\u0439 \u043f\u0440\u043e\u0442\u0435\u0438\u043d:<\/strong> 27,69%<\/p>\n<\/li>\n<li data-start=\"588\" data-end=\"611\">\n<p data-start=\"590\" data-end=\"611\"><strong data-start=\"590\" data-end=\"602\">\u0421\u044b\u0440\u0430\u044f \u043d\u0435\u0444\u0442\u044c:<\/strong> 16,16%<\/p>\n<\/li>\n<li data-start=\"612\" data-end=\"634\">\n<p data-start=\"614\" data-end=\"634\"><strong data-start=\"614\" data-end=\"626\">\u0421\u044b\u0440\u0430\u044f \u043a\u043b\u0435\u0442\u0447\u0430\u0442\u043a\u0430:<\/strong> 1,68%<\/p>\n<\/li>\n<li data-start=\"635\" data-end=\"657\">\n<p data-start=\"637\" data-end=\"657\"><strong data-start=\"637\" data-end=\"649\">\u0421\u044b\u0440\u0430\u044f \u0437\u043e\u043b\u0430:<\/strong> 1,82%<\/p>\n<\/li>\n<li data-start=\"658\" data-end=\"677\">\n<p data-start=\"660\" data-end=\"677\"><strong data-start=\"660\" data-end=\"668\">\u0412\u043b\u0430\u0436\u043d\u043e\u0441\u0442\u044c:<\/strong> 19,56%<\/p>\n<\/li>\n<\/ul>\n<p data-start=\"679\" data-end=\"781\"><strong data-start=\"679\" data-end=\"688\">\u041f\u0440\u0438\u043c\u0435\u0447\u0430\u043d\u0438\u0435:<\/strong> \u0411\u0415\u0417 \u0441\u0430\u0445\u0430\u0440\u0430 \u0438 \u043a\u0440\u0430\u0441\u0438\u0442\u0435\u043b\u0435\u0439! \u041e\u0441\u043e\u0431\u044b\u0439 \u0432\u043a\u0443\u0441, \u043e\u0447\u0435\u043d\u044c \u0432\u043a\u0443\u0441\u043d\u043e \u0434\u043b\u044f \u043a\u043e\u0448\u0435\u043a \u0438 \u0441\u043e\u0431\u0430\u043a.<\/p>\n<hr data-start=\"783\" data-end=\"786\" \/>\n<h3 data-start=\"788\" data-end=\"814\"><strong data-start=\"792\" data-end=\"812\">\u041e\u0431\u043b\u0430\u0441\u0442\u044c \u043f\u0440\u0438\u043c\u0435\u043d\u0435\u043d\u0438\u044f:<\/strong><\/h3>\n<p data-start=\"815\" data-end=\"943\">\u0411\u0438\u043e\u0442\u0438\u043d\u043e\u0432\u0430\u044f \u043f\u0430\u0441\u0442\u0430 \u2014 \u044d\u0442\u043e \u0434\u043e\u043f\u043e\u043b\u043d\u0438\u0442\u0435\u043b\u044c\u043d\u044b\u0439 \u043a\u043e\u0440\u043c, \u0431\u043e\u0433\u0430\u0442\u044b\u0439 \u0432\u0438\u0442\u0430\u043c\u0438\u043d\u0430\u043c\u0438 \u0438 \u043c\u0438\u043d\u0435\u0440\u0430\u043b\u0430\u043c\u0438, \u043a\u043e\u0442\u043e\u0440\u044b\u0439 \u043f\u043e\u0434\u0434\u0435\u0440\u0436\u0438\u0432\u0430\u0435\u0442 \u0437\u0434\u043e\u0440\u043e\u0432\u044c\u0435 \u043a\u043e\u0436\u0438 \u0438 \u0448\u0435\u0440\u0441\u0442\u0438 \u0443 \u043a\u043e\u0448\u0435\u043a \u0438 \u0441\u043e\u0431\u0430\u043a.<\/p>\n<h3 data-start=\"945\" data-end=\"982\"><strong data-start=\"949\" data-end=\"980\">\u0421\u043f\u043e\u0441\u043e\u0431 \u043f\u0440\u0438\u043c\u0435\u043d\u0435\u043d\u0438\u044f \u0438 \u0434\u043e\u0437\u0438\u0440\u043e\u0432\u043a\u0430:<\/strong><\/h3>\n<p data-start=\"983\" data-end=\"1111\">\u0415\u0433\u043e \u0434\u0430\u044e\u0442 \u043d\u0430\u043f\u0440\u044f\u043c\u0443\u044e \u0438\u043b\u0438 \u043f\u043e\u0434\u043c\u0435\u0448\u0438\u0432\u0430\u044e\u0442 \u0432 \u043a\u043e\u0440\u043c.<br data-start=\"1034\" data-end=\"1037\" \/>\u0412 \u0434\u0435\u043d\u044c <strong data-start=\"1043\" data-end=\"1053\">2\u20133 \u0441\u043c<\/strong> \u0420\u0435\u043a\u043e\u043c\u0435\u043d\u0434\u0443\u0435\u0442\u0441\u044f \u0438\u0441\u043f\u043e\u043b\u044c\u0437\u043e\u0432\u0430\u0442\u044c \u0438 \u0434\u0430\u0432\u0430\u0442\u044c \u0440\u0435\u0433\u0443\u043b\u044f\u0440\u043d\u043e.<\/p>\n<hr data-start=\"1113\" data-end=\"1116\" \/>\n<h3 data-start=\"1118\" data-end=\"1159\"><strong data-start=\"1122\" data-end=\"1157\">\u0421\u0440\u043e\u043a \u0433\u043e\u0434\u043d\u043e\u0441\u0442\u0438 \u0438 \u0443\u0441\u043b\u043e\u0432\u0438\u044f \u0445\u0440\u0430\u043d\u0435\u043d\u0438\u044f:<\/strong><\/h3>\n<ul data-start=\"1160\" data-end=\"1361\">\n<li data-start=\"1160\" data-end=\"1202\">\n<p data-start=\"1162\" data-end=\"1202\">\u0421 \u0434\u0430\u0442\u044b \u0438\u0437\u0433\u043e\u0442\u043e\u0432\u043b\u0435\u043d\u0438\u044f <strong data-start=\"1191\" data-end=\"1199\">2 \u0433\u043e\u0434\u0430<\/strong>.<\/p>\n<\/li>\n<li data-start=\"1203\" data-end=\"1295\">\n<p data-start=\"1205\" data-end=\"1295\">\u0425\u0440\u0430\u043d\u0438\u0442\u044c \u0432\u0434\u0430\u043b\u0438 \u043e\u0442 \u0441\u043e\u043b\u043d\u0435\u0447\u043d\u044b\u0445 \u043b\u0443\u0447\u0435\u0439, \u043f\u0440\u0438 \u043a\u043e\u043c\u043d\u0430\u0442\u043d\u043e\u0439 \u0442\u0435\u043c\u043f\u0435\u0440\u0430\u0442\u0443\u0440\u0435, \u0432 \u043d\u0435\u0434\u043e\u0441\u0442\u0443\u043f\u043d\u043e\u043c \u0434\u043b\u044f \u0434\u0435\u0442\u0435\u0439 \u043c\u0435\u0441\u0442\u0435.<\/p>\n<\/li>\n<li data-start=\"1296\" data-end=\"1361\">\n<p data-start=\"1298\" data-end=\"1361\">\u0414\u0430\u043d\u043d\u044b\u0439 \u043f\u0440\u043e\u0434\u0443\u043a\u0442 \u043d\u0435 \u044f\u0432\u043b\u044f\u0435\u0442\u0441\u044f \u043b\u0435\u043a\u0430\u0440\u0441\u0442\u0432\u0435\u043d\u043d\u044b\u043c \u0441\u0440\u0435\u0434\u0441\u0442\u0432\u043e\u043c \u0438 \u043d\u0435 \u0438\u0441\u043f\u043e\u043b\u044c\u0437\u0443\u0435\u0442\u0441\u044f \u0432 \u0442\u0435\u0440\u0430\u043f\u0435\u0432\u0442\u0438\u0447\u0435\u0441\u043a\u0438\u0445 \u0446\u0435\u043b\u044f\u0445.<\/p>\n<\/li>\n<\/ul>\n<\/div>\n<p><!-- .vgblk-rw-wrapper --><\/p>","protected":false},"excerpt":{"rendered":"<p>CLOVER PET \u2013 Pi\u015fik v\u0259 \u0130tl\u0259r \u00fc\u00e7\u00fcn Biotin Pastas\u0131 (D\u0259ri v\u0259 T\u00fck Sa\u011fl\u0131\u011f\u0131n\u0131 D\u0259st\u0259kl\u0259y\u0259n Tamamlay\u0131c\u0131 Yem) T\u0259rkib Siyah\u0131s\u0131: Malt ekstrakt\u0131 Yulaf unu Bitki ya\u011flar\u0131 Bal\u0131q ya\u011f\u0131 Ke\u00e7iboynuzu tozu Deioniz\u0259 edilmi\u015f su Dig\u0259r madd\u0259l\u0259r (1 kq \u00fc\u00e7\u00fcn): Biotin 2%: 10.000 mq Sodium Benzoat: 1.000 mq Omega 3: 2.000 mq Kalium Sorbat: 1.000 mq Kalsium: 10.000 mq&#8230;<\/p>","protected":false},"featured_media":990216,"comment_status":"open","ping_status":"closed","template":"","meta":{"nf_dc_page":"","_monsterinsights_skip_tracking":false,"_monsterinsights_sitenote_active":false,"_monsterinsights_sitenote_note":"","_monsterinsights_sitenote_category":0},"product_brand":[],"product_cat":[244,58,160,51],"product_tag":[],"class_list":{"0":"post-990165","1":"product","2":"type-product","3":"status-publish","4":"has-post-thumbnail","6":"product_cat-it-ve-pisik-mehsullari","7":"product_cat-dog","8":"product_cat-nutrients","9":"product_cat-cat","11":"first","12":"instock","13":"shipping-taxable","14":"product-type-simple"},"jetpack_sharing_enabled":true,"_links":{"self":[{"href":"https:\/\/agrovetazerbaijan.az\/ru\/wp-json\/wp\/v2\/product\/990165","targetHints":{"allow":["GET"]}}],"collection":[{"href":"https:\/\/agrovetazerbaijan.az\/ru\/wp-json\/wp\/v2\/product"}],"about":[{"href":"https:\/\/agrovetazerbaijan.az\/ru\/wp-json\/wp\/v2\/types\/product"}],"replies":[{"embeddable":true,"href":"https:\/\/agrovetazerbaijan.az\/ru\/wp-json\/wp\/v2\/comments?post=990165"}],"version-history":[{"count":1,"href":"https:\/\/agrovetazerbaijan.az\/ru\/wp-json\/wp\/v2\/product\/990165\/revisions"}],"predecessor-version":[{"id":990166,"href":"https:\/\/agrovetazerbaijan.az\/ru\/wp-json\/wp\/v2\/product\/990165\/revisions\/990166"}],"wp:featuredmedia":[{"embeddable":true,"href":"https:\/\/agrovetazerbaijan.az\/ru\/wp-json\/wp\/v2\/media\/990216"}],"wp:attachment":[{"href":"https:\/\/agrovetazerbaijan.az\/ru\/wp-json\/wp\/v2\/media?parent=990165"}],"wp:term":[{"taxonomy":"product_brand","embeddable":true,"href":"https:\/\/agrovetazerbaijan.az\/ru\/wp-json\/wp\/v2\/product_brand?post=990165"},{"taxonomy":"product_cat","embeddable":true,"href":"https:\/\/agrovetazerbaijan.az\/ru\/wp-json\/wp\/v2\/product_cat?post=990165"},{"taxonomy":"product_tag","embeddable":true,"href":"https:\/\/agrovetazerbaijan.az\/ru\/wp-json\/wp\/v2\/product_tag?post=990165"}],"curies":[{"name":"WP","href":"https:\/\/api.w.org\/{rel}","templated":true}]}}