{"id":990159,"date":"2025-08-10T22:00:41","date_gmt":"2025-08-10T22:00:41","guid":{"rendered":"https:\/\/agrovetazerbaijan.az\/?post_type=product&#038;p=990159"},"modified":"2025-08-10T22:00:55","modified_gmt":"2025-08-10T22:00:55","slug":"carnaval-premium-yetkin-pisik-yemi-quzu-%c9%99tli","status":"publish","type":"product","link":"https:\/\/agrovetazerbaijan.az\/ru\/product\/carnaval-premium-yetkin-pisik-yemi-quzu-%c9%99tli\/","title":{"rendered":"\u041a\u043e\u0440\u043c \u0434\u043b\u044f \u0432\u0437\u0440\u043e\u0441\u043b\u044b\u0445 \u043a\u043e\u0448\u0435\u043a Carnaval\u00ae Premium \u2013 \u044f\u0433\u043d\u0435\u043d\u043e\u043a"},"content":{"rendered":"<div class=\"vgblk-rw-wrapper limit-wrapper\">\n<h2 data-start=\"84\" data-end=\"138\"><strong data-start=\"87\" data-end=\"138\">\u041a\u043e\u0440\u043c \u0434\u043b\u044f \u0432\u0437\u0440\u043e\u0441\u043b\u044b\u0445 \u043a\u043e\u0448\u0435\u043a Carnaval\u00ae Premium \u2013 \u044f\u0433\u043d\u0435\u043d\u043e\u043a<\/strong><\/h2>\n<p data-start=\"140\" data-end=\"368\"><strong data-start=\"140\" data-end=\"152\">\u0418\u043d\u0433\u0440\u0435\u0434\u0438\u0435\u043d\u0442\u044b:<\/strong><br data-start=\"152\" data-end=\"155\" \/>\u041f\u0435\u0440\u0435\u0440\u0430\u0431\u043e\u0442\u0430\u043d\u043d\u044b\u0439 \u0436\u0438\u0432\u043e\u0442\u043d\u044b\u0439 \u0431\u0435\u043b\u043e\u043a, \u043f\u0448\u0435\u043d\u0438\u0446\u0430, \u043f\u0435\u0440\u0435\u0440\u0430\u0431\u043e\u0442\u0430\u043d\u043d\u044b\u0439 \u0431\u0435\u043b\u043e\u043a \u044f\u0433\u043d\u0435\u043d\u043a\u0430, \u043a\u0443\u043a\u0443\u0440\u0443\u0437\u0430, \u0436\u0438\u0432\u043e\u0442\u043d\u044b\u0439 \u0436\u0438\u0440, \u0431\u043e\u043d\u043a\u0430\u043b\u0438\u0442, \u043a\u0443\u043a\u0443\u0440\u0443\u0437\u043d\u044b\u0439 \u0433\u043b\u044e\u0442\u0435\u043d, \u0441\u0443\u0448\u0435\u043d\u0430\u044f \u0441\u0430\u0445\u0430\u0440\u043d\u0430\u044f \u0441\u0432\u0435\u043a\u043b\u0430, \u043f\u0435\u0447\u0435\u043d\u043e\u0447\u043d\u044b\u0439 \u0430\u0440\u043e\u043c\u0430\u0442\u0438\u0437\u0430\u0442\u043e\u0440, \u0441\u043e\u043b\u044c, \u043b\u044c\u043d\u044f\u043d\u043e\u0435 \u0441\u0435\u043c\u044f, \u0441\u0443\u0445\u0438\u0435 \u043f\u0438\u0432\u043d\u044b\u0435 \u0434\u0440\u043e\u0436\u0436\u0438, \u0442\u0430\u0443\u0440\u0438\u043d.<\/p>\n<p data-start=\"370\" data-end=\"460\"><strong data-start=\"370\" data-end=\"385\">\u041c\u0438\u043d\u0435\u0440\u0430\u043b\u044b:<\/strong><br data-start=\"385\" data-end=\"388\" \/>\u041a\u0430\u043b\u044c\u0446\u0438\u0439, \u0444\u043e\u0441\u0444\u043e\u0440, \u043d\u0430\u0442\u0440\u0438\u0439, \u0439\u043e\u0434, \u0446\u0438\u043d\u043a, \u043c\u0435\u0434\u044c, \u0445\u043b\u043e\u0440\u0438\u0434 \u043a\u0430\u043b\u0438\u044f, \u0436\u0435\u043b\u0435\u0437\u043e, \u0441\u0435\u043b\u0435\u043d.<\/p>\n<p data-start=\"462\" data-end=\"681\"><strong data-start=\"462\" data-end=\"477\">\u0412\u0438\u0442\u0430\u043c\u0438\u043d\u044b:<\/strong><br data-start=\"477\" data-end=\"480\" \/>\u0412\u0438\u0442\u0430\u043c\u0438\u043d \u0410, \u0432\u0438\u0442\u0430\u043c\u0438\u043d D, \u0432\u0438\u0442\u0430\u043c\u0438\u043d \u0415, \u0432\u0438\u0442\u0430\u043c\u0438\u043d \u0421, \u0432\u0438\u0442\u0430\u043c\u0438\u043d \u04121, \u0432\u0438\u0442\u0430\u043c\u0438\u043d \u04122, \u0432\u0438\u0442\u0430\u043c\u0438\u043d \u04123 (\u043d\u0438\u0430\u0446\u0438\u043d), \u0432\u0438\u0442\u0430\u043c\u0438\u043d \u04126, \u0432\u0438\u0442\u0430\u043c\u0438\u043d \u041212, \u0432\u0438\u0442\u0430\u043c\u0438\u043d \u04127 (\u0431\u0438\u043e\u0442\u0438\u043d), \u0432\u0438\u0442\u0430\u043c\u0438\u043d \u04129 (\u0444\u043e\u043b\u0438\u0435\u0432\u0430\u044f \u043a\u0438\u0441\u043b\u043e\u0442\u0430), \u0432\u0438\u0442\u0430\u043c\u0438\u043d \u041a, \u0445\u043e\u043b\u0438\u043d, \u043f\u0430\u043d\u0442\u043e\u0442\u0435\u043d\u0430\u0442 \u043a\u0430\u043b\u044c\u0446\u0438\u044f.<\/p>\n<hr data-start=\"683\" data-end=\"686\" \/>\n<h3 data-start=\"688\" data-end=\"718\"><strong data-start=\"692\" data-end=\"718\">\u0410\u043d\u0430\u043b\u0438\u0442\u0438\u0447\u0435\u0441\u043a\u0438\u0435 \u043f\u043e\u043a\u0430\u0437\u0430\u0442\u0435\u043b\u0438:<\/strong><\/h3>\n<ul data-start=\"719\" data-end=\"809\">\n<li data-start=\"719\" data-end=\"741\">\n<p data-start=\"721\" data-end=\"741\"><strong data-start=\"721\" data-end=\"735\">\u0421\u044b\u0440\u043e\u0439 \u043f\u0440\u043e\u0442\u0435\u0438\u043d:<\/strong> 27%<\/p>\n<\/li>\n<li data-start=\"742\" data-end=\"762\">\n<p data-start=\"744\" data-end=\"762\"><strong data-start=\"744\" data-end=\"756\">\u0421\u044b\u0440\u0430\u044f \u043d\u0435\u0444\u0442\u044c:<\/strong> 10%<\/p>\n<\/li>\n<li data-start=\"763\" data-end=\"789\">\n<p data-start=\"765\" data-end=\"789\"><strong data-start=\"765\" data-end=\"782\">\u0421\u044b\u0440\u0430\u044f \u0446\u0435\u043b\u043b\u044e\u043b\u043e\u0437\u0430:<\/strong> 2.5%<\/p>\n<\/li>\n<li data-start=\"790\" data-end=\"809\">\n<p data-start=\"792\" data-end=\"809\"><strong data-start=\"792\" data-end=\"804\">\u0421\u044b\u0440\u0430\u044f \u0437\u043e\u043b\u0430:<\/strong> 8%<\/p>\n<\/li>\n<\/ul>\n<hr data-start=\"811\" data-end=\"814\" \/>\n<h3 data-start=\"816\" data-end=\"861\"><strong data-start=\"820\" data-end=\"861\">\u041f\u0438\u0449\u0435\u0432\u044b\u0435 \u0434\u043e\u0431\u0430\u0432\u043a\u0438 (\u043d\u0430 1 \u043a\u0433):<\/strong><\/h3>\n<ul data-start=\"862\" data-end=\"996\">\n<li data-start=\"862\" data-end=\"890\">\n<p data-start=\"864\" data-end=\"890\"><strong data-start=\"864\" data-end=\"878\">\u0412\u0438\u0442\u0430\u043c\u0438\u043d \u0410:<\/strong> 15 000 \u041c\u0415<\/p>\n<\/li>\n<li data-start=\"891\" data-end=\"919\">\n<p data-start=\"893\" data-end=\"919\"><strong data-start=\"893\" data-end=\"908\">\u0412\u0438\u0442\u0430\u043c\u0438\u043d D3:<\/strong> 1000 \u041c\u0415<\/p>\n<\/li>\n<li data-start=\"920\" data-end=\"945\">\n<p data-start=\"922\" data-end=\"945\"><strong data-start=\"922\" data-end=\"936\">\u0412\u0438\u0442\u0430\u043c\u0438\u043d \u0415:<\/strong> 150 \u043c\u0433<\/p>\n<\/li>\n<li data-start=\"946\" data-end=\"971\">\n<p data-start=\"948\" data-end=\"971\"><strong data-start=\"948\" data-end=\"962\">\u0412\u0438\u0442\u0430\u043c\u0438\u043d \u0421:<\/strong> 120 \u043c\u0433<\/p>\n<\/li>\n<li data-start=\"972\" data-end=\"996\">\n<p data-start=\"974\" data-end=\"996\"><strong data-start=\"974\" data-end=\"985\">\u0422\u0430\u0443\u0440\u0438\u043d:<\/strong> 1000 \u043c\u0433<\/p>\n<\/li>\n<\/ul>\n<\/div>\n<p><!-- .vgblk-rw-wrapper --><\/p>","protected":false},"excerpt":{"rendered":"<p>Carnaval\u00ae Premium Yetkin Pi\u015fik Yemi \u2013 Quzu \u018ftli T\u0259rkibi:Emal olunmu\u015f heyvan z\u00fclal\u0131, bu\u011fda, emal olunmu\u015f quzu z\u00fclal\u0131, qar\u011f\u0131dal\u0131, heyvan ya\u011f\u0131, bonkalit, qar\u011f\u0131dal\u0131 ql\u00fctini, qurudulmu\u015f \u015f\u0259k\u0259r \u00e7u\u011funduru, qaraciy\u0259r aromas\u0131, duz, k\u0259tan toxumu, qurudulmu\u015f piv\u0259 mayas\u0131, taurin. Minerallar:Kalsium, fosfor, natrium, yod, sink, mis, kalium xlorid, d\u0259mir, selen. Vitaminl\u0259r:Vitamin A, Vitamin D, Vitamin E, Vitamin C, Vitamin B1,&#8230;<\/p>","protected":false},"featured_media":990160,"comment_status":"open","ping_status":"closed","template":"","meta":{"nf_dc_page":"","_monsterinsights_skip_tracking":false,"_monsterinsights_sitenote_active":false,"_monsterinsights_sitenote_note":"","_monsterinsights_sitenote_category":0},"product_brand":[],"product_cat":[244,51,245],"product_tag":[],"class_list":{"0":"post-990159","1":"product","2":"type-product","3":"status-publish","4":"has-post-thumbnail","6":"product_cat-it-ve-pisik-mehsullari","7":"product_cat-cat","8":"product_cat-yemler","10":"first","11":"instock","12":"shipping-taxable","13":"product-type-simple"},"jetpack_sharing_enabled":true,"_links":{"self":[{"href":"https:\/\/agrovetazerbaijan.az\/ru\/wp-json\/wp\/v2\/product\/990159","targetHints":{"allow":["GET"]}}],"collection":[{"href":"https:\/\/agrovetazerbaijan.az\/ru\/wp-json\/wp\/v2\/product"}],"about":[{"href":"https:\/\/agrovetazerbaijan.az\/ru\/wp-json\/wp\/v2\/types\/product"}],"replies":[{"embeddable":true,"href":"https:\/\/agrovetazerbaijan.az\/ru\/wp-json\/wp\/v2\/comments?post=990159"}],"version-history":[{"count":1,"href":"https:\/\/agrovetazerbaijan.az\/ru\/wp-json\/wp\/v2\/product\/990159\/revisions"}],"predecessor-version":[{"id":990161,"href":"https:\/\/agrovetazerbaijan.az\/ru\/wp-json\/wp\/v2\/product\/990159\/revisions\/990161"}],"wp:featuredmedia":[{"embeddable":true,"href":"https:\/\/agrovetazerbaijan.az\/ru\/wp-json\/wp\/v2\/media\/990160"}],"wp:attachment":[{"href":"https:\/\/agrovetazerbaijan.az\/ru\/wp-json\/wp\/v2\/media?parent=990159"}],"wp:term":[{"taxonomy":"product_brand","embeddable":true,"href":"https:\/\/agrovetazerbaijan.az\/ru\/wp-json\/wp\/v2\/product_brand?post=990159"},{"taxonomy":"product_cat","embeddable":true,"href":"https:\/\/agrovetazerbaijan.az\/ru\/wp-json\/wp\/v2\/product_cat?post=990159"},{"taxonomy":"product_tag","embeddable":true,"href":"https:\/\/agrovetazerbaijan.az\/ru\/wp-json\/wp\/v2\/product_tag?post=990159"}],"curies":[{"name":"WP","href":"https:\/\/api.w.org\/{rel}","templated":true}]}}