{"id":990143,"date":"2025-07-29T00:04:02","date_gmt":"2025-07-29T00:04:02","guid":{"rendered":"https:\/\/agrovetazerbaijan.az\/?post_type=product&#038;p=990143"},"modified":"2025-07-29T00:04:18","modified_gmt":"2025-07-29T00:04:18","slug":"natuzyme","status":"publish","type":"product","link":"https:\/\/agrovetazerbaijan.az\/ru\/product\/natuzyme\/","title":{"rendered":"\u041d\u0430\u0442\u0443\u0437\u0438\u043c"},"content":{"rendered":"<div class=\"vgblk-rw-wrapper limit-wrapper\">\n<h3 data-section-id=\"1b2fits\" data-start=\"126\" data-end=\"182\"><strong data-start=\"130\" data-end=\"182\">\u041d\u0430\u0442\u0443\u0437\u0438\u043c \u2013 \u043c\u0443\u043b\u044c\u0442\u0438\u0444\u0435\u0440\u043c\u0435\u043d\u0442\u043d\u0430\u044f \u043a\u043e\u0440\u043c\u043e\u0432\u0430\u044f \u0434\u043e\u0431\u0430\u0432\u043a\u0430 (\u043f\u043e\u0440\u043e\u0448\u043e\u043a)<\/strong><\/h3>\n<hr data-start=\"184\" data-end=\"187\" \/>\n<h4 data-start=\"189\" data-end=\"208\"><strong data-start=\"194\" data-end=\"206\">\u0418\u043d\u0433\u0440\u0435\u0434\u0438\u0435\u043d\u0442\u044b:<\/strong><\/h4>\n<ul data-start=\"209\" data-end=\"387\">\n<li data-start=\"209\" data-end=\"236\">\n<p data-start=\"211\" data-end=\"236\"><strong data-start=\"211\" data-end=\"234\">\u041a\u0441\u0438\u043b\u0430\u043d\u0430\u0437\u0430 (\u043a\u0441\u0438\u043b\u0430\u043d\u0430\u0437\u0430)<\/strong><\/p>\n<\/li>\n<li data-start=\"237\" data-end=\"266\">\n<p data-start=\"239\" data-end=\"266\"><strong data-start=\"239\" data-end=\"264\">\u0426\u0435\u043b\u043b\u044e\u043b\u0430\u0437\u0430<\/strong><\/p>\n<\/li>\n<li data-start=\"267\" data-end=\"299\">\n<p data-start=\"269\" data-end=\"299\"><strong data-start=\"269\" data-end=\"297\">\u0410\u043b\u044c\u0444\u0430-\u0430\u043c\u0438\u043b\u0430\u0437\u0430 (\u03b1-\u0430\u043c\u0438\u043b\u0430\u0437\u0430)<\/strong><\/p>\n<\/li>\n<li data-start=\"300\" data-end=\"336\">\n<p data-start=\"302\" data-end=\"336\"><strong data-start=\"302\" data-end=\"334\">\u0411\u0435\u0442\u0430-\u043c\u0430\u043d\u043d\u0430\u043d\u0430\u0437\u0430 (\u03b2-\u043c\u0430\u043d\u043d\u0430\u043d\u0430\u0437\u0430)<\/strong><\/p>\n<\/li>\n<li data-start=\"337\" data-end=\"361\">\n<p data-start=\"339\" data-end=\"361\"><strong data-start=\"339\" data-end=\"359\">\u0424\u0438\u0442\u0430\u0437\u0430<\/strong><\/p>\n<\/li>\n<li data-start=\"362\" data-end=\"387\">\n<p data-start=\"364\" data-end=\"387\"><strong data-start=\"364\" data-end=\"387\">\u041f\u0440\u043e\u0442\u0435\u0430\u0437\u0430<\/strong><\/p>\n<\/li>\n<\/ul>\n<hr data-start=\"389\" data-end=\"392\" \/>\n<h4 data-start=\"394\" data-end=\"421\"><strong data-start=\"399\" data-end=\"419\">\u041e \u043f\u0440\u043e\u0434\u0443\u043a\u0442\u0435:<\/strong><\/h4>\n<p data-start=\"422\" data-end=\"623\"><strong data-start=\"422\" data-end=\"434\">\u041d\u0430\u0442\u0443\u0437\u0438\u043c<\/strong> \u043a\u043e\u0440\u043c\u043e\u0432\u0430\u044f \u0434\u043e\u0431\u0430\u0432\u043a\u0430 \u0432 \u043a\u043e\u0440\u043c\u043e\u0432\u044b\u0445 \u0440\u0430\u0446\u0438\u043e\u043d\u0430\u0445, \u0441\u043e\u0441\u0442\u043e\u044f\u0449\u0438\u0445 \u0438\u0437 \u043a\u0443\u043a\u0443\u0440\u0443\u0437\u044b, \u0441\u043e\u0438, \u043f\u0448\u0435\u043d\u0438\u0446\u044b \u0438 \u044f\u0447\u043c\u0435\u043d\u044f <strong data-start=\"506\" data-end=\"564\">\u0443\u043b\u0443\u0447\u0448\u0430\u044e\u0442 \u043f\u0438\u0449\u0435\u0432\u0430\u0440\u0435\u043d\u0438\u0435 \u0438 \u0443\u0441\u0432\u043e\u0435\u043d\u0438\u0435 \u043f\u0438\u0442\u0430\u0442\u0435\u043b\u044c\u043d\u044b\u0445 \u0432\u0435\u0449\u0435\u0441\u0442\u0432<\/strong> \u042d\u0442\u043e \u043c\u043d\u043e\u0433\u043e\u043a\u043e\u043c\u043f\u043e\u043d\u0435\u043d\u0442\u043d\u044b\u0439 \u0444\u0435\u0440\u043c\u0435\u043d\u0442\u043d\u044b\u0439 \u043f\u0440\u0435\u043f\u0430\u0440\u0430\u0442, \u043f\u0440\u0435\u0434\u043d\u0430\u0437\u043d\u0430\u0447\u0435\u043d\u043d\u044b\u0439 \u0434\u043b\u044f \u044d\u0442\u043e\u0439 \u0446\u0435\u043b\u0438.<\/p>\n<p data-start=\"625\" data-end=\"877\">\u0411\u043b\u0430\u0433\u043e\u0434\u0430\u0440\u044f \u043c\u0443\u043b\u044c\u0442\u0438\u044d\u043d\u0437\u0438\u043c\u043d\u043e\u043c\u0443 \u043a\u043e\u043c\u043f\u043b\u0435\u043a\u0441\u0443 \u043a\u043b\u0435\u0442\u0447\u0430\u0442\u043a\u0430, \u043a\u0440\u0430\u0445\u043c\u0430\u043b, \u0431\u0435\u043b\u043e\u043a \u0438 \u0444\u043e\u0441\u0444\u043e\u0440 \u0432 \u043a\u043e\u0440\u043c\u0435 \u043b\u0443\u0447\u0448\u0435 \u0440\u0430\u0441\u0449\u0435\u043f\u043b\u044f\u044e\u0442\u0441\u044f \u0438 \u0443\u0441\u0432\u0430\u0438\u0432\u0430\u044e\u0442\u0441\u044f \u043e\u0440\u0433\u0430\u043d\u0438\u0437\u043c\u043e\u043c. <strong data-start=\"762\" data-end=\"827\">\u0443\u0441\u043a\u043e\u0440\u044f\u0435\u0442 \u0440\u043e\u0441\u0442 \u0436\u0438\u0432\u043e\u0442\u043d\u044b\u0445 \u0438 \u043f\u043e\u0432\u044b\u0448\u0430\u0435\u0442 \u043f\u0440\u043e\u0434\u0443\u043a\u0442\u0438\u0432\u043d\u043e\u0441\u0442\u044c<\/strong> \u0438 \u043e\u0431\u0449\u0435\u0435 <strong data-start=\"837\" data-end=\"876\">\u0443\u043b\u0443\u0447\u0448\u0430\u0435\u0442 \u0441\u043e\u0441\u0442\u043e\u044f\u043d\u0438\u0435 \u0437\u0434\u043e\u0440\u043e\u0432\u044c\u044f<\/strong>.<\/p>\n<hr data-start=\"879\" data-end=\"882\" \/>\n<h4 data-start=\"884\" data-end=\"912\"><strong data-start=\"889\" data-end=\"910\">\u0418\u043d\u0441\u0442\u0440\u0443\u043a\u0446\u0438\u044f \u043f\u043e \u043f\u0440\u0438\u043c\u0435\u043d\u0435\u043d\u0438\u044e:<\/strong><\/h4>\n<ul data-start=\"913\" data-end=\"977\">\n<li data-start=\"913\" data-end=\"977\">\n<p data-start=\"915\" data-end=\"977\"><strong data-start=\"915\" data-end=\"938\">350 \u0433\u0440\u0430\u043c\u043c \u043d\u0430 1 \u0442\u043e\u043d\u043d\u0443 \u043a\u043e\u0440\u043c\u0430<\/strong> \u0441\u043c\u0435\u0448\u0438\u0432\u0430\u0435\u0442\u0441\u044f \u0438 \u043d\u0430\u043d\u043e\u0441\u0438\u0442\u0441\u044f.<\/p>\n<\/li>\n<\/ul>\n<hr data-start=\"979\" data-end=\"982\" \/>\n<h4 data-start=\"984\" data-end=\"1007\"><strong data-start=\"989\" data-end=\"1005\">\u0423\u043f\u0430\u043a\u043e\u0432\u043a\u0430:<\/strong><\/h4>\n<ul data-start=\"1008\" data-end=\"1024\">\n<li data-start=\"1008\" data-end=\"1024\">\n<p data-start=\"1010\" data-end=\"1024\"><strong data-start=\"1010\" data-end=\"1024\">\u041c\u0435\u0448\u043e\u043a 25 \u043a\u0433<\/strong><\/p>\n<\/li>\n<\/ul>\n<h4 data-start=\"1026\" data-end=\"1048\"><strong data-start=\"1031\" data-end=\"1046\">\u041f\u0440\u043e\u0438\u0437\u0432\u043e\u0434\u0438\u0442\u0435\u043b\u044c:<\/strong><\/h4>\n<ul data-start=\"1049\" data-end=\"1074\">\n<li data-start=\"1049\" data-end=\"1074\">\n<p data-start=\"1051\" data-end=\"1074\"><strong data-start=\"1051\" data-end=\"1074\">\u0411\u0438\u043e\u043f\u0440\u043e\u0442\u043e\u043d \u0415\u0432\u0440\u043e\u043f\u0430 \u041e\u0439<\/strong><\/p>\n<\/li>\n<\/ul>\n<h4 data-start=\"1076\" data-end=\"1098\"><strong data-start=\"1081\" data-end=\"1096\">\u0421\u0442\u0440\u0430\u043d\u0430 \u043f\u0440\u043e\u0438\u0441\u0445\u043e\u0436\u0434\u0435\u043d\u0438\u044f:<\/strong><\/h4>\n<ul data-start=\"1099\" data-end=\"1115\">\n<li data-start=\"1099\" data-end=\"1115\">\n<p data-start=\"1101\" data-end=\"1115\"><strong data-start=\"1101\" data-end=\"1115\">\u0424\u0438\u043d\u043b\u044f\u043d\u0434\u0438\u044f<\/strong><\/p>\n<\/li>\n<\/ul>\n<\/div>\n<p><!-- .vgblk-rw-wrapper --><\/p>","protected":false},"excerpt":{"rendered":"<p>Natuzyme \u2013 Multienzim T\u0259rkibli Yem \u018flav\u0259si (Toz) T\u0259rkibi: Xilanaza (Xylanase) Sellulaza (Cellulase) Alfa-Amilaza (\u03b1-Amylase) Beta-Mannanaza (\u03b2-Mannanase) Fitaza (Phytase) Proteaza (Protease) M\u0259hsul haqq\u0131nda: Natuzyme yem \u0259lav\u0259si qar\u011f\u0131dal\u0131, soya, bu\u011fda v\u0259 arpadan ibar\u0259t yem rasionlar\u0131nda qida madd\u0259l\u0259rinin h\u0259zmini v\u0259 m\u0259nims\u0259nilm\u0259sini art\u0131rmaq m\u0259qs\u0259dil\u0259 haz\u0131rlanm\u0131\u015f \u00e7oxkomponentli ferment preparat\u0131d\u0131r. Multienzim kompleksi say\u0259sind\u0259 yemd\u0259ki lifl\u0259r, ni\u015fasta, z\u00fclal v\u0259 fosfor daha yax\u015f\u0131&#8230;<\/p>","protected":false},"featured_media":990144,"comment_status":"open","ping_status":"closed","template":"","meta":{"nf_dc_page":"","_monsterinsights_skip_tracking":false,"_monsterinsights_sitenote_active":false,"_monsterinsights_sitenote_note":"","_monsterinsights_sitenote_category":0},"product_brand":[],"product_cat":[160,242,68],"product_tag":[],"class_list":{"0":"post-990143","1":"product","2":"type-product","3":"status-publish","4":"has-post-thumbnail","6":"product_cat-nutrients","7":"product_cat-enzimler","8":"product_cat-poultry","10":"first","11":"instock","12":"shipping-taxable","13":"product-type-simple"},"jetpack_sharing_enabled":true,"_links":{"self":[{"href":"https:\/\/agrovetazerbaijan.az\/ru\/wp-json\/wp\/v2\/product\/990143","targetHints":{"allow":["GET"]}}],"collection":[{"href":"https:\/\/agrovetazerbaijan.az\/ru\/wp-json\/wp\/v2\/product"}],"about":[{"href":"https:\/\/agrovetazerbaijan.az\/ru\/wp-json\/wp\/v2\/types\/product"}],"replies":[{"embeddable":true,"href":"https:\/\/agrovetazerbaijan.az\/ru\/wp-json\/wp\/v2\/comments?post=990143"}],"version-history":[{"count":1,"href":"https:\/\/agrovetazerbaijan.az\/ru\/wp-json\/wp\/v2\/product\/990143\/revisions"}],"predecessor-version":[{"id":990145,"href":"https:\/\/agrovetazerbaijan.az\/ru\/wp-json\/wp\/v2\/product\/990143\/revisions\/990145"}],"wp:featuredmedia":[{"embeddable":true,"href":"https:\/\/agrovetazerbaijan.az\/ru\/wp-json\/wp\/v2\/media\/990144"}],"wp:attachment":[{"href":"https:\/\/agrovetazerbaijan.az\/ru\/wp-json\/wp\/v2\/media?parent=990143"}],"wp:term":[{"taxonomy":"product_brand","embeddable":true,"href":"https:\/\/agrovetazerbaijan.az\/ru\/wp-json\/wp\/v2\/product_brand?post=990143"},{"taxonomy":"product_cat","embeddable":true,"href":"https:\/\/agrovetazerbaijan.az\/ru\/wp-json\/wp\/v2\/product_cat?post=990143"},{"taxonomy":"product_tag","embeddable":true,"href":"https:\/\/agrovetazerbaijan.az\/ru\/wp-json\/wp\/v2\/product_tag?post=990143"}],"curies":[{"name":"WP","href":"https:\/\/api.w.org\/{rel}","templated":true}]}}