{"id":990139,"date":"2025-07-28T23:58:55","date_gmt":"2025-07-28T23:58:55","guid":{"rendered":"https:\/\/agrovetazerbaijan.az\/?post_type=product&#038;p=990139"},"modified":"2025-07-28T23:59:11","modified_gmt":"2025-07-28T23:59:11","slug":"enziblend-protein-plus","status":"publish","type":"product","link":"https:\/\/agrovetazerbaijan.az\/ru\/product\/enziblend-protein-plus\/","title":{"rendered":"ENZYBLEND \u041f\u0420\u041e\u0422\u0415\u0418\u041d \u041f\u041b\u042e\u0421"},"content":{"rendered":"<div class=\"vgblk-rw-wrapper limit-wrapper\">\n<h3 data-section-id=\"1wxg0mq\" data-start=\"131\" data-end=\"198\"><strong data-start=\"135\" data-end=\"198\">ENZIBLEND PROTEIN PLUS \u2013 \u0424\u0435\u0440\u043c\u0435\u043d\u0442\u043d\u0430\u044f \u043a\u043e\u0440\u043c\u043e\u0432\u0430\u044f \u0434\u043e\u0431\u0430\u0432\u043a\u0430 (\u043f\u043e\u0440\u043e\u0448\u043e\u043a)<\/strong><\/h3>\n<hr data-start=\"200\" data-end=\"203\" \/>\n<h4 data-start=\"205\" data-end=\"224\"><strong data-start=\"210\" data-end=\"222\">\u0418\u043d\u0433\u0440\u0435\u0434\u0438\u0435\u043d\u0442\u044b:<\/strong><\/h4>\n<ul data-start=\"225\" data-end=\"304\">\n<li data-start=\"225\" data-end=\"255\">\n<p data-start=\"227\" data-end=\"255\"><strong data-start=\"227\" data-end=\"252\">\u042d\u043d\u0434\u043e-1,3,4\u03b2-\u0433\u043b\u044e\u043a\u0430\u043d\u0430\u0437\u0430<\/strong>,<\/p>\n<\/li>\n<li data-start=\"256\" data-end=\"279\">\n<p data-start=\"258\" data-end=\"279\"><strong data-start=\"258\" data-end=\"276\">\u0421\u0435\u0440\u0438\u043d\u043e\u0432\u0430\u044f \u043f\u0440\u043e\u0442\u0435\u0430\u0437\u0430<\/strong>,<\/p>\n<\/li>\n<li data-start=\"280\" data-end=\"304\">\n<p data-start=\"282\" data-end=\"304\"><strong data-start=\"282\" data-end=\"295\">\u041f\u0435\u0440\u0435\u0432\u043e\u0437\u0447\u0438\u043a:<\/strong> \u0421\u0435\u043f\u0438\u043e\u043b\u0438\u0442<\/p>\n<\/li>\n<\/ul>\n<hr data-start=\"306\" data-end=\"309\" \/>\n<h4 data-start=\"311\" data-end=\"338\"><strong data-start=\"316\" data-end=\"336\">\u041e \u043f\u0440\u043e\u0434\u0443\u043a\u0442\u0435:<\/strong><\/h4>\n<p data-start=\"339\" data-end=\"652\"><strong data-start=\"339\" data-end=\"365\">Enzyblend Protein Plus<\/strong> \u0411\u043b\u0430\u0433\u043e\u0434\u0430\u0440\u044f \u0432\u044b\u0441\u043e\u043a\u043e\u044d\u0444\u0444\u0435\u043a\u0442\u0438\u0432\u043d\u044b\u043c \u0444\u0435\u0440\u043c\u0435\u043d\u0442\u0430\u043c, \u0441\u043e\u0434\u0435\u0440\u0436\u0430\u0449\u0438\u043c\u0441\u044f \u0432 \u043a\u043e\u0440\u043c\u043e\u0432\u043e\u0439 \u0434\u043e\u0431\u0430\u0432\u043a\u0435, \u043e\u043d\u0430 \u0441\u043f\u043e\u0441\u043e\u0431\u043d\u0430 \u043f\u0435\u0440\u0435\u0432\u0430\u0440\u0438\u0432\u0430\u0442\u044c \u043a\u043e\u0440\u043c \u0432 \u043a\u0438\u0448\u0435\u0447\u043d\u0438\u043a\u0435 \u043f\u0442\u0438\u0446 \u0438 \u0436\u0438\u0432\u043e\u0442\u043d\u044b\u0445. <strong data-start=\"463\" data-end=\"509\">\u0440\u0430\u0441\u0449\u0435\u043f\u043b\u0435\u043d\u0438\u0435 \u043d\u0435\u043a\u0440\u0430\u0445\u043c\u0430\u043b\u044c\u043d\u044b\u0445 \u043f\u043e\u043b\u0438\u0441\u0430\u0445\u0430\u0440\u0438\u0434\u043e\u0432<\/strong> \u043e\u0431\u0435\u0441\u043f\u0435\u0447\u0438\u0432\u0430\u0435\u0442. \u042d\u0442\u043e, <strong data-start=\"526\" data-end=\"564\">\u0443\u043c\u0435\u043d\u044c\u0448\u0430\u0435\u0442 \u043f\u0440\u043e\u0441\u043a\u0430\u043b\u044c\u0437\u044b\u0432\u0430\u043d\u0438\u0435 \u0432 \u043a\u0438\u0448\u0435\u0447\u043d\u0438\u043a\u0435<\/strong>, <strong data-start=\"566\" data-end=\"600\">\u0443\u0432\u0435\u043b\u0438\u0447\u0438\u0432\u0430\u0435\u0442 \u0443\u0441\u0432\u043e\u0435\u043d\u0438\u0435 \u043a\u043e\u0440\u043c\u0430<\/strong> \u0438 \u0432 \u0440\u0435\u0437\u0443\u043b\u044c\u0442\u0430\u0442\u0435 <strong data-start=\"613\" data-end=\"651\">\u0443\u043b\u0443\u0447\u0448\u0430\u0435\u0442 \u043a\u043e\u043d\u0432\u0435\u0440\u0441\u0438\u044e \u043a\u043e\u0440\u043c\u0430<\/strong>.<\/p>\n<p data-start=\"654\" data-end=\"840\">\u0410\u043a\u0442\u0438\u0432\u043d\u043e\u0441\u0442\u044c \u0444\u0435\u0440\u043c\u0435\u043d\u0442\u043e\u0432 \u043f\u043e\u0437\u0432\u043e\u043b\u044f\u0435\u0442 \u0431\u043e\u043b\u0435\u0435 \u044d\u0444\u0444\u0435\u043a\u0442\u0438\u0432\u043d\u043e \u0438\u0441\u043f\u043e\u043b\u044c\u0437\u043e\u0432\u0430\u0442\u044c \u043f\u0438\u0442\u0430\u0442\u0435\u043b\u044c\u043d\u044b\u0435 \u0432\u0435\u0449\u0435\u0441\u0442\u0432\u0430 \u0438\u0437 \u043a\u043e\u0440\u043c\u043e\u0432, \u0447\u0442\u043e \u043f\u0440\u0438\u0432\u043e\u0434\u0438\u0442 \u043a \u043f\u043e\u0432\u044b\u0448\u0435\u043d\u0438\u044e \u043f\u0440\u043e\u0434\u0443\u043a\u0442\u0438\u0432\u043d\u043e\u0441\u0442\u0438 \u0438 \u0441\u043d\u0438\u0436\u0435\u043d\u0438\u044e \u0437\u0430\u0442\u0440\u0430\u0442 \u043d\u0430 \u043a\u043e\u0440\u043c\u0430.<\/p>\n<hr data-start=\"842\" data-end=\"845\" \/>\n<h4 data-start=\"847\" data-end=\"875\"><strong data-start=\"852\" data-end=\"873\">\u0418\u043d\u0441\u0442\u0440\u0443\u043a\u0446\u0438\u044f \u043f\u043e \u043f\u0440\u0438\u043c\u0435\u043d\u0435\u043d\u0438\u044e:<\/strong><\/h4>\n<ul data-start=\"876\" data-end=\"934\">\n<li data-start=\"876\" data-end=\"934\">\n<p data-start=\"878\" data-end=\"934\"><strong data-start=\"878\" data-end=\"901\">500 \u0433\u0440\u0430\u043c\u043c \u043d\u0430 1 \u0442\u043e\u043d\u043d\u0443 \u043a\u043e\u0440\u043c\u0430<\/strong> \u041e\u043d \u0441\u043c\u0435\u0448\u0430\u043d\u043d\u044b\u0439 \u043f\u043e \u043a\u043e\u043b\u0438\u0447\u0435\u0441\u0442\u0432\u0443.<\/p>\n<\/li>\n<\/ul>\n<hr data-start=\"936\" data-end=\"939\" \/>\n<h4 data-start=\"941\" data-end=\"964\"><strong data-start=\"946\" data-end=\"962\">\u0423\u043f\u0430\u043a\u043e\u0432\u043a\u0430:<\/strong><\/h4>\n<ul data-start=\"965\" data-end=\"981\">\n<li data-start=\"965\" data-end=\"981\">\n<p data-start=\"967\" data-end=\"981\"><strong data-start=\"967\" data-end=\"981\">\u041c\u0435\u0448\u043e\u043a 25 \u043a\u0433<\/strong><\/p>\n<\/li>\n<\/ul>\n<h4 data-start=\"983\" data-end=\"1005\"><strong data-start=\"988\" data-end=\"1003\">\u041f\u0440\u043e\u0438\u0437\u0432\u043e\u0434\u0438\u0442\u0435\u043b\u044c:<\/strong><\/h4>\n<ul data-start=\"1006\" data-end=\"1024\">\n<li data-start=\"1006\" data-end=\"1024\">\n<p data-start=\"1008\" data-end=\"1024\"><strong data-start=\"1008\" data-end=\"1024\">\u0418\u043d\u0442\u0440\u0430\u043a\u043e \u041b\u0442\u0434.<\/strong><\/p>\n<\/li>\n<\/ul>\n<h4 data-start=\"1026\" data-end=\"1048\"><strong data-start=\"1031\" data-end=\"1046\">\u0421\u0442\u0440\u0430\u043d\u0430 \u043f\u0440\u043e\u0438\u0441\u0445\u043e\u0436\u0434\u0435\u043d\u0438\u044f:<\/strong><\/h4>\n<ul data-start=\"1049\" data-end=\"1062\">\n<li data-start=\"1049\" data-end=\"1062\">\n<p data-start=\"1051\" data-end=\"1062\"><strong data-start=\"1051\" data-end=\"1062\">\u0411\u0435\u043b\u044c\u0433\u0438\u044f<\/strong><\/p>\n<\/li>\n<\/ul>\n<\/div>\n<p><!-- .vgblk-rw-wrapper --><\/p>","protected":false},"excerpt":{"rendered":"<p>ENZIBLEND PROTEIN PLUS \u2013 Ferment T\u0259rkibli Yem \u018flav\u0259si (Toz) T\u0259rkibi: Endo-1,3,4\u03b2-glukanaza, Serin-proteaza, Da\u015f\u0131y\u0131c\u0131: Sepiolit M\u0259hsul haqq\u0131nda: Enziblend Protein Plus yem \u0259lav\u0259si t\u0259rkibind\u0259ki y\u00fcks\u0259k effektiv fermentl\u0259r say\u0259sind\u0259 qu\u015f v\u0259 heyvanlar\u0131n ba\u011f\u0131rsaqlar\u0131nda ni\u015fastas\u0131z polisaxaridl\u0259rin par\u00e7alanmas\u0131n\u0131 t\u0259min edir. Bu, ba\u011f\u0131rsaqlarda s\u00fcr\u00fc\u015fk\u0259nliyi azald\u0131r, yemin m\u0259nims\u0259nilm\u0259sini art\u0131r\u0131r v\u0259 n\u0259tic\u0259d\u0259 yem konvertasiyas\u0131n\u0131 yax\u015f\u0131la\u015fd\u0131r\u0131r. Fermentl\u0259rin f\u0259aliyy\u0259ti yemd\u0259n qida madd\u0259l\u0259rinin daha s\u0259m\u0259r\u0259li \u015f\u0259kild\u0259&#8230;<\/p>","protected":false},"featured_media":990141,"comment_status":"open","ping_status":"closed","template":"","meta":{"nf_dc_page":"","_monsterinsights_skip_tracking":false,"_monsterinsights_sitenote_active":false,"_monsterinsights_sitenote_note":"","_monsterinsights_sitenote_category":0},"product_brand":[],"product_cat":[160,242,68],"product_tag":[],"class_list":{"0":"post-990139","1":"product","2":"type-product","3":"status-publish","4":"has-post-thumbnail","6":"product_cat-nutrients","7":"product_cat-enzimler","8":"product_cat-poultry","10":"first","11":"instock","12":"shipping-taxable","13":"product-type-simple"},"jetpack_sharing_enabled":true,"_links":{"self":[{"href":"https:\/\/agrovetazerbaijan.az\/ru\/wp-json\/wp\/v2\/product\/990139","targetHints":{"allow":["GET"]}}],"collection":[{"href":"https:\/\/agrovetazerbaijan.az\/ru\/wp-json\/wp\/v2\/product"}],"about":[{"href":"https:\/\/agrovetazerbaijan.az\/ru\/wp-json\/wp\/v2\/types\/product"}],"replies":[{"embeddable":true,"href":"https:\/\/agrovetazerbaijan.az\/ru\/wp-json\/wp\/v2\/comments?post=990139"}],"version-history":[{"count":1,"href":"https:\/\/agrovetazerbaijan.az\/ru\/wp-json\/wp\/v2\/product\/990139\/revisions"}],"predecessor-version":[{"id":990142,"href":"https:\/\/agrovetazerbaijan.az\/ru\/wp-json\/wp\/v2\/product\/990139\/revisions\/990142"}],"wp:featuredmedia":[{"embeddable":true,"href":"https:\/\/agrovetazerbaijan.az\/ru\/wp-json\/wp\/v2\/media\/990141"}],"wp:attachment":[{"href":"https:\/\/agrovetazerbaijan.az\/ru\/wp-json\/wp\/v2\/media?parent=990139"}],"wp:term":[{"taxonomy":"product_brand","embeddable":true,"href":"https:\/\/agrovetazerbaijan.az\/ru\/wp-json\/wp\/v2\/product_brand?post=990139"},{"taxonomy":"product_cat","embeddable":true,"href":"https:\/\/agrovetazerbaijan.az\/ru\/wp-json\/wp\/v2\/product_cat?post=990139"},{"taxonomy":"product_tag","embeddable":true,"href":"https:\/\/agrovetazerbaijan.az\/ru\/wp-json\/wp\/v2\/product_tag?post=990139"}],"curies":[{"name":"WP","href":"https:\/\/api.w.org\/{rel}","templated":true}]}}