{"id":990135,"date":"2025-07-28T23:49:12","date_gmt":"2025-07-28T23:49:12","guid":{"rendered":"https:\/\/agrovetazerbaijan.az\/?post_type=product&#038;p=990135"},"modified":"2025-07-28T23:49:28","modified_gmt":"2025-07-28T23:49:28","slug":"optiphos-plus-5000-g","status":"publish","type":"product","link":"https:\/\/agrovetazerbaijan.az\/ru\/product\/optiphos-plus-5000-g\/","title":{"rendered":"\u041e\u043f\u0442\u0438\u0444\u043e\u0441 \u041f\u043b\u044e\u0441 5000 \u0413"},"content":{"rendered":"<div class=\"vgblk-rw-wrapper limit-wrapper\">\n<h3 data-section-id=\"wdo8oh\" data-start=\"148\" data-end=\"203\"><strong data-start=\"152\" data-end=\"203\">Optiphos Plus 5000 G \u2013 \u0444\u0438\u0442\u0430\u0437\u043d\u0430\u044f \u0444\u0435\u0440\u043c\u0435\u043d\u0442\u043d\u0430\u044f \u043a\u043e\u0440\u043c\u043e\u0432\u0430\u044f \u0434\u043e\u0431\u0430\u0432\u043a\u0430<\/strong><\/h3>\n<hr data-start=\"205\" data-end=\"208\" \/>\n<h4 data-start=\"210\" data-end=\"229\"><strong data-start=\"215\" data-end=\"227\">\u0418\u043d\u0433\u0440\u0435\u0434\u0438\u0435\u043d\u0442\u044b:<\/strong><\/h4>\n<ul data-start=\"230\" data-end=\"262\">\n<li data-start=\"230\" data-end=\"262\">\n<p data-start=\"232\" data-end=\"262\"><strong data-start=\"232\" data-end=\"262\">6-\u0424\u0438\u0442\u0430\u0437\u0430 (&lt;10%) \u2013 5000 FTU<\/strong><\/p>\n<\/li>\n<\/ul>\n<hr data-start=\"264\" data-end=\"267\" \/>\n<h4 data-start=\"269\" data-end=\"296\"><strong data-start=\"274\" data-end=\"294\">\u041e \u043f\u0440\u043e\u0434\u0443\u043a\u0442\u0435:<\/strong><\/h4>\n<p data-start=\"297\" data-end=\"633\"><strong data-start=\"297\" data-end=\"321\">\u041e\u043f\u0442\u0438\u0444\u043e\u0441 \u041f\u043b\u044e\u0441 5000 \u0413<\/strong> \u043a\u043e\u0440\u043c\u043e\u0432\u0430\u044f \u0434\u043e\u0431\u0430\u0432\u043a\u0430 \u043f\u0443\u0442\u0435\u043c \u0434\u043e\u0431\u0430\u0432\u043b\u0435\u043d\u0438\u044f \u0444\u0435\u0440\u043c\u0435\u043d\u0442\u0430 \u0444\u0438\u0442\u0430\u0437\u044b \u0432 \u0440\u0430\u0446\u0438\u043e\u043d \u043a\u043e\u0440\u043c\u0430 \u0436\u0438\u0432\u043e\u0442\u043d\u044b\u0445 \u0438 \u043f\u0442\u0438\u0446 <strong data-start=\"394\" data-end=\"433\">\u0443\u043b\u0443\u0447\u0448\u0430\u0435\u0442 \u043e\u0431\u043c\u0435\u043d \u0432\u0435\u0449\u0435\u0441\u0442\u0432<\/strong>, <strong data-start=\"435\" data-end=\"472\">\u0443\u0432\u0435\u043b\u0438\u0447\u0438\u0432\u0430\u0435\u0442 \u0443\u0441\u0432\u043e\u0435\u043d\u0438\u0435 \u0444\u043e\u0441\u0444\u043e\u0440\u0430<\/strong> \u0438 \u0441 \u044d\u0442\u0438\u043c <strong data-start=\"487\" data-end=\"520\">\u0443\u0441\u043a\u043e\u0440\u044f\u0435\u0442 \u0440\u043e\u0441\u0442 \u0438 \u0440\u0430\u0437\u0432\u0438\u0442\u0438\u0435<\/strong>\u042d\u0442\u0430 \u043a\u043e\u0440\u043c\u043e\u0432\u0430\u044f \u0434\u043e\u0431\u0430\u0432\u043a\u0430 <strong data-start=\"537\" data-end=\"567\">\u0438\u043c\u043c\u0443\u043d\u043d\u044b\u0439 \u0441\u0442\u0430\u0442\u0443\u0441 \u043e\u0440\u0433\u0430\u043d\u0438\u0437\u043c\u0430<\/strong> \u042d\u0442\u043e \u043e\u043a\u0430\u0437\u044b\u0432\u0430\u0435\u0442 \u043f\u043e\u043b\u043e\u0436\u0438\u0442\u0435\u043b\u044c\u043d\u043e\u0435 \u0432\u043e\u0437\u0434\u0435\u0439\u0441\u0442\u0432\u0438\u0435, \u0443\u043b\u0443\u0447\u0448\u0430\u044f \u043e\u0431\u0449\u0435\u0435 \u0441\u043e\u0441\u0442\u043e\u044f\u043d\u0438\u0435 \u0437\u0434\u043e\u0440\u043e\u0432\u044c\u044f \u0438 \u043f\u0440\u043e\u0438\u0437\u0432\u043e\u0434\u0438\u0442\u0435\u043b\u044c\u043d\u043e\u0441\u0442\u044c \u0442\u0440\u0443\u0434\u0430.<\/p>\n<p data-start=\"635\" data-end=\"841\">\u0424\u0435\u0440\u043c\u0435\u043d\u0442 \u0444\u0438\u0442\u0430\u0437\u0430 \u0432\u044b\u0441\u0432\u043e\u0431\u043e\u0436\u0434\u0430\u0435\u0442 \u0441\u0432\u044f\u0437\u0430\u043d\u043d\u044b\u0439 \u0441 \u0444\u0438\u0442\u0430\u0442\u043e\u043c \u0444\u043e\u0441\u0444\u043e\u0440 \u0438\u0437 \u043a\u043e\u0440\u043c\u0430, \u0447\u0442\u043e\u0431\u044b \u043e\u043d \u043c\u043e\u0433 \u0438\u0441\u043f\u043e\u043b\u044c\u0437\u043e\u0432\u0430\u0442\u044c\u0441\u044f \u043e\u0440\u0433\u0430\u043d\u0438\u0437\u043c\u043e\u043c, \u0447\u0442\u043e \u043e\u0434\u043d\u043e\u0432\u0440\u0435\u043c\u0435\u043d\u043d\u043e \u0441\u043d\u0438\u0436\u0430\u0435\u0442 \u043f\u043e\u0442\u0440\u0435\u0431\u043b\u0435\u043d\u0438\u0435 \u043a\u043e\u0440\u043c\u0430 \u0438 \u0441\u0432\u043e\u0434\u0438\u0442 \u043a \u043c\u0438\u043d\u0438\u043c\u0443\u043c\u0443 \u0432\u044b\u0431\u0440\u043e\u0441\u044b \u0444\u043e\u0441\u0444\u043e\u0440\u0430 \u0432 \u043e\u043a\u0440\u0443\u0436\u0430\u044e\u0449\u0443\u044e \u0441\u0440\u0435\u0434\u0443.<\/p>\n<hr data-start=\"843\" data-end=\"846\" \/>\n<h4 data-start=\"848\" data-end=\"876\"><strong data-start=\"853\" data-end=\"874\">\u0418\u043d\u0441\u0442\u0440\u0443\u043a\u0446\u0438\u044f \u043f\u043e \u043f\u0440\u0438\u043c\u0435\u043d\u0435\u043d\u0438\u044e:<\/strong><\/h4>\n<ul data-start=\"877\" data-end=\"935\">\n<li data-start=\"877\" data-end=\"935\">\n<p data-start=\"879\" data-end=\"935\"><strong data-start=\"879\" data-end=\"902\">500 \u0433\u0440\u0430\u043c\u043c \u043d\u0430 1 \u0442\u043e\u043d\u043d\u0443 \u043a\u043e\u0440\u043c\u0430<\/strong> \u041e\u043d \u0441\u043c\u0435\u0448\u0430\u043d\u043d\u044b\u0439 \u043f\u043e \u043a\u043e\u043b\u0438\u0447\u0435\u0441\u0442\u0432\u0443.<\/p>\n<\/li>\n<\/ul>\n<hr data-start=\"937\" data-end=\"940\" \/>\n<h4 data-start=\"942\" data-end=\"965\"><strong data-start=\"947\" data-end=\"963\">\u0423\u043f\u0430\u043a\u043e\u0432\u043a\u0430:<\/strong><\/h4>\n<ul data-start=\"966\" data-end=\"982\">\n<li data-start=\"966\" data-end=\"982\">\n<p data-start=\"968\" data-end=\"982\"><strong data-start=\"968\" data-end=\"982\">\u041c\u0435\u0448\u043e\u043a 20 \u043a\u0433<\/strong><\/p>\n<\/li>\n<\/ul>\n<h4 data-start=\"984\" data-end=\"1006\"><strong data-start=\"989\" data-end=\"1004\">\u041f\u0440\u043e\u0438\u0437\u0432\u043e\u0434\u0438\u0442\u0435\u043b\u044c:<\/strong><\/h4>\n<ul data-start=\"1007\" data-end=\"1023\">\n<li data-start=\"1007\" data-end=\"1023\">\n<p data-start=\"1009\" data-end=\"1023\"><strong data-start=\"1009\" data-end=\"1023\">\u0425\u0443\u0432\u0435\u0444\u0430\u0440\u043c\u0430<\/strong><\/p>\n<\/li>\n<\/ul>\n<h4 data-start=\"1025\" data-end=\"1047\"><strong data-start=\"1030\" data-end=\"1045\">\u0421\u0442\u0440\u0430\u043d\u0430 \u043f\u0440\u043e\u0438\u0441\u0445\u043e\u0436\u0434\u0435\u043d\u0438\u044f:<\/strong><\/h4>\n<ul data-start=\"1048\" data-end=\"1065\">\n<li data-start=\"1048\" data-end=\"1065\">\n<p data-start=\"1050\" data-end=\"1065\"><strong data-start=\"1050\" data-end=\"1065\">\u0411\u043e\u043b\u0433\u0430\u0440\u0438\u044f<\/strong><\/p>\n<\/li>\n<\/ul>\n<\/div>\n<p><!-- .vgblk-rw-wrapper --><\/p>","protected":false},"excerpt":{"rendered":"<p>Optiphos Plus 5000 G \u2013 Fitaz Enzimi Yem \u018flav\u0259si T\u0259rkibi: 6-Fitaza (&lt;10%) \u2013 5000 FTU M\u0259hsul haqq\u0131nda: Optiphos Plus 5000 G yem \u0259lav\u0259si heyvan v\u0259 qu\u015flar\u0131n yem rasionuna fitaz enzimi \u0259lav\u0259 etm\u0259kl\u0259 madd\u0259l\u0259r m\u00fcbadil\u0259sini yax\u015f\u0131la\u015fd\u0131r\u0131r, fosforun m\u0259nims\u0259nilm\u0259sini art\u0131r\u0131r v\u0259 bununla da boy v\u0259 inki\u015faf\u0131 s\u00fcr\u0259tl\u0259ndirir. Bu yem \u0259lav\u0259si orqanizmin immun statusuna m\u00fcsb\u0259t t\u0259sir g\u00f6st\u0259rir, \u00fcmumi&#8230;<\/p>","protected":false},"featured_media":990136,"comment_status":"open","ping_status":"closed","template":"","meta":{"nf_dc_page":"","_monsterinsights_skip_tracking":false,"_monsterinsights_sitenote_active":false,"_monsterinsights_sitenote_note":"","_monsterinsights_sitenote_category":0},"product_brand":[],"product_cat":[242,160,68],"product_tag":[],"class_list":{"0":"post-990135","1":"product","2":"type-product","3":"status-publish","4":"has-post-thumbnail","6":"product_cat-enzimler","7":"product_cat-nutrients","8":"product_cat-poultry","10":"first","11":"instock","12":"shipping-taxable","13":"product-type-simple"},"jetpack_sharing_enabled":true,"_links":{"self":[{"href":"https:\/\/agrovetazerbaijan.az\/ru\/wp-json\/wp\/v2\/product\/990135","targetHints":{"allow":["GET"]}}],"collection":[{"href":"https:\/\/agrovetazerbaijan.az\/ru\/wp-json\/wp\/v2\/product"}],"about":[{"href":"https:\/\/agrovetazerbaijan.az\/ru\/wp-json\/wp\/v2\/types\/product"}],"replies":[{"embeddable":true,"href":"https:\/\/agrovetazerbaijan.az\/ru\/wp-json\/wp\/v2\/comments?post=990135"}],"version-history":[{"count":2,"href":"https:\/\/agrovetazerbaijan.az\/ru\/wp-json\/wp\/v2\/product\/990135\/revisions"}],"predecessor-version":[{"id":990138,"href":"https:\/\/agrovetazerbaijan.az\/ru\/wp-json\/wp\/v2\/product\/990135\/revisions\/990138"}],"wp:featuredmedia":[{"embeddable":true,"href":"https:\/\/agrovetazerbaijan.az\/ru\/wp-json\/wp\/v2\/media\/990136"}],"wp:attachment":[{"href":"https:\/\/agrovetazerbaijan.az\/ru\/wp-json\/wp\/v2\/media?parent=990135"}],"wp:term":[{"taxonomy":"product_brand","embeddable":true,"href":"https:\/\/agrovetazerbaijan.az\/ru\/wp-json\/wp\/v2\/product_brand?post=990135"},{"taxonomy":"product_cat","embeddable":true,"href":"https:\/\/agrovetazerbaijan.az\/ru\/wp-json\/wp\/v2\/product_cat?post=990135"},{"taxonomy":"product_tag","embeddable":true,"href":"https:\/\/agrovetazerbaijan.az\/ru\/wp-json\/wp\/v2\/product_tag?post=990135"}],"curies":[{"name":"WP","href":"https:\/\/api.w.org\/{rel}","templated":true}]}}