{"id":990132,"date":"2025-07-28T23:41:35","date_gmt":"2025-07-28T23:41:35","guid":{"rendered":"https:\/\/agrovetazerbaijan.az\/?post_type=product&#038;p=990132"},"modified":"2025-07-28T23:41:51","modified_gmt":"2025-07-28T23:41:51","slug":"intra-toxinbind-xpro-toz-s%c9%99klind%c9%99-yem-%c9%99lav%c9%99si","status":"publish","type":"product","link":"https:\/\/agrovetazerbaijan.az\/ru\/product\/intra-toxinbind-xpro-toz-s%c9%99klind%c9%99-yem-%c9%99lav%c9%99si\/","title":{"rendered":"INTRA TOXINBIND XPRO (\u041a\u043e\u0440\u043c\u043e\u0432\u0430\u044f \u0434\u043e\u0431\u0430\u0432\u043a\u0430 \u0432 \u0444\u043e\u0440\u043c\u0435 \u043f\u043e\u0440\u043e\u0448\u043a\u0430)"},"content":{"rendered":"<div class=\"vgblk-rw-wrapper limit-wrapper\">\n<h3 data-section-id=\"pun4n1\" data-start=\"135\" data-end=\"190\"><strong data-start=\"139\" data-end=\"190\">INTRA TOXINBIND XPRO (\u041a\u043e\u0440\u043c\u043e\u0432\u0430\u044f \u0434\u043e\u0431\u0430\u0432\u043a\u0430 \u0432 \u0444\u043e\u0440\u043c\u0435 \u043f\u043e\u0440\u043e\u0448\u043a\u0430)<\/strong><\/h3>\n<hr data-start=\"192\" data-end=\"195\" \/>\n<h4 data-start=\"197\" data-end=\"216\"><strong data-start=\"202\" data-end=\"214\">\u0418\u043d\u0433\u0440\u0435\u0434\u0438\u0435\u043d\u0442\u044b:<\/strong><\/h4>\n<ul data-start=\"217\" data-end=\"387\">\n<li data-start=\"217\" data-end=\"250\">\n<p data-start=\"219\" data-end=\"250\"><strong data-start=\"219\" data-end=\"248\">\u041f\u0440\u043e\u043f\u0438\u043e\u043d\u0430\u0442 \u043a\u0430\u043b\u044c\u0446\u0438\u044f (E282)<\/strong><\/p>\n<\/li>\n<li data-start=\"251\" data-end=\"299\">\n<p data-start=\"253\" data-end=\"299\"><strong data-start=\"253\" data-end=\"297\">\u041a\u043b\u0438\u043d\u043e\u043f\u0442\u0438\u043b\u043e\u043b\u0438\u0442 (E567) \u0438 \u0441\u0435\u043f\u0438\u043e\u043b\u0438\u0442 (E562)<\/strong><\/p>\n<\/li>\n<li data-start=\"300\" data-end=\"337\">\n<p data-start=\"302\" data-end=\"337\"><strong data-start=\"302\" data-end=\"335\">\u041c\u0430\u043d\u043d\u0430\u043d\u043e\u043b\u0438\u0433\u043e\u0441\u0430\u0445\u0430\u0440\u0438\u0434\u044b (\u041c\u041e\u0421)<\/strong><\/p>\n<\/li>\n<li data-start=\"338\" data-end=\"387\">\n<p data-start=\"340\" data-end=\"387\"><strong data-start=\"340\" data-end=\"387\">Saccharomyces cerevisiae (\u0434\u0440\u043e\u0436\u0436\u0435\u0432\u044b\u0435 \u043a\u043b\u0435\u0442\u043a\u0438)<\/strong><\/p>\n<\/li>\n<\/ul>\n<hr data-start=\"389\" data-end=\"392\" \/>\n<h4 data-start=\"394\" data-end=\"421\"><strong data-start=\"399\" data-end=\"419\">\u041e \u043f\u0440\u043e\u0434\u0443\u043a\u0442\u0435:<\/strong><\/h4>\n<p data-start=\"422\" data-end=\"833\"><strong data-start=\"422\" data-end=\"446\">INTRA TOXINBIND XPRO<\/strong> \u2013 \u043f\u0440\u0435\u0434\u043d\u0430\u0437\u043d\u0430\u0447\u0435\u043d \u0434\u043b\u044f \u043d\u0435\u0439\u0442\u0440\u0430\u043b\u0438\u0437\u0430\u0446\u0438\u0438 \u0430\u0444\u043b\u0430\u0442\u043e\u043a\u0441\u0438\u043d\u043e\u0432 \u0438 \u0434\u0440\u0443\u0433\u0438\u0445 \u043c\u0438\u043a\u043e\u0442\u043e\u043a\u0441\u0438\u043d\u043e\u0432 (\u0414\u041e\u041d, \u0422-2, \u0417\u0415\u0410, \u043e\u0445\u0440\u0430\u0442\u043e\u043a\u0441\u0438\u043d\u044b \u0438 \u0434\u0440.) <strong data-start=\"565\" data-end=\"599\">\u043a\u043e\u0440\u043c\u043e\u0432\u0430\u044f \u0434\u043e\u0431\u0430\u0432\u043a\u0430, \u0441\u0432\u044f\u0437\u044b\u0432\u0430\u044e\u0449\u0430\u044f \u0442\u043e\u043a\u0441\u0438\u043d\u044b<\/strong>. \u041f\u0440\u043e\u0434\u0443\u043a\u0442 \u0441\u043e\u0434\u0435\u0440\u0436\u0438\u0442 <strong data-start=\"623\" data-end=\"682\">\u0430\u043b\u044e\u043c\u043e\u0441\u0438\u043b\u0438\u043a\u0430\u0442\u044b \u0438 \u043e\u0447\u0438\u0449\u0435\u043d\u043d\u044b\u0435 \u043a\u043b\u0435\u0442\u043e\u0447\u043d\u044b\u0435 \u0441\u0442\u0435\u043d\u043a\u0438 \u0434\u0440\u043e\u0436\u0436\u0435\u0439<\/strong> \u043a\u0430\u043a \u0432 \u043b\u0435\u043d\u0442\u0435 <strong data-start=\"695\" data-end=\"705\">\u043f\u043e\u043b\u044f\u0440\u043d\u044b\u0439<\/strong>, \u0430 \u0442\u0430\u043a\u0436\u0435 <strong data-start=\"714\" data-end=\"747\">\u043c\u0435\u043d\u0435\u0435 \u043f\u043e\u043b\u044f\u0440\u0438\u0437\u043e\u0432\u0430\u043d\u043d\u044b\u0435 \u043c\u0438\u043a\u043e\u0442\u043e\u043a\u0441\u0438\u043d\u044b<\/strong> \u041e\u043d \u044d\u043b\u0435\u043a\u0442\u0440\u043e\u0441\u0442\u0430\u0442\u0438\u0447\u0435\u0441\u043a\u0438 \u043f\u0440\u0438\u0432\u044f\u0437\u044b\u0432\u0430\u0435\u0442\u0441\u044f \u043a \u0441\u0435\u0431\u0435 \u0438 \u0443\u0434\u0435\u0440\u0436\u0438\u0432\u0430\u0435\u0442\u0441\u044f \u043d\u0430 \u0440\u0430\u0441\u0441\u0442\u043e\u044f\u043d\u0438\u0438 \u043e\u0442 \u0442\u0435\u043b \u0436\u0438\u0432\u043e\u0442\u043d\u044b\u0445 \u0438 \u043f\u0442\u0438\u0446.<\/p>\n<p data-start=\"835\" data-end=\"1021\">\u0414\u0440\u043e\u0436\u0436\u0435\u0432\u044b\u0435 \u043a\u043b\u0435\u0442\u043a\u0438, \u0432 \u0447\u0430\u0441\u0442\u043d\u043e\u0441\u0442\u0438, <strong data-start=\"865\" data-end=\"902\">\u0432 \u0430\u0434\u0441\u043e\u0440\u0431\u0446\u0438\u0438 \u0444\u0443\u0440\u0430\u0437\u0438\u0442\u043e\u043a\u0441\u0438\u043d\u043e\u0432<\/strong> \u0418\u0433\u0440\u0430\u0435\u0442 \u0430\u043a\u0442\u0438\u0432\u043d\u0443\u044e \u0440\u043e\u043b\u044c. \u041f\u0440\u043e\u0434\u0443\u043a\u0442 <strong data-start=\"929\" data-end=\"1009\">\u043f\u0440\u0435\u0434\u043e\u0442\u0432\u0440\u0430\u0449\u0435\u043d\u0438\u0435 \u0437\u0430\u0440\u0430\u0436\u0435\u043d\u0438\u044f \u0433\u0440\u0438\u0431\u043a\u0430\u043c\u0438 \u0432 \u0443\u0441\u043b\u043e\u0432\u0438\u044f\u0445 \u0432\u044b\u0441\u043e\u043a\u043e\u0439 \u0432\u043b\u0430\u0436\u043d\u043e\u0441\u0442\u0438<\/strong> \u043f\u043e\u043c\u043e\u0433\u0430\u0435\u0442.<\/p>\n<hr data-start=\"1023\" data-end=\"1026\" \/>\n<h4 data-start=\"1028\" data-end=\"1052\"><strong data-start=\"1033\" data-end=\"1050\">\u041f\u0440\u0435\u0438\u043c\u0443\u0449\u0435\u0441\u0442\u0432\u0430:<\/strong><\/h4>\n<ul data-start=\"1053\" data-end=\"1239\">\n<li data-start=\"1053\" data-end=\"1096\">\n<p data-start=\"1055\" data-end=\"1096\">\u0428\u0438\u0440\u043e\u043a\u0438\u0439 \u0441\u043f\u0435\u043a\u0442\u0440 \u043a\u043e\u043d\u0442\u0440\u043e\u043b\u044f \u043c\u0438\u043a\u043e\u0442\u043e\u043a\u0441\u0438\u043d\u043e\u0432<\/p>\n<\/li>\n<li data-start=\"1097\" data-end=\"1178\">\n<p data-start=\"1099\" data-end=\"1178\">\u0412\u044b\u0441\u043e\u043a\u0430\u044f \u044d\u0444\u0444\u0435\u043a\u0442\u0438\u0432\u043d\u043e\u0441\u0442\u044c \u043f\u0440\u043e\u0442\u0438\u0432 \u0441\u043c\u0435\u0448\u0430\u043d\u043d\u043e\u0433\u043e \u0437\u0430\u0440\u0430\u0436\u0435\u043d\u0438\u044f \u0430\u0444\u043b\u0430\u0442\u043e\u043a\u0441\u0438\u043d\u043e\u043c \u0438 \u0444\u0443\u0440\u0430\u0437\u0438\u0442\u043e\u043a\u0441\u0438\u043d\u043e\u043c<\/p>\n<\/li>\n<li data-start=\"1179\" data-end=\"1213\">\n<p data-start=\"1181\" data-end=\"1213\">\u041f\u043e\u0432\u044b\u0448\u0430\u0435\u0442 \u0431\u0435\u0437\u043e\u043f\u0430\u0441\u043d\u043e\u0441\u0442\u044c \u043a\u043e\u0440\u043c\u043e\u0432<\/p>\n<\/li>\n<li data-start=\"1214\" data-end=\"1239\">\n<p data-start=\"1216\" data-end=\"1239\">\u0421\u043d\u0438\u0436\u0430\u0435\u0442 \u0440\u0438\u0441\u043a \u043f\u043e\u044f\u0432\u043b\u0435\u043d\u0438\u044f \u0433\u0440\u0438\u0431\u043a\u0430<\/p>\n<\/li>\n<\/ul>\n<hr data-start=\"1241\" data-end=\"1244\" \/>\n<h4 data-start=\"1246\" data-end=\"1273\"><strong data-start=\"1251\" data-end=\"1271\">\u0414\u043e\u0437\u0438\u0440\u043e\u0432\u043a\u0430 \u043f\u0440\u0438\u043c\u0435\u043d\u0435\u043d\u0438\u044f:<\/strong><\/h4>\n<ul data-start=\"1274\" data-end=\"1361\">\n<li data-start=\"1274\" data-end=\"1307\">\n<p data-start=\"1276\" data-end=\"1307\"><strong data-start=\"1276\" data-end=\"1288\">\u041f\u0442\u0438\u0446\u0430\u043c:<\/strong> 1 \u043a\u0433 \/ 1 \u0442\u043e\u043d\u043d\u0430 \u043a\u043e\u0440\u043c\u0430<\/p>\n<\/li>\n<li data-start=\"1308\" data-end=\"1361\">\n<p data-start=\"1310\" data-end=\"1361\"><strong data-start=\"1310\" data-end=\"1338\">\u0414\u043b\u044f \u043a\u0440\u0443\u043f\u043d\u044b\u0445 \u0440\u043e\u0433\u0430\u0442\u044b\u0445 \u0436\u0438\u0432\u043e\u0442\u043d\u044b\u0445:<\/strong> 25 \u0433\u0440\u0430\u043c\u043c\u043e\u0432 \u043d\u0430 \u0436\u0438\u0432\u043e\u0442\u043d\u043e\u0435 \u0432 \u0434\u0435\u043d\u044c<\/p>\n<\/li>\n<\/ul>\n<hr data-start=\"1363\" data-end=\"1366\" \/>\n<h4 data-start=\"1368\" data-end=\"1391\"><strong data-start=\"1373\" data-end=\"1389\">\u0423\u043f\u0430\u043a\u043e\u0432\u043a\u0430:<\/strong><\/h4>\n<ul data-start=\"1392\" data-end=\"1408\">\n<li data-start=\"1392\" data-end=\"1408\">\n<p data-start=\"1394\" data-end=\"1408\"><strong data-start=\"1394\" data-end=\"1408\">\u041c\u0435\u0448\u043e\u043a 25 \u043a\u0433<\/strong><\/p>\n<\/li>\n<\/ul>\n<h4 data-start=\"1410\" data-end=\"1432\"><strong data-start=\"1415\" data-end=\"1430\">\u041f\u0440\u043e\u0438\u0437\u0432\u043e\u0434\u0438\u0442\u0435\u043b\u044c:<\/strong><\/h4>\n<ul data-start=\"1433\" data-end=\"1451\">\n<li data-start=\"1433\" data-end=\"1451\">\n<p data-start=\"1435\" data-end=\"1451\"><strong data-start=\"1435\" data-end=\"1451\">\u0418\u043d\u0442\u0440\u0430\u043a\u043e \u041b\u0442\u0434.<\/strong><\/p>\n<\/li>\n<\/ul>\n<h4 data-start=\"1453\" data-end=\"1475\"><strong data-start=\"1458\" data-end=\"1473\">\u0421\u0442\u0440\u0430\u043d\u0430 \u043f\u0440\u043e\u0438\u0441\u0445\u043e\u0436\u0434\u0435\u043d\u0438\u044f:<\/strong><\/h4>\n<ul data-start=\"1476\" data-end=\"1489\">\n<li data-start=\"1476\" data-end=\"1489\">\n<p data-start=\"1478\" data-end=\"1489\"><strong data-start=\"1478\" data-end=\"1489\">\u0411\u0435\u043b\u044c\u0433\u0438\u044f<\/strong><\/p>\n<\/li>\n<\/ul>\n<\/div>\n<p><!-- .vgblk-rw-wrapper --><\/p>","protected":false},"excerpt":{"rendered":"<p>INTRA TOXINBIND XPRO (Toz \u015f\u0259klind\u0259 yem \u0259lav\u0259si) T\u0259rkibi: Calcium Propionate (E282) Clinoptilolite (E567) &amp; Sepiolite (E562) Mannan-oligosaccharides (MOS) Saccharomyces cerevisiae (maya h\u00fcceyr\u0259l\u0259ri) M\u0259hsul haqq\u0131nda: INTRA TOXINBIND XPRO \u2013 aflatoksinl\u0259ri v\u0259 dig\u0259r mikotoksinl\u0259ri (DON, T-2, ZEA, oxratoksinl\u0259r v\u0259 s.) z\u0259r\u0259rsizl\u0259\u015fdirm\u0259k \u00fc\u00e7\u00fcn n\u0259z\u0259rd\u0259 tutulmu\u015f toksinba\u011flay\u0131c\u0131 yem \u0259lav\u0259sidir. M\u0259hsulun t\u0259rkibind\u0259ki aluminosilikatlar v\u0259 t\u0259mizl\u0259nmi\u015f maya h\u00fcceyr\u0259 divarlar\u0131 yemd\u0259ki h\u0259m&#8230;<\/p>","protected":false},"featured_media":990133,"comment_status":"open","ping_status":"closed","template":"","meta":{"nf_dc_page":"","_monsterinsights_skip_tracking":false,"_monsterinsights_sitenote_active":false,"_monsterinsights_sitenote_note":"","_monsterinsights_sitenote_category":0},"product_brand":[],"product_cat":[160,243,68],"product_tag":[],"class_list":{"0":"post-990132","1":"product","2":"type-product","3":"status-publish","4":"has-post-thumbnail","6":"product_cat-nutrients","7":"product_cat-others","8":"product_cat-poultry","10":"first","11":"instock","12":"shipping-taxable","13":"product-type-simple"},"jetpack_sharing_enabled":true,"_links":{"self":[{"href":"https:\/\/agrovetazerbaijan.az\/ru\/wp-json\/wp\/v2\/product\/990132","targetHints":{"allow":["GET"]}}],"collection":[{"href":"https:\/\/agrovetazerbaijan.az\/ru\/wp-json\/wp\/v2\/product"}],"about":[{"href":"https:\/\/agrovetazerbaijan.az\/ru\/wp-json\/wp\/v2\/types\/product"}],"replies":[{"embeddable":true,"href":"https:\/\/agrovetazerbaijan.az\/ru\/wp-json\/wp\/v2\/comments?post=990132"}],"version-history":[{"count":1,"href":"https:\/\/agrovetazerbaijan.az\/ru\/wp-json\/wp\/v2\/product\/990132\/revisions"}],"predecessor-version":[{"id":990134,"href":"https:\/\/agrovetazerbaijan.az\/ru\/wp-json\/wp\/v2\/product\/990132\/revisions\/990134"}],"wp:featuredmedia":[{"embeddable":true,"href":"https:\/\/agrovetazerbaijan.az\/ru\/wp-json\/wp\/v2\/media\/990133"}],"wp:attachment":[{"href":"https:\/\/agrovetazerbaijan.az\/ru\/wp-json\/wp\/v2\/media?parent=990132"}],"wp:term":[{"taxonomy":"product_brand","embeddable":true,"href":"https:\/\/agrovetazerbaijan.az\/ru\/wp-json\/wp\/v2\/product_brand?post=990132"},{"taxonomy":"product_cat","embeddable":true,"href":"https:\/\/agrovetazerbaijan.az\/ru\/wp-json\/wp\/v2\/product_cat?post=990132"},{"taxonomy":"product_tag","embeddable":true,"href":"https:\/\/agrovetazerbaijan.az\/ru\/wp-json\/wp\/v2\/product_tag?post=990132"}],"curies":[{"name":"WP","href":"https:\/\/api.w.org\/{rel}","templated":true}]}}