{"id":990128,"date":"2025-07-28T23:38:18","date_gmt":"2025-07-28T23:38:18","guid":{"rendered":"https:\/\/agrovetazerbaijan.az\/?post_type=product&#038;p=990128"},"modified":"2025-07-28T23:38:35","modified_gmt":"2025-07-28T23:38:35","slug":"bemfos-227-monokalsium-fosfat-m-c-p-toz","status":"publish","type":"product","link":"https:\/\/agrovetazerbaijan.az\/ru\/product\/bemfos-227-monokalsium-fosfat-m-c-p-toz\/","title":{"rendered":"BEMFOS 22.7 \u2013 \u043f\u043e\u0440\u043e\u0448\u043e\u043a \u043c\u043e\u043d\u043e\u043a\u0430\u043b\u044c\u0446\u0438\u0439\u0444\u043e\u0441\u0444\u0430\u0442\u0430 (MCP)"},"content":{"rendered":"<div class=\"vgblk-rw-wrapper limit-wrapper\">\n<h3 data-section-id=\"1h3i21a\" data-start=\"148\" data-end=\"200\"><strong data-start=\"152\" data-end=\"200\">BEMFOS 22.7 \u2013 \u043f\u043e\u0440\u043e\u0448\u043e\u043a \u043c\u043e\u043d\u043e\u043a\u0430\u043b\u044c\u0446\u0438\u0439\u0444\u043e\u0441\u0444\u0430\u0442\u0430 (MCP)<\/strong><\/h3>\n<hr data-start=\"202\" data-end=\"205\" \/>\n<h4 data-start=\"207\" data-end=\"226\"><strong data-start=\"212\" data-end=\"224\">\u0418\u043d\u0433\u0440\u0435\u0434\u0438\u0435\u043d\u0442\u044b:<\/strong><\/h4>\n<ul data-start=\"227\" data-end=\"269\">\n<li data-start=\"227\" data-end=\"248\">\n<p data-start=\"229\" data-end=\"248\"><strong data-start=\"229\" data-end=\"240\">\u0424\u043e\u0441\u0444\u043e\u0440:<\/strong> 22.7%<\/p>\n<\/li>\n<li data-start=\"249\" data-end=\"269\">\n<p data-start=\"251\" data-end=\"269\"><strong data-start=\"251\" data-end=\"263\">\u041a\u0430\u043b\u044c\u0446\u0438\u0439:<\/strong> 16.7%<\/p>\n<\/li>\n<\/ul>\n<hr data-start=\"271\" data-end=\"274\" \/>\n<h4 data-start=\"276\" data-end=\"303\"><strong data-start=\"281\" data-end=\"301\">\u041e \u043f\u0440\u043e\u0434\u0443\u043a\u0442\u0435:<\/strong><\/h4>\n<p data-start=\"304\" data-end=\"643\"><strong data-start=\"304\" data-end=\"319\">\u0411\u0415\u041c\u0424\u041e\u0421 22.7<\/strong> \u2013 \u043a\u043e\u0440\u043c\u043e\u0432\u044b\u0435 \u0440\u0430\u0446\u0438\u043e\u043d\u044b \u0434\u043b\u044f \u0436\u0438\u0432\u043e\u0442\u043d\u044b\u0445 \u0438 \u043f\u0442\u0438\u0446 <strong data-start=\"360\" data-end=\"393\">\u043c\u0438\u043d\u0435\u0440\u0430\u043b\u044b \u043a\u0430\u043b\u044c\u0446\u0438\u044f \u0438 \u0444\u043e\u0441\u0444\u043e\u0440\u0430<\/strong> \u0438\u0441\u043f\u043e\u043b\u044c\u0437\u0443\u0435\u0442\u0441\u044f \u0434\u043b\u044f \u043e\u0431\u043e\u0433\u0430\u0449\u0435\u043d\u0438\u044f <strong data-start=\"440\" data-end=\"481\">\u043f\u043e\u0440\u043e\u0448\u043e\u043a \u043c\u043e\u043d\u043e\u043a\u0430\u043b\u044c\u0446\u0438\u0439\u0444\u043e\u0441\u0444\u0430\u0442\u0430 \u2014 \u044d\u0442\u043e \u043a\u043e\u0440\u043c\u043e\u0432\u0430\u044f \u0434\u043e\u0431\u0430\u0432\u043a\u0430<\/strong>\u0424\u043e\u0441\u0444\u043e\u0440 \u0438 \u043a\u0430\u043b\u044c\u0446\u0438\u0439 \u044f\u0432\u043b\u044f\u044e\u0442\u0441\u044f \u0432\u0430\u0436\u043d\u0435\u0439\u0448\u0438\u043c\u0438 \u043c\u0438\u043d\u0435\u0440\u0430\u043b\u0430\u043c\u0438 \u0434\u043b\u044f \u0443\u043a\u0440\u0435\u043f\u043b\u0435\u043d\u0438\u044f \u043a\u043e\u0441\u0442\u043d\u043e\u0439 \u0441\u0438\u0441\u0442\u0435\u043c\u044b, \u043d\u043e\u0440\u043c\u0430\u043b\u0438\u0437\u0430\u0446\u0438\u0438 \u043e\u0431\u043c\u0435\u043d\u0430 \u0432\u0435\u0449\u0435\u0441\u0442\u0432 \u0438 \u043f\u043e\u0432\u044b\u0448\u0435\u043d\u0438\u044f \u043e\u0431\u0449\u0435\u0439 \u043f\u0440\u043e\u0438\u0437\u0432\u043e\u0434\u0438\u0442\u0435\u043b\u044c\u043d\u043e\u0441\u0442\u0438.<\/p>\n<p data-start=\"645\" data-end=\"652\">\u041f\u0440\u043e\u0434\u0443\u043a\u0442:<\/p>\n<ul data-start=\"653\" data-end=\"812\">\n<li data-start=\"653\" data-end=\"715\">\n<p data-start=\"655\" data-end=\"715\">\u0416\u0438\u0432\u043e\u0442\u043d\u044b\u0435 \u0438 \u043f\u0442\u0438\u0446\u044b <strong data-start=\"679\" data-end=\"712\">\u043f\u043e\u0434\u0434\u0435\u0440\u0436\u0438\u0432\u0430\u0435\u0442 \u0444\u0438\u0437\u0438\u0447\u0435\u0441\u043a\u043e\u0435 \u0440\u0430\u0437\u0432\u0438\u0442\u0438\u0435<\/strong>,<\/p>\n<\/li>\n<li data-start=\"716\" data-end=\"753\">\n<p data-start=\"718\" data-end=\"753\"><strong data-start=\"718\" data-end=\"750\">\u0423\u043a\u0440\u0435\u043f\u043b\u044f\u0435\u0442 \u0441\u0442\u0440\u0443\u043a\u0442\u0443\u0440\u0443 \u043a\u043e\u0441\u0442\u0435\u0439<\/strong>,<\/p>\n<\/li>\n<li data-start=\"754\" data-end=\"812\">\n<p data-start=\"756\" data-end=\"812\"><strong data-start=\"756\" data-end=\"800\">\u0414\u043b\u044f \u0443\u0432\u0435\u043b\u0438\u0447\u0435\u043d\u0438\u044f \u043f\u0440\u043e\u0438\u0437\u0432\u043e\u0434\u0441\u0442\u0432\u0430 \u044f\u0438\u0446 \u0438 \u043c\u043e\u043b\u043e\u043a\u0430<\/strong> \u043f\u043e\u043c\u043e\u0433\u0430\u0435\u0442.<\/p>\n<\/li>\n<\/ul>\n<p data-start=\"814\" data-end=\"858\">\u041f\u043e \u0441\u0443\u0442\u0438 <strong data-start=\"821\" data-end=\"836\">\u043a\u043e\u0440\u043c\u043e\u0432\u0430\u044f \u0434\u043e\u0431\u0430\u0432\u043a\u0430<\/strong> \u0438\u0441\u043f\u043e\u043b\u044c\u0437\u0443\u0435\u0442\u0441\u044f \u043a\u0430\u043a.<\/p>\n<hr data-start=\"860\" data-end=\"863\" \/>\n<h4 data-start=\"865\" data-end=\"893\"><strong data-start=\"870\" data-end=\"891\">\u0418\u043d\u0441\u0442\u0440\u0443\u043a\u0446\u0438\u044f \u043f\u043e \u043f\u0440\u0438\u043c\u0435\u043d\u0435\u043d\u0438\u044e:<\/strong><\/h4>\n<p data-start=\"894\" data-end=\"984\">\u0414\u043e\u0437\u0438\u0440\u043e\u0432\u043a\u0430 \u0438\u0441\u043f\u043e\u043b\u044c\u0437\u043e\u0432\u0430\u043d\u0438\u044f <strong data-start=\"910\" data-end=\"957\">\u043f\u043e \u0440\u0435\u0446\u0435\u043f\u0442\u0443 \u0432\u0435\u0442\u0435\u0440\u0438\u043d\u0430\u0440\u0430 \u0438\u043b\u0438 \u0442\u0435\u0445\u043d\u043e\u043b\u043e\u0433\u0430<\/strong> \u043e\u043f\u0440\u0435\u0434\u0435\u043b\u044f\u0435\u0442\u0441\u044f \u0441\u043e\u043e\u0442\u0432\u0435\u0442\u0441\u0442\u0432\u0443\u044e\u0449\u0438\u043c \u043e\u0431\u0440\u0430\u0437\u043e\u043c.<\/p>\n<hr data-start=\"986\" data-end=\"989\" \/>\n<h4 data-start=\"991\" data-end=\"1014\"><strong data-start=\"996\" data-end=\"1012\">\u0423\u043f\u0430\u043a\u043e\u0432\u043a\u0430:<\/strong><\/h4>\n<ul data-start=\"1015\" data-end=\"1037\">\n<li data-start=\"1015\" data-end=\"1037\">\n<p data-start=\"1017\" data-end=\"1037\"><strong data-start=\"1017\" data-end=\"1037\">25 \u043a\u0433 \u0431\u0443\u043c\u0430\u0436\u043d\u044b\u0439 \u043c\u0435\u0448\u043e\u043a<\/strong><\/p>\n<\/li>\n<\/ul>\n<h4 data-start=\"1039\" data-end=\"1061\"><strong data-start=\"1044\" data-end=\"1059\">\u041f\u0440\u043e\u0438\u0437\u0432\u043e\u0434\u0438\u0442\u0435\u043b\u044c:<\/strong><\/h4>\n<ul data-start=\"1062\" data-end=\"1094\">\n<li data-start=\"1062\" data-end=\"1094\">\n<p data-start=\"1064\" data-end=\"1094\"><strong data-start=\"1064\" data-end=\"1094\">AB Food Industry Trade Ltd.<\/strong><\/p>\n<\/li>\n<\/ul>\n<h4 data-start=\"1096\" data-end=\"1118\"><strong data-start=\"1101\" data-end=\"1116\">\u0421\u0442\u0440\u0430\u043d\u0430 \u043f\u0440\u043e\u0438\u0441\u0445\u043e\u0436\u0434\u0435\u043d\u0438\u044f:<\/strong><\/h4>\n<ul data-start=\"1119\" data-end=\"1132\">\n<li data-start=\"1119\" data-end=\"1132\">\n<p data-start=\"1121\" data-end=\"1132\"><strong data-start=\"1121\" data-end=\"1132\">\u0422\u0443\u0440\u0446\u0438\u044f<\/strong><\/p>\n<\/li>\n<\/ul>\n<\/div>\n<p><!-- .vgblk-rw-wrapper --><\/p>","protected":false},"excerpt":{"rendered":"<p>BEMFOS 22,7 \u2013 Monokalsium Fosfat (M.C.P) Toz T\u0259rkibi: Fosfor: 22.7% Kalsium: 16.7% M\u0259hsul haqq\u0131nda: BEMFOS 22,7 \u2013 heyvanlar\u0131n v\u0259 qu\u015flar\u0131n yem rasionunu kalsium v\u0259 fosfor minerallar\u0131 il\u0259 z\u0259nginl\u0259\u015fdirm\u0259k m\u0259qs\u0259dil\u0259 istifad\u0259 olunan monokalsium fosfat toz yem \u0259lav\u0259sidir. Fosfor v\u0259 kalsium, skelet sisteminin m\u00f6hk\u0259ml\u0259ndirilm\u0259si, madd\u0259l\u0259r m\u00fcbadil\u0259sinin normalla\u015fd\u0131r\u0131lmas\u0131 v\u0259 \u00fcmumi m\u0259hsuldarl\u0131\u011f\u0131n art\u0131r\u0131lmas\u0131 \u00fc\u00e7\u00fcn vacib minerallard\u0131r. M\u0259hsul: Heyvanlar\u0131n v\u0259&#8230;<\/p>","protected":false},"featured_media":990129,"comment_status":"open","ping_status":"closed","template":"","meta":{"nf_dc_page":"","_monsterinsights_skip_tracking":false,"_monsterinsights_sitenote_active":false,"_monsterinsights_sitenote_note":"","_monsterinsights_sitenote_category":0},"product_brand":[],"product_cat":[240,160,68],"product_tag":[],"class_list":{"0":"post-990128","1":"product","2":"type-product","3":"status-publish","4":"has-post-thumbnail","6":"product_cat-fostatlar","7":"product_cat-nutrients","8":"product_cat-poultry","10":"first","11":"instock","12":"shipping-taxable","13":"product-type-simple"},"jetpack_sharing_enabled":true,"_links":{"self":[{"href":"https:\/\/agrovetazerbaijan.az\/ru\/wp-json\/wp\/v2\/product\/990128","targetHints":{"allow":["GET"]}}],"collection":[{"href":"https:\/\/agrovetazerbaijan.az\/ru\/wp-json\/wp\/v2\/product"}],"about":[{"href":"https:\/\/agrovetazerbaijan.az\/ru\/wp-json\/wp\/v2\/types\/product"}],"replies":[{"embeddable":true,"href":"https:\/\/agrovetazerbaijan.az\/ru\/wp-json\/wp\/v2\/comments?post=990128"}],"version-history":[{"count":2,"href":"https:\/\/agrovetazerbaijan.az\/ru\/wp-json\/wp\/v2\/product\/990128\/revisions"}],"predecessor-version":[{"id":990131,"href":"https:\/\/agrovetazerbaijan.az\/ru\/wp-json\/wp\/v2\/product\/990128\/revisions\/990131"}],"wp:featuredmedia":[{"embeddable":true,"href":"https:\/\/agrovetazerbaijan.az\/ru\/wp-json\/wp\/v2\/media\/990129"}],"wp:attachment":[{"href":"https:\/\/agrovetazerbaijan.az\/ru\/wp-json\/wp\/v2\/media?parent=990128"}],"wp:term":[{"taxonomy":"product_brand","embeddable":true,"href":"https:\/\/agrovetazerbaijan.az\/ru\/wp-json\/wp\/v2\/product_brand?post=990128"},{"taxonomy":"product_cat","embeddable":true,"href":"https:\/\/agrovetazerbaijan.az\/ru\/wp-json\/wp\/v2\/product_cat?post=990128"},{"taxonomy":"product_tag","embeddable":true,"href":"https:\/\/agrovetazerbaijan.az\/ru\/wp-json\/wp\/v2\/product_tag?post=990128"}],"curies":[{"name":"WP","href":"https:\/\/api.w.org\/{rel}","templated":true}]}}