{"id":990125,"date":"2025-07-28T23:33:35","date_gmt":"2025-07-28T23:33:35","guid":{"rendered":"https:\/\/agrovetazerbaijan.az\/?post_type=product&#038;p=990125"},"modified":"2025-08-05T00:23:17","modified_gmt":"2025-08-05T00:23:17","slug":"mineral-breeder-premix-01","status":"publish","type":"product","link":"https:\/\/agrovetazerbaijan.az\/ru\/product\/mineral-breeder-premix-01\/","title":{"rendered":"\u041c\u0438\u043d\u0435\u0440\u0430\u043b\u044c\u043d\u044b\u0439 \u043f\u0440\u0435\u043c\u0438\u043a\u0441 \u0434\u043b\u044f \u0440\u0430\u0437\u0432\u0435\u0434\u0435\u043d\u0438\u044f 0,1%"},"content":{"rendered":"<div class=\"vgblk-rw-wrapper limit-wrapper\">\n<h3 data-section-id=\"1fop1gx\" data-start=\"137\" data-end=\"215\"><strong data-start=\"141\" data-end=\"215\">Mineral Breeder Premix 0.1% \u2013 \u043c\u0438\u043d\u0435\u0440\u0430\u043b\u044c\u043d\u0430\u044f \u043a\u043e\u0440\u043c\u043e\u0432\u0430\u044f \u0434\u043e\u0431\u0430\u0432\u043a\u0430 \u0434\u043b\u044f \u043f\u043b\u0435\u043c\u0435\u043d\u043d\u044b\u0445 \u043f\u0442\u0438\u0446<\/strong><\/h3>\n<hr data-start=\"217\" data-end=\"220\" \/>\n<h4 data-start=\"222\" data-end=\"241\"><strong data-start=\"227\" data-end=\"239\">\u0418\u043d\u0433\u0440\u0435\u0434\u0438\u0435\u043d\u0442\u044b:<\/strong><\/h4>\n<p data-start=\"242\" data-end=\"318\">\u0421\u0443\u043b\u044c\u0444\u0430\u0442 \u0436\u0435\u043b\u0435\u0437\u0430, \u043e\u043a\u0441\u0438\u0434 \u0446\u0438\u043d\u043a\u0430, \u0438\u043e\u0434\u0430\u0442 \u043a\u0430\u043b\u044c\u0446\u0438\u044f, \u0441\u0435\u043b\u0435\u043d\u0438\u0442 \u043d\u0430\u0442\u0440\u0438\u044f, \u043a\u0430\u043b\u044c\u0446\u0438\u0439, \u043c\u0430\u0433\u043d\u0438\u0439<\/p>\n<hr data-start=\"320\" data-end=\"323\" \/>\n<h4 data-start=\"325\" data-end=\"352\"><strong data-start=\"330\" data-end=\"350\">\u041e \u043f\u0440\u043e\u0434\u0443\u043a\u0442\u0435:<\/strong><\/h4>\n<p data-start=\"353\" data-end=\"502\"><strong data-start=\"353\" data-end=\"384\">\u041c\u0438\u043d\u0435\u0440\u0430\u043b\u044c\u043d\u044b\u0439 \u043f\u0440\u0435\u043c\u0438\u043a\u0441 \u0434\u043b\u044f \u0440\u0430\u0437\u0432\u0435\u0434\u0435\u043d\u0438\u044f 0,1%<\/strong> \u2013 \u043f\u0440\u0435\u0434\u043d\u0430\u0437\u043d\u0430\u0447\u0435\u043d \u0434\u043b\u044f \u0440\u0430\u0437\u0432\u0435\u0434\u0435\u043d\u0438\u044f \u043f\u0442\u0438\u0446 <strong data-start=\"425\" data-end=\"469\">\u0441\u0431\u0430\u043b\u0430\u043d\u0441\u0438\u0440\u043e\u0432\u0430\u043d\u043d\u0430\u044f \u043c\u0438\u043d\u0435\u0440\u0430\u043b\u044c\u043d\u0430\u044f \u043a\u043e\u0440\u043c\u043e\u0432\u0430\u044f \u0434\u043e\u0431\u0430\u0432\u043a\u0430<\/strong>\u0412 \u0440\u0435\u0437\u0443\u043b\u044c\u0442\u0430\u0442\u0435 \u043f\u043e\u0441\u0442\u043e\u044f\u043d\u043d\u043e\u0433\u043e \u0438\u0441\u043f\u043e\u043b\u044c\u0437\u043e\u0432\u0430\u043d\u0438\u044f:<\/p>\n<ul data-start=\"504\" data-end=\"664\">\n<li data-start=\"504\" data-end=\"548\">\n<p data-start=\"506\" data-end=\"548\">\u041f\u0442\u0438\u0446\u044b <strong data-start=\"515\" data-end=\"545\">\u0435\u0436\u0435\u0434\u043d\u0435\u0432\u043d\u044b\u0439 \u043f\u0440\u0438\u0440\u043e\u0441\u0442 \u0432\u0435\u0441\u0430 \u0443\u0432\u0435\u043b\u0438\u0447\u0438\u0432\u0430\u0435\u0442\u0441\u044f<\/strong>,<\/p>\n<\/li>\n<li data-start=\"549\" data-end=\"582\">\n<p data-start=\"551\" data-end=\"582\"><strong data-start=\"551\" data-end=\"568\">\u0421\u043a\u043e\u0440\u043e\u0441\u0442\u044c \u0440\u0430\u0437\u0432\u0438\u0442\u0438\u044f<\/strong> \u0443\u0441\u043a\u043e\u0440\u044f\u0435\u0442\u0441\u044f,<\/p>\n<\/li>\n<li data-start=\"583\" data-end=\"613\">\n<p data-start=\"585\" data-end=\"613\"><strong data-start=\"585\" data-end=\"602\">\u041f\u0435\u0440\u0438\u043e\u0434 \u043a\u043e\u0440\u043c\u043b\u0435\u043d\u0438\u044f<\/strong> \u0443\u043a\u043e\u0440\u0430\u0447\u0438\u0432\u0430\u0435\u0442\u0441\u044f,<\/p>\n<\/li>\n<li data-start=\"614\" data-end=\"664\">\n<p data-start=\"616\" data-end=\"664\"><strong data-start=\"616\" data-end=\"656\">\u0420\u0438\u0441\u043a \u0441\u043c\u0435\u0440\u0442\u0438 \u0432\u043e \u0432\u0440\u0435\u043c\u044f \u0440\u0430\u0437\u0432\u0438\u0442\u0438\u044f \u0446\u044b\u043f\u043b\u0435\u043d\u043a\u0430<\/strong> \u0443\u043c\u0435\u043d\u044c\u0448\u0430\u0435\u0442\u0441\u044f.<\/p>\n<\/li>\n<\/ul>\n<p data-start=\"666\" data-end=\"822\">\u041f\u0440\u043e\u0434\u0443\u043a\u0442, \u043f\u043b\u0435\u043c\u0435\u043d\u043d\u044b\u0435 \u043f\u0442\u0438\u0446\u044b <strong data-start=\"692\" data-end=\"725\">\u0437\u0434\u043e\u0440\u043e\u0432\u044c\u0435 \u0438 \u043f\u0440\u043e\u0438\u0437\u0432\u043e\u0434\u0438\u0442\u0435\u043b\u044c\u043d\u043e\u0441\u0442\u044c<\/strong> \u041e\u043d \u043f\u0440\u0435\u0434\u043d\u0430\u0437\u043d\u0430\u0447\u0435\u043d \u0434\u043b\u044f \u043f\u043e\u0432\u044b\u0448\u0435\u043d\u0438\u044f \u044d\u043d\u0435\u0440\u0433\u0438\u0438 \u0438 \u0441\u043e\u0434\u0435\u0440\u0436\u0438\u0442 \u043c\u0438\u043d\u0435\u0440\u0430\u043b\u044b \u0441 \u0432\u044b\u0441\u043e\u043a\u043e\u0439 \u0431\u0438\u043e\u0434\u043e\u0441\u0442\u0443\u043f\u043d\u043e\u0441\u0442\u044c\u044e.<\/p>\n<hr data-start=\"824\" data-end=\"827\" \/>\n<h4 data-start=\"829\" data-end=\"857\"><strong data-start=\"834\" data-end=\"855\">\u0418\u043d\u0441\u0442\u0440\u0443\u043a\u0446\u0438\u044f \u043f\u043e \u043f\u0440\u0438\u043c\u0435\u043d\u0435\u043d\u0438\u044e:<\/strong><\/h4>\n<p data-start=\"858\" data-end=\"916\">1 \u0442\u043e\u043d\u043d\u0430 \u043f\u0440\u043e\u0434\u0443\u043a\u0442\u043e\u0432 \u043f\u0438\u0442\u0430\u043d\u0438\u044f <strong data-start=\"869\" data-end=\"877\">1 \u043a\u0433<\/strong> \u0441\u043c\u0435\u0448\u0438\u0432\u0430\u0435\u0442\u0441\u044f \u0438 \u043f\u0440\u0438\u043c\u0435\u043d\u044f\u0435\u0442\u0441\u044f \u0432 \u043d\u0435\u043e\u0431\u0445\u043e\u0434\u0438\u043c\u043e\u043c \u043a\u043e\u043b\u0438\u0447\u0435\u0441\u0442\u0432\u0435.<\/p>\n<hr data-start=\"918\" data-end=\"921\" \/>\n<h4 data-start=\"923\" data-end=\"946\"><strong data-start=\"928\" data-end=\"944\">\u0423\u043f\u0430\u043a\u043e\u0432\u043a\u0430:<\/strong><\/h4>\n<ul data-start=\"947\" data-end=\"967\">\n<li data-start=\"947\" data-end=\"967\">\n<p data-start=\"949\" data-end=\"967\"><strong data-start=\"949\" data-end=\"967\">\u043c\u0435\u0448\u043e\u043a 25 \u043a\u0433<\/strong><\/p>\n<\/li>\n<\/ul>\n<h4 data-start=\"969\" data-end=\"991\"><strong data-start=\"974\" data-end=\"989\">\u041f\u0440\u043e\u0438\u0437\u0432\u043e\u0434\u0438\u0442\u0435\u043b\u044c:<\/strong><\/h4>\n<ul data-start=\"992\" data-end=\"1010\">\n<li data-start=\"992\" data-end=\"1010\">\n<p data-start=\"994\" data-end=\"1010\"><strong data-start=\"994\" data-end=\"1010\">\u0418\u043d\u0442\u0440\u0430\u043a\u043e \u041b\u0442\u0434.<\/strong><\/p>\n<\/li>\n<\/ul>\n<h4 data-start=\"1012\" data-end=\"1034\"><strong data-start=\"1017\" data-end=\"1032\">\u0421\u0442\u0440\u0430\u043d\u0430 \u043f\u0440\u043e\u0438\u0441\u0445\u043e\u0436\u0434\u0435\u043d\u0438\u044f:<\/strong><\/h4>\n<ul data-start=\"1035\" data-end=\"1048\">\n<li data-start=\"1035\" data-end=\"1048\">\n<p data-start=\"1037\" data-end=\"1048\"><strong data-start=\"1037\" data-end=\"1048\">\u0411\u0435\u043b\u044c\u0433\u0438\u044f<\/strong><\/p>\n<\/li>\n<\/ul>\n<\/div>\n<p><!-- .vgblk-rw-wrapper --><\/p>","protected":false},"excerpt":{"rendered":"<p>Mineral Breeder Premix 0,1% \u2013 Damazl\u0131q Qu\u015flar \u00fc\u00e7\u00fcn Mineral Yem \u018flav\u0259si T\u0259rkibi: D\u0259mir sulfat, Sink oksid, Kalsium yodat, Natrium selenit, Kalsium, Maqnezium M\u0259hsul haqq\u0131nda: Mineral Breeder Premix 0,1% \u2013 damazl\u0131q qu\u015flar \u00fc\u00e7\u00fcn n\u0259z\u0259rd\u0259 tutulmu\u015f balansla\u015fd\u0131r\u0131lm\u0131\u015f mineral yem \u0259lav\u0259sidir. Davaml\u0131 istifad\u0259si n\u0259tic\u0259sind\u0259: Qu\u015flar\u0131n g\u00fcnd\u0259lik \u00e7\u0259ki art\u0131m\u0131 art\u0131r, \u0130nki\u015faf tempi s\u00fcr\u0259tl\u0259nir, Yeml\u0259m\u0259 d\u00f6vr\u00fc q\u0131sal\u0131r, C\u00fcc\u0259l\u0259rin inki\u015faf\u0131 zaman\u0131&#8230;<\/p>","protected":false},"featured_media":990151,"comment_status":"open","ping_status":"closed","template":"","meta":{"nf_dc_page":"","_monsterinsights_skip_tracking":false,"_monsterinsights_sitenote_active":false,"_monsterinsights_sitenote_note":"","_monsterinsights_sitenote_category":0},"product_brand":[],"product_cat":[160,238,68],"product_tag":[],"class_list":{"0":"post-990125","1":"product","2":"type-product","3":"status-publish","4":"has-post-thumbnail","6":"product_cat-nutrients","7":"product_cat-premiks","8":"product_cat-poultry","10":"first","11":"instock","12":"shipping-taxable","13":"product-type-simple"},"jetpack_sharing_enabled":true,"_links":{"self":[{"href":"https:\/\/agrovetazerbaijan.az\/ru\/wp-json\/wp\/v2\/product\/990125","targetHints":{"allow":["GET"]}}],"collection":[{"href":"https:\/\/agrovetazerbaijan.az\/ru\/wp-json\/wp\/v2\/product"}],"about":[{"href":"https:\/\/agrovetazerbaijan.az\/ru\/wp-json\/wp\/v2\/types\/product"}],"replies":[{"embeddable":true,"href":"https:\/\/agrovetazerbaijan.az\/ru\/wp-json\/wp\/v2\/comments?post=990125"}],"version-history":[{"count":2,"href":"https:\/\/agrovetazerbaijan.az\/ru\/wp-json\/wp\/v2\/product\/990125\/revisions"}],"predecessor-version":[{"id":990127,"href":"https:\/\/agrovetazerbaijan.az\/ru\/wp-json\/wp\/v2\/product\/990125\/revisions\/990127"}],"wp:featuredmedia":[{"embeddable":true,"href":"https:\/\/agrovetazerbaijan.az\/ru\/wp-json\/wp\/v2\/media\/990151"}],"wp:attachment":[{"href":"https:\/\/agrovetazerbaijan.az\/ru\/wp-json\/wp\/v2\/media?parent=990125"}],"wp:term":[{"taxonomy":"product_brand","embeddable":true,"href":"https:\/\/agrovetazerbaijan.az\/ru\/wp-json\/wp\/v2\/product_brand?post=990125"},{"taxonomy":"product_cat","embeddable":true,"href":"https:\/\/agrovetazerbaijan.az\/ru\/wp-json\/wp\/v2\/product_cat?post=990125"},{"taxonomy":"product_tag","embeddable":true,"href":"https:\/\/agrovetazerbaijan.az\/ru\/wp-json\/wp\/v2\/product_tag?post=990125"}],"curies":[{"name":"WP","href":"https:\/\/api.w.org\/{rel}","templated":true}]}}