{"id":990123,"date":"2025-07-28T23:31:10","date_gmt":"2025-07-28T23:31:10","guid":{"rendered":"https:\/\/agrovetazerbaijan.az\/?post_type=product&#038;p=990123"},"modified":"2025-07-28T23:56:26","modified_gmt":"2025-07-28T23:56:26","slug":"mineral-poultry-premix-005","status":"publish","type":"product","link":"https:\/\/agrovetazerbaijan.az\/ru\/product\/mineral-poultry-premix-005\/","title":{"rendered":"\u041c\u0438\u043d\u0435\u0440\u0430\u043b\u044c\u043d\u044b\u0439 \u043f\u0440\u0435\u043c\u0438\u043a\u0441 \u0434\u043b\u044f \u043f\u0442\u0438\u0446\u044b 0,05%"},"content":{"rendered":"<div class=\"vgblk-rw-wrapper limit-wrapper\">\n<h3 data-section-id=\"1hr8sff\" data-start=\"136\" data-end=\"200\"><strong data-start=\"140\" data-end=\"200\">\u041c\u0438\u043d\u0435\u0440\u0430\u043b\u044c\u043d\u044b\u0439 \u043f\u0440\u0435\u043c\u0438\u043a\u0441 \u0434\u043b\u044f \u043f\u0442\u0438\u0446 0,05% \u2013 \u043c\u0438\u043d\u0435\u0440\u0430\u043b\u044c\u043d\u0430\u044f \u0434\u043e\u0431\u0430\u0432\u043a\u0430 \u0434\u043b\u044f \u043f\u0442\u0438\u0446<\/strong><\/h3>\n<hr data-start=\"202\" data-end=\"205\" \/>\n<h4 data-start=\"207\" data-end=\"226\"><strong data-start=\"212\" data-end=\"224\">\u0418\u043d\u0433\u0440\u0435\u0434\u0438\u0435\u043d\u0442\u044b:<\/strong><\/h4>\n<p data-start=\"227\" data-end=\"364\">\u0421\u0443\u043b\u044c\u0444\u0430\u0442 \u0436\u0435\u043b\u0435\u0437\u0430, \u0441\u0443\u043b\u044c\u0444\u0430\u0442 \u043c\u0435\u0434\u0438, \u043e\u043a\u0441\u0438\u0434 \u043c\u0430\u0440\u0433\u0430\u043d\u0446\u0430, \u043a\u0430\u0440\u0431\u043e\u043d\u0430\u0442 \u043a\u043e\u0431\u0430\u043b\u044c\u0442\u0430, \u043e\u043a\u0441\u0438\u0434 \u0446\u0438\u043d\u043a\u0430,<br data-start=\"295\" data-end=\"298\" \/>\u0419\u043e\u0434\u0430\u0442 \u043a\u0430\u043b\u044c\u0446\u0438\u044f, \u0441\u0435\u043b\u0435\u043d\u0438\u0442 \u043d\u0430\u0442\u0440\u0438\u044f, \u043a\u0430\u043b\u044c\u0446\u0438\u0439, \u043c\u0430\u0433\u043d\u0438\u0439, \u043a\u0430\u043b\u0438\u0439, \u0441\u0435\u0440\u0430<\/p>\n<hr data-start=\"366\" data-end=\"369\" \/>\n<h4 data-start=\"371\" data-end=\"398\"><strong data-start=\"376\" data-end=\"396\">\u041e \u043f\u0440\u043e\u0434\u0443\u043a\u0442\u0435:<\/strong><\/h4>\n<p data-start=\"399\" data-end=\"547\"><strong data-start=\"399\" data-end=\"431\">\u041c\u0438\u043d\u0435\u0440\u0430\u043b\u044c\u043d\u044b\u0439 \u043f\u0440\u0435\u043c\u0438\u043a\u0441 \u0434\u043b\u044f \u043f\u0442\u0438\u0446\u044b 0,05%<\/strong> \u2013 \u0434\u043b\u044f \u043a\u043e\u0440\u043c\u0430 \u043f\u0442\u0438\u0446 <strong data-start=\"457\" data-end=\"494\">\u0441\u0431\u0430\u043b\u0430\u043d\u0441\u0438\u0440\u043e\u0432\u0430\u043d\u043d\u0430\u044f \u043c\u0438\u043d\u0435\u0440\u0430\u043b\u044c\u043d\u0430\u044f \u0434\u043e\u0431\u0430\u0432\u043a\u0430<\/strong> \u0418\u0441\u043f\u043e\u043b\u044c\u0437\u0443\u0435\u0442\u0441\u044f \u043a\u0430\u043a. \u041f\u0440\u0438 \u0434\u043e\u0431\u0430\u0432\u043b\u0435\u043d\u0438\u0438 \u0432 \u0435\u0436\u0435\u0434\u043d\u0435\u0432\u043d\u044b\u0439 \u0440\u0430\u0446\u0438\u043e\u043d:<\/p>\n<ul data-start=\"549\" data-end=\"702\">\n<li data-start=\"549\" data-end=\"590\">\n<p data-start=\"551\" data-end=\"590\"><strong data-start=\"551\" data-end=\"577\">\u0415\u0436\u0435\u0434\u043d\u0435\u0432\u043d\u044b\u0439 \u043f\u0440\u0438\u0440\u043e\u0441\u0442 \u0432\u0435\u0441\u0430<\/strong> \u0432\u043e\u0437\u0432\u044b\u0448\u0430\u0435\u0442,<\/p>\n<\/li>\n<li data-start=\"591\" data-end=\"630\">\n<p data-start=\"593\" data-end=\"630\"><strong data-start=\"593\" data-end=\"613\">\u0420\u0430\u0437\u0432\u0438\u0442\u0438\u0435 \u0442\u0435\u043b\u0430<\/strong> \u0443\u0441\u043a\u043e\u0440\u044f\u0435\u0442\u0441\u044f,<\/p>\n<\/li>\n<li data-start=\"631\" data-end=\"664\">\n<p data-start=\"633\" data-end=\"664\"><strong data-start=\"633\" data-end=\"652\">\u041f\u0435\u0440\u0438\u043e\u0434 \u043a\u043e\u0440\u043c\u043b\u0435\u043d\u0438\u044f<\/strong> \u0443\u043a\u043e\u0440\u043e\u0442\u0438\u0442\u044c,<\/p>\n<\/li>\n<li data-start=\"665\" data-end=\"702\">\n<p data-start=\"667\" data-end=\"702\"><strong data-start=\"667\" data-end=\"693\">\u0420\u0438\u0441\u043a \u0433\u0438\u0431\u0435\u043b\u0438 \u0446\u044b\u043f\u043b\u044f\u0442<\/strong> \u0443\u043c\u0435\u043d\u044c\u0448\u0430\u0435\u0442.<\/p>\n<\/li>\n<\/ul>\n<p data-start=\"704\" data-end=\"834\">\u042d\u0442\u0430 \u043a\u043e\u0440\u043c\u043e\u0432\u0430\u044f \u0434\u043e\u0431\u0430\u0432\u043a\u0430 \u0442\u0430\u043a\u0436\u0435 <strong data-start=\"723\" data-end=\"732\">\u043c\u044f\u0441\u0438\u0441\u0442\u043e\u0441\u0442\u044c<\/strong>, \u0430 \u0442\u0430\u043a\u0436\u0435 <strong data-start=\"741\" data-end=\"762\">\u043f\u0442\u0438\u0446\u044b, \u043e\u0442\u043a\u043b\u0430\u0434\u044b\u0432\u0430\u044e\u0449\u0438\u0435 \u044f\u0439\u0446\u0430<\/strong> \u041f\u043e\u0434\u0445\u043e\u0434\u0438\u0442 \u0438 \u044d\u0444\u0444\u0435\u043a\u0442\u0438\u0432\u0435\u043d \u0434\u043b\u044f \u043f\u0440\u043e\u0444\u0438\u043b\u0430\u043a\u0442\u0438\u043a\u0438 \u0434\u0435\u0444\u0438\u0446\u0438\u0442\u0430 \u043c\u0438\u043d\u0435\u0440\u0430\u043b\u043e\u0432.<\/p>\n<hr data-start=\"836\" data-end=\"839\" \/>\n<h4 data-start=\"841\" data-end=\"869\"><strong data-start=\"846\" data-end=\"867\">\u0418\u043d\u0441\u0442\u0440\u0443\u043a\u0446\u0438\u044f \u043f\u043e \u043f\u0440\u0438\u043c\u0435\u043d\u0435\u043d\u0438\u044e:<\/strong><\/h4>\n<p data-start=\"870\" data-end=\"926\">1 \u0442\u043e\u043d\u043d\u0430 \u043f\u0440\u043e\u0434\u0443\u043a\u0442\u043e\u0432 \u043f\u0438\u0442\u0430\u043d\u0438\u044f <strong data-start=\"881\" data-end=\"893\">500 \u0433\u0440\u0430\u043c\u043c\u043e\u0432<\/strong> \u041e\u043d \u0441\u043c\u0435\u0448\u0430\u043d\u043d\u044b\u0439 \u043f\u043e \u043a\u043e\u043b\u0438\u0447\u0435\u0441\u0442\u0432\u0443.<\/p>\n<hr data-start=\"928\" data-end=\"931\" \/>\n<h4 data-start=\"933\" data-end=\"956\"><strong data-start=\"938\" data-end=\"954\">\u0423\u043f\u0430\u043a\u043e\u0432\u043a\u0430:<\/strong><\/h4>\n<ul data-start=\"957\" data-end=\"977\">\n<li data-start=\"957\" data-end=\"977\">\n<p data-start=\"959\" data-end=\"977\"><strong data-start=\"959\" data-end=\"977\">\u043c\u0435\u0448\u043e\u043a 25 \u043a\u0433<\/strong><\/p>\n<\/li>\n<\/ul>\n<h4 data-start=\"979\" data-end=\"1001\"><strong data-start=\"984\" data-end=\"999\">\u041f\u0440\u043e\u0438\u0437\u0432\u043e\u0434\u0438\u0442\u0435\u043b\u044c:<\/strong><\/h4>\n<ul data-start=\"1002\" data-end=\"1020\">\n<li data-start=\"1002\" data-end=\"1020\">\n<p data-start=\"1004\" data-end=\"1020\"><strong data-start=\"1004\" data-end=\"1020\">\u0418\u043d\u0442\u0440\u0430\u043a\u043e \u041b\u0442\u0434.<\/strong><\/p>\n<\/li>\n<\/ul>\n<h4 data-start=\"1022\" data-end=\"1044\"><strong data-start=\"1027\" data-end=\"1042\">\u0421\u0442\u0440\u0430\u043d\u0430 \u043f\u0440\u043e\u0438\u0441\u0445\u043e\u0436\u0434\u0435\u043d\u0438\u044f:<\/strong><\/h4>\n<ul data-start=\"1045\" data-end=\"1058\">\n<li data-start=\"1045\" data-end=\"1058\">\n<p data-start=\"1047\" data-end=\"1058\"><strong data-start=\"1047\" data-end=\"1058\">\u0411\u0435\u043b\u044c\u0433\u0438\u044f<\/strong><\/p>\n<\/li>\n<\/ul>\n<\/div>\n<p><!-- .vgblk-rw-wrapper --><\/p>","protected":false},"excerpt":{"rendered":"<p>Mineral Poultry Premix 0,05% \u2013 Qu\u015flar \u00fc\u00e7\u00fcn Mineral \u018flav\u0259 T\u0259rkibi: D\u0259mir sulfat, Mis sulfat, Manqan oksid, Kobalt karbonat, Sink oksid,Kalsium yodat, Natrium selenit, Kalsium, Maqnezium, Kalium, K\u00fck\u00fcrd M\u0259hsul haqq\u0131nda: Mineral Poultry Premix 0,05% \u2013 qu\u015flar\u0131n yem rasionuna balansla\u015fd\u0131r\u0131lm\u0131\u015f mineral \u0259lav\u0259si kimi istifad\u0259 olunur. G\u00fcnd\u0259lik yem\u0259 \u0259lav\u0259 edildikd\u0259: G\u00fcnd\u0259lik \u00e7\u0259ki art\u0131m\u0131n\u0131 y\u00fcks\u0259ldir, B\u0259d\u0259n inki\u015faf\u0131n\u0131 s\u00fcr\u0259tl\u0259ndirir, Yeml\u0259m\u0259&#8230;<\/p>","protected":false},"featured_media":990140,"comment_status":"open","ping_status":"closed","template":"","meta":{"nf_dc_page":"","_monsterinsights_skip_tracking":false,"_monsterinsights_sitenote_active":false,"_monsterinsights_sitenote_note":"","_monsterinsights_sitenote_category":0},"product_brand":[],"product_cat":[160,238,68],"product_tag":[],"class_list":{"0":"post-990123","1":"product","2":"type-product","3":"status-publish","4":"has-post-thumbnail","6":"product_cat-nutrients","7":"product_cat-premiks","8":"product_cat-poultry","10":"first","11":"instock","12":"shipping-taxable","13":"product-type-simple"},"jetpack_sharing_enabled":true,"_links":{"self":[{"href":"https:\/\/agrovetazerbaijan.az\/ru\/wp-json\/wp\/v2\/product\/990123","targetHints":{"allow":["GET"]}}],"collection":[{"href":"https:\/\/agrovetazerbaijan.az\/ru\/wp-json\/wp\/v2\/product"}],"about":[{"href":"https:\/\/agrovetazerbaijan.az\/ru\/wp-json\/wp\/v2\/types\/product"}],"replies":[{"embeddable":true,"href":"https:\/\/agrovetazerbaijan.az\/ru\/wp-json\/wp\/v2\/comments?post=990123"}],"version-history":[{"count":1,"href":"https:\/\/agrovetazerbaijan.az\/ru\/wp-json\/wp\/v2\/product\/990123\/revisions"}],"predecessor-version":[{"id":990124,"href":"https:\/\/agrovetazerbaijan.az\/ru\/wp-json\/wp\/v2\/product\/990123\/revisions\/990124"}],"wp:featuredmedia":[{"embeddable":true,"href":"https:\/\/agrovetazerbaijan.az\/ru\/wp-json\/wp\/v2\/media\/990140"}],"wp:attachment":[{"href":"https:\/\/agrovetazerbaijan.az\/ru\/wp-json\/wp\/v2\/media?parent=990123"}],"wp:term":[{"taxonomy":"product_brand","embeddable":true,"href":"https:\/\/agrovetazerbaijan.az\/ru\/wp-json\/wp\/v2\/product_brand?post=990123"},{"taxonomy":"product_cat","embeddable":true,"href":"https:\/\/agrovetazerbaijan.az\/ru\/wp-json\/wp\/v2\/product_cat?post=990123"},{"taxonomy":"product_tag","embeddable":true,"href":"https:\/\/agrovetazerbaijan.az\/ru\/wp-json\/wp\/v2\/product_tag?post=990123"}],"curies":[{"name":"WP","href":"https:\/\/api.w.org\/{rel}","templated":true}]}}