{"id":990117,"date":"2025-07-28T23:19:46","date_gmt":"2025-07-28T23:19:46","guid":{"rendered":"https:\/\/agrovetazerbaijan.az\/?post_type=product&#038;p=990117"},"modified":"2025-07-28T23:20:02","modified_gmt":"2025-07-28T23:20:02","slug":"l-lysine-hcl-99-safliqda-amin-tursusu-%c9%99lav%c9%99si","status":"publish","type":"product","link":"https:\/\/agrovetazerbaijan.az\/ru\/product\/l-lysine-hcl-99-safliqda-amin-tursusu-%c9%99lav%c9%99si\/","title":{"rendered":"L-\u043b\u0438\u0437\u0438\u043d \u0433\u0438\u0434\u0440\u043e\u0445\u043b\u043e\u0440\u0438\u0434 \u2013 \u0430\u043c\u0438\u043d\u043e\u043a\u0438\u0441\u043b\u043e\u0442\u043d\u0430\u044f \u0434\u043e\u0431\u0430\u0432\u043a\u0430 \u0447\u0438\u0441\u0442\u043e\u0442\u043e\u0439 99%"},"content":{"rendered":"<div class=\"vgblk-rw-wrapper limit-wrapper\">\n<h3 data-section-id=\"1481soc\" data-start=\"114\" data-end=\"170\"><strong data-start=\"118\" data-end=\"170\">L-\u043b\u0438\u0437\u0438\u043d \u0433\u0438\u0434\u0440\u043e\u0445\u043b\u043e\u0440\u0438\u0434 \u2013 \u0430\u043c\u0438\u043d\u043e\u043a\u0438\u0441\u043b\u043e\u0442\u043d\u0430\u044f \u0434\u043e\u0431\u0430\u0432\u043a\u0430 \u0447\u0438\u0441\u0442\u043e\u0442\u043e\u0439 99%<\/strong><\/h3>\n<hr data-start=\"172\" data-end=\"175\" \/>\n<h4 data-start=\"177\" data-end=\"196\"><strong data-start=\"182\" data-end=\"194\">\u0418\u043d\u0433\u0440\u0435\u0434\u0438\u0435\u043d\u0442\u044b:<\/strong><\/h4>\n<p data-start=\"197\" data-end=\"215\"><strong data-start=\"197\" data-end=\"215\">L-\u043b\u0438\u0437\u0438\u043d \u2013 99%<\/strong><\/p>\n<hr data-start=\"217\" data-end=\"220\" \/>\n<h4 data-start=\"222\" data-end=\"249\"><strong data-start=\"227\" data-end=\"247\">\u041e \u043f\u0440\u043e\u0434\u0443\u043a\u0442\u0435:<\/strong><\/h4>\n<p data-start=\"250\" data-end=\"386\"><strong data-start=\"250\" data-end=\"266\">L-\u043b\u0438\u0437\u0438\u043d HCl<\/strong>, \u0440\u0430\u0446\u0438\u043e\u043d \u0436\u0438\u0432\u043e\u0442\u043d\u044b\u0445 \u0438 \u043f\u0442\u0438\u0446 \u043d\u0435\u043e\u0431\u0445\u043e\u0434\u0438\u043c <strong data-start=\"304\" data-end=\"320\">\u0430\u043c\u0438\u043d\u043e\u043a\u0438\u0441\u043b\u043e\u0442\u0430<\/strong> \u0418\u0441\u043f\u043e\u043b\u044c\u0437\u0443\u0435\u0442\u0441\u044f \u0434\u043b\u044f \u043e\u0431\u043e\u0433\u0430\u0449\u0435\u043d\u0438\u044f. \u041f\u0440\u0438\u043c\u0435\u043d\u0435\u043d\u0438\u0435 \u044d\u0442\u043e\u0439 \u0434\u043e\u0431\u0430\u0432\u043a\u0438:<\/p>\n<ul data-start=\"388\" data-end=\"609\">\n<li data-start=\"388\" data-end=\"432\">\n<p data-start=\"390\" data-end=\"432\"><strong data-start=\"390\" data-end=\"418\">\u0414\u043b\u044f \u043f\u043e\u0432\u044b\u0448\u0435\u043d\u0438\u044f \u043f\u0440\u043e\u0438\u0437\u0432\u043e\u0434\u0438\u0442\u0435\u043b\u044c\u043d\u043e\u0441\u0442\u0438<\/strong> \u043f\u043e\u043c\u043e\u0433\u0430\u0435\u0442;<\/p>\n<\/li>\n<li data-start=\"433\" data-end=\"549\">\n<p data-start=\"435\" data-end=\"549\"><strong data-start=\"435\" data-end=\"482\">\u0423\u0441\u0432\u043e\u0435\u043d\u0438\u0435 \u043a\u0430\u043b\u044c\u0446\u0438\u044f, \u0444\u043e\u0441\u0444\u043e\u0440\u0430 \u0438 \u0436\u0435\u043b\u0435\u0437\u0430<\/strong> \u0443\u043b\u0443\u0447\u0448\u0435\u043d\u0438\u0435, <strong data-start=\"500\" data-end=\"546\">\u043e\u043a\u0430\u0437\u044b\u0432\u0430\u0435\u0442 \u043f\u043e\u043b\u043e\u0436\u0438\u0442\u0435\u043b\u044c\u043d\u043e\u0435 \u0432\u043b\u0438\u044f\u043d\u0438\u0435 \u043d\u0430 \u043c\u0438\u043d\u0435\u0440\u0430\u043b\u044c\u043d\u044b\u0439 \u043e\u0431\u043c\u0435\u043d<\/strong>;<\/p>\n<\/li>\n<li data-start=\"550\" data-end=\"609\">\n<p data-start=\"552\" data-end=\"609\"><strong data-start=\"552\" data-end=\"571\">\u0421\u0438\u043d\u0442\u0435\u0437 \u0431\u0435\u043b\u043a\u0430<\/strong> \u0438 <strong data-start=\"575\" data-end=\"596\">\u0440\u0430\u0437\u0432\u0438\u0442\u0438\u0435 \u0442\u043a\u0430\u043d\u0435\u0439<\/strong> \u043f\u043e\u0434\u0434\u0435\u0440\u0436\u0438\u0432\u0430\u0435\u0442.<\/p>\n<\/li>\n<\/ul>\n<hr data-start=\"611\" data-end=\"614\" \/>\n<h4 data-start=\"616\" data-end=\"644\"><strong data-start=\"621\" data-end=\"642\">\u0418\u043d\u0441\u0442\u0440\u0443\u043a\u0446\u0438\u044f \u043f\u043e \u043f\u0440\u0438\u043c\u0435\u043d\u0435\u043d\u0438\u044e:<\/strong><\/h4>\n<p data-start=\"645\" data-end=\"743\"><strong data-start=\"645\" data-end=\"664\">\u0414\u043e\u0437\u0438\u0440\u043e\u0432\u043a\u0430 \u0438\u0441\u043f\u043e\u043b\u044c\u0437\u043e\u0432\u0430\u043d\u0438\u044f<\/strong> \u0432\u0435\u0442\u0435\u0440\u0438\u043d\u0430\u0440 <strong data-start=\"682\" data-end=\"695\">\u043a \u0440\u0435\u0446\u0435\u043f\u0442\u0443<\/strong> \u0438 <strong data-start=\"699\" data-end=\"716\">\u043a \u0442\u0438\u043f\u0443 \u0436\u0438\u0432\u043e\u0442\u043d\u043e\u0433\u043e<\/strong> \u043e\u043f\u0440\u0435\u0434\u0435\u043b\u044f\u0435\u0442\u0441\u044f \u0441\u043e\u043e\u0442\u0432\u0435\u0442\u0441\u0442\u0432\u0443\u044e\u0449\u0438\u043c \u043e\u0431\u0440\u0430\u0437\u043e\u043c.<\/p>\n<hr data-start=\"745\" data-end=\"748\" \/>\n<h4 data-start=\"750\" data-end=\"773\"><strong data-start=\"755\" data-end=\"771\">\u0423\u043f\u0430\u043a\u043e\u0432\u043a\u0430:<\/strong><\/h4>\n<ul data-start=\"774\" data-end=\"800\">\n<li data-start=\"774\" data-end=\"800\">\n<p data-start=\"776\" data-end=\"800\"><strong data-start=\"776\" data-end=\"800\">25 \u043a\u0433 \u0431\u0443\u043c\u0430\u0436\u043d\u044b\u0439 \u043c\u0435\u0448\u043e\u043a<\/strong><\/p>\n<\/li>\n<\/ul>\n<h4 data-start=\"802\" data-end=\"824\"><strong data-start=\"807\" data-end=\"822\">\u0421\u0442\u0440\u0430\u043d\u0430 \u043f\u0440\u043e\u0438\u0441\u0445\u043e\u0436\u0434\u0435\u043d\u0438\u044f:<\/strong><\/h4>\n<ul data-start=\"825\" data-end=\"844\">\n<li data-start=\"825\" data-end=\"844\">\n<p data-start=\"827\" data-end=\"844\"><strong data-start=\"827\" data-end=\"844\">\u042e\u0436\u043d\u0430\u044f \u041a\u043e\u0440\u0435\u044f<\/strong><\/p>\n<\/li>\n<\/ul>\n<h4 data-start=\"846\" data-end=\"868\"><strong data-start=\"851\" data-end=\"866\">\u041f\u0440\u043e\u0438\u0437\u0432\u043e\u0434\u0438\u0442\u0435\u043b\u044c:<\/strong><\/h4>\n<ul data-start=\"869\" data-end=\"894\">\n<li data-start=\"869\" data-end=\"894\">\n<p data-start=\"871\" data-end=\"894\"><strong data-start=\"871\" data-end=\"894\">\u041a\u043e\u0440\u043f\u043e\u0440\u0430\u0446\u0438\u044f \u0414\u044d\u0441\u0430\u043d<\/strong><\/p>\n<\/li>\n<\/ul>\n<\/div>\n<p><!-- .vgblk-rw-wrapper --><\/p>","protected":false},"excerpt":{"rendered":"<p>L-Lysine HCl \u2013 99% Safl\u0131qda Amin Tur\u015fusu \u018flav\u0259si T\u0259rkibi: L-Lysine \u2013 99% M\u0259hsul haqq\u0131nda: L-Lysine HCl, heyvan v\u0259 qu\u015flar\u0131n rasionunu z\u0259ruri amin tur\u015fusu il\u0259 z\u0259nginl\u0259\u015fdirm\u0259k \u00fc\u00e7\u00fcn istifad\u0259 olunur. Bu \u0259lav\u0259nin istifad\u0259si: M\u0259hsuldarl\u0131\u011f\u0131n artmas\u0131na k\u00f6m\u0259k edir; Kalsium, fosfor v\u0259 d\u0259mirin m\u0259nims\u0259nilm\u0259sini yax\u015f\u0131la\u015fd\u0131raraq, mineral m\u00fcbadil\u0259sin\u0259 m\u00fcsb\u0259t t\u0259sir g\u00f6st\u0259rir; Z\u00fclal sintezini v\u0259 toxuma inki\u015faf\u0131n\u0131 d\u0259st\u0259kl\u0259yir. \u0130stifad\u0259 qaydas\u0131: \u0130stifad\u0259&#8230;<\/p>","protected":false},"featured_media":990118,"comment_status":"open","ping_status":"closed","template":"","meta":{"nf_dc_page":"","_monsterinsights_skip_tracking":false,"_monsterinsights_sitenote_active":false,"_monsterinsights_sitenote_note":"","_monsterinsights_sitenote_category":0},"product_brand":[],"product_cat":[160,239],"product_tag":[],"class_list":{"0":"post-990117","1":"product","2":"type-product","3":"status-publish","4":"has-post-thumbnail","6":"product_cat-nutrients","7":"product_cat-amin-tursulari","9":"first","10":"instock","11":"shipping-taxable","12":"product-type-simple"},"jetpack_sharing_enabled":true,"_links":{"self":[{"href":"https:\/\/agrovetazerbaijan.az\/ru\/wp-json\/wp\/v2\/product\/990117","targetHints":{"allow":["GET"]}}],"collection":[{"href":"https:\/\/agrovetazerbaijan.az\/ru\/wp-json\/wp\/v2\/product"}],"about":[{"href":"https:\/\/agrovetazerbaijan.az\/ru\/wp-json\/wp\/v2\/types\/product"}],"replies":[{"embeddable":true,"href":"https:\/\/agrovetazerbaijan.az\/ru\/wp-json\/wp\/v2\/comments?post=990117"}],"version-history":[{"count":1,"href":"https:\/\/agrovetazerbaijan.az\/ru\/wp-json\/wp\/v2\/product\/990117\/revisions"}],"predecessor-version":[{"id":990119,"href":"https:\/\/agrovetazerbaijan.az\/ru\/wp-json\/wp\/v2\/product\/990117\/revisions\/990119"}],"wp:featuredmedia":[{"embeddable":true,"href":"https:\/\/agrovetazerbaijan.az\/ru\/wp-json\/wp\/v2\/media\/990118"}],"wp:attachment":[{"href":"https:\/\/agrovetazerbaijan.az\/ru\/wp-json\/wp\/v2\/media?parent=990117"}],"wp:term":[{"taxonomy":"product_brand","embeddable":true,"href":"https:\/\/agrovetazerbaijan.az\/ru\/wp-json\/wp\/v2\/product_brand?post=990117"},{"taxonomy":"product_cat","embeddable":true,"href":"https:\/\/agrovetazerbaijan.az\/ru\/wp-json\/wp\/v2\/product_cat?post=990117"},{"taxonomy":"product_tag","embeddable":true,"href":"https:\/\/agrovetazerbaijan.az\/ru\/wp-json\/wp\/v2\/product_tag?post=990117"}],"curies":[{"name":"WP","href":"https:\/\/api.w.org\/{rel}","templated":true}]}}