{"id":990112,"date":"2025-07-28T00:35:57","date_gmt":"2025-07-28T00:35:57","guid":{"rendered":"https:\/\/agrovetazerbaijan.az\/?post_type=product&#038;p=990112"},"modified":"2025-07-28T00:36:18","modified_gmt":"2025-07-28T00:36:18","slug":"carnaval-premium-lavender-pisik-qumu","status":"publish","type":"product","link":"https:\/\/agrovetazerbaijan.az\/ru\/product\/carnaval-premium-lavender-pisik-qumu\/","title":{"rendered":"\u041d\u0430\u043f\u043e\u043b\u043d\u0438\u0442\u0435\u043b\u044c \u0434\u043b\u044f \u043a\u043e\u0448\u0430\u0447\u044c\u0435\u0433\u043e \u0442\u0443\u0430\u043b\u0435\u0442\u0430 Carnaval Premium Lavender"},"content":{"rendered":"<div class=\"vgblk-rw-wrapper limit-wrapper\">\n<h3 data-start=\"105\" data-end=\"147\">\u041d\u0430\u043f\u043e\u043b\u043d\u0438\u0442\u0435\u043b\u044c \u0434\u043b\u044f \u043a\u043e\u0448\u0430\u0447\u044c\u0435\u0433\u043e \u0442\u0443\u0430\u043b\u0435\u0442\u0430 Carnaval Premium Lavender<\/h3>\n<p data-start=\"148\" data-end=\"181\"><strong data-start=\"148\" data-end=\"181\">T\u0259miz v\u0259 Gigiyenik Pi\u015fik Qumu<\/strong><\/p>\n<p data-start=\"183\" data-end=\"441\">Carnaval Premium Pi\u015fik Qumu, inc\u0259 d\u0259n\u0259li bentonit gilind\u0259n haz\u0131rlanm\u0131\u015f y\u00fcks\u0259k topaqla\u015fma qabiliyy\u0259tin\u0259 malik gigiyenik pi\u015fik qumudur. Ki\u00e7ik d\u0259n\u0259l\u0259ri (0.6-2.25 mm) say\u0259sind\u0259 maye tullant\u0131lar\u0131 ki\u00e7ik topalara \u00e7evir\u0259r\u0259k pis qoxunun yay\u0131lmas\u0131n\u0131n qar\u015f\u0131s\u0131n\u0131 al\u0131r.<\/p>\n<p data-start=\"443\" data-end=\"555\">Qumun tez yay\u0131laraq topaqla\u015fan ki\u00e7ik d\u0259n\u0259l\u0259ri, pi\u015fikin h\u0259ssas p\u0259nc\u0259l\u0259rin\u0259 tam uy\u011fundur v\u0259 rahatl\u0131q t\u0259min edir.<\/p>\n<\/div>\n<p><!-- .vgblk-rw-wrapper --><\/p>","protected":false},"excerpt":{"rendered":"<p>Carnaval Premium Lavender Pi\u015fik Qumu T\u0259miz v\u0259 Gigiyenik Pi\u015fik Qumu Carnaval Premium Pi\u015fik Qumu, inc\u0259 d\u0259n\u0259li bentonit gilind\u0259n haz\u0131rlanm\u0131\u015f y\u00fcks\u0259k topaqla\u015fma qabiliyy\u0259tin\u0259 malik gigiyenik pi\u015fik qumudur. Ki\u00e7ik d\u0259n\u0259l\u0259ri (0.6-2.25 mm) say\u0259sind\u0259 maye tullant\u0131lar\u0131 ki\u00e7ik topalara \u00e7evir\u0259r\u0259k pis qoxunun yay\u0131lmas\u0131n\u0131n qar\u015f\u0131s\u0131n\u0131 al\u0131r. Qumun tez yay\u0131laraq topaqla\u015fan ki\u00e7ik d\u0259n\u0259l\u0259ri, pi\u015fikin h\u0259ssas p\u0259nc\u0259l\u0259rin\u0259 tam uy\u011fundur v\u0259 rahatl\u0131q t\u0259min&#8230;<\/p>","protected":false},"featured_media":990113,"comment_status":"open","ping_status":"closed","template":"","meta":{"nf_dc_page":"","_monsterinsights_skip_tracking":false,"_monsterinsights_sitenote_active":false,"_monsterinsights_sitenote_note":"","_monsterinsights_sitenote_category":0},"product_brand":[],"product_cat":[244,51,247],"product_tag":[],"class_list":{"0":"post-990112","1":"product","2":"type-product","3":"status-publish","4":"has-post-thumbnail","6":"product_cat-it-ve-pisik-mehsullari","7":"product_cat-cat","8":"product_cat-qum-ve-kosmetik-vasiteler","10":"first","11":"instock","12":"shipping-taxable","13":"product-type-simple"},"jetpack_sharing_enabled":true,"_links":{"self":[{"href":"https:\/\/agrovetazerbaijan.az\/ru\/wp-json\/wp\/v2\/product\/990112","targetHints":{"allow":["GET"]}}],"collection":[{"href":"https:\/\/agrovetazerbaijan.az\/ru\/wp-json\/wp\/v2\/product"}],"about":[{"href":"https:\/\/agrovetazerbaijan.az\/ru\/wp-json\/wp\/v2\/types\/product"}],"replies":[{"embeddable":true,"href":"https:\/\/agrovetazerbaijan.az\/ru\/wp-json\/wp\/v2\/comments?post=990112"}],"version-history":[{"count":1,"href":"https:\/\/agrovetazerbaijan.az\/ru\/wp-json\/wp\/v2\/product\/990112\/revisions"}],"predecessor-version":[{"id":990114,"href":"https:\/\/agrovetazerbaijan.az\/ru\/wp-json\/wp\/v2\/product\/990112\/revisions\/990114"}],"wp:featuredmedia":[{"embeddable":true,"href":"https:\/\/agrovetazerbaijan.az\/ru\/wp-json\/wp\/v2\/media\/990113"}],"wp:attachment":[{"href":"https:\/\/agrovetazerbaijan.az\/ru\/wp-json\/wp\/v2\/media?parent=990112"}],"wp:term":[{"taxonomy":"product_brand","embeddable":true,"href":"https:\/\/agrovetazerbaijan.az\/ru\/wp-json\/wp\/v2\/product_brand?post=990112"},{"taxonomy":"product_cat","embeddable":true,"href":"https:\/\/agrovetazerbaijan.az\/ru\/wp-json\/wp\/v2\/product_cat?post=990112"},{"taxonomy":"product_tag","embeddable":true,"href":"https:\/\/agrovetazerbaijan.az\/ru\/wp-json\/wp\/v2\/product_tag?post=990112"}],"curies":[{"name":"WP","href":"https:\/\/api.w.org\/{rel}","templated":true}]}}