{"id":990109,"date":"2025-07-28T00:34:24","date_gmt":"2025-07-28T00:34:24","guid":{"rendered":"https:\/\/agrovetazerbaijan.az\/?post_type=product&#038;p=990109"},"modified":"2025-07-28T00:34:44","modified_gmt":"2025-07-28T00:34:44","slug":"carnaval-premium-korp%c9%99-it-sud-tozu","status":"publish","type":"product","link":"https:\/\/agrovetazerbaijan.az\/ru\/product\/carnaval-premium-korp%c9%99-it-sud-tozu\/","title":{"rendered":"\u0421\u0443\u0445\u043e\u0435 \u043c\u043e\u043b\u043e\u043a\u043e \u0434\u043b\u044f \u0449\u0435\u043d\u043a\u043e\u0432 Carnaval Premium Baby"},"content":{"rendered":"<div class=\"vgblk-rw-wrapper limit-wrapper\">\n<h3 data-start=\"113\" data-end=\"153\">\u0421\u0443\u0445\u043e\u0435 \u043c\u043e\u043b\u043e\u043a\u043e \u0434\u043b\u044f \u0449\u0435\u043d\u043a\u043e\u0432 Carnaval Premium Baby<\/h3>\n<p data-start=\"154\" data-end=\"191\"><strong data-start=\"154\" data-end=\"191\">\u0414\u043e\u043f\u043e\u043b\u043d\u0438\u0442\u0435\u043b\u044c\u043d\u044b\u0439 \u043a\u043e\u0440\u043c \u0434\u043b\u044f \u0449\u0435\u043d\u043a\u043e\u0432<\/strong><\/p>\n<p data-start=\"193\" data-end=\"437\">\u0421\u0443\u0445\u043e\u0435 \u043c\u043e\u043b\u043e\u043a\u043e Carnaval Baby Dog Milk Powder \u2014 \u044d\u0442\u043e \u0441\u043f\u0435\u0446\u0438\u0430\u043b\u044c\u043d\u043e \u0440\u0430\u0437\u0440\u0430\u0431\u043e\u0442\u0430\u043d\u043d\u0430\u044f \u043c\u043e\u043b\u043e\u0447\u043d\u0430\u044f \u0441\u043c\u0435\u0441\u044c \u0434\u043b\u044f \u0449\u0435\u043d\u043a\u043e\u0432, \u0440\u0430\u043d\u043e \u0440\u0430\u0437\u043b\u0443\u0447\u0435\u043d\u043d\u044b\u0445 \u0441 \u043c\u0430\u0442\u0435\u0440\u044c\u044e \u0438\u043b\u0438 \u043e\u0441\u0442\u0430\u0432\u0448\u0438\u0445\u0441\u044f \u0441\u0438\u0440\u043e\u0442\u0430\u043c\u0438. \u041e\u043d\u043e \u0431\u043e\u0433\u0430\u0442\u043e \u043d\u0430\u0442\u0443\u0440\u0430\u043b\u044c\u043d\u044b\u043c\u0438 \u0432\u0438\u0442\u0430\u043c\u0438\u043d\u0430\u043c\u0438, \u043c\u0438\u043d\u0435\u0440\u0430\u043b\u0430\u043c\u0438 \u0438 \u0436\u0438\u0440\u0430\u043c\u0438, \u0441\u043e\u0434\u0435\u0440\u0436\u0430\u0449\u0438\u043c\u0438\u0441\u044f \u0432 \u043c\u0430\u0442\u0435\u0440\u0438\u043d\u0441\u043a\u043e\u043c \u043c\u043e\u043b\u043e\u043a\u0435, \u0447\u0442\u043e \u0443\u0434\u043e\u0432\u043b\u0435\u0442\u0432\u043e\u0440\u044f\u0435\u0442 \u0432\u0441\u0435 \u043f\u043e\u0442\u0440\u0435\u0431\u043d\u043e\u0441\u0442\u0438 \u0449\u0435\u043d\u043a\u043e\u0432 \u0432 \u043f\u0438\u0442\u0430\u0442\u0435\u043b\u044c\u043d\u044b\u0445 \u0432\u0435\u0449\u0435\u0441\u0442\u0432\u0430\u0445.<\/p>\n<p data-start=\"439\" data-end=\"496\"><strong data-start=\"439\" data-end=\"458\">\u041f\u043e\u0434\u0445\u043e\u0434\u044f\u0449\u0430\u044f \u0432\u043e\u0437\u0440\u0430\u0441\u0442\u043d\u0430\u044f \u0433\u0440\u0443\u043f\u043f\u0430:<\/strong> \u0418\u0434\u0435\u0430\u043b\u044c\u043d\u043e \u043f\u043e\u0434\u0445\u043e\u0434\u0438\u0442 \u0434\u043b\u044f \u0449\u0435\u043d\u043a\u043e\u0432 \u0432 \u0432\u043e\u0437\u0440\u0430\u0441\u0442\u0435 \u043e\u0442 1 \u0434\u043e 35 \u0434\u043d\u0435\u0439.<\/p>\n<p data-start=\"498\" data-end=\"626\">\u041f\u043e\u0441\u043a\u043e\u043b\u044c\u043a\u0443 \u044d\u0442\u043e \u0441\u0443\u0445\u043e\u0435 \u043c\u043e\u043b\u043e\u043a\u043e \u0441\u043e\u0434\u0435\u0440\u0436\u0438\u0442 \u0446\u0435\u043d\u043d\u044b\u0435 \u043f\u0438\u0442\u0430\u0442\u0435\u043b\u044c\u043d\u044b\u0435 \u0432\u0435\u0449\u0435\u0441\u0442\u0432\u0430, \u0435\u0433\u043e \u0442\u0430\u043a\u0436\u0435 \u043c\u043e\u0436\u043d\u043e \u0438\u0441\u043f\u043e\u043b\u044c\u0437\u043e\u0432\u0430\u0442\u044c \u0432 \u043f\u0438\u0442\u0430\u043d\u0438\u0438 \u0431\u0435\u0440\u0435\u043c\u0435\u043d\u043d\u044b\u0445 \u0438 \u043a\u043e\u0440\u043c\u044f\u0449\u0438\u0445 \u0441\u043e\u0431\u0430\u043a.<\/p>\n<p data-start=\"628\" data-end=\"644\"><strong data-start=\"628\" data-end=\"642\">\u041f\u0440\u0435\u0438\u043c\u0443\u0449\u0435\u0441\u0442\u0432\u0430:<\/strong><\/p>\n<ul data-start=\"645\" data-end=\"787\">\n<li data-start=\"645\" data-end=\"735\">\n<p data-start=\"647\" data-end=\"735\">\u0421\u043f\u043e\u0441\u043e\u0431\u0441\u0442\u0432\u0443\u0435\u0442 \u0437\u0434\u043e\u0440\u043e\u0432\u043e\u043c\u0443 \u0440\u0430\u0437\u0432\u0438\u0442\u0438\u044e \u0448\u0435\u0440\u0441\u0442\u0438 \u0438 \u043f\u0435\u0447\u0435\u043d\u0438 \u0431\u043b\u0430\u0433\u043e\u0434\u0430\u0440\u044f \u0431\u0438\u043e\u0442\u0438\u043d\u0443 \u0438 \u0444\u043e\u043b\u0438\u0435\u0432\u043e\u0439 \u043a\u0438\u0441\u043b\u043e\u0442\u0435.<\/p>\n<\/li>\n<li data-start=\"736\" data-end=\"787\">\n<p data-start=\"738\" data-end=\"787\">\u041e\u0431\u0435\u0441\u043f\u0435\u0447\u0438\u0432\u0430\u0435\u0442 \u043f\u043e\u043b\u043d\u043e\u0446\u0435\u043d\u043d\u043e\u0435 \u0438 \u0441\u0431\u0430\u043b\u0430\u043d\u0441\u0438\u0440\u043e\u0432\u0430\u043d\u043d\u043e\u0435 \u0440\u0430\u0437\u0432\u0438\u0442\u0438\u0435 \u0449\u0435\u043d\u043a\u0430.<\/p>\n<\/li>\n<\/ul>\n<\/div>\n<p><!-- .vgblk-rw-wrapper --><\/p>","protected":false},"excerpt":{"rendered":"<p>Carnaval Premium K\u00f6rp\u0259 \u0130t S\u00fcd Tozu K\u00f6rp\u0259 \u0130tl\u0259r \u00fc\u00e7\u00fcn Tamamlama Qidas\u0131 Carnaval K\u00f6rp\u0259 \u0130t S\u00fcd Tozu, analar\u0131ndan erk\u0259n ayr\u0131lm\u0131\u015f v\u0259 ya yetim qalm\u0131\u015f k\u00f6rp\u0259 itl\u0259r \u00fc\u00e7\u00fcn x\u00fcsusi haz\u0131rlanm\u0131\u015f s\u00fcd tozudur. Ana s\u00fcd\u00fcnd\u0259 olan t\u0259bii vitaminl\u0259r, minerallar v\u0259 ya\u011flarla z\u0259ngindir, k\u00f6rp\u0259 itl\u0259rin b\u00fct\u00fcn qida ehtiyaclar\u0131n\u0131 qar\u015f\u0131lay\u0131r. Uy\u011fun ya\u015f qrup: 1-35 g\u00fcnl\u00fck k\u00f6rp\u0259 itl\u0259r \u00fc\u00e7\u00fcn ideal. Bu&#8230;<\/p>","protected":false},"featured_media":990110,"comment_status":"open","ping_status":"closed","template":"","meta":{"nf_dc_page":"","_monsterinsights_skip_tracking":false,"_monsterinsights_sitenote_active":false,"_monsterinsights_sitenote_note":"","_monsterinsights_sitenote_category":0},"product_brand":[],"product_cat":[58,244,245],"product_tag":[],"class_list":{"0":"post-990109","1":"product","2":"type-product","3":"status-publish","4":"has-post-thumbnail","6":"product_cat-dog","7":"product_cat-it-ve-pisik-mehsullari","8":"product_cat-yemler","10":"first","11":"instock","12":"shipping-taxable","13":"product-type-simple"},"jetpack_sharing_enabled":true,"_links":{"self":[{"href":"https:\/\/agrovetazerbaijan.az\/ru\/wp-json\/wp\/v2\/product\/990109","targetHints":{"allow":["GET"]}}],"collection":[{"href":"https:\/\/agrovetazerbaijan.az\/ru\/wp-json\/wp\/v2\/product"}],"about":[{"href":"https:\/\/agrovetazerbaijan.az\/ru\/wp-json\/wp\/v2\/types\/product"}],"replies":[{"embeddable":true,"href":"https:\/\/agrovetazerbaijan.az\/ru\/wp-json\/wp\/v2\/comments?post=990109"}],"version-history":[{"count":1,"href":"https:\/\/agrovetazerbaijan.az\/ru\/wp-json\/wp\/v2\/product\/990109\/revisions"}],"predecessor-version":[{"id":990111,"href":"https:\/\/agrovetazerbaijan.az\/ru\/wp-json\/wp\/v2\/product\/990109\/revisions\/990111"}],"wp:featuredmedia":[{"embeddable":true,"href":"https:\/\/agrovetazerbaijan.az\/ru\/wp-json\/wp\/v2\/media\/990110"}],"wp:attachment":[{"href":"https:\/\/agrovetazerbaijan.az\/ru\/wp-json\/wp\/v2\/media?parent=990109"}],"wp:term":[{"taxonomy":"product_brand","embeddable":true,"href":"https:\/\/agrovetazerbaijan.az\/ru\/wp-json\/wp\/v2\/product_brand?post=990109"},{"taxonomy":"product_cat","embeddable":true,"href":"https:\/\/agrovetazerbaijan.az\/ru\/wp-json\/wp\/v2\/product_cat?post=990109"},{"taxonomy":"product_tag","embeddable":true,"href":"https:\/\/agrovetazerbaijan.az\/ru\/wp-json\/wp\/v2\/product_tag?post=990109"}],"curies":[{"name":"WP","href":"https:\/\/api.w.org\/{rel}","templated":true}]}}