{"id":990106,"date":"2025-07-28T00:32:12","date_gmt":"2025-07-28T00:32:12","guid":{"rendered":"https:\/\/agrovetazerbaijan.az\/?post_type=product&#038;p=990106"},"modified":"2025-07-28T00:32:33","modified_gmt":"2025-07-28T00:32:33","slug":"carnaval-premium-korp%c9%99-pisik-sud-tozu","status":"publish","type":"product","link":"https:\/\/agrovetazerbaijan.az\/ru\/product\/carnaval-premium-korp%c9%99-pisik-sud-tozu\/","title":{"rendered":"\u0421\u0443\u0445\u043e\u0435 \u043c\u043e\u043b\u043e\u043a\u043e \u0434\u043b\u044f \u043a\u043e\u0448\u0435\u043a Carnaval Premium Baby"},"content":{"rendered":"<div class=\"vgblk-rw-wrapper limit-wrapper\">\n<h3 data-start=\"138\" data-end=\"181\">\u0421\u0443\u0445\u043e\u0435 \u043c\u043e\u043b\u043e\u043a\u043e \u0434\u043b\u044f \u043a\u043e\u0448\u0435\u043a Carnaval Premium Baby<\/h3>\n<p data-start=\"182\" data-end=\"222\"><strong data-start=\"182\" data-end=\"222\">\u0414\u043e\u043f\u043e\u043b\u043d\u0438\u0442\u0435\u043b\u044c\u043d\u044b\u0439 \u043a\u043e\u0440\u043c \u0434\u043b\u044f \u043a\u043e\u0442\u044f\u0442<\/strong><\/p>\n<p data-start=\"224\" data-end=\"415\">Carnaval Baby Kitten Milk \u2014 \u044d\u0442\u043e \u043f\u0438\u0442\u0430\u0442\u0435\u043b\u044c\u043d\u0430\u044f \u0441\u043c\u0435\u0441\u044c, \u043f\u043e\u043b\u043d\u043e\u0441\u0442\u044c\u044e \u043f\u043e\u0434\u043e\u0431\u043d\u0430\u044f \u0433\u0440\u0443\u0434\u043d\u043e\u043c\u0443 \u043c\u043e\u043b\u043e\u043a\u0443, \u0441\u043f\u0435\u0446\u0438\u0430\u043b\u044c\u043d\u043e \u0440\u0430\u0437\u0440\u0430\u0431\u043e\u0442\u0430\u043d\u043d\u0430\u044f \u0434\u043b\u044f \u043a\u043e\u0442\u044f\u0442 \u0432 \u0432\u043e\u0437\u0440\u0430\u0441\u0442\u0435 35 \u0434\u043d\u0435\u0439. \u041e\u043d\u0430 \u0442\u0430\u043a\u0436\u0435 \u0440\u0435\u043a\u043e\u043c\u0435\u043d\u0434\u0443\u0435\u0442\u0441\u044f \u0431\u0435\u0440\u0435\u043c\u0435\u043d\u043d\u044b\u043c \u0438 \u043a\u043e\u0440\u043c\u044f\u0449\u0438\u043c \u043a\u043e\u0448\u043a\u0430\u043c.<\/p>\n<p data-start=\"417\" data-end=\"454\"><strong data-start=\"417\" data-end=\"452\">\u041f\u043e\u0447\u0435\u043c\u0443 \u043c\u043e\u043b\u043e\u043a\u043e \u0434\u043b\u044f \u043a\u043e\u0442\u044f\u0442 Carnaval Baby?<\/strong><\/p>\n<ul data-start=\"455\" data-end=\"833\">\n<li data-start=\"455\" data-end=\"521\">\n<p data-start=\"457\" data-end=\"521\">\u041e\u0431\u044b\u0447\u043d\u043e\u0435 \u043c\u043e\u043b\u043e\u043a\u043e \u043d\u0435 \u043f\u043e\u043b\u043d\u043e\u0441\u0442\u044c\u044e \u0443\u0434\u043e\u0432\u043b\u0435\u0442\u0432\u043e\u0440\u044f\u0435\u0442 \u043f\u043e\u0442\u0440\u0435\u0431\u043d\u043e\u0441\u0442\u0438 \u043a\u043e\u0442\u044f\u0442 \u0432 \u0431\u0435\u043b\u043a\u0430\u0445 \u0438 \u0436\u0438\u0440\u0430\u0445.<\/p>\n<\/li>\n<li data-start=\"522\" data-end=\"618\">\n<p data-start=\"524\" data-end=\"618\">\u041e\u0431\u0435\u0441\u043f\u0435\u0447\u0438\u0432\u0430\u0435\u0442 \u043f\u043e\u043b\u043d\u043e\u0446\u0435\u043d\u043d\u043e\u0435 \u0438 \u0437\u0434\u043e\u0440\u043e\u0432\u043e\u0435 \u0440\u0430\u0437\u0432\u0438\u0442\u0438\u0435 \u0431\u043b\u0430\u0433\u043e\u0434\u0430\u0440\u044f \u0438\u0434\u0435\u0430\u043b\u044c\u043d\u043e\u043c\u0443 \u0431\u0430\u043b\u0430\u043d\u0441\u0443 \u0432\u0438\u0442\u0430\u043c\u0438\u043d\u043e\u0432, \u043c\u0438\u043d\u0435\u0440\u0430\u043b\u043e\u0432 \u0438 \u043d\u0430\u0442\u0443\u0440\u0430\u043b\u044c\u043d\u044b\u0445 \u043c\u0430\u0441\u0435\u043b.<\/p>\n<\/li>\n<li data-start=\"619\" data-end=\"741\">\n<p data-start=\"621\" data-end=\"741\">\u041e\u0431\u043e\u0433\u0430\u0449\u0435\u043d\u043d\u044b\u0439 \u0442\u0430\u0443\u0440\u0438\u043d\u043e\u043c, \u043e\u043d \u043f\u043e\u0434\u0434\u0435\u0440\u0436\u0438\u0432\u0430\u0435\u0442 \u0437\u0434\u043e\u0440\u043e\u0432\u044c\u0435 \u0433\u043b\u0430\u0437 \u0438 \u0441\u0435\u0440\u0434\u0446\u0430 (\u043e\u0440\u0433\u0430\u043d\u0438\u0437\u043c\u044b \u043a\u043e\u0442\u044f\u0442 \u043d\u0435 \u0432\u044b\u0440\u0430\u0431\u0430\u0442\u044b\u0432\u0430\u044e\u0442 \u0442\u0430\u0443\u0440\u0438\u043d).<\/p>\n<\/li>\n<li data-start=\"742\" data-end=\"833\">\n<p data-start=\"744\" data-end=\"833\">\u0423\u043a\u0440\u0435\u043f\u043b\u044f\u0435\u0442 \u0437\u0434\u043e\u0440\u043e\u0432\u044c\u0435 \u043a\u043e\u0436\u0438, \u0448\u0435\u0440\u0441\u0442\u0438 \u0438 \u043f\u0435\u0447\u0435\u043d\u0438 \u0431\u043b\u0430\u0433\u043e\u0434\u0430\u0440\u044f \u0441\u043e\u0434\u0435\u0440\u0436\u0430\u043d\u0438\u044e \u0431\u0438\u043e\u0442\u0438\u043d\u0430 \u0438 \u0444\u043e\u043b\u0438\u0435\u0432\u043e\u0439 \u043a\u0438\u0441\u043b\u043e\u0442\u044b.<\/p>\n<\/li>\n<\/ul>\n<\/div>\n<p><!-- .vgblk-rw-wrapper --><\/p>","protected":false},"excerpt":{"rendered":"<p>Carnaval Premium K\u00f6rp\u0259 Pi\u015fik S\u00fcd Tozu K\u00f6rp\u0259 Pi\u015fikl\u0259r \u00fc\u00e7\u00fcn Tamamlama Qidas\u0131 Carnaval K\u00f6rp\u0259 Pi\u015fik S\u00fcd\u00fc 35 g\u00fcnl\u00fck k\u00f6rp\u0259 pi\u015fikl\u0259r \u00fc\u00e7\u00fcn x\u00fcsusi haz\u0131rlanm\u0131\u015f tamamil\u0259 ana s\u00fcd\u00fcn\u0259 b\u0259nz\u0259r qida formuluudur. Hamil\u0259 v\u0259 s\u00fcd ver\u0259n ana pi\u015fikl\u0259r \u00fc\u00e7\u00fcn d\u0259 istifad\u0259 olunmas\u0131 m\u0259sl\u0259h\u0259tdir. Niy\u0259 Carnaval K\u00f6rp\u0259 Pi\u015fik S\u00fcd\u00fc? Adi s\u00fcd k\u00f6rp\u0259 pi\u015fikl\u0259rin protein v\u0259 ya\u011f t\u0259l\u0259bat\u0131n\u0131 tam \u00f6d\u0259m\u0259z. Vitaminl\u0259r,&#8230;<\/p>","protected":false},"featured_media":990107,"comment_status":"open","ping_status":"closed","template":"","meta":{"nf_dc_page":"","_monsterinsights_skip_tracking":false,"_monsterinsights_sitenote_active":false,"_monsterinsights_sitenote_note":"","_monsterinsights_sitenote_category":0},"product_brand":[],"product_cat":[244,51,245],"product_tag":[],"class_list":{"0":"post-990106","1":"product","2":"type-product","3":"status-publish","4":"has-post-thumbnail","6":"product_cat-it-ve-pisik-mehsullari","7":"product_cat-cat","8":"product_cat-yemler","10":"first","11":"instock","12":"shipping-taxable","13":"product-type-simple"},"jetpack_sharing_enabled":true,"_links":{"self":[{"href":"https:\/\/agrovetazerbaijan.az\/ru\/wp-json\/wp\/v2\/product\/990106","targetHints":{"allow":["GET"]}}],"collection":[{"href":"https:\/\/agrovetazerbaijan.az\/ru\/wp-json\/wp\/v2\/product"}],"about":[{"href":"https:\/\/agrovetazerbaijan.az\/ru\/wp-json\/wp\/v2\/types\/product"}],"replies":[{"embeddable":true,"href":"https:\/\/agrovetazerbaijan.az\/ru\/wp-json\/wp\/v2\/comments?post=990106"}],"version-history":[{"count":1,"href":"https:\/\/agrovetazerbaijan.az\/ru\/wp-json\/wp\/v2\/product\/990106\/revisions"}],"predecessor-version":[{"id":990108,"href":"https:\/\/agrovetazerbaijan.az\/ru\/wp-json\/wp\/v2\/product\/990106\/revisions\/990108"}],"wp:featuredmedia":[{"embeddable":true,"href":"https:\/\/agrovetazerbaijan.az\/ru\/wp-json\/wp\/v2\/media\/990107"}],"wp:attachment":[{"href":"https:\/\/agrovetazerbaijan.az\/ru\/wp-json\/wp\/v2\/media?parent=990106"}],"wp:term":[{"taxonomy":"product_brand","embeddable":true,"href":"https:\/\/agrovetazerbaijan.az\/ru\/wp-json\/wp\/v2\/product_brand?post=990106"},{"taxonomy":"product_cat","embeddable":true,"href":"https:\/\/agrovetazerbaijan.az\/ru\/wp-json\/wp\/v2\/product_cat?post=990106"},{"taxonomy":"product_tag","embeddable":true,"href":"https:\/\/agrovetazerbaijan.az\/ru\/wp-json\/wp\/v2\/product_tag?post=990106"}],"curies":[{"name":"WP","href":"https:\/\/api.w.org\/{rel}","templated":true}]}}