{"id":990100,"date":"2025-07-28T00:28:05","date_gmt":"2025-07-28T00:28:05","guid":{"rendered":"https:\/\/agrovetazerbaijan.az\/?post_type=product&#038;p=990100"},"modified":"2025-07-28T00:28:25","modified_gmt":"2025-07-28T00:28:25","slug":"carnaval-premium-boyuk-itl%c9%99r-ucun-yem-%c9%99tli-mal-%c9%99ti-il%c9%99","status":"publish","type":"product","link":"https:\/\/agrovetazerbaijan.az\/ru\/product\/carnaval-premium-boyuk-itl%c9%99r-ucun-yem-%c9%99tli-mal-%c9%99ti-il%c9%99\/","title":{"rendered":"\u041a\u043e\u0440\u043c \u043f\u0440\u0435\u043c\u0438\u0443\u043c-\u043a\u043b\u0430\u0441\u0441\u0430 Carnaval \u0434\u043b\u044f \u043a\u0440\u0443\u043f\u043d\u044b\u0445 \u0441\u043e\u0431\u0430\u043a \u2013 \u043c\u044f\u0441\u043d\u043e\u0439 (\u0441 \u0433\u043e\u0432\u044f\u0434\u0438\u043d\u043e\u0439)"},"content":{"rendered":"<div class=\"vgblk-rw-wrapper limit-wrapper\">\n<h3 data-start=\"112\" data-end=\"178\">\u041a\u043e\u0440\u043c \u043f\u0440\u0435\u043c\u0438\u0443\u043c-\u043a\u043b\u0430\u0441\u0441\u0430 Carnaval \u0434\u043b\u044f \u043a\u0440\u0443\u043f\u043d\u044b\u0445 \u0441\u043e\u0431\u0430\u043a \u2013 <strong data-start=\"156\" data-end=\"178\">\u041c\u044f\u0441\u043d\u043e\u0439 (\u0441 \u0433\u043e\u0432\u044f\u0434\u0438\u043d\u043e\u0439)<\/strong><\/h3>\n<p data-start=\"180\" data-end=\"381\"><strong data-start=\"180\" data-end=\"221\">\u041f\u0440\u0435\u043c\u0438\u0430\u043b\u044c\u043d\u044b\u0439 \u043a\u043e\u0440\u043c \u0434\u043b\u044f \u0432\u0437\u0440\u043e\u0441\u043b\u044b\u0445 Carnaval \u0441 \u0433\u043e\u0432\u044f\u0434\u0438\u043d\u043e\u0439<\/strong> \u2013 \u0441\u0431\u0430\u043b\u0430\u043d\u0441\u0438\u0440\u043e\u0432\u0430\u043d\u043d\u044b\u0439, \u043e\u0431\u043e\u0433\u0430\u0449\u0451\u043d\u043d\u044b\u0439 \u0432\u0438\u0442\u0430\u043c\u0438\u043d\u0430\u043c\u0438 \u0432\u043b\u0430\u0436\u043d\u044b\u0439 \u043a\u043e\u0440\u043c \u0434\u043b\u044f \u0441\u043e\u0431\u0430\u043a, \u0441\u043e\u0434\u0435\u0440\u0436\u0430\u0449\u0438\u0439 \u043d\u0435 \u043c\u0435\u043d\u0435\u0435 41% \u0433\u043e\u0432\u044f\u0434\u0438\u043d\u044b. \u041e\u0431\u0435\u0441\u043f\u0435\u0447\u0438\u0432\u0430\u0435\u0442 \u043e\u043f\u0442\u0438\u043c\u0430\u043b\u044c\u043d\u043e\u0435 \u043f\u0438\u0442\u0430\u043d\u0438\u0435 \u0434\u043b\u044f \u0437\u0434\u043e\u0440\u043e\u0432\u044c\u044f \u0438 \u044d\u043d\u0435\u0440\u0433\u0438\u0438 \u0432\u0430\u0448\u0435\u0439 \u0441\u043e\u0431\u0430\u043a\u0438.<\/p>\n<h4 data-start=\"383\" data-end=\"399\">\ud83e\udd69 \u0418\u043d\u0433\u0440\u0435\u0434\u0438\u0435\u043d\u0442\u044b:<\/h4>\n<ul data-start=\"400\" data-end=\"505\">\n<li data-start=\"400\" data-end=\"443\">\n<p data-start=\"402\" data-end=\"443\">\u041c\u044f\u0441\u043e \u0438 \u043c\u044f\u0441\u043d\u044b\u0435 \u043f\u0440\u043e\u0434\u0443\u043a\u0442\u044b (\u043d\u0435 \u043c\u0435\u043d\u0435\u0435 4% \u0433\u043e\u0432\u044f\u0434\u0438\u043d\u044b)<\/p>\n<\/li>\n<li data-start=\"444\" data-end=\"471\">\n<p data-start=\"446\" data-end=\"471\">\u0420\u0430\u0441\u0442\u0438\u0442\u0435\u043b\u044c\u043d\u044b\u0435 \u043f\u0440\u043e\u0434\u0443\u043a\u0442\u044b<\/p>\n<\/li>\n<li data-start=\"472\" data-end=\"505\">\n<p data-start=\"474\" data-end=\"505\">\u041c\u0438\u043d\u0435\u0440\u0430\u043b\u044b \u0438 \u0432\u0438\u0442\u0430\u043c\u0438\u043d\u043d\u044b\u0435 \u0434\u043e\u0431\u0430\u0432\u043a\u0438<\/p>\n<\/li>\n<\/ul>\n<h4 data-start=\"507\" data-end=\"531\">\ud83d\udd2c \u0410\u043d\u0430\u043b\u0438\u0442\u0438\u0447\u0435\u0441\u043a\u0438\u0439 \u0441\u043e\u0441\u0442\u0430\u0432:<\/h4>\n<ul data-start=\"532\" data-end=\"626\">\n<li data-start=\"532\" data-end=\"551\">\n<p data-start=\"534\" data-end=\"551\"><strong data-start=\"534\" data-end=\"544\">\u0411\u0435\u043b\u043e\u043a:<\/strong> 7.0%<\/p>\n<\/li>\n<li data-start=\"552\" data-end=\"569\">\n<p data-start=\"554\" data-end=\"569\"><strong data-start=\"554\" data-end=\"562\">\u041c\u0430\u0441\u043b\u043e:<\/strong> 3.0%<\/p>\n<\/li>\n<li data-start=\"570\" data-end=\"587\">\n<p data-start=\"572\" data-end=\"587\"><strong data-start=\"572\" data-end=\"580\">\u0412\u043e\u043b\u043e\u043a\u043d\u043e:<\/strong> 0.4%<\/p>\n<\/li>\n<li data-start=\"588\" data-end=\"605\">\n<p data-start=\"590\" data-end=\"605\"><strong data-start=\"590\" data-end=\"598\">\u041f\u0435\u043f\u0435\u043b:<\/strong> 3.0%<\/p>\n<\/li>\n<li data-start=\"606\" data-end=\"626\">\n<p data-start=\"608\" data-end=\"626\"><strong data-start=\"608\" data-end=\"620\">\u0412\u043b\u0430\u0436\u043d\u043e\u0441\u0442\u044c:<\/strong> 82.0%<\/p>\n<\/li>\n<\/ul>\n<hr data-start=\"628\" data-end=\"631\" \/>\n<p data-start=\"633\" data-end=\"719\">\u042d\u0442\u043e\u0442 \u043a\u043e\u0440\u043c \u043e\u0431\u0435\u0441\u043f\u0435\u0447\u0438\u0442 \u0432\u0430\u0448\u0443 \u0441\u043e\u0431\u0430\u043a\u0443 \u043f\u0438\u0442\u0430\u0442\u0435\u043b\u044c\u043d\u044b\u043c\u0438 \u0432\u0435\u0449\u0435\u0441\u0442\u0432\u0430\u043c\u0438, \u043d\u0435\u043e\u0431\u0445\u043e\u0434\u0438\u043c\u044b\u043c\u0438 \u0434\u043b\u044f \u0437\u0434\u043e\u0440\u043e\u0432\u043e\u0433\u043e \u0440\u043e\u0441\u0442\u0430 \u0438 \u0430\u043a\u0442\u0438\u0432\u043d\u043e\u0433\u043e \u043e\u0431\u0440\u0430\u0437\u0430 \u0436\u0438\u0437\u043d\u0438.<\/p>\n<\/div>\n<p><!-- .vgblk-rw-wrapper --><\/p>","protected":false},"excerpt":{"rendered":"<p>Carnaval Premium B\u00f6y\u00fck \u0130tl\u0259r \u00fc\u00e7\u00fcn Yem \u2013 \u018ftli (Mal \u0259ti il\u0259) Carnaval Premium Adult Food with Beef \u2013 \u0259n az\u0131 4% mal \u0259ti t\u0259rkibli, balansla\u015fd\u0131r\u0131lm\u0131\u015f v\u0259 vitaminl\u0259rl\u0259 z\u0259nginl\u0259\u015fdirilmi\u015f ya\u015f it yemidir. \u0130tinizin sa\u011flaml\u0131\u011f\u0131 v\u0259 enerjisi \u00fc\u00e7\u00fcn optimal qida t\u0259min edir. \ud83e\udd69 T\u0259rkibi: \u018ft v\u0259 \u0259t m\u0259hsullar\u0131 (\u0259n az\u0131 4% mal \u0259ti) Bitki m\u0259n\u015f\u0259li m\u0259hsullar Minerallar&#8230;<\/p>","protected":false},"featured_media":990101,"comment_status":"open","ping_status":"closed","template":"","meta":{"nf_dc_page":"","_monsterinsights_skip_tracking":false,"_monsterinsights_sitenote_active":false,"_monsterinsights_sitenote_note":"","_monsterinsights_sitenote_category":0},"product_brand":[],"product_cat":[244,58,245],"product_tag":[],"class_list":{"0":"post-990100","1":"product","2":"type-product","3":"status-publish","4":"has-post-thumbnail","6":"product_cat-it-ve-pisik-mehsullari","7":"product_cat-dog","8":"product_cat-yemler","10":"first","11":"instock","12":"shipping-taxable","13":"product-type-simple"},"jetpack_sharing_enabled":true,"_links":{"self":[{"href":"https:\/\/agrovetazerbaijan.az\/ru\/wp-json\/wp\/v2\/product\/990100","targetHints":{"allow":["GET"]}}],"collection":[{"href":"https:\/\/agrovetazerbaijan.az\/ru\/wp-json\/wp\/v2\/product"}],"about":[{"href":"https:\/\/agrovetazerbaijan.az\/ru\/wp-json\/wp\/v2\/types\/product"}],"replies":[{"embeddable":true,"href":"https:\/\/agrovetazerbaijan.az\/ru\/wp-json\/wp\/v2\/comments?post=990100"}],"version-history":[{"count":1,"href":"https:\/\/agrovetazerbaijan.az\/ru\/wp-json\/wp\/v2\/product\/990100\/revisions"}],"predecessor-version":[{"id":990102,"href":"https:\/\/agrovetazerbaijan.az\/ru\/wp-json\/wp\/v2\/product\/990100\/revisions\/990102"}],"wp:featuredmedia":[{"embeddable":true,"href":"https:\/\/agrovetazerbaijan.az\/ru\/wp-json\/wp\/v2\/media\/990101"}],"wp:attachment":[{"href":"https:\/\/agrovetazerbaijan.az\/ru\/wp-json\/wp\/v2\/media?parent=990100"}],"wp:term":[{"taxonomy":"product_brand","embeddable":true,"href":"https:\/\/agrovetazerbaijan.az\/ru\/wp-json\/wp\/v2\/product_brand?post=990100"},{"taxonomy":"product_cat","embeddable":true,"href":"https:\/\/agrovetazerbaijan.az\/ru\/wp-json\/wp\/v2\/product_cat?post=990100"},{"taxonomy":"product_tag","embeddable":true,"href":"https:\/\/agrovetazerbaijan.az\/ru\/wp-json\/wp\/v2\/product_tag?post=990100"}],"curies":[{"name":"WP","href":"https:\/\/api.w.org\/{rel}","templated":true}]}}