{"id":990097,"date":"2025-07-28T00:26:25","date_gmt":"2025-07-28T00:26:25","guid":{"rendered":"https:\/\/agrovetazerbaijan.az\/?post_type=product&#038;p=990097"},"modified":"2025-07-28T00:26:46","modified_gmt":"2025-07-28T00:26:46","slug":"carnaval-premium-boyuk-itl%c9%99r-ucun-yem-quzu-%c9%99ti-il%c9%99","status":"publish","type":"product","link":"https:\/\/agrovetazerbaijan.az\/ru\/product\/carnaval-premium-boyuk-itl%c9%99r-ucun-yem-quzu-%c9%99ti-il%c9%99\/","title":{"rendered":"\u041a\u043e\u0440\u043c \u043f\u0440\u0435\u043c\u0438\u0443\u043c-\u043a\u043b\u0430\u0441\u0441\u0430 Carnaval \u0434\u043b\u044f \u043a\u0440\u0443\u043f\u043d\u044b\u0445 \u0441\u043e\u0431\u0430\u043a \u2013 \u0441 \u044f\u0433\u043d\u0435\u043d\u043a\u043e\u043c"},"content":{"rendered":"<div class=\"vgblk-rw-wrapper limit-wrapper\">\n<h3 data-start=\"112\" data-end=\"172\">\u041a\u043e\u0440\u043c \u043f\u0440\u0435\u043c\u0438\u0443\u043c-\u043a\u043b\u0430\u0441\u0441\u0430 Carnaval \u0434\u043b\u044f \u043a\u0440\u0443\u043f\u043d\u044b\u0445 \u0441\u043e\u0431\u0430\u043a \u2013 <strong data-start=\"156\" data-end=\"172\">\u0421 \u0431\u0430\u0440\u0430\u043d\u0438\u043d\u043e\u0439<\/strong><\/h3>\n<p data-start=\"174\" data-end=\"368\"><strong data-start=\"174\" data-end=\"215\">\u041f\u0440\u0435\u043c\u0438\u0430\u043b\u044c\u043d\u044b\u0439 \u043a\u043e\u0440\u043c \u0434\u043b\u044f \u0432\u0437\u0440\u043e\u0441\u043b\u044b\u0445 Carnaval \u0441 \u044f\u0433\u043d\u0435\u043d\u043a\u043e\u043c<\/strong> \u2013 \u0441\u0431\u0430\u043b\u0430\u043d\u0441\u0438\u0440\u043e\u0432\u0430\u043d\u043d\u044b\u0439 \u0438 \u043e\u0431\u043e\u0433\u0430\u0449\u0451\u043d\u043d\u044b\u0439 \u0432\u0438\u0442\u0430\u043c\u0438\u043d\u0430\u043c\u0438 \u0432\u043b\u0430\u0436\u043d\u044b\u0439 \u043a\u043e\u0440\u043c \u0434\u043b\u044f \u0441\u043e\u0431\u0430\u043a \u0441 \u0441\u043e\u0434\u0435\u0440\u0436\u0430\u043d\u0438\u0435\u043c \u044f\u0433\u043d\u0451\u043d\u043a\u0430 \u043d\u0435 \u043c\u0435\u043d\u0435\u0435 41%. \u041e\u0431\u0435\u0441\u043f\u0435\u0447\u0438\u0432\u0430\u0435\u0442 \u0438\u0434\u0435\u0430\u043b\u044c\u043d\u043e\u0435 \u043f\u0438\u0442\u0430\u043d\u0438\u0435 \u0434\u043b\u044f \u0437\u0434\u043e\u0440\u043e\u0432\u043e\u0433\u043e \u0438 \u044d\u043d\u0435\u0440\u0433\u0438\u0447\u043d\u043e\u0433\u043e \u0440\u043e\u0441\u0442\u0430.<\/p>\n<h4 data-start=\"370\" data-end=\"386\">\ud83d\udc11 \u0418\u043d\u0433\u0440\u0435\u0434\u0438\u0435\u043d\u0442\u044b:<\/h4>\n<ul data-start=\"387\" data-end=\"493\">\n<li data-start=\"387\" data-end=\"431\">\n<p data-start=\"389\" data-end=\"431\">\u041c\u044f\u0441\u043e \u0438 \u043c\u044f\u0441\u043d\u044b\u0435 \u043f\u0440\u043e\u0434\u0443\u043a\u0442\u044b (\u043d\u0435 \u043c\u0435\u043d\u0435\u0435 4% \u0431\u0430\u0440\u0430\u043d\u0438\u043d\u044b)<\/p>\n<\/li>\n<li data-start=\"432\" data-end=\"459\">\n<p data-start=\"434\" data-end=\"459\">\u0420\u0430\u0441\u0442\u0438\u0442\u0435\u043b\u044c\u043d\u044b\u0435 \u043f\u0440\u043e\u0434\u0443\u043a\u0442\u044b<\/p>\n<\/li>\n<li data-start=\"460\" data-end=\"493\">\n<p data-start=\"462\" data-end=\"493\">\u041c\u0438\u043d\u0435\u0440\u0430\u043b\u044b \u0438 \u0432\u0438\u0442\u0430\u043c\u0438\u043d\u043d\u044b\u0435 \u0434\u043e\u0431\u0430\u0432\u043a\u0438<\/p>\n<\/li>\n<\/ul>\n<h4 data-start=\"495\" data-end=\"519\">\ud83d\udd2c \u0410\u043d\u0430\u043b\u0438\u0442\u0438\u0447\u0435\u0441\u043a\u0438\u0439 \u0441\u043e\u0441\u0442\u0430\u0432:<\/h4>\n<ul data-start=\"520\" data-end=\"614\">\n<li data-start=\"520\" data-end=\"539\">\n<p data-start=\"522\" data-end=\"539\"><strong data-start=\"522\" data-end=\"532\">\u0411\u0435\u043b\u043e\u043a:<\/strong> 7.0%<\/p>\n<\/li>\n<li data-start=\"540\" data-end=\"557\">\n<p data-start=\"542\" data-end=\"557\"><strong data-start=\"542\" data-end=\"550\">\u041c\u0430\u0441\u043b\u043e:<\/strong> 3.0%<\/p>\n<\/li>\n<li data-start=\"558\" data-end=\"575\">\n<p data-start=\"560\" data-end=\"575\"><strong data-start=\"560\" data-end=\"568\">\u0412\u043e\u043b\u043e\u043a\u043d\u043e:<\/strong> 0.4%<\/p>\n<\/li>\n<li data-start=\"576\" data-end=\"593\">\n<p data-start=\"578\" data-end=\"593\"><strong data-start=\"578\" data-end=\"586\">\u041f\u0435\u043f\u0435\u043b:<\/strong> 3.0%<\/p>\n<\/li>\n<li data-start=\"594\" data-end=\"614\">\n<p data-start=\"596\" data-end=\"614\"><strong data-start=\"596\" data-end=\"608\">\u0412\u043b\u0430\u0436\u043d\u043e\u0441\u0442\u044c:<\/strong> 82.0%<\/p>\n<\/li>\n<\/ul>\n<hr data-start=\"616\" data-end=\"619\" \/>\n<p data-start=\"621\" data-end=\"712\">\u042d\u0442\u043e\u0442 \u043a\u043e\u0440\u043c \u043f\u043e\u043c\u043e\u0433\u0430\u0435\u0442 \u0432\u0430\u0448\u0435\u0439 \u0441\u043e\u0431\u0430\u043a\u0435 \u043e\u0441\u0442\u0430\u0432\u0430\u0442\u044c\u0441\u044f \u0437\u0434\u043e\u0440\u043e\u0432\u043e\u0439 \u0438 \u0441\u0438\u043b\u044c\u043d\u043e\u0439, \u0443\u0434\u043e\u0432\u043b\u0435\u0442\u0432\u043e\u0440\u044f\u044f \u0435\u0435 \u0435\u0436\u0435\u0434\u043d\u0435\u0432\u043d\u044b\u0435 \u043f\u043e\u0442\u0440\u0435\u0431\u043d\u043e\u0441\u0442\u0438.<\/p>\n<\/div>\n<p><!-- .vgblk-rw-wrapper --><\/p>","protected":false},"excerpt":{"rendered":"<p>Carnaval Premium B\u00f6y\u00fck \u0130tl\u0259r \u00fc\u00e7\u00fcn Yem \u2013 Quzu \u018fti il\u0259 Carnaval Premium Adult Food with Lamb \u2013 \u0259n az\u0131 4% quzu \u0259ti t\u0259rkibli, balansla\u015fd\u0131r\u0131lm\u0131\u015f v\u0259 vitaminl\u0259rl\u0259 z\u0259nginl\u0259\u015fdirilmi\u015f ya\u015f it yemidir. Sa\u011flam v\u0259 enerjili b\u00f6y\u00fcm\u0259 \u00fc\u00e7\u00fcn ideal qida t\u0259min edir. \ud83d\udc11 T\u0259rkibi: \u018ft v\u0259 \u0259t m\u0259hsullar\u0131 (\u0259n az\u0131 4% quzu \u0259ti) Bitki m\u0259n\u015f\u0259li m\u0259hsullar Minerallar v\u0259&#8230;<\/p>","protected":false},"featured_media":990098,"comment_status":"open","ping_status":"closed","template":"","meta":{"nf_dc_page":"","_monsterinsights_skip_tracking":false,"_monsterinsights_sitenote_active":false,"_monsterinsights_sitenote_note":"","_monsterinsights_sitenote_category":0},"product_brand":[],"product_cat":[244,58,245],"product_tag":[],"class_list":{"0":"post-990097","1":"product","2":"type-product","3":"status-publish","4":"has-post-thumbnail","6":"product_cat-it-ve-pisik-mehsullari","7":"product_cat-dog","8":"product_cat-yemler","10":"first","11":"instock","12":"shipping-taxable","13":"product-type-simple"},"jetpack_sharing_enabled":true,"_links":{"self":[{"href":"https:\/\/agrovetazerbaijan.az\/ru\/wp-json\/wp\/v2\/product\/990097","targetHints":{"allow":["GET"]}}],"collection":[{"href":"https:\/\/agrovetazerbaijan.az\/ru\/wp-json\/wp\/v2\/product"}],"about":[{"href":"https:\/\/agrovetazerbaijan.az\/ru\/wp-json\/wp\/v2\/types\/product"}],"replies":[{"embeddable":true,"href":"https:\/\/agrovetazerbaijan.az\/ru\/wp-json\/wp\/v2\/comments?post=990097"}],"version-history":[{"count":1,"href":"https:\/\/agrovetazerbaijan.az\/ru\/wp-json\/wp\/v2\/product\/990097\/revisions"}],"predecessor-version":[{"id":990099,"href":"https:\/\/agrovetazerbaijan.az\/ru\/wp-json\/wp\/v2\/product\/990097\/revisions\/990099"}],"wp:featuredmedia":[{"embeddable":true,"href":"https:\/\/agrovetazerbaijan.az\/ru\/wp-json\/wp\/v2\/media\/990098"}],"wp:attachment":[{"href":"https:\/\/agrovetazerbaijan.az\/ru\/wp-json\/wp\/v2\/media?parent=990097"}],"wp:term":[{"taxonomy":"product_brand","embeddable":true,"href":"https:\/\/agrovetazerbaijan.az\/ru\/wp-json\/wp\/v2\/product_brand?post=990097"},{"taxonomy":"product_cat","embeddable":true,"href":"https:\/\/agrovetazerbaijan.az\/ru\/wp-json\/wp\/v2\/product_cat?post=990097"},{"taxonomy":"product_tag","embeddable":true,"href":"https:\/\/agrovetazerbaijan.az\/ru\/wp-json\/wp\/v2\/product_tag?post=990097"}],"curies":[{"name":"WP","href":"https:\/\/api.w.org\/{rel}","templated":true}]}}