{"id":990094,"date":"2025-07-28T00:24:25","date_gmt":"2025-07-28T00:24:25","guid":{"rendered":"https:\/\/agrovetazerbaijan.az\/?post_type=product&#038;p=990094"},"modified":"2025-07-28T00:24:45","modified_gmt":"2025-07-28T00:24:45","slug":"carnaval-premium-boyuk-pisikl%c9%99r-ucun-yas-yem-quzu-%c9%99ti-il%c9%99","status":"publish","type":"product","link":"https:\/\/agrovetazerbaijan.az\/ru\/product\/carnaval-premium-boyuk-pisikl%c9%99r-ucun-yas-yem-quzu-%c9%99ti-il%c9%99\/","title":{"rendered":"\u0412\u043b\u0430\u0436\u043d\u044b\u0439 \u043a\u043e\u0440\u043c Carnaval Premium \u0434\u043b\u044f \u043a\u0440\u0443\u043f\u043d\u044b\u0445 \u043a\u043e\u0448\u0435\u043a \u2013 \u0441 \u044f\u0433\u043d\u0435\u043d\u043a\u043e\u043c"},"content":{"rendered":"<div class=\"vgblk-rw-wrapper limit-wrapper\">\n<h3 data-start=\"111\" data-end=\"178\">\u0412\u043b\u0430\u0436\u043d\u044b\u0439 \u043a\u043e\u0440\u043c Carnaval Premium \u0434\u043b\u044f \u043a\u0440\u0443\u043f\u043d\u044b\u0445 \u043a\u043e\u0448\u0435\u043a \u2013 <strong data-start=\"162\" data-end=\"178\">\u0421 \u0431\u0430\u0440\u0430\u043d\u0438\u043d\u043e\u0439<\/strong><\/h3>\n<p data-start=\"180\" data-end=\"393\"><strong data-start=\"180\" data-end=\"221\">\u041f\u0440\u0435\u043c\u0438\u0430\u043b\u044c\u043d\u044b\u0439 \u043a\u043e\u0440\u043c \u0434\u043b\u044f \u0432\u0437\u0440\u043e\u0441\u043b\u044b\u0445 Carnaval \u0441 \u044f\u0433\u043d\u0435\u043d\u043a\u043e\u043c<\/strong> \u2013 \u0441\u0431\u0430\u043b\u0430\u043d\u0441\u0438\u0440\u043e\u0432\u0430\u043d\u043d\u044b\u0439 \u0438 \u043e\u0431\u043e\u0433\u0430\u0449\u0451\u043d\u043d\u044b\u0439 \u0432\u0438\u0442\u0430\u043c\u0438\u043d\u0430\u043c\u0438 \u0432\u043b\u0430\u0436\u043d\u044b\u0439 \u043a\u043e\u0440\u043c \u0434\u043b\u044f \u0432\u0437\u0440\u043e\u0441\u043b\u044b\u0445 \u0441\u043e\u0431\u0430\u043a, \u0441\u043e\u0434\u0435\u0440\u0436\u0430\u0449\u0438\u0439 \u043d\u0435 \u043c\u0435\u043d\u0435\u0435 41% \u044f\u0433\u043d\u0451\u043d\u043a\u0430. \u0418\u0434\u0435\u0430\u043b\u044c\u043d\u044b\u0439 \u0432\u044b\u0431\u043e\u0440 \u0434\u043b\u044f \u043f\u043e\u0434\u0434\u0435\u0440\u0436\u0430\u043d\u0438\u044f \u0437\u0434\u043e\u0440\u043e\u0432\u044c\u044f \u0438 \u044d\u043d\u0435\u0440\u0433\u0438\u0438.<\/p>\n<h4 data-start=\"395\" data-end=\"411\">\ud83d\udc11 \u0418\u043d\u0433\u0440\u0435\u0434\u0438\u0435\u043d\u0442\u044b:<\/h4>\n<ul data-start=\"412\" data-end=\"518\">\n<li data-start=\"412\" data-end=\"456\">\n<p data-start=\"414\" data-end=\"456\">\u041c\u044f\u0441\u043e \u0438 \u043c\u044f\u0441\u043d\u044b\u0435 \u043f\u0440\u043e\u0434\u0443\u043a\u0442\u044b (\u0431\u0430\u0440\u0430\u043d\u0438\u043d\u0430 \u043d\u0435 \u043c\u0435\u043d\u0435\u0435 4%)<\/p>\n<\/li>\n<li data-start=\"457\" data-end=\"484\">\n<p data-start=\"459\" data-end=\"484\">\u0420\u0430\u0441\u0442\u0438\u0442\u0435\u043b\u044c\u043d\u044b\u0435 \u043f\u0440\u043e\u0434\u0443\u043a\u0442\u044b<\/p>\n<\/li>\n<li data-start=\"485\" data-end=\"518\">\n<p data-start=\"487\" data-end=\"518\">\u041c\u0438\u043d\u0435\u0440\u0430\u043b\u044b \u0438 \u0432\u0438\u0442\u0430\u043c\u0438\u043d\u043d\u044b\u0435 \u0434\u043e\u0431\u0430\u0432\u043a\u0438<\/p>\n<\/li>\n<\/ul>\n<h4 data-start=\"520\" data-end=\"550\">\ud83d\udd2c \u0410\u043d\u0430\u043b\u0438\u0442\u0438\u0447\u0435\u0441\u043a\u0438\u0435 \u043f\u043e\u043a\u0430\u0437\u0430\u0442\u0435\u043b\u0438:<\/h4>\n<ul data-start=\"551\" data-end=\"645\">\n<li data-start=\"551\" data-end=\"570\">\n<p data-start=\"553\" data-end=\"570\"><strong data-start=\"553\" data-end=\"563\">\u0411\u0435\u043b\u043e\u043a:<\/strong> 7.5%<\/p>\n<\/li>\n<li data-start=\"571\" data-end=\"588\">\n<p data-start=\"573\" data-end=\"588\"><strong data-start=\"573\" data-end=\"581\">\u041c\u0430\u0441\u043b\u043e:<\/strong> 4.0%<\/p>\n<\/li>\n<li data-start=\"589\" data-end=\"606\">\n<p data-start=\"591\" data-end=\"606\"><strong data-start=\"591\" data-end=\"599\">\u0412\u043e\u043b\u043e\u043a\u043d\u043e:<\/strong> 0.4%<\/p>\n<\/li>\n<li data-start=\"607\" data-end=\"624\">\n<p data-start=\"609\" data-end=\"624\"><strong data-start=\"609\" data-end=\"617\">\u041f\u0435\u043f\u0435\u043b:<\/strong> 3.0%<\/p>\n<\/li>\n<li data-start=\"625\" data-end=\"645\">\n<p data-start=\"627\" data-end=\"645\"><strong data-start=\"627\" data-end=\"639\">\u0412\u043b\u0430\u0436\u043d\u043e\u0441\u0442\u044c:<\/strong> 82.0%<\/p>\n<\/li>\n<\/ul>\n<hr data-start=\"647\" data-end=\"650\" \/>\n<p data-start=\"652\" data-end=\"721\">\u041c\u044f\u0441\u043e \u044f\u0433\u043d\u0435\u043d\u043a\u0430 \u0431\u043e\u0433\u0430\u0442\u043e \u0432\u043a\u0443\u0441\u043e\u043c, \u043d\u0430\u0442\u0443\u0440\u0430\u043b\u044c\u043d\u043e \u0438 \u043f\u043e\u0434\u0445\u043e\u0434\u0438\u0442 \u0434\u043b\u044f \u0437\u0434\u043e\u0440\u043e\u0432\u043e\u0433\u043e \u043f\u0438\u0442\u0430\u043d\u0438\u044f.<\/p>\n<\/div>\n<p><!-- .vgblk-rw-wrapper --><\/p>","protected":false},"excerpt":{"rendered":"<p>Carnaval Premium B\u00f6y\u00fck Pi\u015fikl\u0259r \u00fc\u00e7\u00fcn Ya\u015f Yem \u2013 Quzu \u018fti il\u0259 Carnaval Premium Adult Food with Lamb \u2013 b\u00f6y\u00fckl\u0259r \u00fc\u00e7\u00fcn haz\u0131rlanm\u0131\u015f, \u0259n az\u0131 4% quzu \u0259ti t\u0259rkibli, balansla\u015fd\u0131r\u0131lm\u0131\u015f v\u0259 vitaminl\u0259rl\u0259 z\u0259nginl\u0259\u015fdirilmi\u015f ya\u015f yem. Sa\u011flaml\u0131q v\u0259 enerji t\u0259min etm\u0259k \u00fc\u00e7\u00fcn ideal se\u00e7imdir. \ud83d\udc11 T\u0259rkibi: \u018ft v\u0259 \u0259t m\u0259hsullar\u0131 (quzu \u0259ti \u0259n az\u0131 4%) Bitki m\u0259n\u015f\u0259li m\u0259hsullar&#8230;<\/p>","protected":false},"featured_media":990095,"comment_status":"open","ping_status":"closed","template":"","meta":{"nf_dc_page":"","_monsterinsights_skip_tracking":false,"_monsterinsights_sitenote_active":false,"_monsterinsights_sitenote_note":"","_monsterinsights_sitenote_category":0},"product_brand":[],"product_cat":[244,51,245],"product_tag":[],"class_list":{"0":"post-990094","1":"product","2":"type-product","3":"status-publish","4":"has-post-thumbnail","6":"product_cat-it-ve-pisik-mehsullari","7":"product_cat-cat","8":"product_cat-yemler","10":"first","11":"instock","12":"shipping-taxable","13":"product-type-simple"},"jetpack_sharing_enabled":true,"_links":{"self":[{"href":"https:\/\/agrovetazerbaijan.az\/ru\/wp-json\/wp\/v2\/product\/990094","targetHints":{"allow":["GET"]}}],"collection":[{"href":"https:\/\/agrovetazerbaijan.az\/ru\/wp-json\/wp\/v2\/product"}],"about":[{"href":"https:\/\/agrovetazerbaijan.az\/ru\/wp-json\/wp\/v2\/types\/product"}],"replies":[{"embeddable":true,"href":"https:\/\/agrovetazerbaijan.az\/ru\/wp-json\/wp\/v2\/comments?post=990094"}],"version-history":[{"count":1,"href":"https:\/\/agrovetazerbaijan.az\/ru\/wp-json\/wp\/v2\/product\/990094\/revisions"}],"predecessor-version":[{"id":990096,"href":"https:\/\/agrovetazerbaijan.az\/ru\/wp-json\/wp\/v2\/product\/990094\/revisions\/990096"}],"wp:featuredmedia":[{"embeddable":true,"href":"https:\/\/agrovetazerbaijan.az\/ru\/wp-json\/wp\/v2\/media\/990095"}],"wp:attachment":[{"href":"https:\/\/agrovetazerbaijan.az\/ru\/wp-json\/wp\/v2\/media?parent=990094"}],"wp:term":[{"taxonomy":"product_brand","embeddable":true,"href":"https:\/\/agrovetazerbaijan.az\/ru\/wp-json\/wp\/v2\/product_brand?post=990094"},{"taxonomy":"product_cat","embeddable":true,"href":"https:\/\/agrovetazerbaijan.az\/ru\/wp-json\/wp\/v2\/product_cat?post=990094"},{"taxonomy":"product_tag","embeddable":true,"href":"https:\/\/agrovetazerbaijan.az\/ru\/wp-json\/wp\/v2\/product_tag?post=990094"}],"curies":[{"name":"WP","href":"https:\/\/api.w.org\/{rel}","templated":true}]}}