{"id":990088,"date":"2025-07-28T00:19:39","date_gmt":"2025-07-28T00:19:39","guid":{"rendered":"https:\/\/agrovetazerbaijan.az\/?post_type=product&#038;p=990088"},"modified":"2025-07-28T00:20:00","modified_gmt":"2025-07-28T00:20:00","slug":"carnaval-premium-boyuk-pisikl%c9%99r-ucun-yas-yem-toyuq-%c9%99tli","status":"publish","type":"product","link":"https:\/\/agrovetazerbaijan.az\/ru\/product\/carnaval-premium-boyuk-pisikl%c9%99r-ucun-yas-yem-toyuq-%c9%99tli\/","title":{"rendered":"\u0412\u043b\u0430\u0436\u043d\u044b\u0439 \u043a\u043e\u0440\u043c Carnaval Premium \u0434\u043b\u044f \u043a\u0440\u0443\u043f\u043d\u044b\u0445 \u043a\u043e\u0448\u0435\u043a \u2013 \u041a\u0443\u0440\u0438\u0446\u0430"},"content":{"rendered":"<div class=\"vgblk-rw-wrapper limit-wrapper\">\n<h3 data-start=\"160\" data-end=\"225\"><strong data-start=\"164\" data-end=\"225\">\u0412\u043b\u0430\u0436\u043d\u044b\u0439 \u043a\u043e\u0440\u043c Carnaval Premium \u0434\u043b\u044f \u043a\u0440\u0443\u043f\u043d\u044b\u0445 \u043a\u043e\u0448\u0435\u043a \u2013 \u041a\u0443\u0440\u0438\u0446\u0430<\/strong><\/h3>\n<p data-start=\"227\" data-end=\"421\">\u0418\u0449\u0435\u0442\u0435 \u0432\u043a\u0443\u0441\u043d\u044b\u0439 \u0438 \u043f\u0438\u0442\u0430\u0442\u0435\u043b\u044c\u043d\u044b\u0439 \u0432\u0430\u0440\u0438\u0430\u043d\u0442 \u0434\u043b\u044f \u0441\u0432\u043e\u0435\u0433\u043e \u043f\u0438\u0442\u043e\u043c\u0446\u0430?<br data-start=\"297\" data-end=\"300\" \/><strong data-start=\"300\" data-end=\"348\">\u041a\u043e\u0440\u043c \u0434\u043b\u044f \u0432\u0437\u0440\u043e\u0441\u043b\u044b\u0445 \u043a\u043e\u0448\u0435\u043a Carnaval Premium \u0441 \u043a\u0443\u0440\u0438\u0446\u0435\u0439<\/strong> \u2013 \u0441\u0431\u0430\u043b\u0430\u043d\u0441\u0438\u0440\u043e\u0432\u0430\u043d\u043d\u044b\u0439 \u0432\u043b\u0430\u0436\u043d\u044b\u0439 \u043a\u043e\u0440\u043c, \u043f\u0440\u0435\u0434\u043d\u0430\u0437\u043d\u0430\u0447\u0435\u043d\u043d\u044b\u0439 \u0434\u043b\u044f \u0432\u0437\u0440\u043e\u0441\u043b\u044b\u0445.<\/p>\n<h3 data-start=\"423\" data-end=\"443\">\ud83c\udf57 \u041e\u0441\u043d\u043e\u0432\u043d\u044b\u0435 \u0438\u043d\u0433\u0440\u0435\u0434\u0438\u0435\u043d\u0442\u044b:<\/h3>\n<ul data-start=\"444\" data-end=\"567\">\n<li data-start=\"444\" data-end=\"493\">\n<p data-start=\"446\" data-end=\"493\">\u041c\u044f\u0441\u043e \u0438 \u043c\u044f\u0441\u043d\u044b\u0435 \u043f\u0440\u043e\u0434\u0443\u043a\u0442\u044b (<strong data-start=\"467\" data-end=\"490\">\u043a\u0443\u0440\u0438\u043d\u043e\u0435 \u043c\u044f\u0441\u043e \u2013 \u043c\u0438\u043d. 4%<\/strong>)<\/p>\n<\/li>\n<li data-start=\"494\" data-end=\"521\">\n<p data-start=\"496\" data-end=\"521\">\u0420\u0430\u0441\u0442\u0438\u0442\u0435\u043b\u044c\u043d\u044b\u0435 \u043f\u0440\u043e\u0434\u0443\u043a\u0442\u044b<\/p>\n<\/li>\n<li data-start=\"522\" data-end=\"544\">\n<p data-start=\"524\" data-end=\"544\">\u041f\u043e\u043b\u0435\u0437\u043d\u044b\u0435 \u043c\u0438\u043d\u0435\u0440\u0430\u043b\u044b<\/p>\n<\/li>\n<li data-start=\"545\" data-end=\"567\">\n<p data-start=\"547\" data-end=\"567\">\u0412\u0438\u0442\u0430\u043c\u0438\u043d\u043d\u044b\u0435 \u043a\u043e\u043c\u043f\u043b\u0435\u043a\u0441\u044b<\/p>\n<\/li>\n<\/ul>\n<h3 data-start=\"569\" data-end=\"598\">\ud83d\udd2c \u0410\u043d\u0430\u043b\u0438\u0442\u0438\u0447\u0435\u0441\u043a\u0438\u0435 \u043f\u043e\u043a\u0430\u0437\u0430\u0442\u0435\u043b\u0438:<\/h3>\n<ul data-start=\"599\" data-end=\"693\">\n<li data-start=\"599\" data-end=\"618\">\n<p data-start=\"601\" data-end=\"618\"><strong data-start=\"601\" data-end=\"611\">\u0411\u0435\u043b\u043e\u043a:<\/strong> 7.5%<\/p>\n<\/li>\n<li data-start=\"619\" data-end=\"636\">\n<p data-start=\"621\" data-end=\"636\"><strong data-start=\"621\" data-end=\"629\">\u041c\u0430\u0441\u043b\u043e:<\/strong> 4.0%<\/p>\n<\/li>\n<li data-start=\"637\" data-end=\"654\">\n<p data-start=\"639\" data-end=\"654\"><strong data-start=\"639\" data-end=\"647\">\u0412\u043e\u043b\u043e\u043a\u043d\u043e:<\/strong> 0.4%<\/p>\n<\/li>\n<li data-start=\"655\" data-end=\"672\">\n<p data-start=\"657\" data-end=\"672\"><strong data-start=\"657\" data-end=\"665\">\u041f\u0435\u043f\u0435\u043b:<\/strong> 3.0%<\/p>\n<\/li>\n<li data-start=\"673\" data-end=\"693\">\n<p data-start=\"675\" data-end=\"693\"><strong data-start=\"675\" data-end=\"687\">\u0412\u043b\u0430\u0436\u043d\u043e\u0441\u0442\u044c:<\/strong> 82.0%<\/p>\n<\/li>\n<\/ul>\n<hr data-start=\"695\" data-end=\"698\" \/>\n<p data-start=\"700\" data-end=\"865\"><strong data-start=\"700\" data-end=\"761\">\u0412\u043a\u0443\u0441\u043d\u0430\u044f \u0438 \u043f\u043e\u043b\u0435\u0437\u043d\u0430\u044f \u0444\u043e\u0440\u043c\u0443\u043b\u0430, \u043f\u043e\u0434\u0445\u043e\u0434\u044f\u0449\u0430\u044f \u0434\u043b\u044f \u0447\u0443\u0432\u0441\u0442\u0432\u0438\u0442\u0435\u043b\u044c\u043d\u043e\u0439 \u043f\u0438\u0449\u0435\u0432\u0430\u0440\u0438\u0442\u0435\u043b\u044c\u043d\u043e\u0439 \u0441\u0438\u0441\u0442\u0435\u043c\u044b!<\/strong><br data-start=\"761\" data-end=\"764\" \/>\u042d\u0442\u043e\u0442 \u043a\u043e\u0440\u043c, \u043e\u0442\u0432\u0435\u0447\u0430\u044e\u0449\u0438\u0439 \u0435\u0436\u0435\u0434\u043d\u0435\u0432\u043d\u044b\u043c \u043f\u043e\u0442\u0440\u0435\u0431\u043d\u043e\u0441\u0442\u044f\u043c \u0432\u0430\u0448\u0435\u0439 \u043a\u043e\u0448\u043a\u0438, \u044f\u0432\u043b\u044f\u0435\u0442\u0441\u044f \u0438\u0434\u0435\u0430\u043b\u044c\u043d\u044b\u043c \u0432\u044b\u0431\u043e\u0440\u043e\u043c \u0434\u043b\u044f \u0435\u0435 \u0437\u0434\u043e\u0440\u043e\u0432\u044c\u044f \u0438 \u044d\u043d\u0435\u0440\u0433\u0438\u0438.<\/p>\n<p data-start=\"867\" data-end=\"925\">\ud83d\udecd\ufe0f <strong data-start=\"871\" data-end=\"925\">\u0412\u044b\u0431\u0438\u0440\u0430\u0439\u0442\u0435 Carnaval Premium \u0434\u043b\u044f \u0437\u0434\u043e\u0440\u043e\u0432\u043e\u0433\u043e \u043d\u0430\u0447\u0430\u043b\u0430 \u0434\u043d\u044f!<\/strong><\/p>\n<\/div>\n<p><!-- .vgblk-rw-wrapper --><\/p>","protected":false},"excerpt":{"rendered":"<p>Carnaval Premium B\u00f6y\u00fck Pi\u015fikl\u0259r \u00fc\u00e7\u00fcn Ya\u015f Yem \u2013 Toyuq \u018ftli Ev heyvan\u0131n\u0131z \u00fc\u00e7\u00fcn h\u0259m dadl\u0131, h\u0259m d\u0259 qidaland\u0131r\u0131c\u0131 se\u00e7im axtar\u0131rs\u0131n\u0131z?Carnaval Premium Adult Cat Food with Chicken \u2013 b\u00f6y\u00fckl\u0259r \u00fc\u00e7\u00fcn n\u0259z\u0259rd\u0259 tutulmu\u015f, balansla\u015fd\u0131r\u0131lm\u0131\u015f t\u0259rkibli ya\u015f yemdir. \ud83c\udf57 \u018fsas t\u0259rkibi: \u018ft v\u0259 \u0259t m\u0259hsullar\u0131 (toyuq \u0259ti \u2013 min. 4%) Bitki m\u0259n\u015f\u0259li m\u0259hsullar Faydal\u0131 minerallar Vitamin kompleksl\u0259ri \ud83d\udd2c&#8230;<\/p>","protected":false},"featured_media":990089,"comment_status":"open","ping_status":"closed","template":"","meta":{"nf_dc_page":"","_monsterinsights_skip_tracking":false,"_monsterinsights_sitenote_active":false,"_monsterinsights_sitenote_note":"","_monsterinsights_sitenote_category":0},"product_brand":[],"product_cat":[244,51,245],"product_tag":[],"class_list":{"0":"post-990088","1":"product","2":"type-product","3":"status-publish","4":"has-post-thumbnail","6":"product_cat-it-ve-pisik-mehsullari","7":"product_cat-cat","8":"product_cat-yemler","10":"first","11":"instock","12":"shipping-taxable","13":"product-type-simple"},"jetpack_sharing_enabled":true,"_links":{"self":[{"href":"https:\/\/agrovetazerbaijan.az\/ru\/wp-json\/wp\/v2\/product\/990088","targetHints":{"allow":["GET"]}}],"collection":[{"href":"https:\/\/agrovetazerbaijan.az\/ru\/wp-json\/wp\/v2\/product"}],"about":[{"href":"https:\/\/agrovetazerbaijan.az\/ru\/wp-json\/wp\/v2\/types\/product"}],"replies":[{"embeddable":true,"href":"https:\/\/agrovetazerbaijan.az\/ru\/wp-json\/wp\/v2\/comments?post=990088"}],"version-history":[{"count":1,"href":"https:\/\/agrovetazerbaijan.az\/ru\/wp-json\/wp\/v2\/product\/990088\/revisions"}],"predecessor-version":[{"id":990090,"href":"https:\/\/agrovetazerbaijan.az\/ru\/wp-json\/wp\/v2\/product\/990088\/revisions\/990090"}],"wp:featuredmedia":[{"embeddable":true,"href":"https:\/\/agrovetazerbaijan.az\/ru\/wp-json\/wp\/v2\/media\/990089"}],"wp:attachment":[{"href":"https:\/\/agrovetazerbaijan.az\/ru\/wp-json\/wp\/v2\/media?parent=990088"}],"wp:term":[{"taxonomy":"product_brand","embeddable":true,"href":"https:\/\/agrovetazerbaijan.az\/ru\/wp-json\/wp\/v2\/product_brand?post=990088"},{"taxonomy":"product_cat","embeddable":true,"href":"https:\/\/agrovetazerbaijan.az\/ru\/wp-json\/wp\/v2\/product_cat?post=990088"},{"taxonomy":"product_tag","embeddable":true,"href":"https:\/\/agrovetazerbaijan.az\/ru\/wp-json\/wp\/v2\/product_tag?post=990088"}],"curies":[{"name":"WP","href":"https:\/\/api.w.org\/{rel}","templated":true}]}}