{"id":990082,"date":"2025-07-28T00:14:07","date_gmt":"2025-07-28T00:14:07","guid":{"rendered":"https:\/\/agrovetazerbaijan.az\/?post_type=product&#038;p=990082"},"modified":"2025-07-28T00:14:26","modified_gmt":"2025-07-28T00:14:26","slug":"carnaval-premium-bala-pisikl%c9%99r-ucun-yas-yem-toyuq-%c9%99tli","status":"publish","type":"product","link":"https:\/\/agrovetazerbaijan.az\/ru\/product\/carnaval-premium-bala-pisikl%c9%99r-ucun-yas-yem-toyuq-%c9%99tli\/","title":{"rendered":"\u0412\u043b\u0430\u0436\u043d\u044b\u0439 \u043a\u043e\u0440\u043c Carnaval Premium \u0434\u043b\u044f \u043a\u043e\u0442\u044f\u0442 \u2013 \u041a\u0443\u0440\u0438\u0446\u0430"},"content":{"rendered":"<div class=\"vgblk-rw-wrapper limit-wrapper\">\n<p data-start=\"179\" data-end=\"239\"><strong data-start=\"179\" data-end=\"239\">\u0412\u043b\u0430\u0436\u043d\u044b\u0439 \u043a\u043e\u0440\u043c Carnaval Premium \u0434\u043b\u044f \u043a\u043e\u0442\u044f\u0442 \u2013 \u041a\u0443\u0440\u0438\u0446\u0430<\/strong><\/p>\n<p data-start=\"241\" data-end=\"557\"><strong data-start=\"241\" data-end=\"286\">\u041a\u043e\u0440\u043c \u0434\u043b\u044f \u043a\u043e\u0442\u044f\u0442 Carnaval Premium \u0441 \u043a\u0443\u0440\u0438\u0446\u0435\u0439<\/strong> \u2013 bala pi\u015fikl\u0259rin b\u00f6y\u00fcm\u0259 v\u0259 inki\u015faf m\u0259rh\u0259l\u0259sind\u0259 ehtiyac duydu\u011fu z\u00fclal, vitamin v\u0259 minerallarla z\u0259nginl\u0259\u015fdirilmi\u015f, dadl\u0131 v\u0259 balansla\u015fd\u0131r\u0131lm\u0131\u015f ya\u015f yemdir. Toyuq \u0259ti t\u0259rkibli bu yem bala pi\u015fikl\u0259rin h\u0259zm sistemin\u0259 uy\u011fun haz\u0131rlan\u0131b v\u0259 g\u00fcnd\u0259lik qida ehtiyaclar\u0131n\u0131 qar\u015f\u0131lay\u0131r.<\/p>\n<h3 data-start=\"559\" data-end=\"579\">\ud83c\udf57 \u041e\u0441\u043d\u043e\u0432\u043d\u044b\u0435 \u0438\u043d\u0433\u0440\u0435\u0434\u0438\u0435\u043d\u0442\u044b:<\/h3>\n<ul data-start=\"580\" data-end=\"689\">\n<li data-start=\"580\" data-end=\"626\">\n<p data-start=\"582\" data-end=\"626\">\u041c\u044f\u0441\u043e \u0438 \u043c\u044f\u0441\u043d\u044b\u0435 \u043f\u0440\u043e\u0434\u0443\u043a\u0442\u044b (<strong data-start=\"603\" data-end=\"623\">minimum 4% toyuq<\/strong>)<\/p>\n<\/li>\n<li data-start=\"627\" data-end=\"654\">\n<p data-start=\"629\" data-end=\"654\">\u0420\u0430\u0441\u0442\u0438\u0442\u0435\u043b\u044c\u043d\u044b\u0435 \u043f\u0440\u043e\u0434\u0443\u043a\u0442\u044b<\/p>\n<\/li>\n<li data-start=\"655\" data-end=\"669\">\n<p data-start=\"657\" data-end=\"669\">Minerallar<\/p>\n<\/li>\n<li data-start=\"670\" data-end=\"689\">\n<p data-start=\"672\" data-end=\"689\">Vitamin \u0259lav\u0259l\u0259ri<\/p>\n<\/li>\n<\/ul>\n<h3 data-start=\"691\" data-end=\"720\">\ud83d\udd2c \u0410\u043d\u0430\u043b\u0438\u0442\u0438\u0447\u0435\u0441\u043a\u0438\u0435 \u043f\u043e\u043a\u0430\u0437\u0430\u0442\u0435\u043b\u0438:<\/h3>\n<ul data-start=\"721\" data-end=\"874\">\n<li data-start=\"721\" data-end=\"740\">\n<p data-start=\"723\" data-end=\"740\"><strong data-start=\"723\" data-end=\"733\">\u0411\u0435\u043b\u043e\u043a:<\/strong> 8.5%<\/p>\n<\/li>\n<li data-start=\"741\" data-end=\"758\">\n<p data-start=\"743\" data-end=\"758\"><strong data-start=\"743\" data-end=\"751\">\u041c\u0430\u0441\u043b\u043e:<\/strong> 4.0%<\/p>\n<\/li>\n<li data-start=\"759\" data-end=\"790\">\n<p data-start=\"761\" data-end=\"790\"><strong data-start=\"761\" data-end=\"783\">Xam sel\u00fcloz (lif):<\/strong> 0.4%<\/p>\n<\/li>\n<li data-start=\"791\" data-end=\"808\">\n<p data-start=\"793\" data-end=\"808\"><strong data-start=\"793\" data-end=\"801\">\u041f\u0435\u043f\u0435\u043b:<\/strong> 3.0%<\/p>\n<\/li>\n<li data-start=\"809\" data-end=\"831\">\n<p data-start=\"811\" data-end=\"831\"><strong data-start=\"811\" data-end=\"823\">\u0412\u043b\u0430\u0436\u043d\u043e\u0441\u0442\u044c:<\/strong> 82.0%<\/p>\n<\/li>\n<li data-start=\"832\" data-end=\"874\">\n<p data-start=\"834\" data-end=\"874\"><strong data-start=\"834\" data-end=\"849\">\u041c\u0438\u043d\u0435\u0440\u0430\u043b\u044b:<\/strong> Kalsium, fosfor, natrium<\/p>\n<\/li>\n<\/ul>\n<hr data-start=\"876\" data-end=\"879\" \/>\n<p data-start=\"881\" data-end=\"1030\"><strong data-start=\"881\" data-end=\"917\">Carnaval Premium Bala Pi\u015fik Yemi<\/strong> \u2013 yum\u015faq toxumas\u0131, toyuq l\u0259zz\u0259ti v\u0259 z\u0259ngin t\u0259rkibi il\u0259 balaca dostunuzun b\u00f6y\u00fcm\u0259sini v\u0259 sa\u011flaml\u0131\u011f\u0131n\u0131 d\u0259st\u0259kl\u0259yir.<\/p>\n<p data-start=\"1032\" data-end=\"1070\"><strong data-start=\"1032\" data-end=\"1070\">Sa\u011flam ba\u015flan\u011f\u0131c \u00fc\u00e7\u00fcn dadl\u0131 se\u00e7im!<\/strong><\/p>\n<\/div>\n<p><!-- .vgblk-rw-wrapper --><\/p>","protected":false},"excerpt":{"rendered":"<p>Carnaval Premium Bala Pi\u015fikl\u0259r \u00fc\u00e7\u00fcn Ya\u015f Yem \u2013 Toyuq \u018ftli Carnaval Premium Kitten Food with Chicken \u2013 bala pi\u015fikl\u0259rin b\u00f6y\u00fcm\u0259 v\u0259 inki\u015faf m\u0259rh\u0259l\u0259sind\u0259 ehtiyac duydu\u011fu z\u00fclal, vitamin v\u0259 minerallarla z\u0259nginl\u0259\u015fdirilmi\u015f, dadl\u0131 v\u0259 balansla\u015fd\u0131r\u0131lm\u0131\u015f ya\u015f yemdir. Toyuq \u0259ti t\u0259rkibli bu yem bala pi\u015fikl\u0259rin h\u0259zm sistemin\u0259 uy\u011fun haz\u0131rlan\u0131b v\u0259 g\u00fcnd\u0259lik qida ehtiyaclar\u0131n\u0131 qar\u015f\u0131lay\u0131r. \ud83c\udf57 \u018fsas t\u0259rkibi: \u018ft&#8230;<\/p>","protected":false},"featured_media":990083,"comment_status":"open","ping_status":"closed","template":"","meta":{"nf_dc_page":"","_monsterinsights_skip_tracking":false,"_monsterinsights_sitenote_active":false,"_monsterinsights_sitenote_note":"","_monsterinsights_sitenote_category":0},"product_brand":[],"product_cat":[244,51,245],"product_tag":[],"class_list":{"0":"post-990082","1":"product","2":"type-product","3":"status-publish","4":"has-post-thumbnail","6":"product_cat-it-ve-pisik-mehsullari","7":"product_cat-cat","8":"product_cat-yemler","10":"first","11":"instock","12":"shipping-taxable","13":"product-type-simple"},"jetpack_sharing_enabled":true,"_links":{"self":[{"href":"https:\/\/agrovetazerbaijan.az\/ru\/wp-json\/wp\/v2\/product\/990082","targetHints":{"allow":["GET"]}}],"collection":[{"href":"https:\/\/agrovetazerbaijan.az\/ru\/wp-json\/wp\/v2\/product"}],"about":[{"href":"https:\/\/agrovetazerbaijan.az\/ru\/wp-json\/wp\/v2\/types\/product"}],"replies":[{"embeddable":true,"href":"https:\/\/agrovetazerbaijan.az\/ru\/wp-json\/wp\/v2\/comments?post=990082"}],"version-history":[{"count":1,"href":"https:\/\/agrovetazerbaijan.az\/ru\/wp-json\/wp\/v2\/product\/990082\/revisions"}],"predecessor-version":[{"id":990084,"href":"https:\/\/agrovetazerbaijan.az\/ru\/wp-json\/wp\/v2\/product\/990082\/revisions\/990084"}],"wp:featuredmedia":[{"embeddable":true,"href":"https:\/\/agrovetazerbaijan.az\/ru\/wp-json\/wp\/v2\/media\/990083"}],"wp:attachment":[{"href":"https:\/\/agrovetazerbaijan.az\/ru\/wp-json\/wp\/v2\/media?parent=990082"}],"wp:term":[{"taxonomy":"product_brand","embeddable":true,"href":"https:\/\/agrovetazerbaijan.az\/ru\/wp-json\/wp\/v2\/product_brand?post=990082"},{"taxonomy":"product_cat","embeddable":true,"href":"https:\/\/agrovetazerbaijan.az\/ru\/wp-json\/wp\/v2\/product_cat?post=990082"},{"taxonomy":"product_tag","embeddable":true,"href":"https:\/\/agrovetazerbaijan.az\/ru\/wp-json\/wp\/v2\/product_tag?post=990082"}],"curies":[{"name":"WP","href":"https:\/\/api.w.org\/{rel}","templated":true}]}}