{"id":990078,"date":"2025-07-28T00:12:03","date_gmt":"2025-07-28T00:12:03","guid":{"rendered":"https:\/\/agrovetazerbaijan.az\/?post_type=product&#038;p=990078"},"modified":"2025-07-28T00:12:22","modified_gmt":"2025-07-28T00:12:22","slug":"carnaval-premium-boyuk-itl%c9%99r-ucun-quru-yem-quzu-%c9%99tli","status":"publish","type":"product","link":"https:\/\/agrovetazerbaijan.az\/ru\/product\/carnaval-premium-boyuk-itl%c9%99r-ucun-quru-yem-quzu-%c9%99tli\/","title":{"rendered":"\u0421\u0443\u0445\u043e\u0439 \u043a\u043e\u0440\u043c Carnaval Premium \u0434\u043b\u044f \u043a\u0440\u0443\u043f\u043d\u044b\u0445 \u0441\u043e\u0431\u0430\u043a \u2013 \u044f\u0433\u043d\u0435\u043d\u043e\u043a"},"content":{"rendered":"<div class=\"vgblk-rw-wrapper limit-wrapper\">\n<p data-start=\"166\" data-end=\"224\"><strong data-start=\"166\" data-end=\"224\">\u0421\u0443\u0445\u043e\u0439 \u043a\u043e\u0440\u043c Carnaval Premium \u0434\u043b\u044f \u043a\u0440\u0443\u043f\u043d\u044b\u0445 \u0441\u043e\u0431\u0430\u043a \u2013 \u044f\u0433\u043d\u0435\u043d\u043e\u043a<\/strong><\/p>\n<p data-start=\"226\" data-end=\"551\"><strong data-start=\"226\" data-end=\"271\">\u041a\u043e\u0440\u043c \u0434\u043b\u044f \u0432\u0437\u0440\u043e\u0441\u043b\u044b\u0445 \u0441\u043e\u0431\u0430\u043a Carnaval Premium \u0441 \u044f\u0433\u043d\u0435\u043d\u043a\u043e\u043c<\/strong> \u2013 \u0432\u044b\u0441\u043e\u043a\u043e\u0435 \u043a\u0430\u0447\u0435\u0441\u0442\u0432\u043e, \u0440\u0430\u0441\u0441\u0447\u0438\u0442\u0430\u043d\u043e \u043d\u0430 \u0432\u0437\u0440\u043e\u0441\u043b\u044b\u0445 <strong data-start=\"325\" data-end=\"344\">\u0431\u0435\u043b\u043e\u043a \u044f\u0433\u043d\u0435\u043d\u043a\u0430<\/strong> \u042d\u0442\u043e \u0441\u0431\u0430\u043b\u0430\u043d\u0441\u0438\u0440\u043e\u0432\u0430\u043d\u043d\u044b\u0439 \u0441\u0443\u0445\u043e\u0439 \u043a\u043e\u0440\u043c \u0434\u043b\u044f \u0441\u043e\u0431\u0430\u043a, \u043e\u0431\u043e\u0433\u0430\u0449\u0451\u043d\u043d\u044b\u0439... \u041e\u043d \u043e\u0431\u0435\u0441\u043f\u0435\u0447\u0438\u0432\u0430\u0435\u0442 \u0432\u0430\u0448\u0443 \u0441\u043e\u0431\u0430\u043a\u0443 \u043d\u0435\u043e\u0431\u0445\u043e\u0434\u0438\u043c\u044b\u043c\u0438 \u0435\u0439 \u0435\u0436\u0435\u0434\u043d\u0435\u0432\u043d\u043e \u0432\u0438\u0442\u0430\u043c\u0438\u043d\u0430\u043c\u0438, \u043c\u0438\u043d\u0435\u0440\u0430\u043b\u0430\u043c\u0438 \u0438 \u0430\u043c\u0438\u043d\u043e\u043a\u0438\u0441\u043b\u043e\u0442\u0430\u043c\u0438, \u043f\u043e\u0434\u0434\u0435\u0440\u0436\u0438\u0432\u0430\u044f \u0435\u0451 \u0437\u0434\u043e\u0440\u043e\u0432\u044c\u0435, \u0443\u0440\u043e\u0432\u0435\u043d\u044c \u044d\u043d\u0435\u0440\u0433\u0438\u0438 \u0438 \u043e\u0431\u0449\u0435\u0435 \u0431\u043b\u0430\u0433\u043e\u043f\u043e\u043b\u0443\u0447\u0438\u0435.<\/p>\n<h3 data-start=\"553\" data-end=\"582\">\ud83d\udc15 \u041e\u0441\u043d\u043e\u0432\u043d\u044b\u0435 \u0438\u043d\u0433\u0440\u0435\u0434\u0438\u0435\u043d\u0442\u044b:<\/h3>\n<ul data-start=\"583\" data-end=\"801\">\n<li data-start=\"583\" data-end=\"622\">\n<p data-start=\"585\" data-end=\"622\">\u041f\u0448\u0435\u043d\u0438\u0446\u0430, \u043e\u0431\u0440\u0430\u0431\u043e\u0442\u0430\u043d\u043d\u044b\u0439 \u0431\u0435\u043b\u043e\u043a \u044f\u0433\u043d\u0435\u043d\u043a\u0430<\/p>\n<\/li>\n<li data-start=\"623\" data-end=\"664\">\n<p data-start=\"625\" data-end=\"664\">\u041a\u0443\u043a\u0443\u0440\u0443\u0437\u0430, \u043f\u0435\u0440\u0435\u0440\u0430\u0431\u043e\u0442\u0430\u043d\u043d\u044b\u0439 \u0436\u0438\u0432\u043e\u0442\u043d\u044b\u0439 \u0431\u0435\u043b\u043e\u043a<\/p>\n<\/li>\n<li data-start=\"665\" data-end=\"691\">\n<p data-start=\"667\" data-end=\"691\">\u041f\u0448\u0435\u043d\u0438\u0447\u043d\u044b\u0435 \u043e\u0442\u0440\u0443\u0431\u0438, \u0411\u043e\u043d\u043a\u043e\u043b\u0438\u0442<\/p>\n<\/li>\n<li data-start=\"692\" data-end=\"713\">\n<p data-start=\"694\" data-end=\"713\">\u0416\u0438\u0432\u043e\u0442\u043d\u044b\u0439 \u0436\u0438\u0440, \u0440\u0438\u0441<\/p>\n<\/li>\n<li data-start=\"714\" data-end=\"744\">\n<p data-start=\"716\" data-end=\"744\">\u0421\u0443\u0448\u0435\u043d\u0430\u044f \u0441\u0430\u0445\u0430\u0440\u043d\u0430\u044f \u0441\u0432\u0435\u043a\u043b\u0430<\/p>\n<\/li>\n<li data-start=\"745\" data-end=\"766\">\n<p data-start=\"747\" data-end=\"766\">\u0410\u0440\u043e\u043c\u0430\u0442 \u043f\u0435\u0447\u0435\u043d\u0438<\/p>\n<\/li>\n<li data-start=\"767\" data-end=\"793\">\n<p data-start=\"769\" data-end=\"793\">\u0421\u0443\u0445\u0438\u0435 \u043f\u0438\u0432\u043d\u044b\u0435 \u0434\u0440\u043e\u0436\u0436\u0438<\/p>\n<\/li>\n<li data-start=\"794\" data-end=\"801\">\n<p data-start=\"796\" data-end=\"801\">\u0421\u043e\u043b\u044c<\/p>\n<\/li>\n<\/ul>\n<h3 data-start=\"803\" data-end=\"827\">\ud83e\uddea \u041c\u0438\u043d\u0435\u0440\u0430\u043b\u044c\u043d\u044b\u0435 \u0432\u0435\u0449\u0435\u0441\u0442\u0432\u0430:<\/h3>\n<p data-start=\"828\" data-end=\"897\">\u041a\u0430\u043b\u044c\u0446\u0438\u0439, \u0444\u043e\u0441\u0444\u043e\u0440, \u043d\u0430\u0442\u0440\u0438\u0439, \u0439\u043e\u0434, \u0446\u0438\u043d\u043a, \u043c\u0435\u0434\u044c, \u0436\u0435\u043b\u0435\u0437\u043e, \u0445\u043b\u043e\u0440\u0438\u0434 \u043a\u0430\u043b\u0438\u044f, \u0441\u0435\u043b\u0435\u043d<\/p>\n<h3 data-start=\"899\" data-end=\"917\">\ud83d\udc8a \u0412\u0438\u0442\u0430\u043c\u0438\u043d\u044b:<\/h3>\n<p data-start=\"918\" data-end=\"1028\">\u0412\u0438\u0442\u0430\u043c\u0438\u043d\u044b A, D3, E, C, B1, B2, B3 (\u043d\u0438\u0430\u0446\u0438\u043d), B6, B7 (\u0431\u0438\u043e\u0442\u0438\u043d), B9 (\u0444\u043e\u043b\u0438\u0435\u0432\u0430\u044f \u043a\u0438\u0441\u043b\u043e\u0442\u0430), B12, K, \u0445\u043e\u043b\u0438\u043d, \u043f\u0430\u043d\u0442\u043e\u0442\u0435\u043d\u0430\u0442 \u043a\u0430\u043b\u044c\u0446\u0438\u044f<\/p>\n<h3 data-start=\"1030\" data-end=\"1059\">\ud83d\udd2c \u0410\u043d\u0430\u043b\u0438\u0442\u0438\u0447\u0435\u0441\u043a\u0438\u0435 \u043f\u043e\u043a\u0430\u0437\u0430\u0442\u0435\u043b\u0438:<\/h3>\n<ul data-start=\"1060\" data-end=\"1147\">\n<li data-start=\"1060\" data-end=\"1082\">\n<p data-start=\"1062\" data-end=\"1082\"><strong data-start=\"1062\" data-end=\"1076\">\u0421\u044b\u0440\u043e\u0439 \u043f\u0440\u043e\u0442\u0435\u0438\u043d:<\/strong> 21%<\/p>\n<\/li>\n<li data-start=\"1083\" data-end=\"1103\">\n<p data-start=\"1085\" data-end=\"1103\"><strong data-start=\"1085\" data-end=\"1097\">\u0421\u044b\u0440\u0430\u044f \u043d\u0435\u0444\u0442\u044c:<\/strong> 11%<\/p>\n<\/li>\n<li data-start=\"1104\" data-end=\"1127\">\n<p data-start=\"1106\" data-end=\"1127\"><strong data-start=\"1106\" data-end=\"1122\">\u0421\u044b\u0440\u0430\u044f \u0446\u0435\u043b\u043b\u044e\u043b\u043e\u0437\u0430:<\/strong> 4%<\/p>\n<\/li>\n<li data-start=\"1128\" data-end=\"1147\">\n<p data-start=\"1130\" data-end=\"1147\"><strong data-start=\"1130\" data-end=\"1142\">\u0421\u044b\u0440\u0430\u044f \u0437\u043e\u043b\u0430:<\/strong> 8%<\/p>\n<\/li>\n<\/ul>\n<h3 data-start=\"1149\" data-end=\"1197\">\ud83e\uddec \u0414\u043e\u043f\u043e\u043b\u043d\u0438\u0442\u0435\u043b\u044c\u043d\u044b\u0435 \u043f\u0438\u0442\u0430\u0442\u0435\u043b\u044c\u043d\u044b\u0435 \u0432\u0435\u0449\u0435\u0441\u0442\u0432\u0430 (\u043d\u0430 1 \u043a\u0433):<\/h3>\n<ul data-start=\"1198\" data-end=\"1307\">\n<li data-start=\"1198\" data-end=\"1226\">\n<p data-start=\"1200\" data-end=\"1226\"><strong data-start=\"1200\" data-end=\"1214\">\u0412\u0438\u0442\u0430\u043c\u0438\u043d \u0410:<\/strong> 15 000 \u041c\u0415<\/p>\n<\/li>\n<li data-start=\"1227\" data-end=\"1255\">\n<p data-start=\"1229\" data-end=\"1255\"><strong data-start=\"1229\" data-end=\"1244\">\u0412\u0438\u0442\u0430\u043c\u0438\u043d D3:<\/strong> 1000 \u041c\u0415<\/p>\n<\/li>\n<li data-start=\"1256\" data-end=\"1281\">\n<p data-start=\"1258\" data-end=\"1281\"><strong data-start=\"1258\" data-end=\"1272\">\u0412\u0438\u0442\u0430\u043c\u0438\u043d \u0415:<\/strong> 100 \u043c\u0433<\/p>\n<\/li>\n<li data-start=\"1282\" data-end=\"1307\">\n<p data-start=\"1284\" data-end=\"1307\"><strong data-start=\"1284\" data-end=\"1298\">\u0412\u0438\u0442\u0430\u043c\u0438\u043d \u0421:<\/strong> 100 \u043c\u0433<\/p>\n<\/li>\n<\/ul>\n<hr data-start=\"1309\" data-end=\"1312\" \/>\n<p data-start=\"1314\" data-end=\"1444\"><strong data-start=\"1314\" data-end=\"1348\">\u041f\u0440\u0435\u043c\u0438\u0430\u043b\u044c\u043d\u044b\u0439 \u043a\u043e\u0440\u043c \u0434\u043b\u044f \u0431\u0430\u0440\u0430\u043d\u0438\u043d\u044b Carnaval<\/strong> \u2013 \u043f\u043e\u043b\u043d\u043e\u0446\u0435\u043d\u043d\u043e\u0435 \u0438 \u0441\u0431\u0430\u043b\u0430\u043d\u0441\u0438\u0440\u043e\u0432\u0430\u043d\u043d\u043e\u0435 \u043f\u0438\u0442\u0430\u043d\u0438\u0435 \u0434\u043b\u044f \u0432\u0437\u0440\u043e\u0441\u043b\u044b\u0445, \u043d\u0430\u0434\u0435\u0436\u043d\u044b\u0439 \u0432\u044b\u0431\u043e\u0440 \u0434\u043b\u044f \u0437\u0434\u043e\u0440\u043e\u0432\u043e\u0439 \u043f\u043e\u0432\u0441\u0435\u0434\u043d\u0435\u0432\u043d\u043e\u0439 \u0436\u0438\u0437\u043d\u0438.<\/p>\n<p data-start=\"1446\" data-end=\"1482\"><strong data-start=\"1446\" data-end=\"1482\">\u0412\u043a\u0443\u0441\u043d\u043e, \u043f\u0438\u0442\u0430\u0442\u0435\u043b\u044c\u043d\u043e \u0438 \u043f\u043e\u043b\u0435\u0437\u043d\u043e!<\/strong><\/p>\n<\/div>\n<p><!-- .vgblk-rw-wrapper --><\/p>","protected":false},"excerpt":{"rendered":"<p>Carnaval Premium B\u00f6y\u00fck \u0130tl\u0259r \u00fc\u00e7\u00fcn Quru Yem \u2013 Quzu \u018ftli Carnaval Premium Adult Dog Food with Lamb \u2013 b\u00f6y\u00fckl\u0259r \u00fc\u00e7\u00fcn n\u0259z\u0259rd\u0259 tutulmu\u015f, y\u00fcks\u0259k keyfiyy\u0259tli quzu \u0259ti z\u00fclal\u0131 il\u0259 z\u0259nginl\u0259\u015fdirilmi\u015f balansla\u015fd\u0131r\u0131lm\u0131\u015f quru it yemidir. \u0130tin g\u00fcnd\u0259lik ehtiyac duydu\u011fu vitamin, mineral v\u0259 amin tur\u015fular\u0131n\u0131 t\u0259min ed\u0259r\u0259k, onun sa\u011flaml\u0131\u011f\u0131n\u0131, enerji s\u0259viyy\u0259sini v\u0259 \u00fcmumi rifah\u0131n\u0131 d\u0259st\u0259kl\u0259yir. \ud83d\udc15 \u018fsas t\u0259rkib&#8230;<\/p>","protected":false},"featured_media":990079,"comment_status":"open","ping_status":"closed","template":"","meta":{"nf_dc_page":"","_monsterinsights_skip_tracking":false,"_monsterinsights_sitenote_active":false,"_monsterinsights_sitenote_note":"","_monsterinsights_sitenote_category":0},"product_brand":[],"product_cat":[244,58,245],"product_tag":[],"class_list":{"0":"post-990078","1":"product","2":"type-product","3":"status-publish","4":"has-post-thumbnail","6":"product_cat-it-ve-pisik-mehsullari","7":"product_cat-dog","8":"product_cat-yemler","10":"first","11":"instock","12":"shipping-taxable","13":"product-type-simple"},"jetpack_sharing_enabled":true,"_links":{"self":[{"href":"https:\/\/agrovetazerbaijan.az\/ru\/wp-json\/wp\/v2\/product\/990078","targetHints":{"allow":["GET"]}}],"collection":[{"href":"https:\/\/agrovetazerbaijan.az\/ru\/wp-json\/wp\/v2\/product"}],"about":[{"href":"https:\/\/agrovetazerbaijan.az\/ru\/wp-json\/wp\/v2\/types\/product"}],"replies":[{"embeddable":true,"href":"https:\/\/agrovetazerbaijan.az\/ru\/wp-json\/wp\/v2\/comments?post=990078"}],"version-history":[{"count":2,"href":"https:\/\/agrovetazerbaijan.az\/ru\/wp-json\/wp\/v2\/product\/990078\/revisions"}],"predecessor-version":[{"id":990081,"href":"https:\/\/agrovetazerbaijan.az\/ru\/wp-json\/wp\/v2\/product\/990078\/revisions\/990081"}],"wp:featuredmedia":[{"embeddable":true,"href":"https:\/\/agrovetazerbaijan.az\/ru\/wp-json\/wp\/v2\/media\/990079"}],"wp:attachment":[{"href":"https:\/\/agrovetazerbaijan.az\/ru\/wp-json\/wp\/v2\/media?parent=990078"}],"wp:term":[{"taxonomy":"product_brand","embeddable":true,"href":"https:\/\/agrovetazerbaijan.az\/ru\/wp-json\/wp\/v2\/product_brand?post=990078"},{"taxonomy":"product_cat","embeddable":true,"href":"https:\/\/agrovetazerbaijan.az\/ru\/wp-json\/wp\/v2\/product_cat?post=990078"},{"taxonomy":"product_tag","embeddable":true,"href":"https:\/\/agrovetazerbaijan.az\/ru\/wp-json\/wp\/v2\/product_tag?post=990078"}],"curies":[{"name":"WP","href":"https:\/\/api.w.org\/{rel}","templated":true}]}}