{"id":990075,"date":"2025-07-28T00:09:44","date_gmt":"2025-07-28T00:09:44","guid":{"rendered":"https:\/\/agrovetazerbaijan.az\/?post_type=product&#038;p=990075"},"modified":"2025-07-28T00:10:03","modified_gmt":"2025-07-28T00:10:03","slug":"carnaval-premium-yavru-itl%c9%99r-ucun-quru-yem-quzu-%c9%99tli","status":"publish","type":"product","link":"https:\/\/agrovetazerbaijan.az\/ru\/product\/carnaval-premium-yavru-itl%c9%99r-ucun-quru-yem-quzu-%c9%99tli\/","title":{"rendered":"\u0421\u0443\u0445\u043e\u0439 \u043a\u043e\u0440\u043c Carnaval Premium \u0434\u043b\u044f \u0449\u0435\u043d\u043a\u043e\u0432 \u2013 \u044f\u0433\u043d\u0435\u043d\u043e\u043a"},"content":{"rendered":"<div class=\"vgblk-rw-wrapper limit-wrapper\">\n<p data-start=\"239\" data-end=\"613\"><strong data-start=\"239\" data-end=\"284\">Carnaval Premium Puppy Dog Food with Lamb<\/strong> \u2013 b\u00f6y\u00fcm\u0259kd\u0259 olan it balalar\u0131 \u00fc\u00e7\u00fcn x\u00fcsusi olaraq haz\u0131rlanm\u0131\u015f, y\u00fcks\u0259k qida d\u0259y\u0259rin\u0259 malik v\u0259 balansla\u015fd\u0131r\u0131lm\u0131\u015f t\u0259rkibli quru yemdir. Z\u0259ngin <strong data-start=\"423\" data-end=\"442\">\u0431\u0435\u043b\u043e\u043a \u044f\u0433\u043d\u0435\u043d\u043a\u0430<\/strong>, <strong data-start=\"444\" data-end=\"458\">vitaminl\u0259r<\/strong>, <strong data-start=\"460\" data-end=\"480\">mineral madd\u0259l\u0259r<\/strong> \u0438 <strong data-start=\"484\" data-end=\"502\">amin tur\u015fular\u0131<\/strong> say\u0259sind\u0259 bala itin sa\u011flam inki\u015faf\u0131na, g\u00fccl\u00fc immun sistemin\u0259 v\u0259 enerji dolu g\u00fcnd\u0259lik f\u0259aliyy\u0259tin\u0259 t\u00f6hf\u0259 verir.<\/p>\n<h3 data-start=\"615\" data-end=\"644\">\ud83d\udc3e \u018fsas t\u0259rkib hiss\u0259l\u0259ri:<\/h3>\n<ul data-start=\"645\" data-end=\"917\">\n<li data-start=\"645\" data-end=\"675\">\n<p data-start=\"647\" data-end=\"675\">Emal olunmu\u015f heyvani z\u00fclal<\/p>\n<\/li>\n<li data-start=\"676\" data-end=\"708\">\n<p data-start=\"678\" data-end=\"708\">Emal olunmu\u015f quzu \u0259ti z\u00fclal\u0131<\/p>\n<\/li>\n<li data-start=\"709\" data-end=\"743\">\n<p data-start=\"711\" data-end=\"743\">Qar\u011f\u0131dal\u0131, bu\u011fda, bu\u011fda k\u0259p\u0259yi<\/p>\n<\/li>\n<li data-start=\"744\" data-end=\"771\">\n<p data-start=\"746\" data-end=\"771\">Qar\u011f\u0131dal\u0131 gluteni, d\u00fcy\u00fc<\/p>\n<\/li>\n<li data-start=\"772\" data-end=\"802\">\n<p data-start=\"774\" data-end=\"802\">\u0421\u0443\u0448\u0435\u043d\u0430\u044f \u0441\u0430\u0445\u0430\u0440\u043d\u0430\u044f \u0441\u0432\u0435\u043a\u043b\u0430<\/p>\n<\/li>\n<li data-start=\"803\" data-end=\"837\">\n<p data-start=\"805\" data-end=\"837\">Heyvan ya\u011f\u0131, qaraciy\u0259r aromas\u0131<\/p>\n<\/li>\n<li data-start=\"838\" data-end=\"865\">\n<p data-start=\"840\" data-end=\"865\">S\u00fcd z\u0259rdab\u0131 (whey), duz<\/p>\n<\/li>\n<li data-start=\"866\" data-end=\"892\">\n<p data-start=\"868\" data-end=\"892\">\u0421\u0443\u0445\u0438\u0435 \u043f\u0438\u0432\u043d\u044b\u0435 \u0434\u0440\u043e\u0436\u0436\u0438<\/p>\n<\/li>\n<li data-start=\"893\" data-end=\"917\">\n<p data-start=\"895\" data-end=\"917\">Taurin, k\u0259tan toxumu<\/p>\n<\/li>\n<\/ul>\n<h3 data-start=\"919\" data-end=\"943\">\ud83e\uddea \u041c\u0438\u043d\u0435\u0440\u0430\u043b\u044c\u043d\u044b\u0435 \u0432\u0435\u0449\u0435\u0441\u0442\u0432\u0430:<\/h3>\n<p data-start=\"944\" data-end=\"1013\">\u041a\u0430\u043b\u044c\u0446\u0438\u0439, \u0444\u043e\u0441\u0444\u043e\u0440, \u043d\u0430\u0442\u0440\u0438\u0439, \u0439\u043e\u0434, \u0446\u0438\u043d\u043a, \u043c\u0435\u0434\u044c, \u0436\u0435\u043b\u0435\u0437\u043e, \u0445\u043b\u043e\u0440\u0438\u0434 \u043a\u0430\u043b\u0438\u044f, \u0441\u0435\u043b\u0435\u043d<\/p>\n<h3 data-start=\"1015\" data-end=\"1033\">\ud83d\udc8a \u0412\u0438\u0442\u0430\u043c\u0438\u043d\u044b:<\/h3>\n<p data-start=\"1034\" data-end=\"1136\">A, D3, E, C, B1, B2, B3 (niasin), B6, B7 (biotin), B9 (fol tur\u015fusu), B12, K, xolin, kalsium pantotenat<\/p>\n<h3 data-start=\"1138\" data-end=\"1167\">\ud83d\udd2c \u0410\u043d\u0430\u043b\u0438\u0442\u0438\u0447\u0435\u0441\u043a\u0438\u0435 \u043f\u043e\u043a\u0430\u0437\u0430\u0442\u0435\u043b\u0438:<\/h3>\n<ul data-start=\"1168\" data-end=\"1257\">\n<li data-start=\"1168\" data-end=\"1190\">\n<p data-start=\"1170\" data-end=\"1190\"><strong data-start=\"1170\" data-end=\"1184\">\u0421\u044b\u0440\u043e\u0439 \u043f\u0440\u043e\u0442\u0435\u0438\u043d:<\/strong> 26%<\/p>\n<\/li>\n<li data-start=\"1191\" data-end=\"1211\">\n<p data-start=\"1193\" data-end=\"1211\"><strong data-start=\"1193\" data-end=\"1205\">\u0421\u044b\u0440\u0430\u044f \u043d\u0435\u0444\u0442\u044c:<\/strong> 11%<\/p>\n<\/li>\n<li data-start=\"1212\" data-end=\"1237\">\n<p data-start=\"1214\" data-end=\"1237\"><strong data-start=\"1214\" data-end=\"1230\">\u0421\u044b\u0440\u0430\u044f \u0446\u0435\u043b\u043b\u044e\u043b\u043e\u0437\u0430:<\/strong> 3.5%<\/p>\n<\/li>\n<li data-start=\"1238\" data-end=\"1257\">\n<p data-start=\"1240\" data-end=\"1257\"><strong data-start=\"1240\" data-end=\"1252\">\u0421\u044b\u0440\u0430\u044f \u0437\u043e\u043b\u0430:<\/strong> 8%<\/p>\n<\/li>\n<\/ul>\n<h3 data-start=\"1259\" data-end=\"1307\">\ud83e\uddec \u0414\u043e\u043f\u043e\u043b\u043d\u0438\u0442\u0435\u043b\u044c\u043d\u044b\u0435 \u043f\u0438\u0442\u0430\u0442\u0435\u043b\u044c\u043d\u044b\u0435 \u0432\u0435\u0449\u0435\u0441\u0442\u0432\u0430 (\u043d\u0430 1 \u043a\u0433):<\/h3>\n<ul data-start=\"1308\" data-end=\"1417\">\n<li data-start=\"1308\" data-end=\"1336\">\n<p data-start=\"1310\" data-end=\"1336\"><strong data-start=\"1310\" data-end=\"1324\">\u0412\u0438\u0442\u0430\u043c\u0438\u043d \u0410:<\/strong> 18 000 IU<\/p>\n<\/li>\n<li data-start=\"1337\" data-end=\"1365\">\n<p data-start=\"1339\" data-end=\"1365\"><strong data-start=\"1339\" data-end=\"1354\">\u0412\u0438\u0442\u0430\u043c\u0438\u043d D3:<\/strong> 1 500 IU<\/p>\n<\/li>\n<li data-start=\"1366\" data-end=\"1391\">\n<p data-start=\"1368\" data-end=\"1391\"><strong data-start=\"1368\" data-end=\"1382\">\u0412\u0438\u0442\u0430\u043c\u0438\u043d \u0415:<\/strong> 150 \u043c\u0433<\/p>\n<\/li>\n<li data-start=\"1392\" data-end=\"1417\">\n<p data-start=\"1394\" data-end=\"1417\"><strong data-start=\"1394\" data-end=\"1408\">\u0412\u0438\u0442\u0430\u043c\u0438\u043d \u0421:<\/strong> 120 mg<\/p>\n<\/li>\n<\/ul>\n<hr data-start=\"1419\" data-end=\"1422\" \/>\n<p data-start=\"1424\" data-end=\"1548\"><strong data-start=\"1424\" data-end=\"1454\">Carnaval Premium Puppy Yem<\/strong> \u2013 yavru itinizi sa\u011flam b\u00f6y\u00fctm\u0259k, enerjili v\u0259 xo\u015fb\u0259xt saxlamaq \u00fc\u00e7\u00fcn ideal qidalanma se\u00e7imidir.<\/p>\n<p data-start=\"1550\" data-end=\"1593\"><strong data-start=\"1550\" data-end=\"1593\">T\u0259bi\u0259td\u0259n ilham, sa\u011flaml\u0131q \u00fc\u00e7\u00fcn formul!<\/strong><\/p>\n<\/div>\n<p><!-- .vgblk-rw-wrapper --><\/p>","protected":false},"excerpt":{"rendered":"<p>Carnaval Premium Puppy Dog Food with Lamb \u2013 b\u00f6y\u00fcm\u0259kd\u0259 olan it balalar\u0131 \u00fc\u00e7\u00fcn x\u00fcsusi olaraq haz\u0131rlanm\u0131\u015f, y\u00fcks\u0259k qida d\u0259y\u0259rin\u0259 malik v\u0259 balansla\u015fd\u0131r\u0131lm\u0131\u015f t\u0259rkibli quru yemdir. Z\u0259ngin quzu \u0259ti z\u00fclal\u0131, vitaminl\u0259r, mineral madd\u0259l\u0259r v\u0259 amin tur\u015fular\u0131 say\u0259sind\u0259 bala itin sa\u011flam inki\u015faf\u0131na, g\u00fccl\u00fc immun sistemin\u0259 v\u0259 enerji dolu g\u00fcnd\u0259lik f\u0259aliyy\u0259tin\u0259 t\u00f6hf\u0259 verir. \ud83d\udc3e \u018fsas t\u0259rkib hiss\u0259l\u0259ri: Emal&#8230;<\/p>","protected":false},"featured_media":990076,"comment_status":"open","ping_status":"closed","template":"","meta":{"nf_dc_page":"","_monsterinsights_skip_tracking":false,"_monsterinsights_sitenote_active":false,"_monsterinsights_sitenote_note":"","_monsterinsights_sitenote_category":0},"product_brand":[],"product_cat":[244,51,245],"product_tag":[],"class_list":{"0":"post-990075","1":"product","2":"type-product","3":"status-publish","4":"has-post-thumbnail","6":"product_cat-it-ve-pisik-mehsullari","7":"product_cat-cat","8":"product_cat-yemler","10":"first","11":"instock","12":"shipping-taxable","13":"product-type-simple"},"jetpack_sharing_enabled":true,"_links":{"self":[{"href":"https:\/\/agrovetazerbaijan.az\/ru\/wp-json\/wp\/v2\/product\/990075","targetHints":{"allow":["GET"]}}],"collection":[{"href":"https:\/\/agrovetazerbaijan.az\/ru\/wp-json\/wp\/v2\/product"}],"about":[{"href":"https:\/\/agrovetazerbaijan.az\/ru\/wp-json\/wp\/v2\/types\/product"}],"replies":[{"embeddable":true,"href":"https:\/\/agrovetazerbaijan.az\/ru\/wp-json\/wp\/v2\/comments?post=990075"}],"version-history":[{"count":1,"href":"https:\/\/agrovetazerbaijan.az\/ru\/wp-json\/wp\/v2\/product\/990075\/revisions"}],"predecessor-version":[{"id":990077,"href":"https:\/\/agrovetazerbaijan.az\/ru\/wp-json\/wp\/v2\/product\/990075\/revisions\/990077"}],"wp:featuredmedia":[{"embeddable":true,"href":"https:\/\/agrovetazerbaijan.az\/ru\/wp-json\/wp\/v2\/media\/990076"}],"wp:attachment":[{"href":"https:\/\/agrovetazerbaijan.az\/ru\/wp-json\/wp\/v2\/media?parent=990075"}],"wp:term":[{"taxonomy":"product_brand","embeddable":true,"href":"https:\/\/agrovetazerbaijan.az\/ru\/wp-json\/wp\/v2\/product_brand?post=990075"},{"taxonomy":"product_cat","embeddable":true,"href":"https:\/\/agrovetazerbaijan.az\/ru\/wp-json\/wp\/v2\/product_cat?post=990075"},{"taxonomy":"product_tag","embeddable":true,"href":"https:\/\/agrovetazerbaijan.az\/ru\/wp-json\/wp\/v2\/product_tag?post=990075"}],"curies":[{"name":"WP","href":"https:\/\/api.w.org\/{rel}","templated":true}]}}