{"id":990072,"date":"2025-07-28T00:08:00","date_gmt":"2025-07-28T00:08:00","guid":{"rendered":"https:\/\/agrovetazerbaijan.az\/?post_type=product&#038;p=990072"},"modified":"2025-07-28T00:08:21","modified_gmt":"2025-07-28T00:08:21","slug":"carnaval-premium-boyuk-pisikl%c9%99r-ucun-quru-yem-quzu-%c9%99tli","status":"publish","type":"product","link":"https:\/\/agrovetazerbaijan.az\/ru\/product\/carnaval-premium-boyuk-pisikl%c9%99r-ucun-quru-yem-quzu-%c9%99tli\/","title":{"rendered":"\u0421\u0443\u0445\u043e\u0439 \u043a\u043e\u0440\u043c Carnaval Premium \u0434\u043b\u044f \u043a\u0440\u0443\u043f\u043d\u044b\u0445 \u043a\u043e\u0448\u0435\u043a \u2013 \u044f\u0433\u043d\u0435\u043d\u043e\u043a"},"content":{"rendered":"<div class=\"vgblk-rw-wrapper limit-wrapper\">\n<p data-start=\"179\" data-end=\"240\"><strong data-start=\"179\" data-end=\"240\">\u0421\u0443\u0445\u043e\u0439 \u043a\u043e\u0440\u043c Carnaval Premium \u0434\u043b\u044f \u043a\u0440\u0443\u043f\u043d\u044b\u0445 \u043a\u043e\u0448\u0435\u043a \u2013 \u044f\u0433\u043d\u0435\u043d\u043e\u043a<\/strong><\/p>\n<p data-start=\"242\" data-end=\"528\"><strong data-start=\"242\" data-end=\"287\">Carnaval Premium Adult Cat Food with Lamb<\/strong> \u2013 b\u00f6y\u00fckl\u0259r \u00fc\u00e7\u00fcn n\u0259z\u0259rd\u0259 tutulmu\u015f, quzu \u0259ti t\u0259rkibli, z\u0259ngin qida d\u0259y\u0259rin\u0259 malik quru pi\u015fik yemidir. G\u00fccl\u00fc z\u00fclal t\u0259rkibi, balansla\u015fd\u0131r\u0131lm\u0131\u015f vitamin v\u0259 minerallar say\u0259sind\u0259 pi\u015fiyinizin sa\u011flaml\u0131\u011f\u0131n\u0131, enerjisini v\u0259 t\u00fck parlaql\u0131\u011f\u0131n\u0131 d\u0259st\u0259kl\u0259yir.<\/p>\n<h3 data-start=\"530\" data-end=\"559\">\ud83d\udc11 \u018fsas t\u0259rkib hiss\u0259l\u0259ri:<\/h3>\n<ul data-start=\"560\" data-end=\"809\">\n<li data-start=\"560\" data-end=\"597\">\n<p data-start=\"562\" data-end=\"597\">Emal olunmu\u015f heyvan m\u0259n\u015f\u0259li z\u00fclal<\/p>\n<\/li>\n<li data-start=\"598\" data-end=\"637\">\n<p data-start=\"600\" data-end=\"637\">\u041f\u0448\u0435\u043d\u0438\u0446\u0430, \u043e\u0431\u0440\u0430\u0431\u043e\u0442\u0430\u043d\u043d\u044b\u0439 \u0431\u0435\u043b\u043e\u043a \u044f\u0433\u043d\u0435\u043d\u043a\u0430<\/p>\n<\/li>\n<li data-start=\"638\" data-end=\"670\">\n<p data-start=\"640\" data-end=\"670\">Qar\u011f\u0131dal\u0131, qar\u011f\u0131dal\u0131 gluteni<\/p>\n<\/li>\n<li data-start=\"671\" data-end=\"696\">\n<p data-start=\"673\" data-end=\"696\">Heyvan ya\u011f\u0131, Bonkalit<\/p>\n<\/li>\n<li data-start=\"697\" data-end=\"727\">\n<p data-start=\"699\" data-end=\"727\">\u0421\u0443\u0448\u0435\u043d\u0430\u044f \u0441\u0430\u0445\u0430\u0440\u043d\u0430\u044f \u0441\u0432\u0435\u043a\u043b\u0430<\/p>\n<\/li>\n<li data-start=\"728\" data-end=\"749\">\n<p data-start=\"730\" data-end=\"749\">\u0410\u0440\u043e\u043c\u0430\u0442 \u043f\u0435\u0447\u0435\u043d\u0438<\/p>\n<\/li>\n<li data-start=\"750\" data-end=\"771\">\n<p data-start=\"752\" data-end=\"771\">K\u0259tan toxumu, duz<\/p>\n<\/li>\n<li data-start=\"772\" data-end=\"798\">\n<p data-start=\"774\" data-end=\"798\">\u0421\u0443\u0445\u0438\u0435 \u043f\u0438\u0432\u043d\u044b\u0435 \u0434\u0440\u043e\u0436\u0436\u0438<\/p>\n<\/li>\n<li data-start=\"799\" data-end=\"809\">\n<p data-start=\"801\" data-end=\"809\">Taurin<\/p>\n<\/li>\n<\/ul>\n<h3 data-start=\"811\" data-end=\"835\">\ud83e\uddea \u041c\u0438\u043d\u0435\u0440\u0430\u043b\u044c\u043d\u044b\u0435 \u0432\u0435\u0449\u0435\u0441\u0442\u0432\u0430:<\/h3>\n<p data-start=\"836\" data-end=\"905\">\u041a\u0430\u043b\u044c\u0446\u0438\u0439, \u0444\u043e\u0441\u0444\u043e\u0440, \u043d\u0430\u0442\u0440\u0438\u0439, \u0439\u043e\u0434, \u0446\u0438\u043d\u043a, \u043c\u0435\u0434\u044c, \u0436\u0435\u043b\u0435\u0437\u043e, \u0445\u043b\u043e\u0440\u0438\u0434 \u043a\u0430\u043b\u0438\u044f, \u0441\u0435\u043b\u0435\u043d<\/p>\n<h3 data-start=\"907\" data-end=\"925\">\ud83d\udc8a \u0412\u0438\u0442\u0430\u043c\u0438\u043d\u044b:<\/h3>\n<p data-start=\"926\" data-end=\"1028\">A, D3, E, C, B1, B2, B3 (niasin), B6, B12, B7 (biotin), B9 (fol tur\u015fusu), K, xolin, kalsium pantotenat<\/p>\n<h3 data-start=\"1030\" data-end=\"1059\">\ud83d\udd2c \u0410\u043d\u0430\u043b\u0438\u0442\u0438\u0447\u0435\u0441\u043a\u0438\u0435 \u043f\u043e\u043a\u0430\u0437\u0430\u0442\u0435\u043b\u0438:<\/h3>\n<ul data-start=\"1060\" data-end=\"1149\">\n<li data-start=\"1060\" data-end=\"1082\">\n<p data-start=\"1062\" data-end=\"1082\"><strong data-start=\"1062\" data-end=\"1076\">\u0421\u044b\u0440\u043e\u0439 \u043f\u0440\u043e\u0442\u0435\u0438\u043d:<\/strong> 27%<\/p>\n<\/li>\n<li data-start=\"1083\" data-end=\"1103\">\n<p data-start=\"1085\" data-end=\"1103\"><strong data-start=\"1085\" data-end=\"1097\">\u0421\u044b\u0440\u0430\u044f \u043d\u0435\u0444\u0442\u044c:<\/strong> 10%<\/p>\n<\/li>\n<li data-start=\"1104\" data-end=\"1129\">\n<p data-start=\"1106\" data-end=\"1129\"><strong data-start=\"1106\" data-end=\"1122\">\u0421\u044b\u0440\u0430\u044f \u0446\u0435\u043b\u043b\u044e\u043b\u043e\u0437\u0430:<\/strong> 2.5%<\/p>\n<\/li>\n<li data-start=\"1130\" data-end=\"1149\">\n<p data-start=\"1132\" data-end=\"1149\"><strong data-start=\"1132\" data-end=\"1144\">\u0421\u044b\u0440\u0430\u044f \u0437\u043e\u043b\u0430:<\/strong> 8%<\/p>\n<\/li>\n<\/ul>\n<h3 data-start=\"1151\" data-end=\"1199\">\ud83e\uddec \u0414\u043e\u043f\u043e\u043b\u043d\u0438\u0442\u0435\u043b\u044c\u043d\u044b\u0435 \u043f\u0438\u0442\u0430\u0442\u0435\u043b\u044c\u043d\u044b\u0435 \u0432\u0435\u0449\u0435\u0441\u0442\u0432\u0430 (\u043d\u0430 1 \u043a\u0433):<\/h3>\n<ul data-start=\"1200\" data-end=\"1332\">\n<li data-start=\"1200\" data-end=\"1228\">\n<p data-start=\"1202\" data-end=\"1228\"><strong data-start=\"1202\" data-end=\"1216\">\u0412\u0438\u0442\u0430\u043c\u0438\u043d \u0410:<\/strong> 15 000 \u041c\u0415<\/p>\n<\/li>\n<li data-start=\"1229\" data-end=\"1257\">\n<p data-start=\"1231\" data-end=\"1257\"><strong data-start=\"1231\" data-end=\"1246\">\u0412\u0438\u0442\u0430\u043c\u0438\u043d D3:<\/strong> 1000 \u041c\u0415<\/p>\n<\/li>\n<li data-start=\"1258\" data-end=\"1283\">\n<p data-start=\"1260\" data-end=\"1283\"><strong data-start=\"1260\" data-end=\"1274\">\u0412\u0438\u0442\u0430\u043c\u0438\u043d \u0415:<\/strong> 150 \u043c\u0433<\/p>\n<\/li>\n<li data-start=\"1284\" data-end=\"1309\">\n<p data-start=\"1286\" data-end=\"1309\"><strong data-start=\"1286\" data-end=\"1300\">\u0412\u0438\u0442\u0430\u043c\u0438\u043d \u0421:<\/strong> 120 mg<\/p>\n<\/li>\n<li data-start=\"1310\" data-end=\"1332\">\n<p data-start=\"1312\" data-end=\"1332\"><strong data-start=\"1312\" data-end=\"1323\">\u0422\u0430\u0443\u0440\u0438\u043d:<\/strong> 1 000 mg<\/p>\n<\/li>\n<\/ul>\n<hr data-start=\"1334\" data-end=\"1337\" \/>\n<p data-start=\"1339\" data-end=\"1433\"><strong data-start=\"1339\" data-end=\"1373\">\u041f\u0440\u0435\u043c\u0438\u0430\u043b\u044c\u043d\u044b\u0439 \u043a\u043e\u0440\u043c \u0434\u043b\u044f \u0431\u0430\u0440\u0430\u043d\u0438\u043d\u044b Carnaval<\/strong> \u2013 pi\u015fiyinizin z\u00f6vq\u00fcn\u0259 uy\u011fun dad, sa\u011flaml\u0131\u011f\u0131na uy\u011fun t\u0259rkib!<\/p>\n<p data-start=\"1435\" data-end=\"1475\"><strong data-start=\"1435\" data-end=\"1475\">G\u00fcnd\u0259lik qidalanma \u00fc\u00e7\u00fcn ideal se\u00e7im!<\/strong><\/p>\n<\/div>\n<p><!-- .vgblk-rw-wrapper --><\/p>","protected":false},"excerpt":{"rendered":"<p>Carnaval Premium B\u00f6y\u00fck Pi\u015fikl\u0259r \u00fc\u00e7\u00fcn Quru Yem \u2013 Quzu \u018ftli Carnaval Premium Adult Cat Food with Lamb \u2013 b\u00f6y\u00fckl\u0259r \u00fc\u00e7\u00fcn n\u0259z\u0259rd\u0259 tutulmu\u015f, quzu \u0259ti t\u0259rkibli, z\u0259ngin qida d\u0259y\u0259rin\u0259 malik quru pi\u015fik yemidir. G\u00fccl\u00fc z\u00fclal t\u0259rkibi, balansla\u015fd\u0131r\u0131lm\u0131\u015f vitamin v\u0259 minerallar say\u0259sind\u0259 pi\u015fiyinizin sa\u011flaml\u0131\u011f\u0131n\u0131, enerjisini v\u0259 t\u00fck parlaql\u0131\u011f\u0131n\u0131 d\u0259st\u0259kl\u0259yir. \ud83d\udc11 \u018fsas t\u0259rkib hiss\u0259l\u0259ri: Emal olunmu\u015f heyvan m\u0259n\u015f\u0259li&#8230;<\/p>","protected":false},"featured_media":990073,"comment_status":"open","ping_status":"closed","template":"","meta":{"nf_dc_page":"","_monsterinsights_skip_tracking":false,"_monsterinsights_sitenote_active":false,"_monsterinsights_sitenote_note":"","_monsterinsights_sitenote_category":0},"product_brand":[],"product_cat":[244,51,245],"product_tag":[],"class_list":{"0":"post-990072","1":"product","2":"type-product","3":"status-publish","4":"has-post-thumbnail","6":"product_cat-it-ve-pisik-mehsullari","7":"product_cat-cat","8":"product_cat-yemler","10":"first","11":"instock","12":"shipping-taxable","13":"product-type-simple"},"jetpack_sharing_enabled":true,"_links":{"self":[{"href":"https:\/\/agrovetazerbaijan.az\/ru\/wp-json\/wp\/v2\/product\/990072","targetHints":{"allow":["GET"]}}],"collection":[{"href":"https:\/\/agrovetazerbaijan.az\/ru\/wp-json\/wp\/v2\/product"}],"about":[{"href":"https:\/\/agrovetazerbaijan.az\/ru\/wp-json\/wp\/v2\/types\/product"}],"replies":[{"embeddable":true,"href":"https:\/\/agrovetazerbaijan.az\/ru\/wp-json\/wp\/v2\/comments?post=990072"}],"version-history":[{"count":1,"href":"https:\/\/agrovetazerbaijan.az\/ru\/wp-json\/wp\/v2\/product\/990072\/revisions"}],"predecessor-version":[{"id":990074,"href":"https:\/\/agrovetazerbaijan.az\/ru\/wp-json\/wp\/v2\/product\/990072\/revisions\/990074"}],"wp:featuredmedia":[{"embeddable":true,"href":"https:\/\/agrovetazerbaijan.az\/ru\/wp-json\/wp\/v2\/media\/990073"}],"wp:attachment":[{"href":"https:\/\/agrovetazerbaijan.az\/ru\/wp-json\/wp\/v2\/media?parent=990072"}],"wp:term":[{"taxonomy":"product_brand","embeddable":true,"href":"https:\/\/agrovetazerbaijan.az\/ru\/wp-json\/wp\/v2\/product_brand?post=990072"},{"taxonomy":"product_cat","embeddable":true,"href":"https:\/\/agrovetazerbaijan.az\/ru\/wp-json\/wp\/v2\/product_cat?post=990072"},{"taxonomy":"product_tag","embeddable":true,"href":"https:\/\/agrovetazerbaijan.az\/ru\/wp-json\/wp\/v2\/product_tag?post=990072"}],"curies":[{"name":"WP","href":"https:\/\/api.w.org\/{rel}","templated":true}]}}