{"id":990053,"date":"2025-07-27T23:41:40","date_gmt":"2025-07-27T23:41:40","guid":{"rendered":"https:\/\/agrovetazerbaijan.az\/?post_type=product&#038;p=990053"},"modified":"2025-08-11T22:54:28","modified_gmt":"2025-08-11T22:54:28","slug":"clover-pet-dog-repellent-250ml","status":"publish","type":"product","link":"https:\/\/agrovetazerbaijan.az\/ru\/product\/clover-pet-dog-repellent-250ml\/","title":{"rendered":"\u041e\u0442\u043f\u0443\u0433\u0438\u0432\u0430\u0442\u0435\u043b\u044c \u0441\u043e\u0431\u0430\u043a Clover Pet 250 \u043c\u043b"},"content":{"rendered":"<div class=\"vgblk-rw-wrapper limit-wrapper\">\n<p data-start=\"91\" data-end=\"129\"><strong data-start=\"91\" data-end=\"127\">CLOVERPET Dog Repellent \u2013 250 ml<\/strong><\/p>\n<p data-start=\"131\" data-end=\"433\">Ev v\u0259 a\u00e7\u0131q sah\u0259l\u0259rd\u0259 itl\u0259rin narahat etm\u0259sinin qar\u015f\u0131s\u0131n\u0131 almaq \u00fc\u00e7\u00fcn haz\u0131rlanm\u0131\u015f effektiv qoruyucu spreydir. <strong data-start=\"239\" data-end=\"266\">CLOVERPET Dog Repellent<\/strong> heyvanlar \u00fc\u00e7\u00fcn t\u0259hl\u00fck\u0259siz, lakin onlar\u0131n yax\u0131nla\u015fmas\u0131n\u0131 \u0259ng\u0259ll\u0259y\u0259n x\u00fcsusi formulaya malikdir. Ba\u011f, ba\u011f\u00e7a, ev \u0259traf\u0131 v\u0259 dig\u0259r sah\u0259l\u0259rd\u0259 istifad\u0259 \u00fc\u00e7\u00fcn ideal se\u00e7imdir.<\/p>\n<p data-start=\"435\" data-end=\"454\"><strong data-start=\"435\" data-end=\"452\">\u041f\u0440\u0435\u0438\u043c\u0443\u0449\u0435\u0441\u0442\u0432\u0430:<\/strong><\/p>\n<ul data-start=\"455\" data-end=\"700\">\n<li data-start=\"455\" data-end=\"510\">\n<p data-start=\"457\" data-end=\"510\">Heyvanlar\u0131n yax\u0131nla\u015fmas\u0131n\u0131 effektiv \u015f\u0259kild\u0259 azald\u0131r<\/p>\n<\/li>\n<li data-start=\"511\" data-end=\"564\">\n<p data-start=\"513\" data-end=\"564\">\u0130nsan v\u0259 heyvan sa\u011flaml\u0131\u011f\u0131 \u00fc\u00e7\u00fcn t\u0259hl\u00fck\u0259siz t\u0259rkib<\/p>\n<\/li>\n<li data-start=\"565\" data-end=\"601\">\n<p data-start=\"567\" data-end=\"601\">Asan t\u0259tbiq olunan sprey format\u0131<\/p>\n<\/li>\n<li data-start=\"602\" data-end=\"633\">\n<p data-start=\"604\" data-end=\"633\">Uzunm\u00fcdd\u0259tli qoruyucu t\u0259sir<\/p>\n<\/li>\n<li data-start=\"634\" data-end=\"700\">\n<p data-start=\"636\" data-end=\"700\">Kimy\u0259vi qoxusu yox, heyvanlar\u0131 narahat ed\u0259n t\u0259bii komponentl\u0259r<\/p>\n<\/li>\n<\/ul>\n<p data-start=\"702\" data-end=\"725\"><strong data-start=\"702\" data-end=\"723\">\u0418\u043d\u0441\u0442\u0440\u0443\u043a\u0446\u0438\u044f \u043f\u043e \u043f\u0440\u0438\u043c\u0435\u043d\u0435\u043d\u0438\u044e:<\/strong><\/p>\n<ol data-start=\"726\" data-end=\"868\">\n<li data-start=\"726\" data-end=\"775\">\n<p data-start=\"729\" data-end=\"775\">\u0130stifad\u0259 edilm\u0259k ist\u0259nil\u0259n s\u0259thi t\u0259mizl\u0259yin.<\/p>\n<\/li>\n<li data-start=\"776\" data-end=\"827\">\n<p data-start=\"779\" data-end=\"827\">M\u0259hsulu h\u0259d\u0259f sah\u0259y\u0259 b\u0259rab\u0259r \u015f\u0259kild\u0259 p\u00fcsk\u00fcr\u00fcn.<\/p>\n<\/li>\n<li data-start=\"828\" data-end=\"868\">\n<p data-start=\"831\" data-end=\"868\">Laz\u0131m g\u0259ldikd\u0259 t\u0259tbiqi t\u0259krarlay\u0131n.<\/p>\n<\/li>\n<\/ol>\n<p data-start=\"870\" data-end=\"937\"><strong data-start=\"870\" data-end=\"880\">\u041e\u0431\u044a\u0435\u043c:<\/strong> 250 ml<br data-start=\"887\" data-end=\"890\" \/><strong data-start=\"890\" data-end=\"903\">\u041f\u043e\u0434\u0445\u043e\u0434\u0438\u0442 \u0434\u043b\u044f:<\/strong> \u0130tl\u0259r (a\u00e7\u0131q v\u0259 qapal\u0131 m\u0259kanlarda)<\/p>\n<p data-start=\"939\" data-end=\"1050\">Ev v\u0259 \u015f\u0259xsi m\u0259kanlar\u0131n\u0131z\u0131 narahat ed\u0259n itl\u0259rd\u0259n qorumaq \u00fc\u00e7\u00fcn \u2013 <strong data-start=\"1002\" data-end=\"1029\">CLOVERPET Dog Repellent<\/strong> etibarl\u0131 se\u00e7imdir!<\/p>\n<\/div>\n<p><!-- .vgblk-rw-wrapper --><\/p>","protected":false},"excerpt":{"rendered":"<p>CLOVERPET Dog Repellent \u2013 250 ml Ev v\u0259 a\u00e7\u0131q sah\u0259l\u0259rd\u0259 itl\u0259rin narahat etm\u0259sinin qar\u015f\u0131s\u0131n\u0131 almaq \u00fc\u00e7\u00fcn haz\u0131rlanm\u0131\u015f effektiv qoruyucu spreydir. CLOVERPET Dog Repellent heyvanlar \u00fc\u00e7\u00fcn t\u0259hl\u00fck\u0259siz, lakin onlar\u0131n yax\u0131nla\u015fmas\u0131n\u0131 \u0259ng\u0259ll\u0259y\u0259n x\u00fcsusi formulaya malikdir. Ba\u011f, ba\u011f\u00e7a, ev \u0259traf\u0131 v\u0259 dig\u0259r sah\u0259l\u0259rd\u0259 istifad\u0259 \u00fc\u00e7\u00fcn ideal se\u00e7imdir. \u00dcst\u00fcnl\u00fckl\u0259ri: Heyvanlar\u0131n yax\u0131nla\u015fmas\u0131n\u0131 effektiv \u015f\u0259kild\u0259 azald\u0131r \u0130nsan v\u0259 heyvan sa\u011flaml\u0131\u011f\u0131 \u00fc\u00e7\u00fcn&#8230;<\/p>","protected":false},"featured_media":990054,"comment_status":"open","ping_status":"closed","template":"","meta":{"nf_dc_page":"","_monsterinsights_skip_tracking":false,"_monsterinsights_sitenote_active":false,"_monsterinsights_sitenote_note":"","_monsterinsights_sitenote_category":0},"product_brand":[],"product_cat":[244,58,247],"product_tag":[],"class_list":{"0":"post-990053","1":"product","2":"type-product","3":"status-publish","4":"has-post-thumbnail","6":"product_cat-it-ve-pisik-mehsullari","7":"product_cat-dog","8":"product_cat-qum-ve-kosmetik-vasiteler","10":"first","11":"instock","12":"shipping-taxable","13":"product-type-simple"},"jetpack_sharing_enabled":true,"_links":{"self":[{"href":"https:\/\/agrovetazerbaijan.az\/ru\/wp-json\/wp\/v2\/product\/990053","targetHints":{"allow":["GET"]}}],"collection":[{"href":"https:\/\/agrovetazerbaijan.az\/ru\/wp-json\/wp\/v2\/product"}],"about":[{"href":"https:\/\/agrovetazerbaijan.az\/ru\/wp-json\/wp\/v2\/types\/product"}],"replies":[{"embeddable":true,"href":"https:\/\/agrovetazerbaijan.az\/ru\/wp-json\/wp\/v2\/comments?post=990053"}],"version-history":[{"count":2,"href":"https:\/\/agrovetazerbaijan.az\/ru\/wp-json\/wp\/v2\/product\/990053\/revisions"}],"predecessor-version":[{"id":990204,"href":"https:\/\/agrovetazerbaijan.az\/ru\/wp-json\/wp\/v2\/product\/990053\/revisions\/990204"}],"wp:featuredmedia":[{"embeddable":true,"href":"https:\/\/agrovetazerbaijan.az\/ru\/wp-json\/wp\/v2\/media\/990054"}],"wp:attachment":[{"href":"https:\/\/agrovetazerbaijan.az\/ru\/wp-json\/wp\/v2\/media?parent=990053"}],"wp:term":[{"taxonomy":"product_brand","embeddable":true,"href":"https:\/\/agrovetazerbaijan.az\/ru\/wp-json\/wp\/v2\/product_brand?post=990053"},{"taxonomy":"product_cat","embeddable":true,"href":"https:\/\/agrovetazerbaijan.az\/ru\/wp-json\/wp\/v2\/product_cat?post=990053"},{"taxonomy":"product_tag","embeddable":true,"href":"https:\/\/agrovetazerbaijan.az\/ru\/wp-json\/wp\/v2\/product_tag?post=990053"}],"curies":[{"name":"WP","href":"https:\/\/api.w.org\/{rel}","templated":true}]}}