{"id":990050,"date":"2025-07-27T23:38:54","date_gmt":"2025-07-27T23:38:54","guid":{"rendered":"https:\/\/agrovetazerbaijan.az\/?post_type=product&#038;p=990050"},"modified":"2025-08-11T22:53:24","modified_gmt":"2025-08-11T22:53:24","slug":"clover-pet-catnip-sprey-100ml","status":"publish","type":"product","link":"https:\/\/agrovetazerbaijan.az\/ru\/product\/clover-pet-catnip-sprey-100ml\/","title":{"rendered":"\u0421\u043f\u0440\u0435\u0439 \u0434\u043b\u044f \u0436\u0438\u0432\u043e\u0442\u043d\u044b\u0445 Clover \u0441 \u043a\u043e\u0448\u0430\u0447\u044c\u0435\u0439 \u043c\u044f\u0442\u043e\u0439 100 \u043c\u043b"},"content":{"rendered":"<div class=\"vgblk-rw-wrapper limit-wrapper\">\n<p data-start=\"88\" data-end=\"123\"><strong data-start=\"88\" data-end=\"123\">\u0421\u043f\u0440\u0435\u0439 \u0441 \u043a\u043e\u0448\u0430\u0447\u044c\u0435\u0439 \u043c\u044f\u0442\u043e\u0439 CLOVERPET \u2013 100 \u043c\u043b<\/strong><\/p>\n<p data-start=\"125\" data-end=\"423\">\u0421\u043e\u0437\u0434\u0430\u043d, \u0447\u0442\u043e\u0431\u044b \u0441\u0434\u0435\u043b\u0430\u0442\u044c \u0438\u0433\u0440\u0443 \u0438 \u0432\u0435\u0441\u0435\u043b\u044c\u0435 \u0432\u0430\u0448\u0438\u0445 \u043a\u043e\u0448\u0435\u043a \u0431\u043e\u043b\u0435\u0435 \u043f\u0440\u0438\u044f\u0442\u043d\u044b\u043c\u0438 <strong data-start=\"186\" data-end=\"212\">\u0421\u043f\u0440\u0435\u0439 \u0441 \u043a\u043e\u0448\u0430\u0447\u044c\u0435\u0439 \u043c\u044f\u0442\u043e\u0439 CLOVERPET<\/strong>\u041e\u0431\u043e\u0433\u0430\u0449\u0451\u043d\u043d\u044b\u0439 \u043d\u0430\u0442\u0443\u0440\u0430\u043b\u044c\u043d\u044b\u043c \u044d\u043a\u0441\u0442\u0440\u0430\u043a\u0442\u043e\u043c \u043a\u043e\u0448\u0430\u0447\u044c\u0435\u0439 \u043c\u044f\u0442\u044b. \u042d\u0442\u043e\u0442 \u0441\u043f\u0440\u0435\u0439 \u043f\u0440\u0438\u0432\u043b\u0435\u043a\u0430\u0435\u0442 \u0432\u043d\u0438\u043c\u0430\u043d\u0438\u0435 \u043a\u043e\u0448\u0435\u043a, \u0434\u0435\u043b\u0430\u0435\u0442 \u0438\u0445 \u0430\u043a\u0442\u0438\u0432\u043d\u044b\u043c\u0438 \u0438 \u0441\u0447\u0430\u0441\u0442\u043b\u0438\u0432\u044b\u043c\u0438. \u041a\u0440\u043e\u043c\u0435 \u0442\u043e\u0433\u043e, \u043e\u043d \u043f\u043e\u043c\u043e\u0433\u0430\u0435\u0442 \u0441\u043d\u0438\u0437\u0438\u0442\u044c \u0441\u0442\u0440\u0435\u0441\u0441 \u0438 \u0440\u0435\u0448\u0438\u0442\u044c \u043f\u0440\u043e\u0431\u043b\u0435\u043c\u044b \u0441 \u043f\u043e\u0432\u0435\u0434\u0435\u043d\u0438\u0435\u043c.<\/p>\n<p data-start=\"425\" data-end=\"444\"><strong data-start=\"425\" data-end=\"442\">\u041f\u0440\u0435\u0438\u043c\u0443\u0449\u0435\u0441\u0442\u0432\u0430:<\/strong><\/p>\n<ul data-start=\"445\" data-end=\"690\">\n<li data-start=\"445\" data-end=\"482\">\n<p data-start=\"447\" data-end=\"482\">\u041e\u0431\u043e\u0433\u0430\u0449\u0435\u043d\u043e \u043d\u0430\u0442\u0443\u0440\u0430\u043b\u044c\u043d\u044b\u043c \u044d\u043a\u0441\u0442\u0440\u0430\u043a\u0442\u043e\u043c \u043a\u043e\u0448\u0430\u0447\u044c\u0435\u0439 \u043c\u044f\u0442\u044b<\/p>\n<\/li>\n<li data-start=\"483\" data-end=\"535\">\n<p data-start=\"485\" data-end=\"535\">\u0423\u0434\u043e\u0432\u043b\u0435\u0442\u0432\u043e\u0440\u044f\u0435\u0442 \u043f\u043e\u0442\u0440\u0435\u0431\u043d\u043e\u0441\u0442\u044c \u043a\u043e\u0448\u0435\u043a \u0432 \u0438\u0433\u0440\u0435 \u0438 \u0440\u0430\u0437\u0432\u043b\u0435\u0447\u0435\u043d\u0438\u044f\u0445<\/p>\n<\/li>\n<li data-start=\"536\" data-end=\"574\">\n<p data-start=\"538\" data-end=\"574\">\u0421\u043f\u043e\u0441\u043e\u0431\u0441\u0442\u0432\u0443\u0435\u0442 \u0441\u043d\u0438\u0436\u0435\u043d\u0438\u044e \u0441\u0442\u0440\u0435\u0441\u0441\u0430<\/p>\n<\/li>\n<li data-start=\"575\" data-end=\"633\">\n<p data-start=\"577\" data-end=\"633\">\u041b\u0435\u0433\u043a\u043e \u043d\u0430\u043d\u043e\u0441\u0438\u0442\u0441\u044f \u043d\u0430 \u043b\u044e\u0431\u0443\u044e \u0438\u0433\u0440\u0443\u0448\u043a\u0443 \u0438\u043b\u0438 \u043f\u043e\u0432\u0435\u0440\u0445\u043d\u043e\u0441\u0442\u044c.<\/p>\n<\/li>\n<li data-start=\"634\" data-end=\"690\">\n<p data-start=\"636\" data-end=\"690\">\u0411\u0435\u0437\u0432\u0440\u0435\u0434\u043d\u0430\u044f \u0438 \u0431\u0435\u0437\u043e\u043f\u0430\u0441\u043d\u0430\u044f \u0444\u043e\u0440\u043c\u0443\u043b\u0430 \u0434\u043b\u044f \u0437\u0434\u043e\u0440\u043e\u0432\u044c\u044f \u0436\u0438\u0432\u043e\u0442\u043d\u044b\u0445<\/p>\n<\/li>\n<\/ul>\n<p data-start=\"692\" data-end=\"715\"><strong data-start=\"692\" data-end=\"713\">\u0418\u043d\u0441\u0442\u0440\u0443\u043a\u0446\u0438\u044f \u043f\u043e \u043f\u0440\u0438\u043c\u0435\u043d\u0435\u043d\u0438\u044e:<\/strong><\/p>\n<ol data-start=\"716\" data-end=\"901\">\n<li data-start=\"716\" data-end=\"748\">\n<p data-start=\"719\" data-end=\"748\">\u0425\u043e\u0440\u043e\u0448\u043e \u0432\u0441\u0442\u0440\u044f\u0445\u043d\u0438\u0442\u0435 \u0444\u043b\u0430\u043a\u043e\u043d.<\/p>\n<\/li>\n<li data-start=\"749\" data-end=\"834\">\n<p data-start=\"752\" data-end=\"834\">\u0420\u0430\u0441\u043f\u044b\u043b\u0438\u0442\u0435 \u0441\u0440\u0435\u0434\u0441\u0442\u0432\u043e \u043d\u0430 \u0438\u0433\u0440\u0443\u0448\u043a\u0438 \u043a\u043e\u0448\u043a\u0438, \u0440\u0430\u0441\u0447\u0435\u0441\u043a\u0443 \u0438\u043b\u0438 \u043b\u044e\u0431\u0443\u044e \u043f\u043e\u043d\u0440\u0430\u0432\u0438\u0432\u0448\u0443\u044e\u0441\u044f \u0435\u0439 \u043f\u043e\u0432\u0435\u0440\u0445\u043d\u043e\u0441\u0442\u044c.<\/p>\n<\/li>\n<li data-start=\"835\" data-end=\"901\">\n<p data-start=\"838\" data-end=\"901\">\u041d\u0430\u0431\u043b\u044e\u0434\u0430\u0439\u0442\u0435 \u0437\u0430 \u0440\u0435\u0430\u043a\u0446\u0438\u0435\u0439 \u043a\u043e\u0448\u043a\u0438 \u0438 \u0443\u0431\u0435\u0434\u0438\u0442\u0435\u0441\u044c, \u0447\u0442\u043e \u0435\u0439 \u044d\u0442\u043e \u043d\u0440\u0430\u0432\u0438\u0442\u0441\u044f.<\/p>\n<\/li>\n<\/ol>\n<p data-start=\"903\" data-end=\"973\"><strong data-start=\"903\" data-end=\"913\">\u041e\u0431\u044a\u0435\u043c:<\/strong> 100 \u043c\u043b<br data-start=\"920\" data-end=\"923\" \/><strong data-start=\"923\" data-end=\"936\">\u041f\u043e\u0434\u0445\u043e\u0434\u0438\u0442 \u0434\u043b\u044f:<\/strong> \u041a\u043e\u0448\u043a\u0438 (\u0432\u0441\u0435\u0445 \u0432\u043e\u0437\u0440\u0430\u0441\u0442\u043e\u0432 \u0438 \u043f\u043e\u0440\u043e\u0434)<\/p>\n<p data-start=\"975\" data-end=\"1059\">\u0414\u043e\u0431\u0430\u0432\u044c\u0442\u0435 \u0431\u043e\u043b\u044c\u0448\u0435 \u0438\u0433\u0440 \u0438 \u0440\u0430\u0434\u043e\u0441\u0442\u0438 \u0432 \u0436\u0438\u0437\u043d\u044c \u0432\u0430\u0448\u0435\u0439 \u043a\u043e\u0448\u043a\u0438 \u2013 <strong data-start=\"1028\" data-end=\"1054\">\u0421\u043f\u0440\u0435\u0439 \u0441 \u043a\u043e\u0448\u0430\u0447\u044c\u0435\u0439 \u043c\u044f\u0442\u043e\u0439 CLOVERPET<\/strong> \u0441!<\/p>\n<\/div>\n<p><!-- .vgblk-rw-wrapper --><\/p>","protected":false},"excerpt":{"rendered":"<p>CLOVERPET Catnip Sprey \u2013 100 ml Pi\u015fikl\u0259rinizin oyun v\u0259 \u0259yl\u0259nc\u0259sini art\u0131rmaq \u00fc\u00e7\u00fcn haz\u0131rlanm\u0131\u015f CLOVERPET Catnip Sprey, t\u0259bii catnip ekstrakt\u0131 il\u0259 z\u0259nginl\u0259\u015fdirilmi\u015fdir. Bu sprey pi\u015fikl\u0259rin diqq\u0259tini c\u0259lb edir, onlar\u0131 aktiv v\u0259 xo\u015fb\u0259xt edir. Eyni zamanda stresin azald\u0131lmas\u0131na v\u0259 davran\u0131\u015f probleml\u0259rinin y\u00fcng\u00fcll\u0259\u015fm\u0259sin\u0259 k\u00f6m\u0259k edir. \u00dcst\u00fcnl\u00fckl\u0259ri: T\u0259bii catnip ekstrakt\u0131 il\u0259 z\u0259ngin Pi\u015fikl\u0259rin oyun v\u0259 \u0259yl\u0259nc\u0259 ehtiyac\u0131n\u0131 qar\u015f\u0131lay\u0131r Stresin&#8230;<\/p>","protected":false},"featured_media":990051,"comment_status":"open","ping_status":"closed","template":"","meta":{"nf_dc_page":"","_monsterinsights_skip_tracking":false,"_monsterinsights_sitenote_active":false,"_monsterinsights_sitenote_note":"","_monsterinsights_sitenote_category":0},"product_brand":[],"product_cat":[58,244,51,247,16],"product_tag":[],"class_list":{"0":"post-990050","1":"product","2":"type-product","3":"status-publish","4":"has-post-thumbnail","6":"product_cat-dog","7":"product_cat-it-ve-pisik-mehsullari","8":"product_cat-cat","9":"product_cat-qum-ve-kosmetik-vasiteler","10":"product_cat-uncategorized","12":"first","13":"instock","14":"shipping-taxable","15":"product-type-simple"},"jetpack_sharing_enabled":true,"_links":{"self":[{"href":"https:\/\/agrovetazerbaijan.az\/ru\/wp-json\/wp\/v2\/product\/990050","targetHints":{"allow":["GET"]}}],"collection":[{"href":"https:\/\/agrovetazerbaijan.az\/ru\/wp-json\/wp\/v2\/product"}],"about":[{"href":"https:\/\/agrovetazerbaijan.az\/ru\/wp-json\/wp\/v2\/types\/product"}],"replies":[{"embeddable":true,"href":"https:\/\/agrovetazerbaijan.az\/ru\/wp-json\/wp\/v2\/comments?post=990050"}],"version-history":[{"count":2,"href":"https:\/\/agrovetazerbaijan.az\/ru\/wp-json\/wp\/v2\/product\/990050\/revisions"}],"predecessor-version":[{"id":990203,"href":"https:\/\/agrovetazerbaijan.az\/ru\/wp-json\/wp\/v2\/product\/990050\/revisions\/990203"}],"wp:featuredmedia":[{"embeddable":true,"href":"https:\/\/agrovetazerbaijan.az\/ru\/wp-json\/wp\/v2\/media\/990051"}],"wp:attachment":[{"href":"https:\/\/agrovetazerbaijan.az\/ru\/wp-json\/wp\/v2\/media?parent=990050"}],"wp:term":[{"taxonomy":"product_brand","embeddable":true,"href":"https:\/\/agrovetazerbaijan.az\/ru\/wp-json\/wp\/v2\/product_brand?post=990050"},{"taxonomy":"product_cat","embeddable":true,"href":"https:\/\/agrovetazerbaijan.az\/ru\/wp-json\/wp\/v2\/product_cat?post=990050"},{"taxonomy":"product_tag","embeddable":true,"href":"https:\/\/agrovetazerbaijan.az\/ru\/wp-json\/wp\/v2\/product_tag?post=990050"}],"curies":[{"name":"WP","href":"https:\/\/api.w.org\/{rel}","templated":true}]}}