{"id":990047,"date":"2025-07-27T23:36:26","date_gmt":"2025-07-27T23:36:26","guid":{"rendered":"https:\/\/agrovetazerbaijan.az\/?post_type=product&#038;p=990047"},"modified":"2025-08-17T23:07:23","modified_gmt":"2025-08-17T23:07:23","slug":"cloverpet-parfum-esans-tender-100ml","status":"publish","type":"product","link":"https:\/\/agrovetazerbaijan.az\/ru\/product\/cloverpet-parfum-esans-tender-100ml\/","title":{"rendered":"CLOVERPET \u041f\u0430\u0440\u0444\u044e\u043c\u0435\u0440\u043d\u0430\u044f \u044d\u0441\u0441\u0435\u043d\u0446\u0438\u044f \u041d\u0435\u0436\u043d\u0430\u044f 100 \u043c\u043b"},"content":{"rendered":"<div class=\"vgblk-rw-wrapper limit-wrapper\">\n<h2 data-start=\"59\" data-end=\"106\"><strong data-start=\"62\" data-end=\"104\">Cloverpet Perfume Essence Tender \u2013 100 \u043c\u043b<\/strong><\/h2>\n<p data-start=\"108\" data-end=\"178\">\u0420\u0430\u0437\u0440\u0430\u0431\u043e\u0442\u0430\u043d\u043e \u0434\u043b\u044f \u0434\u043e\u043c\u0430\u0448\u043d\u0438\u0445 \u0436\u0438\u0432\u043e\u0442\u043d\u044b\u0445 <strong data-start=\"144\" data-end=\"175\">\u0441\u043f\u0435\u0446\u0438\u0430\u043b\u044c\u043d\u0430\u044f \u0430\u0440\u043e\u043c\u0430\u0442\u0438\u0437\u0438\u0440\u043e\u0432\u0430\u043d\u043d\u0430\u044f \u043f\u0430\u0440\u0444\u044e\u043c\u0435\u0440\u043d\u0430\u044f \u044d\u0441\u0441\u0435\u043d\u0446\u0438\u044f<\/strong>.<\/p>\n<ul data-start=\"179\" data-end=\"310\">\n<li data-start=\"179\" data-end=\"212\">\n<p data-start=\"181\" data-end=\"212\">\u0422\u043e\u043d\u043a\u0438\u0439 \u0438 \u0441\u0442\u043e\u0439\u043a\u0438\u0439 \u043f\u0440\u0438\u044f\u0442\u043d\u044b\u0439 \u0430\u0440\u043e\u043c\u0430\u0442.<\/p>\n<\/li>\n<li data-start=\"213\" data-end=\"270\">\n<p data-start=\"215\" data-end=\"270\">\u0411\u0435\u0437\u043e\u043f\u0430\u0441\u043d\u0430\u044f \u0444\u043e\u0440\u043c\u0443\u043b\u0430, \u043f\u043e\u0434\u0445\u043e\u0434\u044f\u0449\u0430\u044f \u0434\u043b\u044f \u0448\u0435\u0440\u0441\u0442\u0438 \u0438 \u043a\u043e\u0436\u0438 \u0434\u043e\u043c\u0430\u0448\u043d\u0438\u0445 \u0436\u0438\u0432\u043e\u0442\u043d\u044b\u0445<\/p>\n<\/li>\n<li data-start=\"271\" data-end=\"310\">\n<p data-start=\"273\" data-end=\"310\">\u0423\u0434\u043e\u0431\u043d\u0430\u044f \u0443\u043f\u0430\u043a\u043e\u0432\u043a\u0430 100 \u043c\u043b<\/p>\n<\/li>\n<\/ul>\n<p data-start=\"312\" data-end=\"444\"><strong data-start=\"312\" data-end=\"332\">Cloverpet Tender<\/strong> \u041f\u0440\u0438\u0434\u0430\u0441\u0442 \u044d\u043b\u0435\u0433\u0430\u043d\u0442\u043d\u043e\u0441\u0442\u0438 \u0435\u0436\u0435\u0434\u043d\u0435\u0432\u043d\u043e\u043c\u0443 \u0443\u0445\u043e\u0434\u0443 \u0437\u0430 \u0432\u0430\u0448\u0438\u043c \u043f\u0438\u0442\u043e\u043c\u0446\u0435\u043c, \u043d\u0430\u0434\u043e\u043b\u0433\u043e \u0441\u043e\u0445\u0440\u0430\u043d\u0438\u0442 \u043f\u0440\u0438\u044f\u0442\u043d\u044b\u0439 \u0430\u0440\u043e\u043c\u0430\u0442 \u0438 \u043e\u0449\u0443\u0449\u0435\u043d\u0438\u0435 \u0447\u0438\u0441\u0442\u043e\u0442\u044b \u0438 \u0441\u0432\u0435\u0436\u0435\u0441\u0442\u0438.<\/p>\n<\/div>\n<p><!-- .vgblk-rw-wrapper --><\/p>","protected":false},"excerpt":{"rendered":"<p>Cloverpet Parf\u00fcm Esans Tender \u2013 100 ml Ev heyvanlar\u0131 \u00fc\u00e7\u00fcn n\u0259z\u0259rd\u0259 tutulmu\u015f x\u00fcsusi \u0259tirli parf\u00fcm esans\u0131. \u0130nc\u0259 v\u0259 uzunm\u00fcdd\u0259tli xo\u015f qoxu Heyvan t\u00fckl\u0259rin\u0259 v\u0259 d\u0259risin\u0259 uy\u011fun t\u0259hl\u00fck\u0259siz formula Rahat istifad\u0259li 100 ml qabla\u015fd\u0131rma Cloverpet Tender ev heyvan\u0131n\u0131z\u0131n g\u00fcnd\u0259lik bax\u0131m\u0131na z\u0259riflik qat\u0131r, xo\u015f \u0259tril\u0259 t\u0259mizlik v\u0259 t\u0259rav\u0259t hissini uzun m\u00fcdd\u0259t qoruyur.<\/p>","protected":false},"featured_media":990048,"comment_status":"open","ping_status":"closed","template":"","meta":{"nf_dc_page":"","_monsterinsights_skip_tracking":false,"_monsterinsights_sitenote_active":false,"_monsterinsights_sitenote_note":"","_monsterinsights_sitenote_category":0},"product_brand":[],"product_cat":[244,58,51,247],"product_tag":[],"class_list":{"0":"post-990047","1":"product","2":"type-product","3":"status-publish","4":"has-post-thumbnail","6":"product_cat-it-ve-pisik-mehsullari","7":"product_cat-dog","8":"product_cat-cat","9":"product_cat-qum-ve-kosmetik-vasiteler","11":"first","12":"instock","13":"shipping-taxable","14":"product-type-simple"},"jetpack_sharing_enabled":true,"_links":{"self":[{"href":"https:\/\/agrovetazerbaijan.az\/ru\/wp-json\/wp\/v2\/product\/990047","targetHints":{"allow":["GET"]}}],"collection":[{"href":"https:\/\/agrovetazerbaijan.az\/ru\/wp-json\/wp\/v2\/product"}],"about":[{"href":"https:\/\/agrovetazerbaijan.az\/ru\/wp-json\/wp\/v2\/types\/product"}],"replies":[{"embeddable":true,"href":"https:\/\/agrovetazerbaijan.az\/ru\/wp-json\/wp\/v2\/comments?post=990047"}],"version-history":[{"count":2,"href":"https:\/\/agrovetazerbaijan.az\/ru\/wp-json\/wp\/v2\/product\/990047\/revisions"}],"predecessor-version":[{"id":990217,"href":"https:\/\/agrovetazerbaijan.az\/ru\/wp-json\/wp\/v2\/product\/990047\/revisions\/990217"}],"wp:featuredmedia":[{"embeddable":true,"href":"https:\/\/agrovetazerbaijan.az\/ru\/wp-json\/wp\/v2\/media\/990048"}],"wp:attachment":[{"href":"https:\/\/agrovetazerbaijan.az\/ru\/wp-json\/wp\/v2\/media?parent=990047"}],"wp:term":[{"taxonomy":"product_brand","embeddable":true,"href":"https:\/\/agrovetazerbaijan.az\/ru\/wp-json\/wp\/v2\/product_brand?post=990047"},{"taxonomy":"product_cat","embeddable":true,"href":"https:\/\/agrovetazerbaijan.az\/ru\/wp-json\/wp\/v2\/product_cat?post=990047"},{"taxonomy":"product_tag","embeddable":true,"href":"https:\/\/agrovetazerbaijan.az\/ru\/wp-json\/wp\/v2\/product_tag?post=990047"}],"curies":[{"name":"WP","href":"https:\/\/api.w.org\/{rel}","templated":true}]}}