{"id":990044,"date":"2025-07-27T23:33:11","date_gmt":"2025-07-27T23:33:11","guid":{"rendered":"https:\/\/agrovetazerbaijan.az\/?post_type=product&#038;p=990044"},"modified":"2025-08-11T22:51:41","modified_gmt":"2025-08-11T22:51:41","slug":"cloverpet-parfum-esans-amor-amor-100ml","status":"publish","type":"product","link":"https:\/\/agrovetazerbaijan.az\/ru\/product\/cloverpet-parfum-esans-amor-amor-100ml\/","title":{"rendered":"\u0414\u0423\u0425\u041e\u0412\u041d\u0410\u042f \u042d\u0421\u0421\u0415\u041d\u0426\u0418\u042f \u041a\u041b\u0412\u0415\u0420\u041f\u0415\u0422 AMOR AMOR 100\u041c\u041b"},"content":{"rendered":"<div class=\"vgblk-rw-wrapper limit-wrapper\">\n<p data-start=\"98\" data-end=\"143\"><strong data-start=\"98\" data-end=\"143\">CLOVERPET Perfume Essence \u2013 Amor Amor 100 \u043c\u043b<\/strong><\/p>\n<p data-start=\"145\" data-end=\"459\">\u0421\u043f\u0435\u0446\u0438\u0430\u043b\u044c\u043d\u043e \u0440\u0430\u0437\u0440\u0430\u0431\u043e\u0442\u0430\u043d\u043e \u0434\u043b\u044f \u0432\u0430\u0448\u0435\u0433\u043e \u043f\u0438\u0442\u043e\u043c\u0446\u0430 <strong data-start=\"187\" data-end=\"223\">CLOVERPET Perfume Essence Amor Amor<\/strong>\u0411\u043b\u0430\u0433\u043e\u0434\u0430\u0440\u044f \u0441\u0432\u043e\u0435\u043c\u0443 \u043d\u0435\u0436\u043d\u043e\u043c\u0443 \u0438 \u0440\u043e\u043c\u0430\u043d\u0442\u0438\u0447\u043d\u043e\u043c\u0443 \u0430\u0440\u043e\u043c\u0430\u0442\u0443, \u043e\u043d \u0434\u0430\u0440\u0438\u0442 \u0448\u0435\u0440\u0441\u0442\u0438 \u0434\u043b\u0438\u0442\u0435\u043b\u044c\u043d\u0443\u044e \u0441\u0432\u0435\u0436\u0435\u0441\u0442\u044c \u0438 \u043e\u0447\u0430\u0440\u043e\u0432\u0430\u043d\u0438\u0435. \u041c\u044f\u0433\u043a\u0430\u044f \u0438 \u0431\u0435\u0437\u043e\u043f\u0430\u0441\u043d\u0430\u044f \u0444\u043e\u0440\u043c\u0443\u043b\u0430 \u043f\u043e\u0434\u0445\u043e\u0434\u0438\u0442 \u0434\u043b\u044f \u0438\u0441\u043f\u043e\u043b\u044c\u0437\u043e\u0432\u0430\u043d\u0438\u044f \u0431\u0435\u0437 \u043f\u043e\u0432\u0440\u0435\u0436\u0434\u0435\u043d\u0438\u044f \u0438 \u0440\u0430\u0437\u0434\u0440\u0430\u0436\u0435\u043d\u0438\u044f \u043a\u043e\u0436\u0438 \u0432\u0430\u0448\u0435\u0433\u043e \u043f\u0438\u0442\u043e\u043c\u0446\u0430. \u0418\u0434\u0435\u0430\u043b\u044c\u043d\u043e \u043f\u043e\u0434\u0445\u043e\u0434\u0438\u0442 \u0434\u043b\u044f \u0441\u043e\u0431\u0430\u043a \u0438 \u043a\u043e\u0448\u0435\u043a.<\/p>\n<p data-start=\"461\" data-end=\"480\"><strong data-start=\"461\" data-end=\"478\">\u041f\u0440\u0435\u0438\u043c\u0443\u0449\u0435\u0441\u0442\u0432\u0430:<\/strong><\/p>\n<ul data-start=\"481\" data-end=\"679\">\n<li data-start=\"481\" data-end=\"519\">\n<p data-start=\"483\" data-end=\"519\">Amor Amor \u2013 \u044d\u043b\u0435\u0433\u0430\u043d\u0442\u043d\u044b\u0439 \u0438 \u0440\u043e\u043c\u0430\u043d\u0442\u0438\u0447\u043d\u044b\u0439 \u0430\u0440\u043e\u043c\u0430\u0442<\/p>\n<\/li>\n<li data-start=\"520\" data-end=\"554\">\n<p data-start=\"522\" data-end=\"554\">\u0421\u0442\u043e\u0439\u043a\u0438\u0439 \u0438 \u0441\u0432\u0435\u0436\u0438\u0439 \u0430\u0440\u043e\u043c\u0430\u0442<\/p>\n<\/li>\n<li data-start=\"555\" data-end=\"607\">\n<p data-start=\"557\" data-end=\"607\">\u041c\u044f\u0433\u043a\u0438\u0439 \u0441\u043e\u0441\u0442\u0430\u0432, \u043d\u0435 \u0440\u0430\u0437\u0434\u0440\u0430\u0436\u0430\u044e\u0449\u0438\u0439 \u043a\u043e\u0436\u0443 \u0438 \u0432\u043e\u043b\u043e\u0441\u044b.<\/p>\n<\/li>\n<li data-start=\"608\" data-end=\"645\">\n<p data-start=\"610\" data-end=\"645\">\u0413\u0438\u043f\u043e\u0430\u043b\u043b\u0435\u0440\u0433\u0435\u043d\u043d\u0430\u044f \u0438 \u0431\u0435\u0437\u043e\u043f\u0430\u0441\u043d\u0430\u044f \u0444\u043e\u0440\u043c\u0443\u043b\u0430<\/p>\n<\/li>\n<li data-start=\"646\" data-end=\"679\">\n<p data-start=\"648\" data-end=\"679\">\u041f\u043e\u0434\u0445\u043e\u0434\u0438\u0442 \u0434\u043b\u044f \u0435\u0436\u0435\u0434\u043d\u0435\u0432\u043d\u043e\u0433\u043e \u0443\u0445\u043e\u0434\u0430.<\/p>\n<\/li>\n<\/ul>\n<p data-start=\"681\" data-end=\"704\"><strong data-start=\"681\" data-end=\"702\">\u0418\u043d\u0441\u0442\u0440\u0443\u043a\u0446\u0438\u044f \u043f\u043e \u043f\u0440\u0438\u043c\u0435\u043d\u0435\u043d\u0438\u044e:<\/strong><\/p>\n<ol data-start=\"705\" data-end=\"852\">\n<li data-start=\"705\" data-end=\"737\">\n<p data-start=\"708\" data-end=\"737\">\u0425\u043e\u0440\u043e\u0448\u043e \u0432\u0441\u0442\u0440\u044f\u0445\u043d\u0438\u0442\u0435 \u0444\u043b\u0430\u043a\u043e\u043d.<\/p>\n<\/li>\n<li data-start=\"738\" data-end=\"802\">\n<p data-start=\"741\" data-end=\"802\">\u0420\u0430\u0441\u043f\u044b\u043b\u0438\u0442\u0435 \u0441\u0440\u0435\u0434\u0441\u0442\u0432\u043e \u043d\u0430 \u0448\u0435\u0440\u0441\u0442\u044c \u0432\u0430\u0448\u0435\u0433\u043e \u043f\u0438\u0442\u043e\u043c\u0446\u0430 \u0441 \u0440\u0430\u0441\u0441\u0442\u043e\u044f\u043d\u0438\u044f 15\u201320 \u0441\u043c.<\/p>\n<\/li>\n<li data-start=\"803\" data-end=\"852\">\n<p data-start=\"806\" data-end=\"852\">\u0418\u0437\u0431\u0435\u0433\u0430\u0439\u0442\u0435 \u043f\u0440\u0438\u043a\u043e\u0441\u043d\u043e\u0432\u0435\u043d\u0438\u0439 \u043a \u0433\u043b\u0430\u0437\u0430\u043c, \u043d\u043e\u0441\u0443 \u0438 \u0440\u0442\u0443.<\/p>\n<\/li>\n<\/ol>\n<p data-start=\"854\" data-end=\"928\"><strong data-start=\"854\" data-end=\"864\">\u041e\u0431\u044a\u0435\u043c:<\/strong> 100 \u043c\u043b<br data-start=\"871\" data-end=\"874\" \/><strong data-start=\"874\" data-end=\"887\">\u041f\u043e\u0434\u0445\u043e\u0434\u0438\u0442 \u0434\u043b\u044f:<\/strong> \u0421\u043e\u0431\u0430\u043a\u0438 \u0438 \u043a\u043e\u0448\u043a\u0438 (\u0432\u0441\u0435\u0445 \u043f\u043e\u0440\u043e\u0434)<\/p>\n<p data-start=\"930\" data-end=\"1054\">\u041f\u043e\u0434\u0430\u0440\u0438\u0442\u0435 \u0448\u0435\u0440\u0441\u0442\u0438 \u0432\u0430\u0448\u0435\u0433\u043e \u043f\u0438\u0442\u043e\u043c\u0446\u0430 \u043d\u0435\u0436\u043d\u0443\u044e \u0438 \u0440\u043e\u043c\u0430\u043d\u0442\u0438\u0447\u043d\u0443\u044e \u0441\u0432\u0435\u0436\u0435\u0441\u0442\u044c \u2013 <strong data-start=\"991\" data-end=\"1027\">CLOVERPET Perfume Essence Amor Amor<\/strong> \u041f\u043e\u0447\u0443\u0432\u0441\u0442\u0432\u0443\u0439\u0442\u0435 \u0434\u0440\u0443\u0433\u043e\u0439 \u0430\u0440\u043e\u043c\u0430\u0442!<\/p>\n<\/div>\n<p><!-- .vgblk-rw-wrapper --><\/p>","protected":false},"excerpt":{"rendered":"<p>CLOVERPET Parf\u00fcm Esans \u2013 Amor Amor 100 ml Heyvan\u0131n\u0131z \u00fc\u00e7\u00fcn x\u00fcsusi olaraq haz\u0131rlanm\u0131\u015f CLOVERPET Parf\u00fcm Esans Amor Amor, z\u0259rif v\u0259 romantik qoxusu il\u0259 t\u00fckl\u0259r\u0259 uzun m\u00fcdd\u0259t davam ed\u0259n t\u0259rav\u0259t v\u0259 cazib\u0259 b\u0259x\u015f edir. Yum\u015faq v\u0259 t\u0259hl\u00fck\u0259siz formul heyvan\u0131n\u0131z\u0131n d\u0259risin\u0259 z\u0259r\u0259r verm\u0259d\u0259n, q\u0131c\u0131q yaratmadan istifad\u0259 \u00fc\u00e7\u00fcn uy\u011fundur. \u0130tl\u0259r v\u0259 pi\u015fikl\u0259r \u00fc\u00e7\u00fcn ideal se\u00e7imdir. \u00dcst\u00fcnl\u00fckl\u0259ri: Amor Amor&#8230;<\/p>","protected":false},"featured_media":990045,"comment_status":"open","ping_status":"closed","template":"","meta":{"nf_dc_page":"","_monsterinsights_skip_tracking":false,"_monsterinsights_sitenote_active":false,"_monsterinsights_sitenote_note":"","_monsterinsights_sitenote_category":0},"product_brand":[],"product_cat":[244,58,51,247],"product_tag":[],"class_list":{"0":"post-990044","1":"product","2":"type-product","3":"status-publish","4":"has-post-thumbnail","6":"product_cat-it-ve-pisik-mehsullari","7":"product_cat-dog","8":"product_cat-cat","9":"product_cat-qum-ve-kosmetik-vasiteler","11":"first","12":"instock","13":"shipping-taxable","14":"product-type-simple"},"jetpack_sharing_enabled":true,"_links":{"self":[{"href":"https:\/\/agrovetazerbaijan.az\/ru\/wp-json\/wp\/v2\/product\/990044","targetHints":{"allow":["GET"]}}],"collection":[{"href":"https:\/\/agrovetazerbaijan.az\/ru\/wp-json\/wp\/v2\/product"}],"about":[{"href":"https:\/\/agrovetazerbaijan.az\/ru\/wp-json\/wp\/v2\/types\/product"}],"replies":[{"embeddable":true,"href":"https:\/\/agrovetazerbaijan.az\/ru\/wp-json\/wp\/v2\/comments?post=990044"}],"version-history":[{"count":2,"href":"https:\/\/agrovetazerbaijan.az\/ru\/wp-json\/wp\/v2\/product\/990044\/revisions"}],"predecessor-version":[{"id":990202,"href":"https:\/\/agrovetazerbaijan.az\/ru\/wp-json\/wp\/v2\/product\/990044\/revisions\/990202"}],"wp:featuredmedia":[{"embeddable":true,"href":"https:\/\/agrovetazerbaijan.az\/ru\/wp-json\/wp\/v2\/media\/990045"}],"wp:attachment":[{"href":"https:\/\/agrovetazerbaijan.az\/ru\/wp-json\/wp\/v2\/media?parent=990044"}],"wp:term":[{"taxonomy":"product_brand","embeddable":true,"href":"https:\/\/agrovetazerbaijan.az\/ru\/wp-json\/wp\/v2\/product_brand?post=990044"},{"taxonomy":"product_cat","embeddable":true,"href":"https:\/\/agrovetazerbaijan.az\/ru\/wp-json\/wp\/v2\/product_cat?post=990044"},{"taxonomy":"product_tag","embeddable":true,"href":"https:\/\/agrovetazerbaijan.az\/ru\/wp-json\/wp\/v2\/product_tag?post=990044"}],"curies":[{"name":"WP","href":"https:\/\/api.w.org\/{rel}","templated":true}]}}