{"id":990041,"date":"2025-07-27T23:30:10","date_gmt":"2025-07-27T23:30:10","guid":{"rendered":"https:\/\/agrovetazerbaijan.az\/?post_type=product&#038;p=990041"},"modified":"2025-08-11T22:46:42","modified_gmt":"2025-08-11T22:46:42","slug":"cloverpet-parfum-esans-candy-kenzo-100ml","status":"publish","type":"product","link":"https:\/\/agrovetazerbaijan.az\/ru\/product\/cloverpet-parfum-esans-candy-kenzo-100ml\/","title":{"rendered":"CLOVERPET \u041f\u0430\u0440\u0444\u044e\u043c\u0435\u0440\u043d\u0430\u044f \u044d\u0441\u0441\u0435\u043d\u0446\u0438\u044f Candy Kenzo 100 \u043c\u043b"},"content":{"rendered":"<div class=\"vgblk-rw-wrapper limit-wrapper\">\n<p data-start=\"102\" data-end=\"151\"><strong data-start=\"102\" data-end=\"149\">CLOVERPET \u041f\u0430\u0440\u0444\u044e\u043c\u0435\u0440\u043d\u0430\u044f \u044d\u0441\u0441\u0435\u043d\u0446\u0438\u044f \u2013 Candy Kenzo 100 \u043c\u043b<\/strong><\/p>\n<p data-start=\"153\" data-end=\"450\">\u0421\u043f\u0435\u0446\u0438\u0430\u043b\u044c\u043d\u043e \u0440\u0430\u0437\u0440\u0430\u0431\u043e\u0442\u0430\u043d\u043e \u0434\u043b\u044f \u0432\u0430\u0448\u0435\u0433\u043e \u043f\u0438\u0442\u043e\u043c\u0446\u0430 <strong data-start=\"191\" data-end=\"229\">CLOVERPET \u041f\u0430\u0440\u0444\u044e\u043c\u0435\u0440\u043d\u0430\u044f \u044d\u0441\u0441\u0435\u043d\u0446\u0438\u044f Candy Kenzo<\/strong>\u0411\u043b\u0430\u0433\u043e\u0434\u0430\u0440\u044f \u0441\u0432\u043e\u0435\u043c\u0443 \u0441\u043b\u0430\u0434\u043a\u043e\u043c\u0443 \u0438 \u043f\u0440\u0438\u044f\u0442\u043d\u043e\u043c\u0443 \u0430\u0440\u043e\u043c\u0430\u0442\u0443, \u043e\u043d \u043e\u0431\u0435\u0441\u043f\u0435\u0447\u0438\u0432\u0430\u0435\u0442 \u0434\u043b\u0438\u0442\u0435\u043b\u044c\u043d\u0443\u044e \u0441\u0432\u0435\u0436\u0435\u0441\u0442\u044c \u0448\u0435\u0440\u0441\u0442\u0438. \u0411\u043b\u0430\u0433\u043e\u0434\u0430\u0440\u044f \u043c\u044f\u0433\u043a\u043e\u0439 \u0438 \u0431\u0435\u0437\u043e\u043f\u0430\u0441\u043d\u043e\u0439 \u0444\u043e\u0440\u043c\u0443\u043b\u0435, \u0441\u0440\u0435\u0434\u0441\u0442\u0432\u043e \u043d\u0435 \u0432\u044b\u0437\u044b\u0432\u0430\u0435\u0442 \u0440\u0430\u0437\u0434\u0440\u0430\u0436\u0435\u043d\u0438\u044f \u043a\u043e\u0436\u0438 \u0432\u0430\u0448\u0435\u0433\u043e \u043f\u0438\u0442\u043e\u043c\u0446\u0430. \u0418\u0434\u0435\u0430\u043b\u044c\u043d\u043e \u043f\u043e\u0434\u0445\u043e\u0434\u0438\u0442 \u0434\u043b\u044f \u0441\u043e\u0431\u0430\u043a \u0438 \u043a\u043e\u0448\u0435\u043a.<\/p>\n<p data-start=\"452\" data-end=\"471\"><strong data-start=\"452\" data-end=\"469\">\u041f\u0440\u0435\u0438\u043c\u0443\u0449\u0435\u0441\u0442\u0432\u0430:<\/strong><\/p>\n<ul data-start=\"472\" data-end=\"671\">\n<li data-start=\"472\" data-end=\"513\">\n<p data-start=\"474\" data-end=\"513\">Candy Kenzo \u2013 \u0441\u043b\u0430\u0434\u043a\u0438\u0439 \u0438 \u0441\u043e\u0431\u043b\u0430\u0437\u043d\u0438\u0442\u0435\u043b\u044c\u043d\u044b\u0439 \u0430\u0440\u043e\u043c\u0430\u0442<\/p>\n<\/li>\n<li data-start=\"514\" data-end=\"542\">\n<p data-start=\"516\" data-end=\"542\">\u0414\u043b\u0438\u0442\u0435\u043b\u044c\u043d\u044b\u0439 \u0430\u0440\u043e\u043c\u0430\u0442\u0438\u0447\u0435\u0441\u043a\u0438\u0439 \u044d\u0444\u0444\u0435\u043a\u0442<\/p>\n<\/li>\n<li data-start=\"543\" data-end=\"595\">\n<p data-start=\"545\" data-end=\"595\">\u041c\u044f\u0433\u043a\u0438\u0439 \u0441\u043e\u0441\u0442\u0430\u0432, \u043d\u0435 \u0440\u0430\u0437\u0434\u0440\u0430\u0436\u0430\u044e\u0449\u0438\u0439 \u043a\u043e\u0436\u0443 \u0438 \u0432\u043e\u043b\u043e\u0441\u044b.<\/p>\n<\/li>\n<li data-start=\"596\" data-end=\"633\">\n<p data-start=\"598\" data-end=\"633\">\u0413\u0438\u043f\u043e\u0430\u043b\u043b\u0435\u0440\u0433\u0435\u043d\u043d\u0430\u044f \u0438 \u0431\u0435\u0437\u043e\u043f\u0430\u0441\u043d\u0430\u044f \u0444\u043e\u0440\u043c\u0443\u043b\u0430<\/p>\n<\/li>\n<li data-start=\"634\" data-end=\"671\">\n<p data-start=\"636\" data-end=\"671\">\u041f\u043e\u0434\u0445\u043e\u0434\u0438\u0442 \u0434\u043b\u044f \u0435\u0436\u0435\u0434\u043d\u0435\u0432\u043d\u043e\u0433\u043e \u0443\u0445\u043e\u0434\u0430.<\/p>\n<\/li>\n<\/ul>\n<p data-start=\"673\" data-end=\"696\"><strong data-start=\"673\" data-end=\"694\">\u0418\u043d\u0441\u0442\u0440\u0443\u043a\u0446\u0438\u044f \u043f\u043e \u043f\u0440\u0438\u043c\u0435\u043d\u0435\u043d\u0438\u044e:<\/strong><\/p>\n<ol data-start=\"697\" data-end=\"844\">\n<li data-start=\"697\" data-end=\"729\">\n<p data-start=\"700\" data-end=\"729\">\u0425\u043e\u0440\u043e\u0448\u043e \u0432\u0441\u0442\u0440\u044f\u0445\u043d\u0438\u0442\u0435 \u0444\u043b\u0430\u043a\u043e\u043d.<\/p>\n<\/li>\n<li data-start=\"730\" data-end=\"794\">\n<p data-start=\"733\" data-end=\"794\">\u0420\u0430\u0441\u043f\u044b\u043b\u0438\u0442\u0435 \u0441\u0440\u0435\u0434\u0441\u0442\u0432\u043e \u043d\u0430 \u0448\u0435\u0440\u0441\u0442\u044c \u0432\u0430\u0448\u0435\u0433\u043e \u043f\u0438\u0442\u043e\u043c\u0446\u0430 \u0441 \u0440\u0430\u0441\u0441\u0442\u043e\u044f\u043d\u0438\u044f 15\u201320 \u0441\u043c.<\/p>\n<\/li>\n<li data-start=\"795\" data-end=\"844\">\n<p data-start=\"798\" data-end=\"844\">\u0418\u0437\u0431\u0435\u0433\u0430\u0439\u0442\u0435 \u043f\u0440\u0438\u043a\u043e\u0441\u043d\u043e\u0432\u0435\u043d\u0438\u0439 \u043a \u0433\u043b\u0430\u0437\u0430\u043c, \u043d\u043e\u0441\u0443 \u0438 \u0440\u0442\u0443.<\/p>\n<\/li>\n<\/ol>\n<p data-start=\"846\" data-end=\"920\"><strong data-start=\"846\" data-end=\"856\">\u041e\u0431\u044a\u0435\u043c:<\/strong> 100 \u043c\u043b<br data-start=\"863\" data-end=\"866\" \/><strong data-start=\"866\" data-end=\"879\">\u041f\u043e\u0434\u0445\u043e\u0434\u0438\u0442 \u0434\u043b\u044f:<\/strong> \u0421\u043e\u0431\u0430\u043a\u0438 \u0438 \u043a\u043e\u0448\u043a\u0438 (\u0432\u0441\u0435\u0445 \u043f\u043e\u0440\u043e\u0434)<\/p>\n<\/div>\n<p><!-- .vgblk-rw-wrapper --><\/p>","protected":false},"excerpt":{"rendered":"<p>CLOVERPET Parf\u00fcm Esans \u2013 Candy Kenzo 100 ml Ev heyvan\u0131n\u0131z \u00fc\u00e7\u00fcn x\u00fcsusi haz\u0131rlanm\u0131\u015f CLOVERPET Parf\u00fcm Esans Candy Kenzo, \u015firin v\u0259 cazib\u0259dar qoxusu il\u0259 t\u00fckl\u0259r\u0259 uzun m\u00fcdd\u0259t davam ed\u0259n t\u0259rav\u0259t b\u0259x\u015f edir. Yum\u015faq v\u0259 t\u0259hl\u00fck\u0259siz formul say\u0259sind\u0259 heyvan\u0131n\u0131z\u0131n d\u0259risini q\u0131c\u0131qland\u0131rmadan istifad\u0259 edil\u0259 bil\u0259r. \u0130tl\u0259r v\u0259 pi\u015fikl\u0259r \u00fc\u00e7\u00fcn ideal se\u00e7imdir. \u00dcst\u00fcnl\u00fckl\u0259ri: Candy Kenzo \u2013 \u015firin v\u0259 cazib\u0259dar&#8230;<\/p>","protected":false},"featured_media":990042,"comment_status":"open","ping_status":"closed","template":"","meta":{"nf_dc_page":"","_monsterinsights_skip_tracking":false,"_monsterinsights_sitenote_active":false,"_monsterinsights_sitenote_note":"","_monsterinsights_sitenote_category":0},"product_brand":[],"product_cat":[244,58,51,247],"product_tag":[],"class_list":{"0":"post-990041","1":"product","2":"type-product","3":"status-publish","4":"has-post-thumbnail","6":"product_cat-it-ve-pisik-mehsullari","7":"product_cat-dog","8":"product_cat-cat","9":"product_cat-qum-ve-kosmetik-vasiteler","11":"first","12":"instock","13":"shipping-taxable","14":"product-type-simple"},"jetpack_sharing_enabled":true,"_links":{"self":[{"href":"https:\/\/agrovetazerbaijan.az\/ru\/wp-json\/wp\/v2\/product\/990041","targetHints":{"allow":["GET"]}}],"collection":[{"href":"https:\/\/agrovetazerbaijan.az\/ru\/wp-json\/wp\/v2\/product"}],"about":[{"href":"https:\/\/agrovetazerbaijan.az\/ru\/wp-json\/wp\/v2\/types\/product"}],"replies":[{"embeddable":true,"href":"https:\/\/agrovetazerbaijan.az\/ru\/wp-json\/wp\/v2\/comments?post=990041"}],"version-history":[{"count":2,"href":"https:\/\/agrovetazerbaijan.az\/ru\/wp-json\/wp\/v2\/product\/990041\/revisions"}],"predecessor-version":[{"id":990201,"href":"https:\/\/agrovetazerbaijan.az\/ru\/wp-json\/wp\/v2\/product\/990041\/revisions\/990201"}],"wp:featuredmedia":[{"embeddable":true,"href":"https:\/\/agrovetazerbaijan.az\/ru\/wp-json\/wp\/v2\/media\/990042"}],"wp:attachment":[{"href":"https:\/\/agrovetazerbaijan.az\/ru\/wp-json\/wp\/v2\/media?parent=990041"}],"wp:term":[{"taxonomy":"product_brand","embeddable":true,"href":"https:\/\/agrovetazerbaijan.az\/ru\/wp-json\/wp\/v2\/product_brand?post=990041"},{"taxonomy":"product_cat","embeddable":true,"href":"https:\/\/agrovetazerbaijan.az\/ru\/wp-json\/wp\/v2\/product_cat?post=990041"},{"taxonomy":"product_tag","embeddable":true,"href":"https:\/\/agrovetazerbaijan.az\/ru\/wp-json\/wp\/v2\/product_tag?post=990041"}],"curies":[{"name":"WP","href":"https:\/\/api.w.org\/{rel}","templated":true}]}}