{"id":990038,"date":"2025-07-27T23:26:36","date_gmt":"2025-07-27T23:26:36","guid":{"rendered":"https:\/\/agrovetazerbaijan.az\/?post_type=product&#038;p=990038"},"modified":"2025-08-11T22:39:27","modified_gmt":"2025-08-11T22:39:27","slug":"cloverpet-parfum-esans-tutti-frutti-100ml","status":"publish","type":"product","link":"https:\/\/agrovetazerbaijan.az\/ru\/product\/cloverpet-parfum-esans-tutti-frutti-100ml\/","title":{"rendered":"CLOVERPET \u041f\u0430\u0440\u0444\u044e\u043c\u0435\u0440\u043d\u0430\u044f \u044d\u0441\u0441\u0435\u043d\u0446\u0438\u044f TUTTI FRUIT 100 \u043c\u043b"},"content":{"rendered":"<div class=\"vgblk-rw-wrapper limit-wrapper\">\n<p data-start=\"103\" data-end=\"153\"><strong data-start=\"103\" data-end=\"151\">\u041f\u0430\u0440\u0444\u044e\u043c\u0435\u0440\u043d\u0430\u044f \u044d\u0441\u0441\u0435\u043d\u0446\u0438\u044f CLOVERPET \u2013 Tutti Frutti 100 \u043c\u043b<\/strong><\/p>\n<p data-start=\"155\" data-end=\"477\">\u0421\u043e\u0437\u0434\u0430\u043d, \u0447\u0442\u043e\u0431\u044b \u043f\u0440\u0438\u0434\u0430\u0442\u044c \u043e\u0441\u043e\u0431\u044b\u0439 \u0448\u0442\u0440\u0438\u0445 \u0447\u0438\u0441\u0442\u043e\u0442\u0435 \u0438 \u0441\u0432\u0435\u0436\u0435\u0441\u0442\u0438 \u0432\u0430\u0448\u0435\u043c\u0443 \u043f\u0438\u0442\u043e\u043c\u0446\u0443. <strong data-start=\"236\" data-end=\"275\">\u041f\u0430\u0440\u0444\u044e\u043c\u0438\u0440\u043e\u0432\u0430\u043d\u043d\u0430\u044f \u044d\u0441\u0441\u0435\u043d\u0446\u0438\u044f CLOVERPET Tutti Frutti<\/strong>\u041e\u0431\u043b\u0430\u0434\u0430\u044f \u043f\u0440\u0438\u044f\u0442\u043d\u044b\u043c, \u0441\u043b\u0430\u0434\u043a\u0438\u043c \u0444\u0440\u0443\u043a\u0442\u043e\u0432\u044b\u043c \u0430\u0440\u043e\u043c\u0430\u0442\u043e\u043c, \u043e\u043d \u043f\u0440\u0438\u0434\u0430\u0451\u0442 \u0448\u0435\u0440\u0441\u0442\u0438 \u0441\u0442\u043e\u0439\u043a\u0438\u0439 \u0430\u0440\u043e\u043c\u0430\u0442. \u041c\u044f\u0433\u043a\u0430\u044f \u0444\u043e\u0440\u043c\u0443\u043b\u0430 \u043d\u0435 \u043f\u043e\u0432\u0440\u0435\u0436\u0434\u0430\u0435\u0442 \u0438 \u043d\u0435 \u0440\u0430\u0437\u0434\u0440\u0430\u0436\u0430\u0435\u0442 \u043a\u043e\u0436\u0443 \u043f\u0438\u0442\u043e\u043c\u0446\u0430. \u041f\u043e\u0434\u0445\u043e\u0434\u0438\u0442 \u0434\u043b\u044f \u0441\u043e\u0431\u0430\u043a \u0438 \u043a\u043e\u0448\u0435\u043a.<\/p>\n<p data-start=\"479\" data-end=\"498\"><strong data-start=\"479\" data-end=\"496\">\u041f\u0440\u0435\u0438\u043c\u0443\u0449\u0435\u0441\u0442\u0432\u0430:<\/strong><\/p>\n<ul data-start=\"499\" data-end=\"703\">\n<li data-start=\"499\" data-end=\"548\">\n<p data-start=\"501\" data-end=\"548\">Tutti Frutti \u2013 \u0441\u043b\u0430\u0434\u043a\u0438\u0439 \u0438 \u043e\u0441\u0432\u0435\u0436\u0430\u044e\u0449\u0438\u0439 \u0444\u0440\u0443\u043a\u0442\u043e\u0432\u044b\u0439 \u0430\u0440\u043e\u043c\u0430\u0442.<\/p>\n<\/li>\n<li data-start=\"549\" data-end=\"577\">\n<p data-start=\"551\" data-end=\"577\">\u0414\u043b\u0438\u0442\u0435\u043b\u044c\u043d\u044b\u0439 \u0430\u0440\u043e\u043c\u0430\u0442\u0438\u0447\u0435\u0441\u043a\u0438\u0439 \u044d\u0444\u0444\u0435\u043a\u0442<\/p>\n<\/li>\n<li data-start=\"578\" data-end=\"630\">\n<p data-start=\"580\" data-end=\"630\">\u041c\u044f\u0433\u043a\u0438\u0439 \u0441\u043e\u0441\u0442\u0430\u0432, \u043d\u0435 \u0440\u0430\u0437\u0434\u0440\u0430\u0436\u0430\u044e\u0449\u0438\u0439 \u043a\u043e\u0436\u0443 \u0438 \u0432\u043e\u043b\u043e\u0441\u044b.<\/p>\n<\/li>\n<li data-start=\"631\" data-end=\"666\">\n<p data-start=\"633\" data-end=\"666\">\u0413\u0438\u043f\u043e\u0430\u043b\u043b\u0435\u0440\u0433\u0435\u043d\u043d\u0430\u044f, \u0431\u0435\u0437\u043e\u043f\u0430\u0441\u043d\u0430\u044f \u0444\u043e\u0440\u043c\u0443\u043b\u0430<\/p>\n<\/li>\n<li data-start=\"667\" data-end=\"703\">\n<p data-start=\"669\" data-end=\"703\">\u0423\u0434\u043e\u0431\u043d\u043e \u0434\u043b\u044f \u0435\u0436\u0435\u0434\u043d\u0435\u0432\u043d\u043e\u0433\u043e \u0438\u0441\u043f\u043e\u043b\u044c\u0437\u043e\u0432\u0430\u043d\u0438\u044f<\/p>\n<\/li>\n<\/ul>\n<p data-start=\"705\" data-end=\"728\"><strong data-start=\"705\" data-end=\"726\">\u0418\u043d\u0441\u0442\u0440\u0443\u043a\u0446\u0438\u044f \u043f\u043e \u043f\u0440\u0438\u043c\u0435\u043d\u0435\u043d\u0438\u044e:<\/strong><\/p>\n<ol data-start=\"729\" data-end=\"871\">\n<li data-start=\"729\" data-end=\"761\">\n<p data-start=\"732\" data-end=\"761\">\u0425\u043e\u0440\u043e\u0448\u043e \u0432\u0441\u0442\u0440\u044f\u0445\u043d\u0438\u0442\u0435 \u0444\u043b\u0430\u043a\u043e\u043d.<\/p>\n<\/li>\n<li data-start=\"762\" data-end=\"826\">\n<p data-start=\"765\" data-end=\"826\">\u0420\u0430\u0441\u043f\u044b\u043b\u0438\u0442\u0435 \u0441\u0440\u0435\u0434\u0441\u0442\u0432\u043e \u043d\u0430 \u0448\u0435\u0440\u0441\u0442\u044c \u0432\u0430\u0448\u0435\u0433\u043e \u043f\u0438\u0442\u043e\u043c\u0446\u0430 \u0441 \u0440\u0430\u0441\u0441\u0442\u043e\u044f\u043d\u0438\u044f 15\u201320 \u0441\u043c.<\/p>\n<\/li>\n<li data-start=\"827\" data-end=\"871\">\n<p data-start=\"830\" data-end=\"871\">\u041d\u0435 \u043d\u0430\u043d\u043e\u0441\u0438\u0442\u044c \u043d\u0430 \u0433\u043b\u0430\u0437\u0430, \u043d\u043e\u0441 \u0438\u043b\u0438 \u0440\u043e\u0442.<\/p>\n<\/li>\n<\/ol>\n<p data-start=\"873\" data-end=\"947\"><strong data-start=\"873\" data-end=\"883\">\u041e\u0431\u044a\u0435\u043c:<\/strong> 100 \u043c\u043b<br data-start=\"890\" data-end=\"893\" \/><strong data-start=\"893\" data-end=\"906\">\u041f\u043e\u0434\u0445\u043e\u0434\u0438\u0442 \u0434\u043b\u044f:<\/strong> \u0421\u043e\u0431\u0430\u043a\u0438 \u0438 \u043a\u043e\u0448\u043a\u0438 (\u0432\u0441\u0435\u0445 \u043f\u043e\u0440\u043e\u0434)<\/p>\n<p data-start=\"949\" data-end=\"1060\">\u0427\u0442\u043e\u0431\u044b \u043d\u0430\u0434\u043e\u043b\u0433\u043e \u0441\u043e\u0445\u0440\u0430\u043d\u0438\u0442\u044c \u0441\u0432\u0435\u0436\u0435\u0441\u0442\u044c \u0438 \u043f\u0440\u0438\u044f\u0442\u043d\u044b\u0439 \u0437\u0430\u043f\u0430\u0445 \u2013 <strong data-start=\"998\" data-end=\"1037\">\u041f\u0430\u0440\u0444\u044e\u043c\u0438\u0440\u043e\u0432\u0430\u043d\u043d\u0430\u044f \u044d\u0441\u0441\u0435\u043d\u0446\u0438\u044f CLOVERPET Tutti Frutti<\/strong> \u0432\u0441\u0435\u0433\u0434\u0430 \u0441 \u0442\u043e\u0431\u043e\u0439!<\/p>\n<\/div>\n<p><!-- .vgblk-rw-wrapper --><\/p>","protected":false},"excerpt":{"rendered":"<p>CLOVERPET Parf\u00fcm Esans \u2013 Tutti Frutti 100 ml Ev heyvan\u0131n\u0131z\u0131n t\u0259mizliyin\u0259 v\u0259 t\u0259rav\u0259tin\u0259 x\u00fcsusi toxunu\u015f qatmaq \u00fc\u00e7\u00fcn haz\u0131rlanm\u0131\u015f CLOVERPET Parf\u00fcm Esans Tutti Frutti, xo\u015f v\u0259 \u015firin meyv\u0259 \u0259tri il\u0259 t\u00fckl\u0259r\u0259 uzun m\u00fcdd\u0259t davam ed\u0259n \u0259tir b\u0259x\u015f edir. Y\u00fcng\u00fcl formul heyvan\u0131n\u0131z\u0131n d\u0259risin\u0259 z\u0259r\u0259r verm\u0259d\u0259n, q\u0131c\u0131q yaratmadan istifad\u0259 oluna bil\u0259r. \u0130tl\u0259r v\u0259 pi\u015fikl\u0259r \u00fc\u00e7\u00fcn uy\u011fundur. \u00dcst\u00fcnl\u00fckl\u0259ri: Tutti&#8230;<\/p>","protected":false},"featured_media":990039,"comment_status":"open","ping_status":"closed","template":"","meta":{"nf_dc_page":"","_monsterinsights_skip_tracking":false,"_monsterinsights_sitenote_active":false,"_monsterinsights_sitenote_note":"","_monsterinsights_sitenote_category":0},"product_brand":[],"product_cat":[244,58,51,247],"product_tag":[],"class_list":{"0":"post-990038","1":"product","2":"type-product","3":"status-publish","4":"has-post-thumbnail","6":"product_cat-it-ve-pisik-mehsullari","7":"product_cat-dog","8":"product_cat-cat","9":"product_cat-qum-ve-kosmetik-vasiteler","11":"first","12":"instock","13":"shipping-taxable","14":"product-type-simple"},"jetpack_sharing_enabled":true,"_links":{"self":[{"href":"https:\/\/agrovetazerbaijan.az\/ru\/wp-json\/wp\/v2\/product\/990038","targetHints":{"allow":["GET"]}}],"collection":[{"href":"https:\/\/agrovetazerbaijan.az\/ru\/wp-json\/wp\/v2\/product"}],"about":[{"href":"https:\/\/agrovetazerbaijan.az\/ru\/wp-json\/wp\/v2\/types\/product"}],"replies":[{"embeddable":true,"href":"https:\/\/agrovetazerbaijan.az\/ru\/wp-json\/wp\/v2\/comments?post=990038"}],"version-history":[{"count":2,"href":"https:\/\/agrovetazerbaijan.az\/ru\/wp-json\/wp\/v2\/product\/990038\/revisions"}],"predecessor-version":[{"id":990200,"href":"https:\/\/agrovetazerbaijan.az\/ru\/wp-json\/wp\/v2\/product\/990038\/revisions\/990200"}],"wp:featuredmedia":[{"embeddable":true,"href":"https:\/\/agrovetazerbaijan.az\/ru\/wp-json\/wp\/v2\/media\/990039"}],"wp:attachment":[{"href":"https:\/\/agrovetazerbaijan.az\/ru\/wp-json\/wp\/v2\/media?parent=990038"}],"wp:term":[{"taxonomy":"product_brand","embeddable":true,"href":"https:\/\/agrovetazerbaijan.az\/ru\/wp-json\/wp\/v2\/product_brand?post=990038"},{"taxonomy":"product_cat","embeddable":true,"href":"https:\/\/agrovetazerbaijan.az\/ru\/wp-json\/wp\/v2\/product_cat?post=990038"},{"taxonomy":"product_tag","embeddable":true,"href":"https:\/\/agrovetazerbaijan.az\/ru\/wp-json\/wp\/v2\/product_tag?post=990038"}],"curies":[{"name":"WP","href":"https:\/\/api.w.org\/{rel}","templated":true}]}}