{"id":990035,"date":"2025-07-27T23:22:01","date_gmt":"2025-07-27T23:22:01","guid":{"rendered":"https:\/\/agrovetazerbaijan.az\/?post_type=product&#038;p=990035"},"modified":"2025-08-11T22:11:52","modified_gmt":"2025-08-11T22:11:52","slug":"cloverpet-short-feather-shampoo-400ml","status":"publish","type":"product","link":"https:\/\/agrovetazerbaijan.az\/ru\/product\/cloverpet-short-feather-shampoo-400ml\/","title":{"rendered":"\u0428\u0430\u043c\u043f\u0443\u043d\u044c \u0434\u043b\u044f \u043a\u043e\u0440\u043e\u0442\u043a\u0438\u0445 \u043f\u0435\u0440\u044c\u0435\u0432 Cloverpet 400 \u043c\u043b"},"content":{"rendered":"<div class=\"vgblk-rw-wrapper limit-wrapper\">\n<p data-start=\"127\" data-end=\"184\"><strong data-start=\"127\" data-end=\"182\">CLOVERPET \u0428\u0430\u043c\u043f\u0443\u043d\u044c \u0434\u043b\u044f \u043a\u043e\u0440\u043e\u0442\u043a\u043e\u0448\u0435\u0440\u0441\u0442\u043d\u044b\u0445 \u0436\u0438\u0432\u043e\u0442\u043d\u044b\u0445 \u2013 400 \u043c\u043b<\/strong><\/p>\n<p data-start=\"186\" data-end=\"478\">\u0421\u043f\u0435\u0446\u0438\u0430\u043b\u044c\u043d\u043e \u0440\u0430\u0437\u0440\u0430\u0431\u043e\u0442\u0430\u043d\u043e, \u0447\u0442\u043e\u0431\u044b \u043f\u043e\u043c\u043e\u0447\u044c \u0432\u0430\u0448\u0435\u043c\u0443 \u043f\u0438\u0442\u043e\u043c\u0446\u0443 \u0438\u043c\u0435\u0442\u044c \u0437\u0434\u043e\u0440\u043e\u0432\u0443\u044e \u0438 \u0431\u043b\u0435\u0441\u0442\u044f\u0449\u0443\u044e \u0448\u0435\u0440\u0441\u0442\u044c. <strong data-start=\"271\" data-end=\"305\">CLOVERPET \u041a\u043e\u0440\u043e\u0442\u043a\u0438\u0439 \u0448\u0430\u043c\u043f\u0443\u043d\u044c \u0434\u043b\u044f \u043f\u0435\u0440\u044c\u0435\u0432<\/strong>, \u0438\u0434\u0435\u0430\u043b\u044c\u043d\u043e \u043f\u043e\u0434\u0445\u043e\u0434\u0438\u0442 \u0434\u043b\u044f \u0443\u0445\u043e\u0434\u0430 \u0437\u0430 \u043a\u043e\u0440\u043e\u0442\u043a\u043e\u0448\u0435\u0440\u0441\u0442\u043d\u044b\u043c\u0438 \u0441\u043e\u0431\u0430\u043a\u0430\u043c\u0438 \u0438 \u043a\u043e\u0448\u043a\u0430\u043c\u0438. \u0411\u043b\u0430\u0433\u043e\u0434\u0430\u0440\u044f \u043c\u044f\u0433\u043a\u043e\u0439 \u0444\u043e\u0440\u043c\u0443\u043b\u0435 \u043e\u0447\u0438\u0449\u0430\u0435\u0442 \u043a\u043e\u0436\u0443, \u043d\u0435 \u0432\u044b\u0437\u044b\u0432\u0430\u044f \u0440\u0430\u0437\u0434\u0440\u0430\u0436\u0435\u043d\u0438\u044f, \u0438 \u044d\u0444\u0444\u0435\u043a\u0442\u0438\u0432\u043d\u043e \u0443\u0434\u0430\u043b\u044f\u0435\u0442 \u043f\u044b\u043b\u044c \u0438 \u0433\u0440\u044f\u0437\u044c.<\/p>\n<p data-start=\"480\" data-end=\"499\"><strong data-start=\"480\" data-end=\"497\">\u041f\u0440\u0435\u0438\u043c\u0443\u0449\u0435\u0441\u0442\u0432\u0430:<\/strong><\/p>\n<ul data-start=\"500\" data-end=\"712\">\n<li data-start=\"500\" data-end=\"543\">\n<p data-start=\"502\" data-end=\"543\">\u0421\u043f\u0435\u0446\u0438\u0430\u043b\u044c\u043d\u0430\u044f \u0444\u043e\u0440\u043c\u0443\u043b\u0430 \u0434\u043b\u044f \u043a\u043e\u0440\u043e\u0442\u043a\u043e\u0448\u0435\u0440\u0441\u0442\u043d\u044b\u0445 \u0436\u0438\u0432\u043e\u0442\u043d\u044b\u0445<\/p>\n<\/li>\n<li data-start=\"544\" data-end=\"596\">\n<p data-start=\"546\" data-end=\"596\">\u0413\u043b\u0443\u0431\u043e\u043a\u043e \u043e\u0447\u0438\u0449\u0430\u0435\u0442 \u043a\u043e\u0436\u0443 \u0438 \u043a\u043e\u0440\u043d\u0438 \u0432\u043e\u043b\u043e\u0441<\/p>\n<\/li>\n<li data-start=\"597\" data-end=\"639\">\n<p data-start=\"599\" data-end=\"639\">\u041f\u0440\u0438\u0434\u0430\u0435\u0442 \u0432\u043e\u043b\u043e\u0441\u0430\u043c \u0431\u043b\u0435\u0441\u043a \u0438 \u043c\u044f\u0433\u043a\u043e\u0441\u0442\u044c<\/p>\n<\/li>\n<li data-start=\"640\" data-end=\"681\">\n<p data-start=\"642\" data-end=\"681\">\u041d\u0435\u0440\u0430\u0437\u0434\u0440\u0430\u0436\u0430\u044e\u0449\u0438\u0439, \u0433\u0438\u043f\u043e\u0430\u043b\u043b\u0435\u0440\u0433\u0435\u043d\u043d\u044b\u0439 \u0438\u043d\u0433\u0440\u0435\u0434\u0438\u0435\u043d\u0442<\/p>\n<\/li>\n<li data-start=\"682\" data-end=\"712\">\n<p data-start=\"684\" data-end=\"712\">\u041b\u0435\u0433\u043a\u043e \u043c\u043e\u0435\u0442\u0441\u044f \u0438 \u043f\u0440\u0438\u044f\u0442\u043d\u043e \u043f\u0430\u0445\u043d\u0435\u0442.<\/p>\n<\/li>\n<\/ul>\n<p data-start=\"714\" data-end=\"737\"><strong data-start=\"714\" data-end=\"735\">\u0418\u043d\u0441\u0442\u0440\u0443\u043a\u0446\u0438\u044f \u043f\u043e \u043f\u0440\u0438\u043c\u0435\u043d\u0435\u043d\u0438\u044e:<\/strong><\/p>\n<ol data-start=\"738\" data-end=\"926\">\n<li data-start=\"738\" data-end=\"786\">\n<p data-start=\"741\" data-end=\"786\">\u0421\u043c\u043e\u0447\u0438\u0442\u0435 \u0448\u0435\u0440\u0441\u0442\u044c \u0432\u0430\u0448\u0435\u0433\u043e \u043f\u0438\u0442\u043e\u043c\u0446\u0430 \u0442\u0435\u043f\u043b\u043e\u0439 \u0432\u043e\u0434\u043e\u0439.<\/p>\n<\/li>\n<li data-start=\"787\" data-end=\"870\">\n<p data-start=\"790\" data-end=\"870\">\u041d\u0430\u043d\u0435\u0441\u0438\u0442\u0435 \u043d\u0435\u043e\u0431\u0445\u043e\u0434\u0438\u043c\u043e\u0435 \u043a\u043e\u043b\u0438\u0447\u0435\u0441\u0442\u0432\u043e \u0448\u0430\u043c\u043f\u0443\u043d\u044f \u043d\u0430 \u0432\u043e\u043b\u043e\u0441\u044b \u0438 \u0432\u0441\u043f\u0435\u043d\u044c\u0442\u0435 \u043b\u0435\u0433\u043a\u0438\u043c\u0438 \u043c\u0430\u0441\u0441\u0430\u0436\u043d\u044b\u043c\u0438 \u0434\u0432\u0438\u0436\u0435\u043d\u0438\u044f\u043c\u0438.<\/p>\n<\/li>\n<li data-start=\"871\" data-end=\"926\">\n<p data-start=\"874\" data-end=\"926\">\u041f\u0440\u043e\u043c\u043e\u0439\u0442\u0435 \u0431\u043e\u043b\u044c\u0448\u0438\u043c \u043a\u043e\u043b\u0438\u0447\u0435\u0441\u0442\u0432\u043e\u043c \u0432\u043e\u0434\u044b \u0438 \u043f\u043e\u0432\u0442\u043e\u0440\u0438\u0442\u0435 \u043f\u0440\u0438 \u043d\u0435\u043e\u0431\u0445\u043e\u0434\u0438\u043c\u043e\u0441\u0442\u0438.<\/p>\n<\/li>\n<\/ol>\n<p data-start=\"928\" data-end=\"1006\"><strong data-start=\"928\" data-end=\"938\">\u041e\u0431\u044a\u0435\u043c:<\/strong> 400 \u043c\u043b<br data-start=\"945\" data-end=\"948\" \/><strong data-start=\"948\" data-end=\"961\">\u041f\u043e\u0434\u0445\u043e\u0434\u0438\u0442 \u0434\u043b\u044f:<\/strong> \u0421\u043e\u0431\u0430\u043a\u0438 \u0438 \u043a\u043e\u0448\u043a\u0438 (\u0434\u043b\u044f \u043a\u043e\u0440\u043e\u0442\u043a\u043e\u0448\u0435\u0440\u0441\u0442\u043d\u044b\u0445 \u043f\u043e\u0440\u043e\u0434)<\/p>\n<\/div>\n<p><!-- .vgblk-rw-wrapper --><\/p>","protected":false},"excerpt":{"rendered":"<p>CLOVERPET Q\u0131sa T\u00fckl\u00fc Heyvanlar \u00fc\u00e7\u00fcn \u015eampun \u2013 400 ml Ev heyvan\u0131n\u0131z\u0131n sa\u011flam v\u0259 parlaq t\u00fckl\u0259r\u0259 sahib olmas\u0131 \u00fc\u00e7\u00fcn x\u00fcsusi olaraq haz\u0131rlanm\u0131\u015f CLOVERPET Short Feather \u015eampun, q\u0131sa t\u00fckl\u00fc it v\u0259 pi\u015fikl\u0259r \u00fc\u00e7\u00fcn ideal qulluq vasit\u0259sidir. Yum\u015faq formulu say\u0259sind\u0259 d\u0259rini q\u0131c\u0131qland\u0131rmadan t\u0259mizl\u0259yir, toz v\u0259 kir qat\u0131n\u0131 effektiv \u015f\u0259kild\u0259 aradan qald\u0131r\u0131r. \u00dcst\u00fcnl\u00fckl\u0259ri: Q\u0131sa t\u00fckl\u00fc heyvanlar \u00fc\u00e7\u00fcn x\u00fcsusi formul&#8230;<\/p>","protected":false},"featured_media":990189,"comment_status":"open","ping_status":"closed","template":"","meta":{"nf_dc_page":"","_monsterinsights_skip_tracking":false,"_monsterinsights_sitenote_active":false,"_monsterinsights_sitenote_note":"","_monsterinsights_sitenote_category":0},"product_brand":[],"product_cat":[247,58,244,51],"product_tag":[],"class_list":{"0":"post-990035","1":"product","2":"type-product","3":"status-publish","4":"has-post-thumbnail","6":"product_cat-qum-ve-kosmetik-vasiteler","7":"product_cat-dog","8":"product_cat-it-ve-pisik-mehsullari","9":"product_cat-cat","11":"first","12":"instock","13":"shipping-taxable","14":"product-type-simple"},"jetpack_sharing_enabled":true,"_links":{"self":[{"href":"https:\/\/agrovetazerbaijan.az\/ru\/wp-json\/wp\/v2\/product\/990035","targetHints":{"allow":["GET"]}}],"collection":[{"href":"https:\/\/agrovetazerbaijan.az\/ru\/wp-json\/wp\/v2\/product"}],"about":[{"href":"https:\/\/agrovetazerbaijan.az\/ru\/wp-json\/wp\/v2\/types\/product"}],"replies":[{"embeddable":true,"href":"https:\/\/agrovetazerbaijan.az\/ru\/wp-json\/wp\/v2\/comments?post=990035"}],"version-history":[{"count":2,"href":"https:\/\/agrovetazerbaijan.az\/ru\/wp-json\/wp\/v2\/product\/990035\/revisions"}],"predecessor-version":[{"id":990190,"href":"https:\/\/agrovetazerbaijan.az\/ru\/wp-json\/wp\/v2\/product\/990035\/revisions\/990190"}],"wp:featuredmedia":[{"embeddable":true,"href":"https:\/\/agrovetazerbaijan.az\/ru\/wp-json\/wp\/v2\/media\/990189"}],"wp:attachment":[{"href":"https:\/\/agrovetazerbaijan.az\/ru\/wp-json\/wp\/v2\/media?parent=990035"}],"wp:term":[{"taxonomy":"product_brand","embeddable":true,"href":"https:\/\/agrovetazerbaijan.az\/ru\/wp-json\/wp\/v2\/product_brand?post=990035"},{"taxonomy":"product_cat","embeddable":true,"href":"https:\/\/agrovetazerbaijan.az\/ru\/wp-json\/wp\/v2\/product_cat?post=990035"},{"taxonomy":"product_tag","embeddable":true,"href":"https:\/\/agrovetazerbaijan.az\/ru\/wp-json\/wp\/v2\/product_tag?post=990035"}],"curies":[{"name":"WP","href":"https:\/\/api.w.org\/{rel}","templated":true}]}}