{"id":990032,"date":"2025-07-27T23:15:02","date_gmt":"2025-07-27T23:15:02","guid":{"rendered":"https:\/\/agrovetazerbaijan.az\/?post_type=product&#038;p=990032"},"modified":"2025-07-27T23:15:26","modified_gmt":"2025-07-27T23:15:26","slug":"cloverpet-derma-care-shampoo-400ml","status":"publish","type":"product","link":"https:\/\/agrovetazerbaijan.az\/ru\/product\/cloverpet-derma-care-shampoo-400ml\/","title":{"rendered":"CLOVERPET \u0428\u0410\u041c\u041f\u0423\u041d\u042c \u0414\u041b\u042f \u0423\u0425\u041e\u0414\u0410 \u0417\u0410 \u041a\u041e\u0416\u0415\u0419 \u041b\u0418\u0426\u0410 400 \u041c\u041b"},"content":{"rendered":"<div class=\"vgblk-rw-wrapper limit-wrapper\">\n<p data-start=\"141\" data-end=\"218\"><strong data-start=\"141\" data-end=\"218\">Cloverpet Lavender Shampoo \u2013 \u0428\u0430\u043c\u043f\u0443\u043d\u044c \u0434\u043b\u044f \u0443\u0445\u043e\u0434\u0430 \u0437\u0430 \u0448\u0435\u0440\u0441\u0442\u044c\u044e \u043a\u043e\u0448\u0435\u043a \u0438 \u0441\u043e\u0431\u0430\u043a (400 \u043c\u043b)<\/strong><\/p>\n<p data-start=\"220\" data-end=\"493\"><strong data-start=\"220\" data-end=\"241\">Cloverpet \u041b\u0430\u0432\u0430\u043d\u0434\u0430<\/strong> \u2013 \u0438\u0434\u0435\u0430\u043b\u044c\u043d\u044b\u0439 \u0432\u044b\u0431\u043e\u0440 \u0434\u043b\u044f \u0443\u0445\u043e\u0434\u0430 \u0437\u0430 \u0448\u0435\u0440\u0441\u0442\u044c\u044e, \u043f\u0440\u0435\u0434\u043d\u0430\u0437\u043d\u0430\u0447\u0435\u043d\u043d\u044b\u0439 \u0434\u043b\u044f \u0432\u0441\u0435\u0445 \u043f\u043e\u0440\u043e\u0434 \u043a\u043e\u0448\u0435\u043a \u0438 \u0441\u043e\u0431\u0430\u043a. \u0411\u043b\u0430\u0433\u043e\u0434\u0430\u0440\u044f \u043c\u044f\u0433\u043a\u043e\u043c\u0443 \u043c\u043e\u044e\u0449\u0435\u043c\u0443 \u043a\u043e\u043c\u043f\u043b\u0435\u043a\u0441\u0443 \u043d\u0430 \u043d\u0430\u0442\u0443\u0440\u0430\u043b\u044c\u043d\u043e\u0439 \u043e\u0441\u043d\u043e\u0432\u0435 \u0432 \u0441\u043e\u0441\u0442\u0430\u0432\u0435, \u0433\u043b\u0443\u0431\u043e\u043a\u043e \u043e\u0447\u0438\u0449\u0430\u0435\u0442 \u0448\u0435\u0440\u0441\u0442\u044c, \u043f\u0440\u0438\u0434\u0430\u0432\u0430\u044f \u0435\u0439 \u0431\u043b\u0435\u0441\u043a \u0438 \u0437\u0434\u043e\u0440\u043e\u0432\u044b\u0439 \u0432\u0438\u0434, \u043d\u0435 \u043f\u043e\u0432\u0440\u0435\u0436\u0434\u0430\u044f \u0435\u0441\u0442\u0435\u0441\u0442\u0432\u0435\u043d\u043d\u044b\u0439 \u0437\u0430\u0449\u0438\u0442\u043d\u044b\u0439 \u0441\u043b\u043e\u0439 \u043a\u043e\u0436\u0438.<\/p>\n<h3 data-start=\"495\" data-end=\"517\">\u041e\u0441\u043d\u043e\u0432\u043d\u044b\u0435 \u043f\u0440\u0435\u0438\u043c\u0443\u0449\u0435\u0441\u0442\u0432\u0430:<\/h3>\n<ul data-start=\"518\" data-end=\"860\">\n<li data-start=\"518\" data-end=\"560\">\n<p data-start=\"520\" data-end=\"560\">\u2714 \u041c\u044f\u0433\u043a\u0438\u0435 \u043e\u0447\u0438\u0449\u0430\u044e\u0449\u0438\u0435 \u0441\u0440\u0435\u0434\u0441\u0442\u0432\u0430 \u0441 \u043d\u0430\u0442\u0443\u0440\u0430\u043b\u044c\u043d\u044b\u043c\u0438 \u0438\u043d\u0433\u0440\u0435\u0434\u0438\u0435\u043d\u0442\u0430\u043c\u0438<\/p>\n<\/li>\n<li data-start=\"561\" data-end=\"602\">\n<p data-start=\"563\" data-end=\"602\">\u2714 \u041f\u0438\u0442\u0430\u0435\u0442 \u0438 \u0443\u0432\u043b\u0430\u0436\u043d\u044f\u0435\u0442 \u0432\u043e\u043b\u043e\u0441\u044b<\/p>\n<\/li>\n<li data-start=\"603\" data-end=\"640\">\n<p data-start=\"605\" data-end=\"640\">\u2714 \u041f\u0440\u0435\u0434\u043e\u0442\u0432\u0440\u0430\u0449\u0430\u0435\u0442 \u0441\u043f\u0443\u0442\u044b\u0432\u0430\u043d\u0438\u0435 \u0432\u043e\u043b\u043e\u0441<\/p>\n<\/li>\n<li data-start=\"641\" data-end=\"706\">\n<p data-start=\"643\" data-end=\"706\">\u2714 \u041d\u0435 \u0432\u044b\u0437\u044b\u0432\u0430\u0435\u0442 \u0440\u0430\u0437\u0434\u0440\u0430\u0436\u0435\u043d\u0438\u044f \u043a\u043e\u0436\u0438 \u0438 \u0441\u043b\u0438\u0437\u0438\u0441\u0442\u044b\u0445 \u043e\u0431\u043e\u043b\u043e\u0447\u0435\u043a<\/p>\n<\/li>\n<li data-start=\"707\" data-end=\"756\">\n<p data-start=\"709\" data-end=\"756\">\u2714 \u041d\u0435 \u0441\u043e\u0434\u0435\u0440\u0436\u0438\u0442 \u043a\u0440\u0430\u0441\u0438\u0442\u0435\u043b\u0435\u0439 \u0438 \u0432\u0440\u0435\u0434\u043d\u044b\u0445 \u0445\u0438\u043c\u0438\u043a\u0430\u0442\u043e\u0432<\/p>\n<\/li>\n<li data-start=\"757\" data-end=\"824\">\n<p data-start=\"759\" data-end=\"824\">\u2714 \u0420\u0430\u0441\u0441\u043b\u0430\u0431\u043b\u044f\u044e\u0449\u0438\u0439 <strong data-start=\"773\" data-end=\"789\">\u0430\u0440\u043e\u043c\u0430\u0442 \u043b\u0430\u0432\u0430\u043d\u0434\u044b<\/strong> \u0421\u043d\u0438\u0436\u0430\u0435\u0442 \u0441\u0442\u0440\u0435\u0441\u0441 \u0432\u043e \u0432\u0440\u0435\u043c\u044f \u043a\u0443\u043f\u0430\u043d\u0438\u044f \u0441<\/p>\n<\/li>\n<li data-start=\"825\" data-end=\"860\">\n<p data-start=\"827\" data-end=\"860\">\u2714 \u041f\u043e\u0434\u0445\u043e\u0434\u0438\u0442 \u0434\u043b\u044f \u0435\u0436\u0435\u0434\u043d\u0435\u0432\u043d\u043e\u0433\u043e \u0443\u0445\u043e\u0434\u0430<\/p>\n<\/li>\n<\/ul>\n<p data-start=\"862\" data-end=\"997\">\u0411\u043b\u0430\u0433\u043e\u0434\u0430\u0440\u044f \u044d\u0442\u043e\u043c\u0443 \u0448\u0430\u043c\u043f\u0443\u043d\u044e \u043a\u0443\u043f\u0430\u043d\u0438\u0435 \u0432\u0430\u0448\u0435\u0433\u043e \u043f\u0438\u0442\u043e\u043c\u0446\u0430 \u0431\u043e\u043b\u044c\u0448\u0435 \u043d\u0435 \u0431\u0443\u0434\u0435\u0442 \u0441\u0442\u0440\u0435\u0441\u0441\u043e\u043c \u2014 \u043d\u0430\u0442\u0443\u0440\u0430\u043b\u044c\u043d\u044b\u0439 \u0443\u0441\u043f\u043e\u043a\u0430\u0438\u0432\u0430\u044e\u0449\u0438\u0439 \u0430\u0440\u043e\u043c\u0430\u0442 \u043b\u0430\u0432\u0430\u043d\u0434\u044b \u043f\u0440\u0435\u0432\u0440\u0430\u0442\u0438\u0442 \u0435\u0433\u043e \u0432 \u043c\u043e\u043c\u0435\u043d\u0442 \u043d\u0430\u0441\u0442\u043e\u044f\u0449\u0435\u0433\u043e \u0440\u0430\u0441\u0441\u043b\u0430\u0431\u043b\u0435\u043d\u0438\u044f.<\/p>\n<p data-start=\"999\" data-end=\"1027\"><strong data-start=\"999\" data-end=\"1019\">\u0421\u0442\u0440\u0430\u043d\u0430 \u043f\u0440\u043e\u0438\u0437\u0432\u043e\u0434\u0441\u0442\u0432\u0430:<\/strong> \u0422\u0443\u0440\u0446\u0438\u044f<\/p>\n<p data-start=\"1029\" data-end=\"1120\">Cloverpet Lavender \u2013 \u043d\u0430\u0442\u0443\u0440\u0430\u043b\u044c\u043d\u044b\u0439 \u0438 \u0431\u0435\u0437\u043e\u043f\u0430\u0441\u043d\u044b\u0439 \u0443\u0445\u043e\u0434 \u0434\u043b\u044f \u0441\u043e\u0445\u0440\u0430\u043d\u0435\u043d\u0438\u044f \u0448\u0435\u0440\u0441\u0442\u0438 \u0431\u043b\u0435\u0441\u0442\u044f\u0449\u0435\u0439, \u043c\u044f\u0433\u043a\u043e\u0439 \u0438 \u0437\u0434\u043e\u0440\u043e\u0432\u043e\u0439!<\/p>\n<\/div>\n<p><!-- .vgblk-rw-wrapper --><\/p>","protected":false},"excerpt":{"rendered":"<p>Cloverpet Lavanda \u015eampun \u2013 Pi\u015fik v\u0259 itl\u0259r \u00fc\u00e7\u00fcn t\u00fck bax\u0131m \u015fampunu (400 ml) Cloverpet Lavanda \u2013 b\u00fct\u00fcn cins pi\u015fik v\u0259 itl\u0259r \u00fc\u00e7\u00fcn n\u0259z\u0259rd\u0259 tutulmu\u015f, t\u00fckl\u0259rin bax\u0131m\u0131 \u00fc\u00e7\u00fcn ideal se\u00e7imdir. T\u0259rkibind\u0259ki t\u0259bii \u0259sasl\u0131 yum\u015faq yuyucu kompleks say\u0259sind\u0259 t\u00fckl\u0259ri d\u0259rind\u0259n t\u0259mizl\u0259yir, d\u0259rinin t\u0259bii qoruyucu qat\u0131n\u0131 pozmadan parlaq v\u0259 sa\u011flam g\u00f6r\u00fcn\u00fc\u015f qazand\u0131r\u0131r. \u018fsas \u00fcst\u00fcnl\u00fckl\u0259ri: \u2714 T\u0259bii t\u0259rkibli yum\u015faq&#8230;<\/p>","protected":false},"featured_media":990033,"comment_status":"open","ping_status":"closed","template":"","meta":{"nf_dc_page":"","_monsterinsights_skip_tracking":false,"_monsterinsights_sitenote_active":false,"_monsterinsights_sitenote_note":"","_monsterinsights_sitenote_category":0},"product_brand":[],"product_cat":[247,58,244,51],"product_tag":[],"class_list":{"0":"post-990032","1":"product","2":"type-product","3":"status-publish","4":"has-post-thumbnail","6":"product_cat-qum-ve-kosmetik-vasiteler","7":"product_cat-dog","8":"product_cat-it-ve-pisik-mehsullari","9":"product_cat-cat","11":"first","12":"instock","13":"shipping-taxable","14":"product-type-simple"},"jetpack_sharing_enabled":true,"_links":{"self":[{"href":"https:\/\/agrovetazerbaijan.az\/ru\/wp-json\/wp\/v2\/product\/990032","targetHints":{"allow":["GET"]}}],"collection":[{"href":"https:\/\/agrovetazerbaijan.az\/ru\/wp-json\/wp\/v2\/product"}],"about":[{"href":"https:\/\/agrovetazerbaijan.az\/ru\/wp-json\/wp\/v2\/types\/product"}],"replies":[{"embeddable":true,"href":"https:\/\/agrovetazerbaijan.az\/ru\/wp-json\/wp\/v2\/comments?post=990032"}],"version-history":[{"count":1,"href":"https:\/\/agrovetazerbaijan.az\/ru\/wp-json\/wp\/v2\/product\/990032\/revisions"}],"predecessor-version":[{"id":990034,"href":"https:\/\/agrovetazerbaijan.az\/ru\/wp-json\/wp\/v2\/product\/990032\/revisions\/990034"}],"wp:featuredmedia":[{"embeddable":true,"href":"https:\/\/agrovetazerbaijan.az\/ru\/wp-json\/wp\/v2\/media\/990033"}],"wp:attachment":[{"href":"https:\/\/agrovetazerbaijan.az\/ru\/wp-json\/wp\/v2\/media?parent=990032"}],"wp:term":[{"taxonomy":"product_brand","embeddable":true,"href":"https:\/\/agrovetazerbaijan.az\/ru\/wp-json\/wp\/v2\/product_brand?post=990032"},{"taxonomy":"product_cat","embeddable":true,"href":"https:\/\/agrovetazerbaijan.az\/ru\/wp-json\/wp\/v2\/product_cat?post=990032"},{"taxonomy":"product_tag","embeddable":true,"href":"https:\/\/agrovetazerbaijan.az\/ru\/wp-json\/wp\/v2\/product_tag?post=990032"}],"curies":[{"name":"WP","href":"https:\/\/api.w.org\/{rel}","templated":true}]}}