{"id":990030,"date":"2025-07-27T22:58:03","date_gmt":"2025-07-27T22:58:03","guid":{"rendered":"https:\/\/agrovetazerbaijan.az\/?post_type=product&#038;p=990030"},"modified":"2025-08-11T22:37:36","modified_gmt":"2025-08-11T22:37:36","slug":"cloverpet-pupkit-shampoo-400ml","status":"publish","type":"product","link":"https:\/\/agrovetazerbaijan.az\/ru\/product\/cloverpet-pupkit-shampoo-400ml\/","title":{"rendered":"CLOVERPET PUP KIT \u0428\u0410\u041c\u041f\u0423\u041d\u042c 400 \u041c\u041b"},"content":{"rendered":"<div class=\"vgblk-rw-wrapper limit-wrapper\">\n<p data-start=\"92\" data-end=\"130\"><strong data-start=\"92\" data-end=\"128\">CLOVERPET PupKit \u0428\u0430\u043c\u043f\u0443\u043d\u044c \u2013 400 \u043c\u043b<\/strong><\/p>\n<p data-start=\"132\" data-end=\"422\">\u0421\u043f\u0435\u0446\u0438\u0430\u043b\u044c\u043d\u043e \u0440\u0430\u0437\u0440\u0430\u0431\u043e\u0442\u0430\u043d \u0434\u043b\u044f \u0447\u0443\u0432\u0441\u0442\u0432\u0438\u0442\u0435\u043b\u044c\u043d\u043e\u0439 \u043a\u043e\u0436\u0438 \u0438 \u0448\u0435\u0440\u0441\u0442\u0438 \u0449\u0435\u043d\u043a\u043e\u0432. <strong data-start=\"202\" data-end=\"229\">\u0428\u0430\u043c\u043f\u0443\u043d\u044c CLOVERPET PupKit<\/strong>\u0411\u043b\u0430\u0433\u043e\u0434\u0430\u0440\u044f \u043c\u044f\u0433\u043a\u043e\u0439 \u0444\u043e\u0440\u043c\u0443\u043b\u0435, \u043d\u0435 \u0432\u044b\u0437\u044b\u0432\u0430\u044e\u0449\u0435\u0439 \u0440\u0430\u0437\u0434\u0440\u0430\u0436\u0435\u043d\u0438\u044f, \u043e\u043d \u0431\u0435\u0440\u0435\u0436\u043d\u043e \u043e\u0447\u0438\u0449\u0430\u0435\u0442 \u043a\u0430\u043a \u043a\u043e\u0436\u0443, \u0442\u0430\u043a \u0438 \u043a\u043e\u0440\u043d\u0438 \u0432\u043e\u043b\u043e\u0441. \u0411\u043b\u0430\u0433\u043e\u0434\u0430\u0440\u044f \u043d\u0430\u0442\u0443\u0440\u0430\u043b\u044c\u043d\u043e\u043c\u0443 \u0441\u043e\u0441\u0442\u0430\u0432\u0443, \u043e\u043d \u043f\u0440\u0438\u0434\u0430\u0451\u0442 \u0432\u043e\u043b\u043e\u0441\u0430\u043c \u0432\u0430\u0448\u0435\u0433\u043e \u043c\u0430\u043b\u044b\u0448\u0430 \u0431\u043b\u0435\u0441\u043a, \u043c\u044f\u0433\u043a\u043e\u0441\u0442\u044c \u0438 \u043f\u0440\u0438\u044f\u0442\u043d\u044b\u0439 \u0430\u0440\u043e\u043c\u0430\u0442.<\/p>\n<p data-start=\"424\" data-end=\"443\"><strong data-start=\"424\" data-end=\"441\">\u041f\u0440\u0435\u0438\u043c\u0443\u0449\u0435\u0441\u0442\u0432\u0430:<\/strong><\/p>\n<ul data-start=\"444\" data-end=\"657\">\n<li data-start=\"444\" data-end=\"501\">\n<p data-start=\"446\" data-end=\"501\">\u0421\u043f\u0435\u0446\u0438\u0430\u043b\u044c\u043d\u0430\u044f \u0444\u043e\u0440\u043c\u0443\u043b\u0430, \u0440\u0430\u0437\u0440\u0430\u0431\u043e\u0442\u0430\u043d\u043d\u0430\u044f \u0441\u043f\u0435\u0446\u0438\u0430\u043b\u044c\u043d\u043e \u0434\u043b\u044f \u0449\u0435\u043d\u043a\u043e\u0432<\/p>\n<\/li>\n<li data-start=\"502\" data-end=\"550\">\n<p data-start=\"504\" data-end=\"550\">\u041d\u0435\u0440\u0430\u0437\u0434\u0440\u0430\u0436\u0430\u044e\u0449\u0438\u0439, \u0433\u0438\u043f\u043e\u0430\u043b\u043b\u0435\u0440\u0433\u0435\u043d\u043d\u044b\u0439 \u0438\u043d\u0433\u0440\u0435\u0434\u0438\u0435\u043d\u0442<\/p>\n<\/li>\n<li data-start=\"551\" data-end=\"589\">\n<p data-start=\"553\" data-end=\"589\">\u0421\u043c\u044f\u0433\u0447\u0430\u0435\u0442 \u0438 \u043f\u0440\u0438\u0434\u0430\u0435\u0442 \u0431\u043b\u0435\u0441\u043a \u0432\u043e\u043b\u043e\u0441\u0430\u043c<\/p>\n<\/li>\n<li data-start=\"590\" data-end=\"625\">\n<p data-start=\"592\" data-end=\"625\">\u041c\u044f\u0433\u043a\u043e\u0435 \u043e\u0447\u0438\u0449\u0435\u043d\u0438\u0435 \u0431\u0435\u0437 \u0440\u0430\u0437\u0434\u0440\u0430\u0436\u0435\u043d\u0438\u044f \u0433\u043b\u0430\u0437<\/p>\n<\/li>\n<li data-start=\"626\" data-end=\"657\">\n<p data-start=\"628\" data-end=\"657\">\u041f\u043e\u0434\u0445\u043e\u0434\u0438\u0442 \u0434\u043b\u044f \u0435\u0436\u0435\u0434\u043d\u0435\u0432\u043d\u043e\u0433\u043e \u0443\u0445\u043e\u0434\u0430.<\/p>\n<\/li>\n<\/ul>\n<p data-start=\"659\" data-end=\"682\"><strong data-start=\"659\" data-end=\"680\">\u0418\u043d\u0441\u0442\u0440\u0443\u043a\u0446\u0438\u044f \u043f\u043e \u043f\u0440\u0438\u043c\u0435\u043d\u0435\u043d\u0438\u044e:<\/strong><\/p>\n<ol data-start=\"683\" data-end=\"866\">\n<li data-start=\"683\" data-end=\"728\">\n<p data-start=\"686\" data-end=\"728\">\u0421\u043c\u043e\u0447\u0438\u0442\u0435 \u0448\u0435\u0440\u0441\u0442\u044c \u0449\u0435\u043d\u043a\u0430 \u0442\u0435\u043f\u043b\u043e\u0439 \u0432\u043e\u0434\u043e\u0439.<\/p>\n<\/li>\n<li data-start=\"729\" data-end=\"812\">\n<p data-start=\"732\" data-end=\"812\">\u041d\u0430\u043d\u0435\u0441\u0438\u0442\u0435 \u043d\u0435\u043e\u0431\u0445\u043e\u0434\u0438\u043c\u043e\u0435 \u043a\u043e\u043b\u0438\u0447\u0435\u0441\u0442\u0432\u043e \u0448\u0430\u043c\u043f\u0443\u043d\u044f \u043d\u0430 \u0432\u043e\u043b\u043e\u0441\u044b \u0438 \u0432\u0441\u043f\u0435\u043d\u044c\u0442\u0435 \u043b\u0435\u0433\u043a\u0438\u043c\u0438 \u043c\u0430\u0441\u0441\u0430\u0436\u043d\u044b\u043c\u0438 \u0434\u0432\u0438\u0436\u0435\u043d\u0438\u044f\u043c\u0438.<\/p>\n<\/li>\n<li data-start=\"813\" data-end=\"866\">\n<p data-start=\"816\" data-end=\"866\">\u041f\u0440\u043e\u043c\u044b\u0442\u044c \u0431\u043e\u043b\u044c\u0448\u0438\u043c \u043a\u043e\u043b\u0438\u0447\u0435\u0441\u0442\u0432\u043e\u043c \u0432\u043e\u0434\u044b. \u041f\u0440\u0438 \u043d\u0435\u043e\u0431\u0445\u043e\u0434\u0438\u043c\u043e\u0441\u0442\u0438 \u043f\u043e\u0432\u0442\u043e\u0440\u0438\u0442\u044c.<\/p>\n<\/li>\n<\/ol>\n<p data-start=\"868\" data-end=\"935\"><strong data-start=\"868\" data-end=\"878\">\u041e\u0431\u044a\u0435\u043c:<\/strong> 400 \u043c\u043b<br data-start=\"885\" data-end=\"888\" \/><strong data-start=\"888\" data-end=\"901\">\u041f\u043e\u0434\u0445\u043e\u0434\u0438\u0442 \u0434\u043b\u044f:<\/strong> \u0429\u0435\u043d\u043a\u0438 (\u0432\u0441\u0435 \u043f\u043e\u0440\u043e\u0434\u044b)<\/p>\n<p data-start=\"937\" data-end=\"1042\">\u0414\u043b\u044f \u0437\u0434\u043e\u0440\u043e\u0432\u043e\u0439 \u043a\u043e\u0436\u0438 \u0438 \u0431\u043b\u0435\u0441\u0442\u044f\u0449\u0435\u0439 \u0448\u0435\u0440\u0441\u0442\u0438 \u0432\u0430\u0448\u0435\u0433\u043e \u043c\u0430\u043b\u0435\u043d\u044c\u043a\u043e\u0433\u043e \u0434\u0440\u0443\u0433\u0430 \u2013 <strong data-start=\"994\" data-end=\"1021\">\u0428\u0430\u043c\u043f\u0443\u043d\u044c CLOVERPET PupKit<\/strong> \u0441\u0430\u043c\u044b\u0439 \u044d\u043b\u0435\u0433\u0430\u043d\u0442\u043d\u044b\u0439 \u0432\u044b\u0431\u043e\u0440!<\/p>\n<\/div>\n<p><!-- .vgblk-rw-wrapper --><\/p>","protected":false},"excerpt":{"rendered":"<p>CLOVERPET PupKit \u015eampun \u2013 400 ml K\u00f6rp\u0259 itl\u0259rin h\u0259ssas d\u0259risi v\u0259 t\u00fckl\u0259ri \u00fc\u00e7\u00fcn x\u00fcsusi olaraq haz\u0131rlanm\u0131\u015f CLOVERPET PupKit \u015eampun, yum\u015faq v\u0259 q\u0131c\u0131qland\u0131rmayan formul il\u0259 h\u0259m d\u0259rini, h\u0259m d\u0259 t\u00fck k\u00f6kl\u0259rini inc\u0259 \u015f\u0259kild\u0259 t\u0259mizl\u0259yir. T\u0259bii t\u0259rkibi say\u0259sind\u0259 balaca dostunuzun t\u00fckl\u0259rin\u0259 par\u0131lt\u0131, yum\u015faql\u0131q v\u0259 xo\u015f \u0259tir b\u0259x\u015f edir. \u00dcst\u00fcnl\u00fckl\u0259ri: Yaln\u0131z bala itl\u0259r \u00fc\u00e7\u00fcn n\u0259z\u0259rd\u0259 tutulmu\u015f x\u00fcsusi formul&#8230;<\/p>","protected":false},"featured_media":990198,"comment_status":"open","ping_status":"closed","template":"","meta":{"nf_dc_page":"","_monsterinsights_skip_tracking":false,"_monsterinsights_sitenote_active":false,"_monsterinsights_sitenote_note":"","_monsterinsights_sitenote_category":0},"product_brand":[],"product_cat":[244,58,51,247],"product_tag":[],"class_list":{"0":"post-990030","1":"product","2":"type-product","3":"status-publish","4":"has-post-thumbnail","6":"product_cat-it-ve-pisik-mehsullari","7":"product_cat-dog","8":"product_cat-cat","9":"product_cat-qum-ve-kosmetik-vasiteler","11":"first","12":"instock","13":"shipping-taxable","14":"product-type-simple"},"jetpack_sharing_enabled":true,"_links":{"self":[{"href":"https:\/\/agrovetazerbaijan.az\/ru\/wp-json\/wp\/v2\/product\/990030","targetHints":{"allow":["GET"]}}],"collection":[{"href":"https:\/\/agrovetazerbaijan.az\/ru\/wp-json\/wp\/v2\/product"}],"about":[{"href":"https:\/\/agrovetazerbaijan.az\/ru\/wp-json\/wp\/v2\/types\/product"}],"replies":[{"embeddable":true,"href":"https:\/\/agrovetazerbaijan.az\/ru\/wp-json\/wp\/v2\/comments?post=990030"}],"version-history":[{"count":2,"href":"https:\/\/agrovetazerbaijan.az\/ru\/wp-json\/wp\/v2\/product\/990030\/revisions"}],"predecessor-version":[{"id":990199,"href":"https:\/\/agrovetazerbaijan.az\/ru\/wp-json\/wp\/v2\/product\/990030\/revisions\/990199"}],"wp:featuredmedia":[{"embeddable":true,"href":"https:\/\/agrovetazerbaijan.az\/ru\/wp-json\/wp\/v2\/media\/990198"}],"wp:attachment":[{"href":"https:\/\/agrovetazerbaijan.az\/ru\/wp-json\/wp\/v2\/media?parent=990030"}],"wp:term":[{"taxonomy":"product_brand","embeddable":true,"href":"https:\/\/agrovetazerbaijan.az\/ru\/wp-json\/wp\/v2\/product_brand?post=990030"},{"taxonomy":"product_cat","embeddable":true,"href":"https:\/\/agrovetazerbaijan.az\/ru\/wp-json\/wp\/v2\/product_cat?post=990030"},{"taxonomy":"product_tag","embeddable":true,"href":"https:\/\/agrovetazerbaijan.az\/ru\/wp-json\/wp\/v2\/product_tag?post=990030"}],"curies":[{"name":"WP","href":"https:\/\/api.w.org\/{rel}","templated":true}]}}