{"id":990027,"date":"2025-07-27T22:53:24","date_gmt":"2025-07-27T22:53:24","guid":{"rendered":"https:\/\/agrovetazerbaijan.az\/?post_type=product&#038;p=990027"},"modified":"2025-07-27T22:53:47","modified_gmt":"2025-07-27T22:53:47","slug":"cloverpet-lavender-shampoo-400ml","status":"publish","type":"product","link":"https:\/\/agrovetazerbaijan.az\/ru\/product\/cloverpet-lavender-shampoo-400ml\/","title":{"rendered":"CLOVERPET \u0428\u0410\u041c\u041f\u0423\u041d\u042c \u041b\u0410\u0412\u0410\u041d\u0414\u041e\u0412\u042b\u0419 400 \u041c\u041b"},"content":{"rendered":"<div class=\"vgblk-rw-wrapper limit-wrapper\">\n<p data-start=\"107\" data-end=\"184\"><strong data-start=\"107\" data-end=\"184\">Cloverpet Lavender Shampoo \u2013 \u0428\u0430\u043c\u043f\u0443\u043d\u044c \u0434\u043b\u044f \u0443\u0445\u043e\u0434\u0430 \u0437\u0430 \u0448\u0435\u0440\u0441\u0442\u044c\u044e \u043a\u043e\u0448\u0435\u043a \u0438 \u0441\u043e\u0431\u0430\u043a (400 \u043c\u043b)<\/strong><\/p>\n<p data-start=\"186\" data-end=\"406\">Cloverpet Lavender \u2014 \u044d\u0442\u043e \u0448\u0430\u043c\u043f\u0443\u043d\u044c \u0434\u043b\u044f \u0443\u0445\u043e\u0434\u0430 \u0437\u0430 \u0448\u0435\u0440\u0441\u0442\u044c\u044e \u043a\u043e\u0448\u0435\u043a \u0438 \u0441\u043e\u0431\u0430\u043a \u0432\u0441\u0435\u0445 \u043f\u043e\u0440\u043e\u0434. \u0411\u043b\u0430\u0433\u043e\u0434\u0430\u0440\u044f \u043d\u0430\u0442\u0443\u0440\u0430\u043b\u044c\u043d\u043e\u043c\u0443 \u043c\u044f\u0433\u043a\u043e\u043c\u0443 \u043c\u043e\u044e\u0449\u0435\u043c\u0443 \u043a\u043e\u043c\u043f\u043b\u0435\u043a\u0441\u0443 \u043e\u043d \u0433\u043b\u0443\u0431\u043e\u043a\u043e \u043e\u0447\u0438\u0449\u0430\u0435\u0442 \u0448\u0435\u0440\u0441\u0442\u044c, \u043d\u0435 \u043f\u043e\u0432\u0440\u0435\u0436\u0434\u0430\u044f \u0437\u0430\u0449\u0438\u0442\u043d\u044b\u0439 \u0431\u0430\u0440\u044c\u0435\u0440 \u043a\u043e\u0436\u0438.<\/p>\n<p data-start=\"408\" data-end=\"418\">\u042d\u0442\u043e\u0442 \u0448\u0430\u043c\u043f\u0443\u043d\u044c:<\/p>\n<p data-start=\"420\" data-end=\"697\">\u2714 \u041f\u0440\u043e\u0437\u0440\u0430\u0447\u043d\u044b\u0439 \u0438 \u0431\u0435\u0441\u0446\u0432\u0435\u0442\u043d\u044b\u0439, \u043d\u0435 \u0441\u043e\u0434\u0435\u0440\u0436\u0438\u0442 \u043a\u0440\u0430\u0441\u0438\u0442\u0435\u043b\u0435\u0439<br data-start=\"466\" data-end=\"469\" \/>\u2714 \u041d\u0435 \u0440\u0430\u0437\u0434\u0440\u0430\u0436\u0430\u0435\u0442 \u0441\u043b\u0438\u0437\u0438\u0441\u0442\u0443\u044e \u043e\u0431\u043e\u043b\u043e\u0447\u043a\u0443 \u0433\u043b\u0430\u0437<br data-start=\"511\" data-end=\"514\" \/>\u2714 \u041f\u0438\u0442\u0430\u0435\u0442 \u0438 \u0443\u0432\u043b\u0430\u0436\u043d\u044f\u0435\u0442 \u0432\u043e\u043b\u043e\u0441\u044b<br data-start=\"551\" data-end=\"554\" \/>\u2714 \u041f\u0440\u0435\u0434\u043e\u0442\u0432\u0440\u0430\u0449\u0430\u0435\u0442 \u0441\u043f\u0443\u0442\u044b\u0432\u0430\u043d\u0438\u0435 \u0432\u043e\u043b\u043e\u0441<br data-start=\"587\" data-end=\"590\" \/>\u2714 \u041d\u0435 \u0440\u0430\u0437\u0434\u0440\u0430\u0436\u0430\u0435\u0442 \u043a\u043e\u0436\u0443, \u0441\u043e\u0434\u0435\u0440\u0436\u0438\u0442 \u043d\u0430\u0442\u0443\u0440\u0430\u043b\u044c\u043d\u044b\u0435 \u043a\u043e\u043c\u043f\u043e\u043d\u0435\u043d\u0442\u044b<br data-start=\"632\" data-end=\"635\" \/>\u2714 \u0421\u043d\u0438\u043c\u0430\u0435\u0442 \u0441\u0442\u0440\u0435\u0441\u0441 \u0438 \u0441\u043e\u0437\u0434\u0430\u0435\u0442 \u043e\u0449\u0443\u0449\u0435\u043d\u0438\u0435 \u0440\u0430\u0441\u0441\u043b\u0430\u0431\u043b\u0435\u043d\u0438\u044f \u0431\u043b\u0430\u0433\u043e\u0434\u0430\u0440\u044f \u0430\u0440\u043e\u043c\u0430\u0442\u0443 \u043b\u0430\u0432\u0430\u043d\u0434\u044b.<\/p>\n<p data-start=\"699\" data-end=\"808\">\u042d\u0442\u043e\u0442 \u0448\u0430\u043c\u043f\u0443\u043d\u044c \u0441 \u043d\u0430\u0441\u044b\u0449\u0435\u043d\u043d\u044b\u043c \u0430\u0440\u043e\u043c\u0430\u0442\u043e\u043c \u043b\u0430\u0432\u0430\u043d\u0434\u044b \u0434\u0435\u043b\u0430\u0435\u0442 \u043a\u0443\u043f\u0430\u043d\u0438\u0435 \u0443\u0441\u043f\u043e\u043a\u0430\u0438\u0432\u0430\u044e\u0449\u0438\u043c \u0438 \u043f\u0440\u0438\u044f\u0442\u043d\u044b\u043c \u0437\u0430\u043d\u044f\u0442\u0438\u0435\u043c \u0434\u043b\u044f \u0436\u0438\u0432\u043e\u0442\u043d\u044b\u0445.<\/p>\n<p data-start=\"810\" data-end=\"838\"><strong data-start=\"810\" data-end=\"838\">\u0421\u0442\u0440\u0430\u043d\u0430-\u043f\u0440\u043e\u0438\u0437\u0432\u043e\u0434\u0438\u0442\u0435\u043b\u044c: \u0422\u0443\u0440\u0446\u0438\u044f<\/strong><\/p>\n<p data-start=\"840\" data-end=\"929\">Cloverpet Lavender \u2013 \u0438\u0434\u0435\u0430\u043b\u044c\u043d\u044b\u0439 \u0432\u044b\u0431\u043e\u0440 \u0434\u043b\u044f \u0437\u0434\u043e\u0440\u043e\u0432\u043e\u0439, \u0431\u043b\u0435\u0441\u0442\u044f\u0449\u0435\u0439 \u0438 \u043c\u044f\u0433\u043a\u043e\u0439 \u0448\u0435\u0440\u0441\u0442\u0438 \u0432\u0430\u0448\u0435\u0433\u043e \u043f\u0438\u0442\u043e\u043c\u0446\u0430!<\/p>\n<\/div>\n<p><!-- .vgblk-rw-wrapper --><\/p>","protected":false},"excerpt":{"rendered":"<p>Cloverpet Lavanda \u015eampun \u2013 Pi\u015fik v\u0259 itl\u0259r \u00fc\u00e7\u00fcn t\u00fck bax\u0131m \u015fampunu (400 ml) Cloverpet Lavanda \u2013 b\u00fct\u00fcn cins pi\u015fik v\u0259 itl\u0259r \u00fc\u00e7\u00fcn n\u0259z\u0259rd\u0259 tutulmu\u015f t\u00fck bax\u0131m \u015fampunudur. T\u0259bii \u0259sasl\u0131 yum\u015faq yuyucu kompleks t\u0259rkibi say\u0259sind\u0259 t\u00fck\u00fc d\u0259rin t\u0259mizl\u0259yir, eyni zamanda d\u0259rinin qoruyucu baryerin\u0259 z\u0259r\u0259r vermir. Bu \u015fampun: \u2714 \u015e\u0259ffaf v\u0259 r\u0259ngsizdir, t\u0259rkibind\u0259 boya yoxdur\u2714 G\u00f6zl\u0259rin selikli&#8230;<\/p>","protected":false},"featured_media":990028,"comment_status":"open","ping_status":"closed","template":"","meta":{"nf_dc_page":"","_monsterinsights_skip_tracking":false,"_monsterinsights_sitenote_active":false,"_monsterinsights_sitenote_note":"","_monsterinsights_sitenote_category":0},"product_brand":[],"product_cat":[244,58,51,247],"product_tag":[],"class_list":{"0":"post-990027","1":"product","2":"type-product","3":"status-publish","4":"has-post-thumbnail","6":"product_cat-it-ve-pisik-mehsullari","7":"product_cat-dog","8":"product_cat-cat","9":"product_cat-qum-ve-kosmetik-vasiteler","11":"first","12":"instock","13":"shipping-taxable","14":"product-type-simple"},"jetpack_sharing_enabled":true,"_links":{"self":[{"href":"https:\/\/agrovetazerbaijan.az\/ru\/wp-json\/wp\/v2\/product\/990027","targetHints":{"allow":["GET"]}}],"collection":[{"href":"https:\/\/agrovetazerbaijan.az\/ru\/wp-json\/wp\/v2\/product"}],"about":[{"href":"https:\/\/agrovetazerbaijan.az\/ru\/wp-json\/wp\/v2\/types\/product"}],"replies":[{"embeddable":true,"href":"https:\/\/agrovetazerbaijan.az\/ru\/wp-json\/wp\/v2\/comments?post=990027"}],"version-history":[{"count":1,"href":"https:\/\/agrovetazerbaijan.az\/ru\/wp-json\/wp\/v2\/product\/990027\/revisions"}],"predecessor-version":[{"id":990029,"href":"https:\/\/agrovetazerbaijan.az\/ru\/wp-json\/wp\/v2\/product\/990027\/revisions\/990029"}],"wp:featuredmedia":[{"embeddable":true,"href":"https:\/\/agrovetazerbaijan.az\/ru\/wp-json\/wp\/v2\/media\/990028"}],"wp:attachment":[{"href":"https:\/\/agrovetazerbaijan.az\/ru\/wp-json\/wp\/v2\/media?parent=990027"}],"wp:term":[{"taxonomy":"product_brand","embeddable":true,"href":"https:\/\/agrovetazerbaijan.az\/ru\/wp-json\/wp\/v2\/product_brand?post=990027"},{"taxonomy":"product_cat","embeddable":true,"href":"https:\/\/agrovetazerbaijan.az\/ru\/wp-json\/wp\/v2\/product_cat?post=990027"},{"taxonomy":"product_tag","embeddable":true,"href":"https:\/\/agrovetazerbaijan.az\/ru\/wp-json\/wp\/v2\/product_tag?post=990027"}],"curies":[{"name":"WP","href":"https:\/\/api.w.org\/{rel}","templated":true}]}}