{"id":990022,"date":"2025-07-27T22:45:49","date_gmt":"2025-07-27T22:45:49","guid":{"rendered":"https:\/\/agrovetazerbaijan.az\/?post_type=product&#038;p=990022"},"modified":"2025-07-27T22:46:09","modified_gmt":"2025-07-27T22:46:09","slug":"cloverpet-derma-guard-spray","status":"publish","type":"product","link":"https:\/\/agrovetazerbaijan.az\/ru\/product\/cloverpet-derma-guard-spray\/","title":{"rendered":"CLOVERPET DERMA GUARD SPRAY"},"content":{"rendered":"<div class=\"vgblk-rw-wrapper limit-wrapper\">\n<p data-start=\"112\" data-end=\"207\"><strong data-start=\"112\" data-end=\"207\">Cloverpet Derma Guard Bio Sprey \u2013 Pire, bit v\u0259 g\u0259n\u0259l\u0259r\u0259 qar\u015f\u0131, pi\u015fik v\u0259 itl\u0259r \u00fc\u00e7\u00fcn (150 ml)<\/strong><\/p>\n<p data-start=\"209\" data-end=\"375\">Cloverpet Derma Guard bio sprey \u2013 pi\u015fik v\u0259 itl\u0259rd\u0259 parazit kimi ya\u015fayan pire, bit, t\u00fckl\u0259 qidalanan parazitl\u0259r v\u0259 g\u0259n\u0259l\u0259r\u0259 qar\u015f\u0131 g\u00fccl\u00fc v\u0259 t\u0259sirli m\u00fcbariz\u0259 vasit\u0259sidir.<\/p>\n<p data-start=\"377\" data-end=\"576\">Bu preparat h\u0259m sistemli, h\u0259m d\u0259 t\u0259masla t\u0259sir g\u00f6st\u0259rir \u2013 parazitl\u0259r heyvana h\u00fccum etdikd\u0259n d\u0259rhal sonra m\u0259hv olur. Spreyin xo\u015f \u0259tri var v\u0259 eyni zamanda g\u00fccl\u00fc repelent (uzaqla\u015fd\u0131r\u0131c\u0131) t\u0259sir g\u00f6st\u0259rir.<\/p>\n<p data-start=\"578\" data-end=\"755\">T\u0259rkibind\u0259ki <strong data-start=\"591\" data-end=\"603\">fipronil<\/strong> say\u0259sind\u0259 preparat b\u00f6y\u00fcm\u00fc\u015f v\u0259 inki\u015faf m\u0259rh\u0259l\u0259sind\u0259 olan pire, bit, t\u00fcktutanlar v\u0259 ixod, h\u0259m\u00e7inin sarkoptoid g\u0259n\u0259l\u0259r\u0259 qar\u015f\u0131 y\u00fcks\u0259k effektivlik g\u00f6st\u0259rir.<\/p>\n<p data-start=\"757\" data-end=\"979\">M\u0259hsul heyvan\u0131n d\u0259ri v\u0259 t\u00fck \u00f6rt\u00fcy\u00fcn\u0259 t\u0259tbiq edildikd\u0259n sonra, fipronil qan d\u00f6vran\u0131na daxil olmadan epidermisd\u0259, t\u00fck follikullar\u0131nda v\u0259 piy v\u0259zil\u0259rind\u0259 toplanaraq uzun m\u00fcdd\u0259tli t\u0259masla parazit\u0259 qar\u015f\u0131 t\u0259sirini davam etdirir.<\/p>\n<p data-start=\"981\" data-end=\"1178\">\u2714 Pire, bit v\u0259 m\u00fcxt\u0259lif g\u0259n\u0259l\u0259r\u0259 qar\u015f\u0131 g\u00fccl\u00fc qoruma<br data-start=\"1032\" data-end=\"1035\" \/>\u2714 Uzunm\u00fcdd\u0259tli t\u0259sir<br data-start=\"1055\" data-end=\"1058\" \/>\u2714 T\u0259rkibind\u0259 fipronil \u2013 y\u00fcks\u0259k effektiv aktiv madd\u0259<br data-start=\"1109\" data-end=\"1112\" \/>\u2714 Sistemli v\u0259 kontakt t\u0259sir<br data-start=\"1139\" data-end=\"1142\" \/>\u2714 Xo\u015f \u0259tir v\u0259 repelent x\u00fcsusiyy\u0259tl\u0259r<\/p>\n<p data-start=\"1180\" data-end=\"1260\">Cloverpet Derma Guard \u2013 ev heyvanlar\u0131n\u0131z\u0131 parazitl\u0259rd\u0259n qoruma\u011f\u0131n etibarl\u0131 yolu!<\/p>\n<\/div>\n<p><!-- .vgblk-rw-wrapper --><\/p>","protected":false},"excerpt":{"rendered":"<p>Cloverpet Derma Guard Bio Sprey \u2013 Pire, bit v\u0259 g\u0259n\u0259l\u0259r\u0259 qar\u015f\u0131, pi\u015fik v\u0259 itl\u0259r \u00fc\u00e7\u00fcn (150 ml) Cloverpet Derma Guard bio sprey \u2013 pi\u015fik v\u0259 itl\u0259rd\u0259 parazit kimi ya\u015fayan pire, bit, t\u00fckl\u0259 qidalanan parazitl\u0259r v\u0259 g\u0259n\u0259l\u0259r\u0259 qar\u015f\u0131 g\u00fccl\u00fc v\u0259 t\u0259sirli m\u00fcbariz\u0259 vasit\u0259sidir. Bu preparat h\u0259m sistemli, h\u0259m d\u0259 t\u0259masla t\u0259sir g\u00f6st\u0259rir \u2013 parazitl\u0259r heyvana h\u00fccum&#8230;<\/p>","protected":false},"featured_media":990023,"comment_status":"open","ping_status":"closed","template":"","meta":{"nf_dc_page":"","_monsterinsights_skip_tracking":false,"_monsterinsights_sitenote_active":false,"_monsterinsights_sitenote_note":"","_monsterinsights_sitenote_category":0},"product_brand":[],"product_cat":[244,247],"product_tag":[],"class_list":{"0":"post-990022","1":"product","2":"type-product","3":"status-publish","4":"has-post-thumbnail","6":"product_cat-it-ve-pisik-mehsullari","7":"product_cat-qum-ve-kosmetik-vasiteler","9":"first","10":"instock","11":"shipping-taxable","12":"product-type-simple"},"jetpack_sharing_enabled":true,"_links":{"self":[{"href":"https:\/\/agrovetazerbaijan.az\/ru\/wp-json\/wp\/v2\/product\/990022","targetHints":{"allow":["GET"]}}],"collection":[{"href":"https:\/\/agrovetazerbaijan.az\/ru\/wp-json\/wp\/v2\/product"}],"about":[{"href":"https:\/\/agrovetazerbaijan.az\/ru\/wp-json\/wp\/v2\/types\/product"}],"replies":[{"embeddable":true,"href":"https:\/\/agrovetazerbaijan.az\/ru\/wp-json\/wp\/v2\/comments?post=990022"}],"version-history":[{"count":2,"href":"https:\/\/agrovetazerbaijan.az\/ru\/wp-json\/wp\/v2\/product\/990022\/revisions"}],"predecessor-version":[{"id":990025,"href":"https:\/\/agrovetazerbaijan.az\/ru\/wp-json\/wp\/v2\/product\/990022\/revisions\/990025"}],"wp:featuredmedia":[{"embeddable":true,"href":"https:\/\/agrovetazerbaijan.az\/ru\/wp-json\/wp\/v2\/media\/990023"}],"wp:attachment":[{"href":"https:\/\/agrovetazerbaijan.az\/ru\/wp-json\/wp\/v2\/media?parent=990022"}],"wp:term":[{"taxonomy":"product_brand","embeddable":true,"href":"https:\/\/agrovetazerbaijan.az\/ru\/wp-json\/wp\/v2\/product_brand?post=990022"},{"taxonomy":"product_cat","embeddable":true,"href":"https:\/\/agrovetazerbaijan.az\/ru\/wp-json\/wp\/v2\/product_cat?post=990022"},{"taxonomy":"product_tag","embeddable":true,"href":"https:\/\/agrovetazerbaijan.az\/ru\/wp-json\/wp\/v2\/product_tag?post=990022"}],"curies":[{"name":"WP","href":"https:\/\/api.w.org\/{rel}","templated":true}]}}