{"id":990019,"date":"2025-07-27T22:42:03","date_gmt":"2025-07-27T22:42:03","guid":{"rendered":"https:\/\/agrovetazerbaijan.az\/?post_type=product&#038;p=990019"},"modified":"2025-07-27T22:42:48","modified_gmt":"2025-07-27T22:42:48","slug":"cloverpet-anti-fleatik-shampoo-400ml","status":"publish","type":"product","link":"https:\/\/agrovetazerbaijan.az\/ru\/product\/cloverpet-anti-fleatik-shampoo-400ml\/","title":{"rendered":"CLOVERPET \u0428\u0410\u041c\u041f\u0423\u041d\u042c \u041e\u0422 \u0411\u041b\u041e\u0425 \u0418 \u041a\u041b\u0415\u0429\u0415\u0419 400 \u041c\u041b"},"content":{"rendered":"<div class=\"vgblk-rw-wrapper limit-wrapper\">\n<p data-start=\"116\" data-end=\"212\"><strong data-start=\"116\" data-end=\"212\">\u0411\u0438\u043e\u0448\u0430\u043c\u043f\u0443\u043d\u044c Cloverpet Anti Flea &amp; Tick \u2013 \u043f\u0440\u043e\u0442\u0438\u0432 \u0431\u043b\u043e\u0445 \u0438 \u043a\u043b\u0435\u0449\u0435\u0439 \u0434\u043b\u044f \u043a\u043e\u0448\u0435\u043a \u0438 \u0441\u043e\u0431\u0430\u043a (400 \u043c\u043b)<\/strong><\/p>\n<p data-start=\"214\" data-end=\"336\">\u041e\u0440\u0433\u0430\u043d\u0438\u0447\u0435\u0441\u043a\u0438\u0439 \u0448\u0430\u043c\u043f\u0443\u043d\u044c Cloverpet Anti Flea &amp; Tick \u2014 \u044d\u0442\u043e \u043d\u0430\u0442\u0443\u0440\u0430\u043b\u044c\u043d\u043e\u0435 \u0438 \u044d\u0444\u0444\u0435\u043a\u0442\u0438\u0432\u043d\u043e\u0435 \u0440\u0435\u0448\u0435\u043d\u0438\u0435 \u0434\u043b\u044f \u0438\u0437\u0431\u0430\u0432\u043b\u0435\u043d\u0438\u044f \u043e\u0442 \u0432\u0440\u0435\u0434\u043d\u044b\u0445 \u043f\u0430\u0440\u0430\u0437\u0438\u0442\u043e\u0432 \u0443 \u0432\u0430\u0448\u0438\u0445 \u0434\u043e\u043c\u0430\u0448\u043d\u0438\u0445 \u0436\u0438\u0432\u043e\u0442\u043d\u044b\u0445.<\/p>\n<p data-start=\"338\" data-end=\"520\">\u0411\u043b\u0430\u0433\u043e\u0434\u0430\u0440\u044f \u0441\u043f\u0435\u0446\u0438\u0430\u043b\u044c\u043d\u043e \u0440\u0430\u0437\u0440\u0430\u0431\u043e\u0442\u0430\u043d\u043d\u043e\u0439 \u043c\u044f\u0433\u043a\u043e\u0439 \u0438 \u043d\u0430\u0442\u0443\u0440\u0430\u043b\u044c\u043d\u043e\u0439 \u0444\u043e\u0440\u043c\u0443\u043b\u0435 \u044d\u0442\u043e\u0442 \u0448\u0430\u043c\u043f\u0443\u043d\u044c \u0431\u0435\u0440\u0435\u0436\u043d\u043e \u043e\u0447\u0438\u0449\u0430\u0435\u0442 \u0448\u0435\u0440\u0441\u0442\u044c, \u043d\u0435 \u0440\u0430\u0437\u0434\u0440\u0430\u0436\u0430\u044f \u043a\u043e\u0436\u0443 \u0436\u0438\u0432\u043e\u0442\u043d\u043e\u0433\u043e, \u0430 \u0442\u0430\u043a\u0436\u0435 \u0443\u043d\u0438\u0447\u0442\u043e\u0436\u0430\u0435\u0442 \u0431\u043b\u043e\u0445, \u043a\u043b\u0435\u0449\u0435\u0439 \u0438 \u0438\u0445 \u043b\u0438\u0447\u0438\u043d\u043a\u0438.<\/p>\n<p data-start=\"522\" data-end=\"699\">\u0411\u0438\u043e\u0448\u0430\u043c\u043f\u0443\u043d\u044c \u043f\u043e\u0434\u0445\u043e\u0434\u0438\u0442 \u0434\u043b\u044f \u043a\u043e\u0448\u0435\u043a \u0438 \u0441\u043e\u0431\u0430\u043a \u0441\u0442\u0430\u0440\u0448\u0435 4 \u043c\u0435\u0441\u044f\u0446\u0435\u0432. \u041d\u0430\u0442\u0443\u0440\u0430\u043b\u044c\u043d\u044b\u0435 \u043a\u043e\u043c\u043f\u043e\u043d\u0435\u043d\u0442\u044b \u0432 \u0435\u0433\u043e \u0441\u043e\u0441\u0442\u0430\u0432\u0435 \u0432\u043e\u0441\u0441\u0442\u0430\u043d\u0430\u0432\u043b\u0438\u0432\u0430\u044e\u0442 \u0448\u0435\u0440\u0441\u0442\u044c, \u043f\u0440\u0438\u0434\u0430\u044e\u0442 \u043f\u0440\u0438\u044f\u0442\u043d\u044b\u0439 \u0430\u0440\u043e\u043c\u0430\u0442 \u0438 \u0443\u0441\u043f\u043e\u043a\u0430\u0438\u0432\u0430\u044e\u0442 \u043a\u043e\u0436\u0443.<\/p>\n<p data-start=\"701\" data-end=\"827\">\u2714 \u041d\u0430\u0442\u0443\u0440\u0430\u043b\u044c\u043d\u044b\u0435 \u0438\u043d\u0433\u0440\u0435\u0434\u0438\u0435\u043d\u0442\u044b<br data-start=\"715\" data-end=\"718\" \/>\u2714 \u042d\u0444\u0444\u0435\u043a\u0442\u0438\u0432\u043d\u0430\u044f \u0437\u0430\u0449\u0438\u0442\u0430 \u043e\u0442 \u0431\u043b\u043e\u0445 \u0438 \u043a\u043b\u0435\u0449\u0435\u0439<br data-start=\"758\" data-end=\"761\" \/>\u2714 \u0411\u043b\u0435\u0441\u0442\u044f\u0449\u0430\u044f \u0438 \u0437\u0434\u043e\u0440\u043e\u0432\u0430\u044f \u0448\u0435\u0440\u0441\u0442\u044c<br data-start=\"790\" data-end=\"793\" \/>\u2714 \u0420\u0430\u0441\u0441\u043b\u0430\u0431\u043b\u044f\u044e\u0449\u0438\u0439 \u0438 \u043f\u0440\u0438\u044f\u0442\u043d\u043e \u043f\u0430\u0445\u043d\u0443\u0449\u0438\u0439 \u0440\u0435\u0437\u0443\u043b\u044c\u0442\u0430\u0442<\/p>\n<p data-start=\"829\" data-end=\"890\">\u0412\u044b\u0431\u0438\u0440\u0430\u0439\u0442\u0435 Cloverpet \u0440\u0430\u0434\u0438 \u0437\u0434\u043e\u0440\u043e\u0432\u044c\u044f \u0438 \u043a\u043e\u043c\u0444\u043e\u0440\u0442\u0430 \u0432\u0430\u0448\u0435\u0433\u043e \u043f\u0438\u0442\u043e\u043c\u0446\u0430!<\/p>\n<\/div>\n<p><!-- .vgblk-rw-wrapper --><\/p>","protected":false},"excerpt":{"rendered":"<p>Cloverpet Anti Flea &amp; Tick Bio \u015eampun \u2013 Pire v\u0259 g\u0259n\u0259l\u0259r\u0259 qar\u015f\u0131, pi\u015fik v\u0259 itl\u0259r \u00fc\u00e7\u00fcn (400 ml) Cloverpet Anti Flea &amp; Tick bio \u015fampun \u2013 ev heyvanlar\u0131n\u0131za z\u0259r\u0259rli parazitl\u0259rd\u0259n xilas olmaq \u00fc\u00e7\u00fcn t\u0259bii v\u0259 effektiv h\u0259ldir. X\u00fcsusi haz\u0131rlanm\u0131\u015f yum\u015faq v\u0259 t\u0259bii formula say\u0259sind\u0259 bu \u015fampun heyvan\u0131n d\u0259risini q\u0131c\u0131qland\u0131rmadan t\u00fck\u00fc inc\u0259likl\u0259 t\u0259mizl\u0259yir, eyni zamanda pire,&#8230;<\/p>","protected":false},"featured_media":990020,"comment_status":"open","ping_status":"closed","template":"","meta":{"nf_dc_page":"","_monsterinsights_skip_tracking":false,"_monsterinsights_sitenote_active":false,"_monsterinsights_sitenote_note":"","_monsterinsights_sitenote_category":0},"product_brand":[],"product_cat":[244,58,51,247],"product_tag":[],"class_list":{"0":"post-990019","1":"product","2":"type-product","3":"status-publish","4":"has-post-thumbnail","6":"product_cat-it-ve-pisik-mehsullari","7":"product_cat-dog","8":"product_cat-cat","9":"product_cat-qum-ve-kosmetik-vasiteler","11":"first","12":"instock","13":"shipping-taxable","14":"product-type-simple"},"jetpack_sharing_enabled":true,"_links":{"self":[{"href":"https:\/\/agrovetazerbaijan.az\/ru\/wp-json\/wp\/v2\/product\/990019","targetHints":{"allow":["GET"]}}],"collection":[{"href":"https:\/\/agrovetazerbaijan.az\/ru\/wp-json\/wp\/v2\/product"}],"about":[{"href":"https:\/\/agrovetazerbaijan.az\/ru\/wp-json\/wp\/v2\/types\/product"}],"replies":[{"embeddable":true,"href":"https:\/\/agrovetazerbaijan.az\/ru\/wp-json\/wp\/v2\/comments?post=990019"}],"version-history":[{"count":1,"href":"https:\/\/agrovetazerbaijan.az\/ru\/wp-json\/wp\/v2\/product\/990019\/revisions"}],"predecessor-version":[{"id":990021,"href":"https:\/\/agrovetazerbaijan.az\/ru\/wp-json\/wp\/v2\/product\/990019\/revisions\/990021"}],"wp:featuredmedia":[{"embeddable":true,"href":"https:\/\/agrovetazerbaijan.az\/ru\/wp-json\/wp\/v2\/media\/990020"}],"wp:attachment":[{"href":"https:\/\/agrovetazerbaijan.az\/ru\/wp-json\/wp\/v2\/media?parent=990019"}],"wp:term":[{"taxonomy":"product_brand","embeddable":true,"href":"https:\/\/agrovetazerbaijan.az\/ru\/wp-json\/wp\/v2\/product_brand?post=990019"},{"taxonomy":"product_cat","embeddable":true,"href":"https:\/\/agrovetazerbaijan.az\/ru\/wp-json\/wp\/v2\/product_cat?post=990019"},{"taxonomy":"product_tag","embeddable":true,"href":"https:\/\/agrovetazerbaijan.az\/ru\/wp-json\/wp\/v2\/product_tag?post=990019"}],"curies":[{"name":"WP","href":"https:\/\/api.w.org\/{rel}","templated":true}]}}