{"id":990016,"date":"2025-07-27T22:36:52","date_gmt":"2025-07-27T22:36:52","guid":{"rendered":"https:\/\/agrovetazerbaijan.az\/?post_type=product&#038;p=990016"},"modified":"2025-08-11T22:33:59","modified_gmt":"2025-08-11T22:33:59","slug":"cloverpet-derma-guard-cat","status":"publish","type":"product","link":"https:\/\/agrovetazerbaijan.az\/ru\/product\/cloverpet-derma-guard-cat\/","title":{"rendered":"CLOVERPET DERMA GUARD CAT"},"content":{"rendered":"<div class=\"vgblk-rw-wrapper limit-wrapper\">\n<p data-start=\"86\" data-end=\"160\"><strong data-start=\"86\" data-end=\"158\">CLOVERPET Derma Guard Cat \u2013 \u0441\u043f\u0440\u0435\u0439 \u0434\u043b\u044f \u0437\u0430\u0449\u0438\u0442\u044b \u043a\u043e\u0436\u0438 \u0438 \u0448\u0435\u0440\u0441\u0442\u0438 \u043a\u043e\u0448\u0435\u043a<\/strong><\/p>\n<p data-start=\"162\" data-end=\"517\">\u0421\u043f\u0435\u0446\u0438\u0430\u043b\u044c\u043d\u0430\u044f \u0444\u043e\u0440\u043c\u0443\u043b\u0430 \u0434\u043b\u044f \u043f\u043e\u0434\u0434\u0435\u0440\u0436\u0430\u043d\u0438\u044f \u0437\u0434\u043e\u0440\u043e\u0432\u044c\u044f \u043a\u043e\u0436\u0438 \u0438 \u0448\u0435\u0440\u0441\u0442\u0438 \u0432\u0430\u0448\u0435\u0439 \u043a\u043e\u0448\u043a\u0438. <strong data-start=\"236\" data-end=\"265\">CLOVERPET Derma Guard Cat<\/strong>\u0411\u043b\u0430\u0433\u043e\u0434\u0430\u0440\u044f \u043c\u044f\u0433\u043a\u043e\u0439 \u0438 \u044d\u0444\u0444\u0435\u043a\u0442\u0438\u0432\u043d\u043e\u0439 \u0444\u043e\u0440\u043c\u0443\u043b\u0435 \u0437\u0430\u0449\u0438\u0449\u0430\u0435\u0442 \u043a\u043e\u0436\u0443, \u043f\u0440\u0435\u0434\u043e\u0442\u0432\u0440\u0430\u0449\u0430\u0435\u0442 \u0437\u0443\u0434 \u0438 \u043f\u043e\u043a\u0440\u0430\u0441\u043d\u0435\u043d\u0438\u0435. \u0411\u043b\u0430\u0433\u043e\u0434\u0430\u0440\u044f \u0430\u043d\u0442\u0438\u0431\u0430\u043a\u0442\u0435\u0440\u0438\u0430\u043b\u044c\u043d\u043e\u043c\u0443 \u044d\u0444\u0444\u0435\u043a\u0442\u0443 \u0441\u043e\u0445\u0440\u0430\u043d\u044f\u0435\u0442 \u0447\u0438\u0441\u0442\u043e\u0442\u0443 \u043a\u043e\u0436\u0438, \u043f\u0440\u0438\u0434\u0430\u0432\u0430\u044f \u0448\u0435\u0440\u0441\u0442\u0438 \u0431\u043b\u0435\u0441\u043a \u0438 \u043c\u044f\u0433\u043a\u043e\u0441\u0442\u044c. \u041f\u043e\u0434\u0445\u043e\u0434\u0438\u0442 \u0434\u043b\u044f \u0435\u0436\u0435\u0434\u043d\u0435\u0432\u043d\u043e\u0433\u043e \u0443\u0445\u043e\u0434\u0430 \u0438 \u0434\u043b\u044f \u043a\u043e\u0448\u0435\u043a \u0441 \u0447\u0443\u0432\u0441\u0442\u0432\u0438\u0442\u0435\u043b\u044c\u043d\u043e\u0439 \u043a\u043e\u0436\u0435\u0439.<\/p>\n<p data-start=\"519\" data-end=\"538\"><strong data-start=\"519\" data-end=\"536\">\u041f\u0440\u0435\u0438\u043c\u0443\u0449\u0435\u0441\u0442\u0432\u0430:<\/strong><\/p>\n<ul data-start=\"539\" data-end=\"763\">\n<li data-start=\"539\" data-end=\"572\">\n<p data-start=\"541\" data-end=\"572\">\u0417\u0430\u0449\u0438\u0449\u0430\u0435\u0442 \u0438 \u0443\u0432\u043b\u0430\u0436\u043d\u044f\u0435\u0442 \u043a\u043e\u0436\u0443<\/p>\n<\/li>\n<li data-start=\"573\" data-end=\"608\">\n<p data-start=\"575\" data-end=\"608\">\u0423\u043c\u0435\u043d\u044c\u0448\u0430\u0435\u0442 \u0437\u0443\u0434 \u0438 \u0440\u0430\u0437\u0434\u0440\u0430\u0436\u0435\u043d\u0438\u0435<\/p>\n<\/li>\n<li data-start=\"609\" data-end=\"660\">\n<p data-start=\"611\" data-end=\"660\">\u041e\u043a\u0430\u0437\u044b\u0432\u0430\u0435\u0442 \u0430\u043d\u0442\u0438\u0431\u0430\u043a\u0442\u0435\u0440\u0438\u0430\u043b\u044c\u043d\u043e\u0435 \u0438 \u043f\u0440\u043e\u0442\u0438\u0432\u043e\u0432\u043e\u0441\u043f\u0430\u043b\u0438\u0442\u0435\u043b\u044c\u043d\u043e\u0435 \u0434\u0435\u0439\u0441\u0442\u0432\u0438\u0435<\/p>\n<\/li>\n<li data-start=\"661\" data-end=\"702\">\n<p data-start=\"663\" data-end=\"702\">\u0421\u043c\u044f\u0433\u0447\u0430\u0435\u0442 \u0438 \u0434\u0435\u043b\u0430\u0435\u0442 \u0432\u043e\u043b\u043e\u0441\u044b \u0431\u043e\u043b\u0435\u0435 \u0431\u043b\u0435\u0441\u0442\u044f\u0449\u0438\u043c\u0438<\/p>\n<\/li>\n<li data-start=\"703\" data-end=\"763\">\n<p data-start=\"705\" data-end=\"763\">\u041d\u0435 \u0441\u043e\u0434\u0435\u0440\u0436\u0438\u0442 \u0432\u0440\u0435\u0434\u043d\u044b\u0445 \u0445\u0438\u043c\u0438\u0447\u0435\u0441\u043a\u0438\u0445 \u0432\u0435\u0449\u0435\u0441\u0442\u0432, \u0433\u0438\u043f\u043e\u0430\u043b\u043b\u0435\u0440\u0433\u0435\u043d\u043d\u044b\u0439 \u0441\u043e\u0441\u0442\u0430\u0432.<\/p>\n<\/li>\n<\/ul>\n<p data-start=\"765\" data-end=\"788\"><strong data-start=\"765\" data-end=\"786\">\u0418\u043d\u0441\u0442\u0440\u0443\u043a\u0446\u0438\u044f \u043f\u043e \u043f\u0440\u0438\u043c\u0435\u043d\u0435\u043d\u0438\u044e:<\/strong><\/p>\n<ol data-start=\"789\" data-end=\"1023\">\n<li data-start=\"789\" data-end=\"844\">\n<p data-start=\"792\" data-end=\"844\">\u041f\u0435\u0440\u0435\u0434 \u0438\u0441\u043f\u043e\u043b\u044c\u0437\u043e\u0432\u0430\u043d\u0438\u0435\u043c \u0445\u043e\u0440\u043e\u0448\u043e \u0432\u0441\u0442\u0440\u044f\u0445\u043d\u0438\u0442\u0435 \u0444\u043b\u0430\u043a\u043e\u043d.<\/p>\n<\/li>\n<li data-start=\"845\" data-end=\"917\">\n<p data-start=\"848\" data-end=\"917\">\u0420\u0430\u0432\u043d\u043e\u043c\u0435\u0440\u043d\u043e \u0440\u0430\u0441\u043f\u044b\u043b\u0438\u0442\u0435 \u0441\u0440\u0435\u0434\u0441\u0442\u0432\u043e \u043d\u0430 \u043a\u043e\u0436\u0443 \u0438 \u0448\u0435\u0440\u0441\u0442\u044c \u043a\u043e\u0448\u043a\u0438.<\/p>\n<\/li>\n<li data-start=\"918\" data-end=\"974\">\n<p data-start=\"921\" data-end=\"974\">\u0423\u0441\u0438\u043b\u0438\u0442\u0435 \u044d\u0444\u0444\u0435\u043a\u0442, \u0440\u0430\u0441\u043f\u0440\u0435\u0434\u0435\u043b\u0438\u0432 \u0432\u043e\u043b\u043e\u0441\u044b \u0432\u0440\u0443\u0447\u043d\u0443\u044e \u0438\u043b\u0438 \u043c\u044f\u0433\u043a\u043e\u0439 \u0440\u0430\u0441\u0447\u0435\u0441\u043a\u043e\u0439.<\/p>\n<\/li>\n<li data-start=\"975\" data-end=\"1023\">\n<p data-start=\"978\" data-end=\"1023\">\u041d\u0435 \u0440\u0430\u0441\u043f\u044b\u043b\u044f\u0442\u044c \u0432 \u043e\u0431\u043b\u0430\u0441\u0442\u0438 \u0433\u043b\u0430\u0437, \u043d\u043e\u0441\u0430 \u0438 \u0440\u0442\u0430.<\/p>\n<\/li>\n<\/ol>\n<p data-start=\"1025\" data-end=\"1129\"><strong data-start=\"1025\" data-end=\"1035\">\u041e\u0431\u044a\u0435\u043c:<\/strong> \u0417\u0430\u0432\u0438\u0441\u0438\u0442 \u043e\u0442 \u043f\u0440\u043e\u0438\u0437\u0432\u043e\u0434\u0438\u0442\u0435\u043b\u044f \u0443\u043f\u0430\u043a\u043e\u0432\u043a\u0438<br data-start=\"1068\" data-end=\"1071\" \/><strong data-start=\"1071\" data-end=\"1084\">\u041f\u043e\u0434\u0445\u043e\u0434\u0438\u0442 \u0434\u043b\u044f:<\/strong> \u041a\u043e\u0448\u043a\u0438 (\u0434\u043b\u044f \u0432\u0441\u0435\u0445 \u043f\u043e\u0440\u043e\u0434 \u0438 \u0432\u043e\u0437\u0440\u0430\u0441\u0442\u043d\u044b\u0445 \u0433\u0440\u0443\u043f\u043f)<\/p>\n<p data-start=\"1131\" data-end=\"1248\">\u0427\u0442\u043e\u0431\u044b \u043a\u043e\u0436\u0430 \u0438 \u0448\u0435\u0440\u0441\u0442\u044c \u0432\u0430\u0448\u0435\u0439 \u043a\u043e\u0448\u043a\u0438 \u0431\u044b\u043b\u0438 \u0437\u0434\u043e\u0440\u043e\u0432\u044b\u043c\u0438 \u0438 \u0431\u043b\u0435\u0441\u0442\u044f\u0449\u0438\u043c\u0438 \u2013 <strong data-start=\"1198\" data-end=\"1227\">CLOVERPET Derma Guard Cat<\/strong> \u0441 \u0432\u0430\u043c\u0438 \u043a\u0430\u0436\u0434\u044b\u0439 \u0434\u0435\u043d\u044c!<\/p>\n<\/div>\n<p><!-- .vgblk-rw-wrapper --><\/p>","protected":false},"excerpt":{"rendered":"<p>CLOVERPET Derma Guard Cat \u2013 Pi\u015fikl\u0259r \u00fc\u00e7\u00fcn D\u0259ri v\u0259 T\u00fck Qoruyucu Sprey Pi\u015fiyinizin d\u0259risini v\u0259 t\u00fckl\u0259rini sa\u011flam saxlamaq \u00fc\u00e7\u00fcn x\u00fcsusi haz\u0131rlanm\u0131\u015f CLOVERPET Derma Guard Cat, z\u0259rif v\u0259 effektiv formul il\u0259 d\u0259rini qoruyur, qa\u015f\u0131nma v\u0259 q\u0131zart\u0131n\u0131n qar\u015f\u0131s\u0131n\u0131 al\u0131r. Antibakterial t\u0259siri say\u0259sind\u0259 d\u0259rini t\u0259miz saxlay\u0131r, eyni zamanda t\u00fckl\u0259r\u0259 par\u0131lt\u0131 v\u0259 yum\u015faql\u0131q b\u0259x\u015f edir. G\u00fcnd\u0259lik qulluqda v\u0259 h\u0259ssas&#8230;<\/p>","protected":false},"featured_media":990017,"comment_status":"open","ping_status":"closed","template":"","meta":{"nf_dc_page":"","_monsterinsights_skip_tracking":false,"_monsterinsights_sitenote_active":false,"_monsterinsights_sitenote_note":"","_monsterinsights_sitenote_category":0},"product_brand":[],"product_cat":[244,246,51],"product_tag":[],"class_list":{"0":"post-990016","1":"product","2":"type-product","3":"status-publish","4":"has-post-thumbnail","6":"product_cat-it-ve-pisik-mehsullari","7":"product_cat-dermanlar","8":"product_cat-cat","10":"first","11":"instock","12":"shipping-taxable","13":"product-type-simple"},"jetpack_sharing_enabled":true,"_links":{"self":[{"href":"https:\/\/agrovetazerbaijan.az\/ru\/wp-json\/wp\/v2\/product\/990016","targetHints":{"allow":["GET"]}}],"collection":[{"href":"https:\/\/agrovetazerbaijan.az\/ru\/wp-json\/wp\/v2\/product"}],"about":[{"href":"https:\/\/agrovetazerbaijan.az\/ru\/wp-json\/wp\/v2\/types\/product"}],"replies":[{"embeddable":true,"href":"https:\/\/agrovetazerbaijan.az\/ru\/wp-json\/wp\/v2\/comments?post=990016"}],"version-history":[{"count":2,"href":"https:\/\/agrovetazerbaijan.az\/ru\/wp-json\/wp\/v2\/product\/990016\/revisions"}],"predecessor-version":[{"id":990196,"href":"https:\/\/agrovetazerbaijan.az\/ru\/wp-json\/wp\/v2\/product\/990016\/revisions\/990196"}],"wp:featuredmedia":[{"embeddable":true,"href":"https:\/\/agrovetazerbaijan.az\/ru\/wp-json\/wp\/v2\/media\/990017"}],"wp:attachment":[{"href":"https:\/\/agrovetazerbaijan.az\/ru\/wp-json\/wp\/v2\/media?parent=990016"}],"wp:term":[{"taxonomy":"product_brand","embeddable":true,"href":"https:\/\/agrovetazerbaijan.az\/ru\/wp-json\/wp\/v2\/product_brand?post=990016"},{"taxonomy":"product_cat","embeddable":true,"href":"https:\/\/agrovetazerbaijan.az\/ru\/wp-json\/wp\/v2\/product_cat?post=990016"},{"taxonomy":"product_tag","embeddable":true,"href":"https:\/\/agrovetazerbaijan.az\/ru\/wp-json\/wp\/v2\/product_tag?post=990016"}],"curies":[{"name":"WP","href":"https:\/\/api.w.org\/{rel}","templated":true}]}}