{"id":990013,"date":"2025-07-27T22:32:33","date_gmt":"2025-07-27T22:32:33","guid":{"rendered":"https:\/\/agrovetazerbaijan.az\/?post_type=product&#038;p=990013"},"modified":"2025-08-11T22:32:01","modified_gmt":"2025-08-11T22:32:01","slug":"cloverpet-derma-guard-dog","status":"publish","type":"product","link":"https:\/\/agrovetazerbaijan.az\/ru\/product\/cloverpet-derma-guard-dog\/","title":{"rendered":"CLOVERPET DERMA GUARD DOG"},"content":{"rendered":"<div class=\"vgblk-rw-wrapper limit-wrapper\">\n<p data-start=\"86\" data-end=\"146\"><strong data-start=\"86\" data-end=\"144\">CLOVERPET Derma Guard Dog \u2013 \u0441\u043f\u0440\u0435\u0439 \u0434\u043b\u044f \u0437\u0430\u0449\u0438\u0442\u044b \u043a\u043e\u0436\u0438 \u0438 \u0448\u0435\u0440\u0441\u0442\u0438<\/strong><\/p>\n<p data-start=\"148\" data-end=\"496\">\u0421\u043f\u0435\u0446\u0438\u0430\u043b\u044c\u043d\u0430\u044f \u0444\u043e\u0440\u043c\u0443\u043b\u0430 \u0434\u043b\u044f \u043f\u043e\u0434\u0434\u0435\u0440\u0436\u0430\u043d\u0438\u044f \u0437\u0434\u043e\u0440\u043e\u0432\u044c\u044f \u043a\u043e\u0436\u0438 \u0438 \u0448\u0435\u0440\u0441\u0442\u0438 \u0432\u0430\u0448\u0435\u0433\u043e \u043f\u0438\u0442\u043e\u043c\u0446\u0430. <strong data-start=\"233\" data-end=\"262\">CLOVERPET Derma Guard Dog<\/strong> \u0418\u0434\u0435\u0430\u043b\u044c\u043d\u043e\u0435 \u0441\u0440\u0435\u0434\u0441\u0442\u0432\u043e \u043f\u043e \u0443\u0445\u043e\u0434\u0443 \u0437\u0430 \u0441\u043e\u0431\u0430\u043a\u0430\u043c\u0438. \u041c\u044f\u0433\u043a\u0430\u044f \u0444\u043e\u0440\u043c\u0443\u043b\u0430 \u0437\u0430\u0449\u0438\u0449\u0430\u0435\u0442 \u043a\u043e\u0436\u0443, \u0443\u043c\u0435\u043d\u044c\u0448\u0430\u0435\u0442 \u0437\u0443\u0434 \u0438 \u043f\u043e\u043a\u0440\u0430\u0441\u043d\u0435\u043d\u0438\u044f, \u0430 \u0442\u0430\u043a\u0436\u0435 \u043f\u043e\u043c\u043e\u0433\u0430\u0435\u0442 \u0448\u0435\u0440\u0441\u0442\u0438 \u0432\u044b\u0433\u043b\u044f\u0434\u0435\u0442\u044c \u0431\u043e\u043b\u0435\u0435 \u0431\u043b\u0435\u0441\u0442\u044f\u0449\u0435\u0439 \u0438 \u0437\u0434\u043e\u0440\u043e\u0432\u043e\u0439. \u0411\u043b\u0430\u0433\u043e\u0434\u0430\u0440\u044f \u0430\u043d\u0442\u0438\u0431\u0430\u043a\u0442\u0435\u0440\u0438\u0430\u043b\u044c\u043d\u043e\u043c\u0443 \u0438 \u0443\u0441\u043f\u043e\u043a\u0430\u0438\u0432\u0430\u044e\u0449\u0435\u043c\u0443 \u044d\u0444\u0444\u0435\u043a\u0442\u0443 \u043f\u043e\u0434\u0445\u043e\u0434\u0438\u0442 \u0434\u043b\u044f \u0435\u0436\u0435\u0434\u043d\u0435\u0432\u043d\u043e\u0433\u043e \u0438\u0441\u043f\u043e\u043b\u044c\u0437\u043e\u0432\u0430\u043d\u0438\u044f.<\/p>\n<p data-start=\"498\" data-end=\"517\"><strong data-start=\"498\" data-end=\"515\">\u041f\u0440\u0435\u0438\u043c\u0443\u0449\u0435\u0441\u0442\u0432\u0430:<\/strong><\/p>\n<ul data-start=\"518\" data-end=\"710\">\n<li data-start=\"518\" data-end=\"552\">\n<p data-start=\"520\" data-end=\"552\">\u0421\u043e\u0437\u0434\u0430\u0435\u0442 \u0437\u0430\u0449\u0438\u0442\u043d\u044b\u0439 \u0441\u043b\u043e\u0439 \u043d\u0430 \u043a\u043e\u0436\u0435<\/p>\n<\/li>\n<li data-start=\"553\" data-end=\"588\">\n<p data-start=\"555\" data-end=\"588\">\u0423\u043c\u0435\u043d\u044c\u0448\u0430\u0435\u0442 \u0437\u0443\u0434 \u0438 \u0440\u0430\u0437\u0434\u0440\u0430\u0436\u0435\u043d\u0438\u0435<\/p>\n<\/li>\n<li data-start=\"589\" data-end=\"631\">\n<p data-start=\"591\" data-end=\"631\">\u0410\u043d\u0442\u0438\u0431\u0430\u043a\u0442\u0435\u0440\u0438\u0430\u043b\u044c\u043d\u043e\u0435 \u0438 \u043f\u0440\u043e\u0442\u0438\u0432\u043e\u0432\u043e\u0441\u043f\u0430\u043b\u0438\u0442\u0435\u043b\u044c\u043d\u043e\u0435 \u0434\u0435\u0439\u0441\u0442\u0432\u0438\u0435<\/p>\n<\/li>\n<li data-start=\"632\" data-end=\"670\">\n<p data-start=\"634\" data-end=\"670\">\u0421\u043c\u044f\u0433\u0447\u0430\u0435\u0442 \u0438 \u043f\u0440\u0438\u0434\u0430\u0435\u0442 \u0431\u043b\u0435\u0441\u043a \u0432\u043e\u043b\u043e\u0441\u0430\u043c<\/p>\n<\/li>\n<li data-start=\"671\" data-end=\"710\">\n<p data-start=\"673\" data-end=\"710\">\u041d\u0435 \u0441\u043e\u0434\u0435\u0440\u0436\u0438\u0442 \u0432\u0440\u0435\u0434\u043d\u044b\u0445 \u0445\u0438\u043c\u0438\u0447\u0435\u0441\u043a\u0438\u0445 \u0432\u0435\u0449\u0435\u0441\u0442\u0432<\/p>\n<\/li>\n<\/ul>\n<p data-start=\"712\" data-end=\"735\"><strong data-start=\"712\" data-end=\"733\">\u0418\u043d\u0441\u0442\u0440\u0443\u043a\u0446\u0438\u044f \u043f\u043e \u043f\u0440\u0438\u043c\u0435\u043d\u0435\u043d\u0438\u044e:<\/strong><\/p>\n<ol data-start=\"736\" data-end=\"972\">\n<li data-start=\"736\" data-end=\"792\">\n<p data-start=\"739\" data-end=\"792\">\u041f\u0435\u0440\u0435\u0434 \u0438\u0441\u043f\u043e\u043b\u044c\u0437\u043e\u0432\u0430\u043d\u0438\u0435\u043c \u0445\u043e\u0440\u043e\u0448\u043e \u0432\u0441\u0442\u0440\u044f\u0445\u043d\u0438\u0442\u0435 \u0444\u043b\u0430\u043a\u043e\u043d.<\/p>\n<\/li>\n<li data-start=\"793\" data-end=\"866\">\n<p data-start=\"796\" data-end=\"866\">\u0420\u0430\u0432\u043d\u043e\u043c\u0435\u0440\u043d\u043e \u0440\u0430\u0441\u043f\u044b\u043b\u0438\u0442\u0435 \u0441\u0440\u0435\u0434\u0441\u0442\u0432\u043e \u043d\u0430 \u043a\u043e\u0436\u0443 \u0438 \u0448\u0435\u0440\u0441\u0442\u044c \u0432\u0430\u0448\u0435\u0433\u043e \u043f\u0438\u0442\u043e\u043c\u0446\u0430.<\/p>\n<\/li>\n<li data-start=\"867\" data-end=\"923\">\n<p data-start=\"870\" data-end=\"923\">\u0423\u0441\u0438\u043b\u0438\u0442\u0435 \u044d\u0444\u0444\u0435\u043a\u0442, \u0440\u0430\u0441\u043f\u0440\u0435\u0434\u0435\u043b\u0438\u0432 \u0432\u043e\u043b\u043e\u0441\u044b \u0432\u0440\u0443\u0447\u043d\u0443\u044e \u0438\u043b\u0438 \u043c\u044f\u0433\u043a\u043e\u0439 \u0440\u0430\u0441\u0447\u0435\u0441\u043a\u043e\u0439.<\/p>\n<\/li>\n<li data-start=\"924\" data-end=\"972\">\n<p data-start=\"927\" data-end=\"972\">\u041d\u0435 \u0440\u0430\u0441\u043f\u044b\u043b\u044f\u0442\u044c \u0432 \u043e\u0431\u043b\u0430\u0441\u0442\u0438 \u0433\u043b\u0430\u0437, \u043d\u043e\u0441\u0430 \u0438 \u0440\u0442\u0430.<\/p>\n<\/li>\n<\/ol>\n<p data-start=\"974\" data-end=\"1070\"><strong data-start=\"974\" data-end=\"984\">\u041e\u0431\u044a\u0435\u043c:<\/strong> \u0417\u0430\u0432\u0438\u0441\u0438\u0442 \u043e\u0442 \u043f\u0440\u043e\u0438\u0437\u0432\u043e\u0434\u0438\u0442\u0435\u043b\u044f \u0443\u043f\u0430\u043a\u043e\u0432\u043a\u0438<br data-start=\"1017\" data-end=\"1020\" \/><strong data-start=\"1020\" data-end=\"1033\">\u041f\u043e\u0434\u0445\u043e\u0434\u0438\u0442 \u0434\u043b\u044f:<\/strong> \u0421\u043e\u0431\u0430\u043a\u0438 (\u0432\u0441\u0435\u0445 \u043f\u043e\u0440\u043e\u0434 \u0438 \u0440\u0430\u0437\u043c\u0435\u0440\u043e\u0432)<\/p>\n<p data-start=\"1072\" data-end=\"1190\">\u041f\u043e\u043b\u043d\u0430\u044f \u0437\u0430\u0449\u0438\u0442\u0430 \u043a\u043e\u0436\u0438 \u0438 \u0448\u0435\u0440\u0441\u0442\u0438 \u0432\u0430\u0448\u0435\u0433\u043e \u043f\u0438\u0442\u043e\u043c\u0446\u0430 \u2013 <strong data-start=\"1122\" data-end=\"1151\">CLOVERPET Derma Guard Dog<\/strong> \u0417\u0434\u043e\u0440\u043e\u0432\u044c\u0435 \u0438 \u043a\u043e\u043c\u0444\u043e\u0440\u0442 \u0432\u043c\u0435\u0441\u0442\u0435!<\/p>\n<\/div>\n<p><!-- .vgblk-rw-wrapper --><\/p>","protected":false},"excerpt":{"rendered":"<p>CLOVERPET Derma Guard Dog \u2013 D\u0259ri v\u0259 T\u00fck Qoruyucu Sprey Ev heyvan\u0131n\u0131z\u0131n d\u0259risini v\u0259 t\u00fckl\u0259rini sa\u011flam saxlamaq \u00fc\u00e7\u00fcn x\u00fcsusi olaraq haz\u0131rlanm\u0131\u015f CLOVERPET Derma Guard Dog itl\u0259r \u00fc\u00e7\u00fcn tam ideal qulluq m\u0259hsuludur. Z\u0259rif formulasiya d\u0259rini qoruyur, qa\u015f\u0131nma v\u0259 q\u0131zart\u0131n\u0131 azald\u0131r, t\u00fckl\u0259rin daha parlaq v\u0259 sa\u011flam g\u00f6r\u00fcnm\u0259sin\u0259 k\u00f6m\u0259k edir. Antibakterial v\u0259 sakitl\u0259\u015fdirici t\u0259siri il\u0259 g\u00fcnd\u0259lik istifad\u0259y\u0259 uy\u011fundur&#8230;.<\/p>","protected":false},"featured_media":990014,"comment_status":"open","ping_status":"closed","template":"","meta":{"nf_dc_page":"","_monsterinsights_skip_tracking":false,"_monsterinsights_sitenote_active":false,"_monsterinsights_sitenote_note":"","_monsterinsights_sitenote_category":0},"product_brand":[],"product_cat":[244,246,58],"product_tag":[],"class_list":{"0":"post-990013","1":"product","2":"type-product","3":"status-publish","4":"has-post-thumbnail","6":"product_cat-it-ve-pisik-mehsullari","7":"product_cat-dermanlar","8":"product_cat-dog","10":"first","11":"instock","12":"shipping-taxable","13":"product-type-simple"},"jetpack_sharing_enabled":true,"_links":{"self":[{"href":"https:\/\/agrovetazerbaijan.az\/ru\/wp-json\/wp\/v2\/product\/990013","targetHints":{"allow":["GET"]}}],"collection":[{"href":"https:\/\/agrovetazerbaijan.az\/ru\/wp-json\/wp\/v2\/product"}],"about":[{"href":"https:\/\/agrovetazerbaijan.az\/ru\/wp-json\/wp\/v2\/types\/product"}],"replies":[{"embeddable":true,"href":"https:\/\/agrovetazerbaijan.az\/ru\/wp-json\/wp\/v2\/comments?post=990013"}],"version-history":[{"count":2,"href":"https:\/\/agrovetazerbaijan.az\/ru\/wp-json\/wp\/v2\/product\/990013\/revisions"}],"predecessor-version":[{"id":990195,"href":"https:\/\/agrovetazerbaijan.az\/ru\/wp-json\/wp\/v2\/product\/990013\/revisions\/990195"}],"wp:featuredmedia":[{"embeddable":true,"href":"https:\/\/agrovetazerbaijan.az\/ru\/wp-json\/wp\/v2\/media\/990014"}],"wp:attachment":[{"href":"https:\/\/agrovetazerbaijan.az\/ru\/wp-json\/wp\/v2\/media?parent=990013"}],"wp:term":[{"taxonomy":"product_brand","embeddable":true,"href":"https:\/\/agrovetazerbaijan.az\/ru\/wp-json\/wp\/v2\/product_brand?post=990013"},{"taxonomy":"product_cat","embeddable":true,"href":"https:\/\/agrovetazerbaijan.az\/ru\/wp-json\/wp\/v2\/product_cat?post=990013"},{"taxonomy":"product_tag","embeddable":true,"href":"https:\/\/agrovetazerbaijan.az\/ru\/wp-json\/wp\/v2\/product_tag?post=990013"}],"curies":[{"name":"WP","href":"https:\/\/api.w.org\/{rel}","templated":true}]}}