{"id":990009,"date":"2025-07-14T22:00:42","date_gmt":"2025-07-14T22:00:42","guid":{"rendered":"https:\/\/agrovetazerbaijan.az\/?post_type=product&#038;p=990009"},"modified":"2025-07-14T22:00:42","modified_gmt":"2025-07-14T22:00:42","slug":"carnaval-premium-adult-cat-food-with-chicken","status":"publish","type":"product","link":"https:\/\/agrovetazerbaijan.az\/ru\/product\/carnaval-premium-adult-cat-food-with-chicken\/","title":{"rendered":"\u041a\u043e\u0440\u043c \u0434\u043b\u044f \u0432\u0437\u0440\u043e\u0441\u043b\u044b\u0445 \u043a\u043e\u0448\u0435\u043a Carnaval Premium \u0441 \u043a\u0443\u0440\u0438\u0446\u0435\u0439"},"content":{"rendered":"<div class=\"vgblk-rw-wrapper limit-wrapper\">\n<p data-start=\"171\" data-end=\"423\"><strong data-start=\"171\" data-end=\"219\">\u041a\u043e\u0440\u043c \u0434\u043b\u044f \u0432\u0437\u0440\u043e\u0441\u043b\u044b\u0445 \u043a\u043e\u0448\u0435\u043a Carnaval Premium \u0441 \u043a\u0443\u0440\u0438\u0446\u0435\u0439<\/strong><br data-start=\"219\" data-end=\"222\" \/>\u042d\u0442\u043e\u0442 \u043a\u043e\u0440\u043c, \u043e\u0431\u043e\u0433\u0430\u0449\u0451\u043d\u043d\u044b\u0439 \u043a\u0443\u0440\u0438\u0446\u0435\u0439, \u043f\u043e\u043b\u043d\u043e\u0441\u0442\u044c\u044e \u0443\u0434\u043e\u0432\u043b\u0435\u0442\u0432\u043e\u0440\u044f\u0435\u0442 \u0441\u0443\u0442\u043e\u0447\u043d\u0443\u044e \u043f\u043e\u0442\u0440\u0435\u0431\u043d\u043e\u0441\u0442\u044c \u0432\u0437\u0440\u043e\u0441\u043b\u044b\u0445 \u043a\u043e\u0448\u0435\u043a \u0432 \u044d\u043d\u0435\u0440\u0433\u0438\u0438 \u0438 \u043f\u0438\u0442\u0430\u0442\u0435\u043b\u044c\u043d\u044b\u0445 \u0432\u0435\u0449\u0435\u0441\u0442\u0432\u0430\u0445. \u041e\u043d \u0441\u043e\u0434\u0435\u0440\u0436\u0438\u0442 \u0432\u044b\u0441\u043e\u043a\u043e\u043a\u0430\u0447\u0435\u0441\u0442\u0432\u0435\u043d\u043d\u044b\u0435 \u043a\u0443\u0440\u0438\u043d\u044b\u0435 \u0438 \u0436\u0438\u0432\u043e\u0442\u043d\u044b\u0435 \u0431\u0435\u043b\u043a\u0438, \u0437\u043b\u0430\u043a\u0438 \u0438 \u043f\u043e\u043b\u0435\u0437\u043d\u044b\u0435 \u0436\u0438\u0440\u044b.<\/p>\n<ul data-start=\"425\" data-end=\"727\">\n<li data-start=\"425\" data-end=\"443\">\n<p data-start=\"427\" data-end=\"443\"><strong data-start=\"427\" data-end=\"437\">\u0411\u0435\u043b\u043e\u043a:<\/strong> 27%<\/p>\n<\/li>\n<li data-start=\"444\" data-end=\"460\">\n<p data-start=\"446\" data-end=\"460\"><strong data-start=\"446\" data-end=\"454\">\u041c\u0430\u0441\u043b\u043e:<\/strong> 10%<\/p>\n<\/li>\n<li data-start=\"461\" data-end=\"562\">\n<p data-start=\"463\" data-end=\"562\"><strong data-start=\"463\" data-end=\"478\">\u0412\u0438\u0442\u0430\u043c\u0438\u043d\u044b:<\/strong> A, D3, E, C, \u0432\u0438\u0442\u0430\u043c\u0438\u043d\u044b \u0433\u0440\u0443\u043f\u043f\u044b B (B1, B2, B3, B6, B7, B9, B12), \u0432\u0438\u0442\u0430\u043c\u0438\u043d K, \u0445\u043e\u043b\u0438\u043d<\/p>\n<\/li>\n<li data-start=\"563\" data-end=\"643\">\n<p data-start=\"565\" data-end=\"643\"><strong data-start=\"565\" data-end=\"580\">\u041c\u0438\u043d\u0435\u0440\u0430\u043b\u044b:<\/strong> \u041a\u0430\u043b\u044c\u0446\u0438\u0439, \u0444\u043e\u0441\u0444\u043e\u0440, \u0439\u043e\u0434, \u0446\u0438\u043d\u043a, \u043c\u0435\u0434\u044c, \u0436\u0435\u043b\u0435\u0437\u043e, \u0441\u0435\u043b\u0435\u043d, \u0445\u043b\u043e\u0440\u0438\u0434 \u043a\u0430\u043b\u0438\u044f<\/p>\n<\/li>\n<li data-start=\"644\" data-end=\"727\">\n<p data-start=\"646\" data-end=\"727\"><strong data-start=\"646\" data-end=\"659\">\u0414\u043e\u043f\u043e\u043b\u043d\u0438\u0442\u0435\u043b\u044c\u043d\u043e:<\/strong> \u0422\u0430\u0443\u0440\u0438\u043d (1000 \u043c\u0433\/\u043a\u0433) \u2013 \u043d\u0435\u043e\u0431\u0445\u043e\u0434\u0438\u043c \u0434\u043b\u044f \u0437\u0434\u043e\u0440\u043e\u0432\u043e\u0439 \u0440\u0430\u0431\u043e\u0442\u044b \u0441\u0435\u0440\u0434\u0446\u0430 \u0438 \u0433\u043b\u0430\u0437.<\/p>\n<\/li>\n<\/ul>\n<p data-start=\"729\" data-end=\"849\">\u041e\u043d \u0437\u0430\u0449\u0438\u0449\u0430\u0435\u0442 \u043a\u043e\u0436\u0443, \u0448\u0435\u0440\u0441\u0442\u044c \u0438 \u043e\u0431\u0449\u0435\u0435 \u0441\u043e\u0441\u0442\u043e\u044f\u043d\u0438\u0435 \u0437\u0434\u043e\u0440\u043e\u0432\u044c\u044f \u0432\u0430\u0448\u0435\u0439 \u043a\u043e\u0448\u043a\u0438, \u043f\u043e\u0432\u044b\u0448\u0430\u0435\u0442 \u0443\u0440\u043e\u0432\u0435\u043d\u044c \u0435\u0435 \u044d\u043d\u0435\u0440\u0433\u0438\u0438 \u0438 \u043f\u043e\u0434\u0434\u0435\u0440\u0436\u0438\u0432\u0430\u0435\u0442 \u043f\u0438\u0449\u0435\u0432\u0430\u0440\u0438\u0442\u0435\u043b\u044c\u043d\u0443\u044e \u0441\u0438\u0441\u0442\u0435\u043c\u0443.<\/p>\n<\/div>\n<p><!-- .vgblk-rw-wrapper --><\/p>","protected":false},"excerpt":{"rendered":"<p>Carnaval Premium Adult Cat Food with ChickenToyuq \u0259ti il\u0259 z\u0259nginl\u0259\u015fdirilmi\u015f bu yem, b\u00f6y\u00fcm\u00fc\u015f pi\u015fikl\u0259rin g\u00fcnd\u0259lik enerji v\u0259 qida ehtiyaclar\u0131n\u0131 tam qar\u015f\u0131lay\u0131r. T\u0259rkibind\u0259 y\u00fcks\u0259k keyfiyy\u0259tli toyuq v\u0259 heyvan z\u00fclallar\u0131, tax\u0131llar v\u0259 faydal\u0131 ya\u011flar var. Z\u00fclal: 27% Ya\u011f: 10% Vitaminl\u0259r: A, D3, E, C, B qrupu vitaminl\u0259ri (B1, B2, B3, B6, B7, B9, B12), K vitamini, kolin&#8230;<\/p>","protected":false},"featured_media":990010,"comment_status":"closed","ping_status":"closed","template":"","meta":{"nf_dc_page":"","_monsterinsights_skip_tracking":false,"_monsterinsights_sitenote_active":false,"_monsterinsights_sitenote_note":"","_monsterinsights_sitenote_category":0},"product_brand":[],"product_cat":[244,51,245],"product_tag":[],"class_list":{"0":"post-990009","1":"product","2":"type-product","3":"status-publish","4":"has-post-thumbnail","6":"product_cat-it-ve-pisik-mehsullari","7":"product_cat-cat","8":"product_cat-yemler","10":"first","11":"instock","12":"shipping-taxable","13":"product-type-simple"},"jetpack_sharing_enabled":true,"_links":{"self":[{"href":"https:\/\/agrovetazerbaijan.az\/ru\/wp-json\/wp\/v2\/product\/990009","targetHints":{"allow":["GET"]}}],"collection":[{"href":"https:\/\/agrovetazerbaijan.az\/ru\/wp-json\/wp\/v2\/product"}],"about":[{"href":"https:\/\/agrovetazerbaijan.az\/ru\/wp-json\/wp\/v2\/types\/product"}],"replies":[{"embeddable":true,"href":"https:\/\/agrovetazerbaijan.az\/ru\/wp-json\/wp\/v2\/comments?post=990009"}],"version-history":[{"count":1,"href":"https:\/\/agrovetazerbaijan.az\/ru\/wp-json\/wp\/v2\/product\/990009\/revisions"}],"predecessor-version":[{"id":990011,"href":"https:\/\/agrovetazerbaijan.az\/ru\/wp-json\/wp\/v2\/product\/990009\/revisions\/990011"}],"wp:featuredmedia":[{"embeddable":true,"href":"https:\/\/agrovetazerbaijan.az\/ru\/wp-json\/wp\/v2\/media\/990010"}],"wp:attachment":[{"href":"https:\/\/agrovetazerbaijan.az\/ru\/wp-json\/wp\/v2\/media?parent=990009"}],"wp:term":[{"taxonomy":"product_brand","embeddable":true,"href":"https:\/\/agrovetazerbaijan.az\/ru\/wp-json\/wp\/v2\/product_brand?post=990009"},{"taxonomy":"product_cat","embeddable":true,"href":"https:\/\/agrovetazerbaijan.az\/ru\/wp-json\/wp\/v2\/product_cat?post=990009"},{"taxonomy":"product_tag","embeddable":true,"href":"https:\/\/agrovetazerbaijan.az\/ru\/wp-json\/wp\/v2\/product_tag?post=990009"}],"curies":[{"name":"WP","href":"https:\/\/api.w.org\/{rel}","templated":true}]}}