{"id":990005,"date":"2025-07-14T21:51:59","date_gmt":"2025-07-14T21:51:59","guid":{"rendered":"https:\/\/agrovetazerbaijan.az\/?post_type=product&#038;p=990005"},"modified":"2025-07-14T21:57:40","modified_gmt":"2025-07-14T21:57:40","slug":"carnaval-premium-kitten-food-with-chicken","status":"publish","type":"product","link":"https:\/\/agrovetazerbaijan.az\/ru\/product\/carnaval-premium-kitten-food-with-chicken\/","title":{"rendered":"\u041a\u043e\u0440\u043c \u0434\u043b\u044f \u043a\u043e\u0442\u044f\u0442 Carnaval Premium \u0441 \u043a\u0443\u0440\u0438\u0446\u0435\u0439"},"content":{"rendered":"<div class=\"vgblk-rw-wrapper limit-wrapper\">\n<p data-start=\"141\" data-end=\"392\">\u041a\u043e\u0440\u043c \u0434\u043b\u044f \u043a\u043e\u0448\u0435\u043a \u0441 \u043a\u0443\u0440\u0438\u0446\u0435\u0439 \u0440\u0430\u0437\u0440\u0430\u0431\u043e\u0442\u0430\u043d \u0441\u043f\u0435\u0446\u0438\u0430\u043b\u044c\u043d\u043e \u0434\u043b\u044f \u0437\u0434\u043e\u0440\u043e\u0432\u043e\u0433\u043e \u0440\u043e\u0441\u0442\u0430 \u043a\u043e\u0448\u0435\u043a. \u041e\u043d \u0441\u043e\u0434\u0435\u0440\u0436\u0438\u0442 \u0432\u044b\u0441\u043e\u043a\u043e\u043a\u0430\u0447\u0435\u0441\u0442\u0432\u0435\u043d\u043d\u044b\u0435 \u0436\u0438\u0432\u043e\u0442\u043d\u044b\u0435 \u0431\u0435\u043b\u043a\u0438, \u043f\u0448\u0435\u043d\u0438\u0446\u0443, \u043e\u0432\u0435\u0447\u0438\u0439 \u0431\u0435\u043b\u043e\u043a, \u043a\u0443\u043a\u0443\u0440\u0443\u0437\u0443, \u0436\u0438\u0432\u043e\u0442\u043d\u044b\u0435 \u0436\u0438\u0440\u044b, \u0430 \u0442\u0430\u043a\u0436\u0435 \u0440\u0430\u0437\u043b\u0438\u0447\u043d\u044b\u0435 \u0432\u0438\u0442\u0430\u043c\u0438\u043d\u044b \u0438 \u043c\u0438\u043d\u0435\u0440\u0430\u043b\u044b.<\/p>\n<ul data-start=\"394\" data-end=\"717\">\n<li data-start=\"394\" data-end=\"412\">\n<p data-start=\"396\" data-end=\"412\"><strong data-start=\"396\" data-end=\"406\">\u0411\u0435\u043b\u043e\u043a:<\/strong> 30%<\/p>\n<\/li>\n<li data-start=\"413\" data-end=\"429\">\n<p data-start=\"415\" data-end=\"429\"><strong data-start=\"415\" data-end=\"423\">\u041c\u0430\u0441\u043b\u043e:<\/strong> 12%<\/p>\n<\/li>\n<li data-start=\"430\" data-end=\"532\">\n<p data-start=\"432\" data-end=\"532\"><strong data-start=\"432\" data-end=\"447\">\u0412\u0438\u0442\u0430\u043c\u0438\u043d\u044b:<\/strong> A, D3, E, C, \u0432\u0438\u0442\u0430\u043c\u0438\u043d\u044b \u0433\u0440\u0443\u043f\u043f\u044b B (B1, B2, B3, B6, B7, B9, B12), \u0432\u0438\u0442\u0430\u043c\u0438\u043d K, \u0445\u043e\u043b\u0438\u043d<\/p>\n<\/li>\n<li data-start=\"533\" data-end=\"626\">\n<p data-start=\"535\" data-end=\"626\"><strong data-start=\"535\" data-end=\"550\">\u041c\u0438\u043d\u0435\u0440\u0430\u043b\u044b:<\/strong> \u041a\u0430\u043b\u044c\u0446\u0438\u0439, \u0444\u043e\u0441\u0444\u043e\u0440, \u043d\u0430\u0442\u0440\u0438\u0439, \u0439\u043e\u0434, \u0446\u0438\u043d\u043a, \u043c\u0435\u0434\u044c, \u043a\u0430\u043b\u0438\u0439, \u0445\u043b\u043e\u0440\u0438\u0434, \u0436\u0435\u043b\u0435\u0437\u043e, \u0441\u0435\u043b\u0435\u043d<\/p>\n<\/li>\n<li data-start=\"627\" data-end=\"717\">\n<p data-start=\"629\" data-end=\"717\"><strong data-start=\"629\" data-end=\"642\">\u0414\u043e\u043f\u043e\u043b\u043d\u0438\u0442\u0435\u043b\u044c\u043d\u043e:<\/strong> \u0422\u0430\u0443\u0440\u0438\u043d (1000 \u043c\u0433\/\u043a\u0433) \u2013 \u043d\u0435\u043e\u0431\u0445\u043e\u0434\u0438\u043c \u0434\u043b\u044f \u0437\u0434\u043e\u0440\u043e\u0432\u044c\u044f \u0441\u0435\u0440\u0434\u0446\u0430 \u0438 \u0437\u0440\u0435\u043d\u0438\u044f \u0443 \u043a\u043e\u0448\u0435\u043a.<\/p>\n<\/li>\n<\/ul>\n<p data-start=\"719\" data-end=\"808\">\u041f\u043e\u0432\u044b\u0448\u0430\u0435\u0442 \u044d\u043d\u0435\u0440\u0433\u0438\u044e \u043a\u043e\u0448\u0435\u043a, \u0443\u043a\u0440\u0435\u043f\u043b\u044f\u0435\u0442 \u0438\u0445 \u0438\u043c\u043c\u0443\u043d\u0438\u0442\u0435\u0442 \u0438 \u0441\u043f\u043e\u0441\u043e\u0431\u0441\u0442\u0432\u0443\u0435\u0442 \u0437\u0434\u043e\u0440\u043e\u0432\u043e\u043c\u0443 \u0440\u0430\u0437\u0432\u0438\u0442\u0438\u044e.<\/p>\n<\/div>\n<p><!-- .vgblk-rw-wrapper --><\/p>","protected":false},"excerpt":{"rendered":"<p>Toyuq \u0259tli pi\u015fik yemi, pi\u015fikl\u0259rin sa\u011flam b\u00f6y\u00fcm\u0259si \u00fc\u00e7\u00fcn x\u00fcsusi haz\u0131rlan\u0131b. \u0130\u00e7ind\u0259 y\u00fcks\u0259k keyfiyy\u0259tli heyvan z\u00fclallar\u0131, bu\u011fda, qoyun z\u00fclal\u0131, qar\u011f\u0131dal\u0131, heyvan ya\u011f\u0131 v\u0259 m\u00fcxt\u0259lif vitaminl\u0259r, minerallar var. Z\u00fclal: 30% Ya\u011f: 12% Vitaminl\u0259r: A, D3, E, C, B qrupu vitaminl\u0259ri (B1, B2, B3, B6, B7, B9, B12), K vitamini, koline Minerallar: Kalsium, fosfor, natrium, yod, sink, mis,&#8230;<\/p>","protected":false},"featured_media":990008,"comment_status":"closed","ping_status":"closed","template":"","meta":{"nf_dc_page":"","_monsterinsights_skip_tracking":false,"_monsterinsights_sitenote_active":false,"_monsterinsights_sitenote_note":"","_monsterinsights_sitenote_category":0},"product_brand":[],"product_cat":[244,51,245],"product_tag":[],"class_list":{"0":"post-990005","1":"product","2":"type-product","3":"status-publish","4":"has-post-thumbnail","6":"product_cat-it-ve-pisik-mehsullari","7":"product_cat-cat","8":"product_cat-yemler","10":"first","11":"instock","12":"shipping-taxable","13":"product-type-simple"},"jetpack_sharing_enabled":true,"_links":{"self":[{"href":"https:\/\/agrovetazerbaijan.az\/ru\/wp-json\/wp\/v2\/product\/990005","targetHints":{"allow":["GET"]}}],"collection":[{"href":"https:\/\/agrovetazerbaijan.az\/ru\/wp-json\/wp\/v2\/product"}],"about":[{"href":"https:\/\/agrovetazerbaijan.az\/ru\/wp-json\/wp\/v2\/types\/product"}],"replies":[{"embeddable":true,"href":"https:\/\/agrovetazerbaijan.az\/ru\/wp-json\/wp\/v2\/comments?post=990005"}],"version-history":[{"count":1,"href":"https:\/\/agrovetazerbaijan.az\/ru\/wp-json\/wp\/v2\/product\/990005\/revisions"}],"predecessor-version":[{"id":990007,"href":"https:\/\/agrovetazerbaijan.az\/ru\/wp-json\/wp\/v2\/product\/990005\/revisions\/990007"}],"wp:featuredmedia":[{"embeddable":true,"href":"https:\/\/agrovetazerbaijan.az\/ru\/wp-json\/wp\/v2\/media\/990008"}],"wp:attachment":[{"href":"https:\/\/agrovetazerbaijan.az\/ru\/wp-json\/wp\/v2\/media?parent=990005"}],"wp:term":[{"taxonomy":"product_brand","embeddable":true,"href":"https:\/\/agrovetazerbaijan.az\/ru\/wp-json\/wp\/v2\/product_brand?post=990005"},{"taxonomy":"product_cat","embeddable":true,"href":"https:\/\/agrovetazerbaijan.az\/ru\/wp-json\/wp\/v2\/product_cat?post=990005"},{"taxonomy":"product_tag","embeddable":true,"href":"https:\/\/agrovetazerbaijan.az\/ru\/wp-json\/wp\/v2\/product_tag?post=990005"}],"curies":[{"name":"WP","href":"https:\/\/api.w.org\/{rel}","templated":true}]}}