{"id":989983,"date":"2025-07-14T21:14:45","date_gmt":"2025-07-14T21:14:45","guid":{"rendered":"https:\/\/agrovetazerbaijan.az\/?post_type=product&#038;p=989983"},"modified":"2025-08-10T22:20:40","modified_gmt":"2025-08-10T22:20:40","slug":"clovervet-plaq-tartar-paste-for-cats-and-dogs","status":"publish","type":"product","link":"https:\/\/agrovetazerbaijan.az\/ru\/product\/clovervet-plaq-tartar-paste-for-cats-and-dogs\/","title":{"rendered":"\u041f\u0430\u0441\u0442\u0430 \u043e\u0442 \u0437\u0443\u0431\u043d\u043e\u0433\u043e \u043d\u0430\u043b\u0435\u0442\u0430 \u0438 \u0437\u0443\u0431\u043d\u043e\u0433\u043e \u043a\u0430\u043c\u043d\u044f Clovervet \u0434\u043b\u044f \u043a\u043e\u0448\u0435\u043a \u0438 \u0441\u043e\u0431\u0430\u043a"},"content":{"rendered":"<div class=\"vgblk-rw-wrapper limit-wrapper\">\n<h2 data-start=\"96\" data-end=\"140\"><strong data-start=\"99\" data-end=\"138\">CLOVER PET \u2013 Plaq v\u0259 Tartar Pastas\u0131<\/strong><\/h2>\n<p data-start=\"141\" data-end=\"186\"><strong data-start=\"141\" data-end=\"184\">(A\u011f\u0131z Sa\u011fl\u0131\u011f\u0131 \u00fc\u00e7\u00fcn Pi\u015fik v\u0259 \u0130tl\u0259r \u00dc\u00e7\u00fcn)<\/strong><\/p>\n<h3 data-start=\"188\" data-end=\"214\"><strong data-start=\"192\" data-end=\"212\">\u0421\u043f\u0438\u0441\u043e\u043a \u0438\u043d\u0433\u0440\u0435\u0434\u0438\u0435\u043d\u0442\u043e\u0432:<\/strong><\/h3>\n<ul data-start=\"215\" data-end=\"367\">\n<li data-start=\"215\" data-end=\"233\">\n<p data-start=\"217\" data-end=\"233\">\u0421\u043e\u043b\u043e\u0434\u043e\u0432\u044b\u0439 \u044d\u043a\u0441\u0442\u0440\u0430\u043a\u0442<\/p>\n<\/li>\n<li data-start=\"234\" data-end=\"247\">\n<p data-start=\"236\" data-end=\"247\">\u041e\u0432\u0441\u044f\u043d\u043a\u0430<\/p>\n<\/li>\n<li data-start=\"248\" data-end=\"265\">\n<p data-start=\"250\" data-end=\"265\">\u0420\u0430\u0441\u0442\u0438\u0442\u0435\u043b\u044c\u043d\u044b\u0435 \u043c\u0430\u0441\u043b\u0430<\/p>\n<\/li>\n<li data-start=\"266\" data-end=\"280\">\n<p data-start=\"268\" data-end=\"280\">\u0420\u044b\u0431\u0438\u0439 \u0436\u0438\u0440<\/p>\n<\/li>\n<li data-start=\"281\" data-end=\"301\">\n<p data-start=\"283\" data-end=\"301\">\u041f\u043e\u0440\u043e\u0448\u043e\u043a \u0440\u043e\u0436\u043a\u043e\u0432\u043e\u0433\u043e \u0434\u0435\u0440\u0435\u0432\u0430<\/p>\n<\/li>\n<li data-start=\"302\" data-end=\"325\">\n<p data-start=\"304\" data-end=\"325\">\u0414\u0435\u0438\u043e\u043d\u0438\u0437\u0438\u0440\u043e\u0432\u0430\u043d\u043d\u0430\u044f \u0432\u043e\u0434\u0430<\/p>\n<\/li>\n<li data-start=\"326\" data-end=\"348\">\n<p data-start=\"328\" data-end=\"348\">Kloreksi ekstrakt\u0131<\/p>\n<\/li>\n<li data-start=\"349\" data-end=\"367\">\n<p data-start=\"351\" data-end=\"367\">Nan\u0259 ekstrakt\u0131<\/p>\n<\/li>\n<\/ul>\n<p data-start=\"369\" data-end=\"402\"><strong data-start=\"369\" data-end=\"400\">\u0414\u0440\u0443\u0433\u0438\u0435 \u0438\u043d\u0433\u0440\u0435\u0434\u0438\u0435\u043d\u0442\u044b (\u043d\u0430 1 \u043a\u0433):<\/strong><\/p>\n<ul data-start=\"403\" data-end=\"457\">\n<li data-start=\"403\" data-end=\"429\">\n<p data-start=\"405\" data-end=\"429\"><strong data-start=\"405\" data-end=\"417\">\u041a\u0430\u043b\u044c\u0446\u0438\u0439:<\/strong> 10,000 mq<\/p>\n<\/li>\n<li data-start=\"430\" data-end=\"457\">\n<p data-start=\"432\" data-end=\"457\"><strong data-start=\"432\" data-end=\"446\">\u0412\u0438\u0442\u0430\u043c\u0438\u043d \u0421:<\/strong> 2,000 mq<\/p>\n<\/li>\n<\/ul>\n<hr data-start=\"459\" data-end=\"462\" \/>\n<h3 data-start=\"464\" data-end=\"496\"><strong data-start=\"468\" data-end=\"494\">\u0410\u043d\u0430\u043b\u0438\u0442\u0438\u0447\u0435\u0441\u043a\u0438\u0435 \u043f\u043e\u043a\u0430\u0437\u0430\u0442\u0435\u043b\u0438:<\/strong><\/h3>\n<ul data-start=\"497\" data-end=\"596\">\n<li data-start=\"497\" data-end=\"518\">\n<p data-start=\"499\" data-end=\"518\"><strong data-start=\"499\" data-end=\"513\">\u0421\u044b\u0440\u043e\u0439 \u043f\u0440\u043e\u0442\u0435\u0438\u043d:<\/strong> 3%<\/p>\n<\/li>\n<li data-start=\"519\" data-end=\"539\">\n<p data-start=\"521\" data-end=\"539\"><strong data-start=\"521\" data-end=\"533\">\u0421\u044b\u0440\u0430\u044f \u043d\u0435\u0444\u0442\u044c:<\/strong> 38%<\/p>\n<\/li>\n<li data-start=\"540\" data-end=\"559\">\n<p data-start=\"542\" data-end=\"559\"><strong data-start=\"542\" data-end=\"554\">\u0421\u044b\u0440\u0430\u044f \u043a\u043b\u0435\u0442\u0447\u0430\u0442\u043a\u0430:<\/strong> 3%<\/p>\n<\/li>\n<li data-start=\"560\" data-end=\"579\">\n<p data-start=\"562\" data-end=\"579\"><strong data-start=\"562\" data-end=\"574\">\u0421\u044b\u0440\u0430\u044f \u0437\u043e\u043b\u0430:<\/strong> 4%<\/p>\n<\/li>\n<li data-start=\"580\" data-end=\"596\">\n<p data-start=\"582\" data-end=\"596\"><strong data-start=\"582\" data-end=\"590\">\u0412\u043b\u0430\u0436\u043d\u043e\u0441\u0442\u044c:<\/strong> 22%<\/p>\n<\/li>\n<\/ul>\n<hr data-start=\"598\" data-end=\"601\" \/>\n<h3 data-start=\"603\" data-end=\"629\"><strong data-start=\"607\" data-end=\"627\">\u041e\u0431\u043b\u0430\u0441\u0442\u044c \u043f\u0440\u0438\u043c\u0435\u043d\u0435\u043d\u0438\u044f:<\/strong><\/h3>\n<p data-start=\"630\" data-end=\"785\">Pi\u015fik v\u0259 itl\u0259rd\u0259 a\u011f\u0131zdak\u0131 xo\u015fag\u0259lm\u0259z qoxunun v\u0259 tartar y\u0131\u011f\u0131lmas\u0131n\u0131n qar\u015f\u0131s\u0131n\u0131 almaq \u00fc\u00e7\u00fcn x\u00fcsusi formulla haz\u0131rlanm\u0131\u015f, yeyil\u0259 bil\u0259n a\u011f\u0131z bax\u0131m pastas\u0131d\u0131r.<\/p>\n<h3 data-start=\"787\" data-end=\"824\"><strong data-start=\"791\" data-end=\"822\">\u0421\u043f\u043e\u0441\u043e\u0431 \u043f\u0440\u0438\u043c\u0435\u043d\u0435\u043d\u0438\u044f \u0438 \u0434\u043e\u0437\u0438\u0440\u043e\u0432\u043a\u0430:<\/strong><\/h3>\n<p data-start=\"825\" data-end=\"953\">\u0415\u0433\u043e \u0434\u0430\u044e\u0442 \u043d\u0430\u043f\u0440\u044f\u043c\u0443\u044e \u0438\u043b\u0438 \u043f\u043e\u0434\u043c\u0435\u0448\u0438\u0432\u0430\u044e\u0442 \u0432 \u043a\u043e\u0440\u043c.<br data-start=\"876\" data-end=\"879\" \/>\u0412 \u0434\u0435\u043d\u044c <strong data-start=\"885\" data-end=\"895\">2\u20133 \u0441\u043c<\/strong> \u0420\u0435\u043a\u043e\u043c\u0435\u043d\u0434\u0443\u0435\u0442\u0441\u044f \u0438\u0441\u043f\u043e\u043b\u044c\u0437\u043e\u0432\u0430\u0442\u044c \u0438 \u0434\u0430\u0432\u0430\u0442\u044c \u0440\u0435\u0433\u0443\u043b\u044f\u0440\u043d\u043e.<\/p>\n<hr data-start=\"955\" data-end=\"958\" \/>\n<h3 data-start=\"960\" data-end=\"1001\"><strong data-start=\"964\" data-end=\"999\">\u0421\u0440\u043e\u043a \u0433\u043e\u0434\u043d\u043e\u0441\u0442\u0438 \u0438 \u0443\u0441\u043b\u043e\u0432\u0438\u044f \u0445\u0440\u0430\u043d\u0435\u043d\u0438\u044f:<\/strong><\/h3>\n<ul data-start=\"1002\" data-end=\"1203\">\n<li data-start=\"1002\" data-end=\"1044\">\n<p data-start=\"1004\" data-end=\"1044\">\u0421 \u0434\u0430\u0442\u044b \u0438\u0437\u0433\u043e\u0442\u043e\u0432\u043b\u0435\u043d\u0438\u044f <strong data-start=\"1033\" data-end=\"1041\">2 \u0433\u043e\u0434\u0430<\/strong>.<\/p>\n<\/li>\n<li data-start=\"1045\" data-end=\"1137\">\n<p data-start=\"1047\" data-end=\"1137\">\u0425\u0440\u0430\u043d\u0438\u0442\u044c \u0432\u0434\u0430\u043b\u0438 \u043e\u0442 \u0441\u043e\u043b\u043d\u0435\u0447\u043d\u044b\u0445 \u043b\u0443\u0447\u0435\u0439, \u043f\u0440\u0438 \u043a\u043e\u043c\u043d\u0430\u0442\u043d\u043e\u0439 \u0442\u0435\u043c\u043f\u0435\u0440\u0430\u0442\u0443\u0440\u0435, \u0432 \u043d\u0435\u0434\u043e\u0441\u0442\u0443\u043f\u043d\u043e\u043c \u0434\u043b\u044f \u0434\u0435\u0442\u0435\u0439 \u043c\u0435\u0441\u0442\u0435.<\/p>\n<\/li>\n<li data-start=\"1138\" data-end=\"1203\">\n<p data-start=\"1140\" data-end=\"1203\">\u0414\u0430\u043d\u043d\u044b\u0439 \u043f\u0440\u043e\u0434\u0443\u043a\u0442 \u043d\u0435 \u044f\u0432\u043b\u044f\u0435\u0442\u0441\u044f \u043b\u0435\u043a\u0430\u0440\u0441\u0442\u0432\u0435\u043d\u043d\u044b\u043c \u0441\u0440\u0435\u0434\u0441\u0442\u0432\u043e\u043c \u0438 \u043d\u0435 \u0438\u0441\u043f\u043e\u043b\u044c\u0437\u0443\u0435\u0442\u0441\u044f \u0432 \u0442\u0435\u0440\u0430\u043f\u0435\u0432\u0442\u0438\u0447\u0435\u0441\u043a\u0438\u0445 \u0446\u0435\u043b\u044f\u0445.<\/p>\n<\/li>\n<\/ul>\n<\/div>\n<p><!-- .vgblk-rw-wrapper --><\/p>","protected":false},"excerpt":{"rendered":"<p>CLOVER PET \u2013 Plaq v\u0259 Tartar Pastas\u0131 (A\u011f\u0131z Sa\u011fl\u0131\u011f\u0131 \u00fc\u00e7\u00fcn Pi\u015fik v\u0259 \u0130tl\u0259r \u00dc\u00e7\u00fcn) T\u0259rkib Siyah\u0131s\u0131: Malt ekstrakt\u0131 Yulaf unu Bitki ya\u011flar\u0131 Bal\u0131q ya\u011f\u0131 Ke\u00e7iboynuzu tozu Deioniz\u0259 edilmi\u015f su Kloreksi ekstrakt\u0131 Nan\u0259 ekstrakt\u0131 Dig\u0259r madd\u0259l\u0259r (1 kq \u00fc\u00e7\u00fcn): Kalsium: 10,000 mq Vitamin C: 2,000 mq Analitik G\u00f6st\u0259ricil\u0259r: Xam z\u00fclal: 3% Xam ya\u011f: 38% Xam lif:&#8230;<\/p>","protected":false},"featured_media":989984,"comment_status":"closed","ping_status":"closed","template":"","meta":{"nf_dc_page":"","_monsterinsights_skip_tracking":false,"_monsterinsights_sitenote_active":false,"_monsterinsights_sitenote_note":"","_monsterinsights_sitenote_category":0},"product_brand":[],"product_cat":[246,58,244,51],"product_tag":[],"class_list":{"0":"post-989983","1":"product","2":"type-product","3":"status-publish","4":"has-post-thumbnail","6":"product_cat-dermanlar","7":"product_cat-dog","8":"product_cat-it-ve-pisik-mehsullari","9":"product_cat-cat","11":"first","12":"instock","13":"shipping-taxable","14":"product-type-simple"},"jetpack_sharing_enabled":true,"_links":{"self":[{"href":"https:\/\/agrovetazerbaijan.az\/ru\/wp-json\/wp\/v2\/product\/989983","targetHints":{"allow":["GET"]}}],"collection":[{"href":"https:\/\/agrovetazerbaijan.az\/ru\/wp-json\/wp\/v2\/product"}],"about":[{"href":"https:\/\/agrovetazerbaijan.az\/ru\/wp-json\/wp\/v2\/types\/product"}],"replies":[{"embeddable":true,"href":"https:\/\/agrovetazerbaijan.az\/ru\/wp-json\/wp\/v2\/comments?post=989983"}],"version-history":[{"count":2,"href":"https:\/\/agrovetazerbaijan.az\/ru\/wp-json\/wp\/v2\/product\/989983\/revisions"}],"predecessor-version":[{"id":990167,"href":"https:\/\/agrovetazerbaijan.az\/ru\/wp-json\/wp\/v2\/product\/989983\/revisions\/990167"}],"wp:featuredmedia":[{"embeddable":true,"href":"https:\/\/agrovetazerbaijan.az\/ru\/wp-json\/wp\/v2\/media\/989984"}],"wp:attachment":[{"href":"https:\/\/agrovetazerbaijan.az\/ru\/wp-json\/wp\/v2\/media?parent=989983"}],"wp:term":[{"taxonomy":"product_brand","embeddable":true,"href":"https:\/\/agrovetazerbaijan.az\/ru\/wp-json\/wp\/v2\/product_brand?post=989983"},{"taxonomy":"product_cat","embeddable":true,"href":"https:\/\/agrovetazerbaijan.az\/ru\/wp-json\/wp\/v2\/product_cat?post=989983"},{"taxonomy":"product_tag","embeddable":true,"href":"https:\/\/agrovetazerbaijan.az\/ru\/wp-json\/wp\/v2\/product_tag?post=989983"}],"curies":[{"name":"WP","href":"https:\/\/api.w.org\/{rel}","templated":true}]}}