{"id":989976,"date":"2025-07-14T14:31:38","date_gmt":"2025-07-14T14:31:38","guid":{"rendered":"https:\/\/agrovetazerbaijan.az\/?post_type=product&#038;p=989976"},"modified":"2025-09-09T08:31:55","modified_gmt":"2025-09-09T08:31:55","slug":"clover-pet-malt-paste-pisikl%c9%99r-ucun","status":"publish","type":"product","link":"https:\/\/agrovetazerbaijan.az\/ru\/product\/clover-pet-malt-paste-pisikl%c9%99r-ucun\/","title":{"rendered":"\u0421\u043e\u043b\u043e\u0434\u043e\u0432\u0430\u044f \u043f\u0430\u0441\u0442\u0430 CLOVER PET \u2013 \u0434\u043b\u044f \u043a\u043e\u0448\u0435\u043a"},"content":{"rendered":"<div class=\"vgblk-rw-wrapper limit-wrapper\">\n<h3 data-start=\"124\" data-end=\"171\"><strong data-start=\"128\" data-end=\"169\">\u0421\u043e\u043b\u043e\u0434\u043e\u0432\u0430\u044f \u043f\u0430\u0441\u0442\u0430 CLOVER PET \u2013 \u0434\u043b\u044f \u043a\u043e\u0448\u0435\u043a<\/strong><\/h3>\n<p data-start=\"172\" data-end=\"286\"><strong data-start=\"172\" data-end=\"239\">\u0414\u043e\u043f\u043e\u043b\u043d\u0438\u0442\u0435\u043b\u044c\u043d\u044b\u0439 \u043a\u043e\u0440\u043c \u0434\u043b\u044f \u043f\u0440\u0435\u0434\u043e\u0442\u0432\u0440\u0430\u0449\u0435\u043d\u0438\u044f \u043e\u0431\u0440\u0430\u0437\u043e\u0432\u0430\u043d\u0438\u044f \u043a\u043e\u043b\u0442\u0443\u043d\u043e\u0432<\/strong><br data-start=\"239\" data-end=\"242\" \/><strong data-start=\"242\" data-end=\"286\">\u041e\u0431\u043e\u0433\u0430\u0449\u0435\u043d\u043e \u0431\u0438\u043e\u0442\u0438\u043d\u043e\u043c \u0438 \u043a\u0430\u043b\u044c\u0446\u0438\u0435\u043c<\/strong><\/p>\n<hr data-start=\"288\" data-end=\"291\" \/>\n<h3 data-start=\"293\" data-end=\"321\"><strong data-start=\"297\" data-end=\"319\">\u0418\u043d\u0433\u0440\u0435\u0434\u0438\u0435\u043d\u0442\u044b (\u043d\u0430 1 \u043a\u0433):<\/strong><\/h3>\n<ul data-start=\"322\" data-end=\"550\">\n<li data-start=\"322\" data-end=\"340\">\n<p data-start=\"324\" data-end=\"340\">\u0421\u043e\u043b\u043e\u0434\u043e\u0432\u044b\u0439 \u044d\u043a\u0441\u0442\u0440\u0430\u043a\u0442<\/p>\n<\/li>\n<li data-start=\"341\" data-end=\"354\">\n<p data-start=\"343\" data-end=\"354\">\u041e\u0432\u0441\u044f\u043d\u043a\u0430<\/p>\n<\/li>\n<li data-start=\"355\" data-end=\"372\">\n<p data-start=\"357\" data-end=\"372\">\u0420\u0430\u0441\u0442\u0438\u0442\u0435\u043b\u044c\u043d\u044b\u0435 \u043c\u0430\u0441\u043b\u0430<\/p>\n<\/li>\n<li data-start=\"373\" data-end=\"387\">\n<p data-start=\"375\" data-end=\"387\">\u0420\u044b\u0431\u0438\u0439 \u0436\u0438\u0440<\/p>\n<\/li>\n<li data-start=\"388\" data-end=\"408\">\n<p data-start=\"390\" data-end=\"408\">\u041f\u043e\u0440\u043e\u0448\u043e\u043a \u043a\u043e\u0437\u043b\u044f\u0442\u043d\u0438\u043a\u0430<\/p>\n<\/li>\n<li data-start=\"409\" data-end=\"424\">\n<p data-start=\"411\" data-end=\"424\">\u0414\u0435\u0438\u043e\u043d\u0438\u0437\u0438\u0440\u043e\u0432\u0430\u043d\u043d\u0430\u044f \u0432\u043e\u0434\u0430<\/p>\n<\/li>\n<li data-start=\"425\" data-end=\"455\">\n<p data-start=\"427\" data-end=\"455\"><strong data-start=\"427\" data-end=\"453\">\u0411\u0438\u043e\u0442\u0438\u043d (2%) \u2013 5000 \u043c\u0433<\/strong><\/p>\n<\/li>\n<li data-start=\"456\" data-end=\"482\">\n<p data-start=\"458\" data-end=\"482\"><strong data-start=\"458\" data-end=\"480\">\u041a\u0430\u043b\u044c\u0446\u0438\u0439 \u2013 2000 \u043c\u0433<\/strong><\/p>\n<\/li>\n<li data-start=\"483\" data-end=\"516\">\n<p data-start=\"485\" data-end=\"516\"><strong data-start=\"485\" data-end=\"514\">\u0411\u0435\u043d\u0437\u043e\u0430\u0442 \u043d\u0430\u0442\u0440\u0438\u044f \u2013 1000 \u043c\u0433<\/strong><\/p>\n<\/li>\n<li data-start=\"517\" data-end=\"550\">\n<p data-start=\"519\" data-end=\"550\"><strong data-start=\"519\" data-end=\"550\">\u0421\u043e\u0440\u0431\u0430\u0442 \u043a\u0430\u043b\u0438\u044f \u2013 1000 \u043c\u0433<\/strong><\/p>\n<\/li>\n<\/ul>\n<hr data-start=\"552\" data-end=\"555\" \/>\n<h3 data-start=\"557\" data-end=\"583\"><strong data-start=\"561\" data-end=\"581\">\u0410\u043d\u0430\u043b\u0438\u0442\u0438\u0447\u0435\u0441\u043a\u0430\u044f \u0438\u043d\u0444\u043e\u0440\u043c\u0430\u0446\u0438\u044f:<\/strong><\/h3>\n<ul data-start=\"584\" data-end=\"773\">\n<li data-start=\"584\" data-end=\"608\">\n<p data-start=\"586\" data-end=\"608\">\u0421\u044b\u0440\u043e\u0439 \u043f\u0440\u043e\u0442\u0435\u0438\u043d \u2013 27,69%<\/p>\n<\/li>\n<li data-start=\"609\" data-end=\"629\">\n<p data-start=\"611\" data-end=\"629\">\u0421\u044b\u0440\u0430\u044f \u043d\u0435\u0444\u0442\u044c \u2013 16.16%<\/p>\n<\/li>\n<li data-start=\"630\" data-end=\"649\">\n<p data-start=\"632\" data-end=\"649\">\u0421\u044b\u0440\u0430\u044f \u043a\u043b\u0435\u0442\u0447\u0430\u0442\u043a\u0430 \u2013 1,68%<\/p>\n<\/li>\n<li data-start=\"650\" data-end=\"669\">\n<p data-start=\"652\" data-end=\"669\">\u0421\u044b\u0440\u0430\u044f \u0437\u043e\u043b\u0430 \u2013 1,82%<\/p>\n<\/li>\n<li data-start=\"670\" data-end=\"689\">\n<p data-start=\"672\" data-end=\"689\">\u0412\u043b\u0430\u0436\u043d\u043e\u0441\u0442\u044c \u2013 19,56%<\/p>\n<\/li>\n<li data-start=\"690\" data-end=\"727\">\n<p data-start=\"692\" data-end=\"727\"><strong data-start=\"692\" data-end=\"725\">\u0411\u0415\u0417 \u0441\u0430\u0445\u0430\u0440\u0430 \u0438 \u043a\u0440\u0430\u0441\u0438\u0442\u0435\u043b\u0435\u0439<\/strong><\/p>\n<\/li>\n<li data-start=\"728\" data-end=\"773\">\n<p data-start=\"730\" data-end=\"773\"><strong data-start=\"730\" data-end=\"773\">\u041e\u0441\u043e\u0431\u0435\u043d\u043d\u043e \u0432\u043a\u0443\u0441\u043d\u043e \u2013 \u0441\u0434\u0435\u043b\u0430\u043d\u043e \u0434\u043b\u044f \u043a\u043e\u0448\u0435\u043a<\/strong><\/p>\n<\/li>\n<\/ul>\n<hr data-start=\"775\" data-end=\"778\" \/>\n<h3 data-start=\"780\" data-end=\"806\"><strong data-start=\"784\" data-end=\"804\">\u041e\u0431\u043b\u0430\u0441\u0442\u044c \u043f\u0440\u0438\u043c\u0435\u043d\u0435\u043d\u0438\u044f:<\/strong><\/h3>\n<p data-start=\"807\" data-end=\"972\">\u042d\u0442\u043e \u043f\u043e\u043c\u043e\u0433\u0430\u0435\u0442 \u043f\u0440\u0435\u0434\u043e\u0442\u0432\u0440\u0430\u0442\u0438\u0442\u044c \u0437\u0430\u043f\u0443\u0442\u044b\u0432\u0430\u043d\u0438\u0435 \u0432\u043e\u043b\u043e\u0441\u044f\u043d\u044b\u0445 \u043a\u043e\u043c\u043a\u043e\u0432 \u0438 \u0432\u043e\u0437\u043d\u0438\u043a\u043d\u043e\u0432\u0435\u043d\u0438\u0435 \u043f\u0440\u043e\u0431\u043b\u0435\u043c \u0441 \u043f\u0438\u0449\u0435\u0432\u0430\u0440\u0435\u043d\u0438\u0435\u043c \u0443 \u043c\u043b\u0430\u0434\u0435\u043d\u0446\u0435\u0432 \u0438 \u0432\u0437\u0440\u043e\u0441\u043b\u044b\u0445.<br data-start=\"920\" data-end=\"923\" \/><strong data-start=\"923\" data-end=\"972\">\u0421\u043f\u043e\u0441\u043e\u0431\u0441\u0442\u0432\u0443\u0435\u0442 \u043d\u043e\u0440\u043c\u0430\u043b\u044c\u043d\u043e\u043c\u0443 \u0444\u0443\u043d\u043a\u0446\u0438\u043e\u043d\u0438\u0440\u043e\u0432\u0430\u043d\u0438\u044e \u043f\u0438\u0449\u0435\u0432\u0430\u0440\u0438\u0442\u0435\u043b\u044c\u043d\u043e\u0439 \u0441\u0438\u0441\u0442\u0435\u043c\u044b.<\/strong><\/p>\n<hr data-start=\"974\" data-end=\"977\" \/>\n<h3 data-start=\"979\" data-end=\"1006\"><strong data-start=\"983\" data-end=\"1004\">\u0418\u043d\u0441\u0442\u0440\u0443\u043a\u0446\u0438\u044f \u043f\u043e \u043f\u0440\u0438\u043c\u0435\u043d\u0435\u043d\u0438\u044e:<\/strong><\/h3>\n<ul data-start=\"1007\" data-end=\"1112\">\n<li data-start=\"1007\" data-end=\"1023\">\n<p data-start=\"1009\" data-end=\"1023\">2\u20133 \u0441\u043c \u0432 \u0434\u0435\u043d\u044c<\/p>\n<\/li>\n<li data-start=\"1024\" data-end=\"1071\">\n<p data-start=\"1026\" data-end=\"1071\">\u0415\u0433\u043e \u0434\u0430\u044e\u0442 \u043d\u0430\u043f\u0440\u044f\u043c\u0443\u044e \u0438\u043b\u0438 \u0441\u043c\u0435\u0448\u0438\u0432\u0430\u044e\u0442 \u0441 \u043a\u043e\u0440\u043c\u043e\u043c.<\/p>\n<\/li>\n<li data-start=\"1072\" data-end=\"1112\">\n<p data-start=\"1074\" data-end=\"1112\"><strong data-start=\"1074\" data-end=\"1112\">\u0420\u0435\u043a\u043e\u043c\u0435\u043d\u0434\u0443\u0435\u0442\u0441\u044f \u0440\u0435\u0433\u0443\u043b\u044f\u0440\u043d\u043e\u0435 \u0438\u0441\u043f\u043e\u043b\u044c\u0437\u043e\u0432\u0430\u043d\u0438\u0435.<\/strong><\/p>\n<\/li>\n<\/ul>\n<hr data-start=\"1114\" data-end=\"1117\" \/>\n<h3 data-start=\"1119\" data-end=\"1141\"><strong data-start=\"1123\" data-end=\"1139\">\u0423\u043f\u0430\u043a\u043e\u0432\u043a\u0430:<\/strong><\/h3>\n<p data-start=\"1142\" data-end=\"1159\">100 \u0433 \u043f\u043b\u0430\u0441\u0442\u0438\u043a\u043e\u0432\u0430\u044f \u0442\u0443\u0431\u0430<\/p>\n<h3 data-start=\"1161\" data-end=\"1180\"><strong data-start=\"1165\" data-end=\"1178\">\u0421\u0440\u043e\u043a \u0433\u043e\u0434\u043d\u043e\u0441\u0442\u0438:<\/strong><\/h3>\n<p data-start=\"1181\" data-end=\"1305\">2 \u0433\u043e\u0434\u0430 (\u0441 \u0434\u0430\u0442\u044b \u0438\u0437\u0433\u043e\u0442\u043e\u0432\u043b\u0435\u043d\u0438\u044f)<br data-start=\"1216\" data-end=\"1219\" \/><strong data-start=\"1219\" data-end=\"1305\">\u0425\u0440\u0430\u043d\u0438\u0442\u044c \u0432\u0434\u0430\u043b\u0438 \u043e\u0442 \u0441\u043e\u043b\u043d\u0435\u0447\u043d\u044b\u0445 \u043b\u0443\u0447\u0435\u0439, \u043f\u0440\u0438 \u043a\u043e\u043c\u043d\u0430\u0442\u043d\u043e\u0439 \u0442\u0435\u043c\u043f\u0435\u0440\u0430\u0442\u0443\u0440\u0435, \u0432 \u043d\u0435\u0434\u043e\u0441\u0442\u0443\u043f\u043d\u043e\u043c \u0434\u043b\u044f \u0434\u0435\u0442\u0435\u0439 \u043c\u0435\u0441\u0442\u0435.<\/strong><\/p>\n<h3 data-start=\"1307\" data-end=\"1322\"><strong data-start=\"1311\" data-end=\"1320\">\u041f\u0440\u0438\u043c\u0435\u0447\u0430\u043d\u0438\u0435:<\/strong><\/h3>\n<p data-start=\"1323\" data-end=\"1417\">\u042d\u0442\u043e \u043e\u0434\u0438\u043d <strong data-start=\"1330\" data-end=\"1346\">\u043d\u0435 \u043b\u0435\u043a\u0430\u0440\u0441\u0442\u0432\u043e<\/strong>, \u043d\u0435 \u0434\u043b\u044f \u0442\u0435\u0440\u0430\u043f\u0435\u0432\u0442\u0438\u0447\u0435\u0441\u043a\u0438\u0445 \u0446\u0435\u043b\u0435\u0439. \u0414\u043e\u043f\u043e\u043b\u043d\u0438\u0442\u0435\u043b\u044c\u043d\u044b\u0439 \u043a\u043e\u0440\u043c \u0434\u043b\u044f \u043a\u043e\u0448\u0435\u043a.<\/p>\n<\/div>\n<p><!-- .vgblk-rw-wrapper --><\/p>","protected":false},"excerpt":{"rendered":"<p>CLOVER PET Malt Pasta \u2013 Pi\u015fikl\u0259r \u00fc\u00e7\u00fcn T\u00fckl\u0259rin yumaq hal\u0131na g\u0259lm\u0259sinin qar\u015f\u0131s\u0131n\u0131 alan tamamlay\u0131c\u0131 yemBiotin v\u0259 Kalsiumla z\u0259nginl\u0259\u015fdirilmi\u015fdir T\u0259rkibi (1 kq-da): Malt ekstrakt\u0131 Yulaf unu Bitki ya\u011flar\u0131 Bal\u0131q ya\u011f\u0131 Ke\u00e7ibuynuzu tozu Deioniz\u0259 su Biotin (2%) \u2013 5 000 mq Kalsium \u2013 2 000 mq Sodium benzoat \u2013 1 000 mq Potassium sorbat \u2013 1 000&#8230;<\/p>","protected":false},"featured_media":989977,"comment_status":"closed","ping_status":"closed","template":"","meta":{"nf_dc_page":"","_monsterinsights_skip_tracking":false,"_monsterinsights_sitenote_active":false,"_monsterinsights_sitenote_note":"","_monsterinsights_sitenote_category":0},"product_brand":[],"product_cat":[244,160,51],"product_tag":[],"class_list":{"0":"post-989976","1":"product","2":"type-product","3":"status-publish","4":"has-post-thumbnail","6":"product_cat-it-ve-pisik-mehsullari","7":"product_cat-nutrients","8":"product_cat-cat","10":"first","11":"instock","12":"shipping-taxable","13":"product-type-simple"},"jetpack_sharing_enabled":true,"_links":{"self":[{"href":"https:\/\/agrovetazerbaijan.az\/ru\/wp-json\/wp\/v2\/product\/989976","targetHints":{"allow":["GET"]}}],"collection":[{"href":"https:\/\/agrovetazerbaijan.az\/ru\/wp-json\/wp\/v2\/product"}],"about":[{"href":"https:\/\/agrovetazerbaijan.az\/ru\/wp-json\/wp\/v2\/types\/product"}],"replies":[{"embeddable":true,"href":"https:\/\/agrovetazerbaijan.az\/ru\/wp-json\/wp\/v2\/comments?post=989976"}],"version-history":[{"count":1,"href":"https:\/\/agrovetazerbaijan.az\/ru\/wp-json\/wp\/v2\/product\/989976\/revisions"}],"predecessor-version":[{"id":989978,"href":"https:\/\/agrovetazerbaijan.az\/ru\/wp-json\/wp\/v2\/product\/989976\/revisions\/989978"}],"wp:featuredmedia":[{"embeddable":true,"href":"https:\/\/agrovetazerbaijan.az\/ru\/wp-json\/wp\/v2\/media\/989977"}],"wp:attachment":[{"href":"https:\/\/agrovetazerbaijan.az\/ru\/wp-json\/wp\/v2\/media?parent=989976"}],"wp:term":[{"taxonomy":"product_brand","embeddable":true,"href":"https:\/\/agrovetazerbaijan.az\/ru\/wp-json\/wp\/v2\/product_brand?post=989976"},{"taxonomy":"product_cat","embeddable":true,"href":"https:\/\/agrovetazerbaijan.az\/ru\/wp-json\/wp\/v2\/product_cat?post=989976"},{"taxonomy":"product_tag","embeddable":true,"href":"https:\/\/agrovetazerbaijan.az\/ru\/wp-json\/wp\/v2\/product_tag?post=989976"}],"curies":[{"name":"WP","href":"https:\/\/api.w.org\/{rel}","templated":true}]}}