{"id":989972,"date":"2025-07-14T13:39:09","date_gmt":"2025-07-14T13:39:09","guid":{"rendered":"https:\/\/agrovetazerbaijan.az\/?post_type=product&#038;p=989972"},"modified":"2025-07-14T13:39:39","modified_gmt":"2025-07-14T13:39:39","slug":"clover-pet-glukosamin-pasta-pisik-v%c9%99-it-ucun","status":"publish","type":"product","link":"https:\/\/agrovetazerbaijan.az\/ru\/product\/clover-pet-glukosamin-pasta-pisik-v%c9%99-it-ucun\/","title":{"rendered":"\u0413\u043b\u044e\u043a\u043e\u0437\u0430\u043c\u0438\u043d\u043e\u0432\u0430\u044f \u043f\u0430\u0441\u0442\u0430 CLOVER PET (\u0434\u043b\u044f \u043a\u043e\u0448\u0435\u043a \u0438 \u0441\u043e\u0431\u0430\u043a)"},"content":{"rendered":"<div class=\"vgblk-rw-wrapper limit-wrapper\">\n<h3 data-start=\"75\" data-end=\"131\"><strong data-start=\"79\" data-end=\"129\">\u0413\u043b\u044e\u043a\u043e\u0437\u0430\u043c\u0438\u043d\u043e\u0432\u0430\u044f \u043f\u0430\u0441\u0442\u0430 CLOVER PET (\u0434\u043b\u044f \u043a\u043e\u0448\u0435\u043a \u0438 \u0441\u043e\u0431\u0430\u043a)<\/strong><\/h3>\n<p data-start=\"132\" data-end=\"165\"><strong data-start=\"132\" data-end=\"165\">\u0414\u043e\u043f\u043e\u043b\u043d\u0438\u0442\u0435\u043b\u044c\u043d\u043e\u0435 \u043f\u0438\u0442\u0430\u043d\u0438\u0435 \u0434\u043b\u044f \u0441\u0443\u0441\u0442\u0430\u0432\u043e\u0432<\/strong><\/p>\n<p data-start=\"167\" data-end=\"191\"><strong data-start=\"167\" data-end=\"189\">\u0418\u043d\u0433\u0440\u0435\u0434\u0438\u0435\u043d\u0442\u044b (\u043d\u0430 1 \u043a\u0433):<\/strong><\/p>\n<ul data-start=\"192\" data-end=\"336\">\n<li data-start=\"192\" data-end=\"221\">\n<p data-start=\"194\" data-end=\"221\">\u0413\u043b\u044e\u043a\u043e\u0437\u0430\u043c\u0438\u043d\u0430 \u0433\u0438\u0434\u0440\u043e\u0445\u043b\u043e\u0440\u0438\u0434 \u2013 9000 \u043c\u0433<\/p>\n<\/li>\n<li data-start=\"222\" data-end=\"240\">\n<p data-start=\"224\" data-end=\"240\">\u041c\u0421\u041c \u2013 5000 \u043c\u0433<\/p>\n<\/li>\n<li data-start=\"241\" data-end=\"266\">\n<p data-start=\"243\" data-end=\"266\">\u0425\u043e\u043d\u0434\u0440\u043e\u0438\u0442\u0438\u043d \u2013 3000 \u043c\u0433<\/p>\n<\/li>\n<li data-start=\"267\" data-end=\"292\">\n<p data-start=\"269\" data-end=\"292\">\u0412\u0438\u0442\u0430\u043c\u0438\u043d \u0421 \u2013 4000 \u043c\u0433<\/p>\n<\/li>\n<li data-start=\"293\" data-end=\"336\">\n<p data-start=\"295\" data-end=\"336\">\u041a\u0430\u043b\u044c\u0446\u0438\u0439, \u0440\u044b\u0431\u0438\u0439 \u0436\u0438\u0440, \u0441\u043e\u043b\u043e\u0434\u043e\u0432\u044b\u0439 \u044d\u043a\u0441\u0442\u0440\u0430\u043a\u0442 \u0438 \u0442.\u0434.<\/p>\n<\/li>\n<\/ul>\n<p data-start=\"338\" data-end=\"351\"><strong data-start=\"338\" data-end=\"349\">\u0410\u043d\u0430\u043b\u0438\u0437:<\/strong><\/p>\n<ul data-start=\"352\" data-end=\"464\">\n<li data-start=\"352\" data-end=\"402\">\n<p data-start=\"354\" data-end=\"402\">\u0411\u0435\u043b\u043e\u043a 27,7%, \u0416\u0438\u0440 16,2%, \u041a\u043b\u0435\u0442\u0447\u0430\u0442\u043a\u0430 1,7%, \u0412\u043b\u0430\u0433\u0430 19,6%<\/p>\n<\/li>\n<li data-start=\"403\" data-end=\"431\">\n<p data-start=\"405\" data-end=\"431\"><strong data-start=\"405\" data-end=\"429\">\u0411\u0415\u0417 \u0441\u0430\u0445\u0430\u0440\u0430 \u0438 \u043a\u0440\u0430\u0441\u0438\u0442\u0435\u043b\u0435\u0439<\/strong><\/p>\n<\/li>\n<li data-start=\"432\" data-end=\"464\">\n<p data-start=\"434\" data-end=\"464\"><strong data-start=\"434\" data-end=\"464\">\u041e\u0441\u043e\u0431\u0435\u043d\u043d\u043e \u0432\u043a\u0443\u0441\u043d\u043e \u0434\u043b\u044f \u043a\u043e\u0448\u0435\u043a.<\/strong><\/p>\n<\/li>\n<\/ul>\n<p data-start=\"466\" data-end=\"481\"><strong data-start=\"466\" data-end=\"479\">\u0418\u0441\u043f\u043e\u043b\u044c\u0437\u043e\u0432\u0430\u043d\u0438\u0435:<\/strong><\/p>\n<ul data-start=\"482\" data-end=\"569\">\n<li data-start=\"482\" data-end=\"498\">\n<p data-start=\"484\" data-end=\"498\">2\u20133 \u0441\u043c \u0432 \u0434\u0435\u043d\u044c<\/p>\n<\/li>\n<li data-start=\"499\" data-end=\"533\">\n<p data-start=\"501\" data-end=\"533\">\u041d\u0430\u043f\u0440\u044f\u043c\u0443\u044e \u0438\u043b\u0438 \u043f\u0440\u0438\u0441\u043e\u0435\u0434\u0438\u043d\u0438\u0432\u0448\u0438\u0441\u044c \u043a \u043b\u0435\u043d\u0442\u0435<\/p>\n<\/li>\n<li data-start=\"534\" data-end=\"569\">\n<p data-start=\"536\" data-end=\"569\">\u0420\u0435\u043a\u043e\u043c\u0435\u043d\u0434\u0443\u0435\u0442\u0441\u044f \u043f\u043e\u0441\u0442\u043e\u044f\u043d\u043d\u043e\u0435 \u0438\u0441\u043f\u043e\u043b\u044c\u0437\u043e\u0432\u0430\u043d\u0438\u0435.<\/p>\n<\/li>\n<\/ul>\n<p data-start=\"571\" data-end=\"672\"><strong data-start=\"571\" data-end=\"587\">\u0423\u043f\u0430\u043a\u043e\u0432\u043a\u0430:<\/strong> 100 \u0433 \u0442\u044e\u0431\u0438\u043a<br data-start=\"597\" data-end=\"600\" \/><strong data-start=\"600\" data-end=\"611\">\u041f\u0440\u043e\u0434\u043e\u043b\u0436\u0438\u0442\u0435\u043b\u044c\u043d\u043e\u0441\u0442\u044c:<\/strong> 2 \u0433\u043e\u0434\u0430<br data-start=\"616\" data-end=\"619\" \/><strong data-start=\"619\" data-end=\"628\">\u041f\u0440\u0438\u043c\u0435\u0447\u0430\u043d\u0438\u0435:<\/strong> \u0414\u0430\u043d\u043d\u044b\u0439 \u043f\u0440\u043e\u0434\u0443\u043a\u0442 \u043d\u0435 \u044f\u0432\u043b\u044f\u0435\u0442\u0441\u044f \u043b\u0435\u043a\u0430\u0440\u0441\u0442\u0432\u0435\u043d\u043d\u044b\u043c \u0441\u0440\u0435\u0434\u0441\u0442\u0432\u043e\u043c, \u0430 \u043f\u0440\u0435\u0434\u0441\u0442\u0430\u0432\u043b\u044f\u0435\u0442 \u0441\u043e\u0431\u043e\u0439 \u0434\u043e\u043f\u043e\u043b\u043d\u0438\u0442\u0435\u043b\u044c\u043d\u044b\u0439 \u043a\u043e\u0440\u043c.<\/p>\n<\/div>\n<p><!-- .vgblk-rw-wrapper --><\/p>","protected":false},"excerpt":{"rendered":"<p>CLOVER PET Glukosamin Pasta (Pi\u015fik v\u0259 \u0130t \u00fc\u00e7\u00fcn) Oynaqlar \u00fc\u00e7\u00fcn tamamlay\u0131c\u0131 yem T\u0259rkibi (1 kq-da): Glukozamin HCl \u2013 9 000 mq MSM \u2013 5 000 mq Xondroitin \u2013 3 000 mq C vitamini \u2013 4 000 mq Kalsium, bal\u0131q ya\u011f\u0131, malt ekstrakt\u0131 v\u0259 s. Analiz: Z\u00fclal 27.7%, Ya\u011f 16.2%, Lif 1.7%, N\u0259mlik 19.6% \u015e\u0259k\u0259r v\u0259&#8230;<\/p>","protected":false},"featured_media":989973,"comment_status":"closed","ping_status":"closed","template":"","meta":{"nf_dc_page":"","_monsterinsights_skip_tracking":false,"_monsterinsights_sitenote_active":false,"_monsterinsights_sitenote_note":"","_monsterinsights_sitenote_category":0},"product_brand":[],"product_cat":[244,246,58,51],"product_tag":[],"class_list":{"0":"post-989972","1":"product","2":"type-product","3":"status-publish","4":"has-post-thumbnail","6":"product_cat-it-ve-pisik-mehsullari","7":"product_cat-dermanlar","8":"product_cat-dog","9":"product_cat-cat","11":"first","12":"instock","13":"shipping-taxable","14":"product-type-simple"},"jetpack_sharing_enabled":true,"_links":{"self":[{"href":"https:\/\/agrovetazerbaijan.az\/ru\/wp-json\/wp\/v2\/product\/989972","targetHints":{"allow":["GET"]}}],"collection":[{"href":"https:\/\/agrovetazerbaijan.az\/ru\/wp-json\/wp\/v2\/product"}],"about":[{"href":"https:\/\/agrovetazerbaijan.az\/ru\/wp-json\/wp\/v2\/types\/product"}],"replies":[{"embeddable":true,"href":"https:\/\/agrovetazerbaijan.az\/ru\/wp-json\/wp\/v2\/comments?post=989972"}],"version-history":[{"count":2,"href":"https:\/\/agrovetazerbaijan.az\/ru\/wp-json\/wp\/v2\/product\/989972\/revisions"}],"predecessor-version":[{"id":989975,"href":"https:\/\/agrovetazerbaijan.az\/ru\/wp-json\/wp\/v2\/product\/989972\/revisions\/989975"}],"wp:featuredmedia":[{"embeddable":true,"href":"https:\/\/agrovetazerbaijan.az\/ru\/wp-json\/wp\/v2\/media\/989973"}],"wp:attachment":[{"href":"https:\/\/agrovetazerbaijan.az\/ru\/wp-json\/wp\/v2\/media?parent=989972"}],"wp:term":[{"taxonomy":"product_brand","embeddable":true,"href":"https:\/\/agrovetazerbaijan.az\/ru\/wp-json\/wp\/v2\/product_brand?post=989972"},{"taxonomy":"product_cat","embeddable":true,"href":"https:\/\/agrovetazerbaijan.az\/ru\/wp-json\/wp\/v2\/product_cat?post=989972"},{"taxonomy":"product_tag","embeddable":true,"href":"https:\/\/agrovetazerbaijan.az\/ru\/wp-json\/wp\/v2\/product_tag?post=989972"}],"curies":[{"name":"WP","href":"https:\/\/api.w.org\/{rel}","templated":true}]}}