{"id":989935,"date":"2025-07-13T23:03:43","date_gmt":"2025-07-13T23:03:43","guid":{"rendered":"https:\/\/agrovetazerbaijan.az\/?post_type=product&#038;p=989935"},"modified":"2025-07-13T23:03:52","modified_gmt":"2025-07-13T23:03:52","slug":"petline-kids-puppy-dog-pate-with-lamb","status":"publish","type":"product","link":"https:\/\/agrovetazerbaijan.az\/ru\/product\/petline-kids-puppy-dog-pate-with-lamb\/","title":{"rendered":"Petline Kids \u2013 \u041f\u0430\u0448\u0442\u0435\u0442 \u0434\u043b\u044f \u0449\u0435\u043d\u043a\u043e\u0432 \u0441 \u044f\u0433\u043d\u0435\u043d\u043a\u043e\u043c"},"content":{"rendered":"<div class=\"vgblk-rw-wrapper limit-wrapper\">\n<h2 data-start=\"221\" data-end=\"272\">\ud83d\udc36 <strong data-start=\"227\" data-end=\"270\">Petline Kids \u2013 \u041f\u0430\u0448\u0442\u0435\u0442 \u0434\u043b\u044f \u0449\u0435\u043d\u043a\u043e\u0432 \u0441 \u044f\u0433\u043d\u0435\u043d\u043a\u043e\u043c<\/strong><\/h2>\n<p data-start=\"273\" data-end=\"348\"><strong data-start=\"273\" data-end=\"348\">\u0411\u0435\u0437\u0437\u0435\u0440\u043d\u043e\u0432\u043e\u0439 | \u0412\u043b\u0430\u0436\u043d\u044b\u0439 \u043a\u043e\u0440\u043c \u0441\u0443\u043f\u0435\u0440-\u043f\u0440\u0435\u043c\u0438\u0443\u043c \u043a\u043b\u0430\u0441\u0441\u0430 | \u0417\u0434\u043e\u0440\u043e\u0432\u043e\u0435 \u043d\u0430\u0447\u0430\u043b\u043e \u0434\u043b\u044f \u0440\u0430\u0441\u0442\u0443\u0449\u0438\u0445 \u0449\u0435\u043d\u043a\u043e\u0432<\/strong><\/p>\n<hr data-start=\"350\" data-end=\"353\" \/>\n<h3 data-start=\"355\" data-end=\"389\">\u2728 <strong data-start=\"361\" data-end=\"389\">\u041e\u0441\u043e\u0431\u0435\u043d\u043d\u043e\u0441\u0442\u0438 \u043f\u0440\u043e\u0434\u0443\u043a\u0442\u0430:<\/strong><\/h3>\n<p data-start=\"391\" data-end=\"968\">\u2705 <strong data-start=\"393\" data-end=\"424\">\u0412\u044b\u0441\u043e\u043a\u043e\u043a\u0430\u0447\u0435\u0441\u0442\u0432\u0435\u043d\u043d\u0430\u044f \u0431\u0430\u0440\u0430\u043d\u0438\u043d\u0430<\/strong> \u041f\u043e\u043b\u043d\u043e\u0440\u0430\u0446\u0438\u043e\u043d\u043d\u044b\u0439 \u0432\u043b\u0430\u0436\u043d\u044b\u0439 \u043a\u043e\u0440\u043c, \u043f\u0440\u0438\u0433\u043e\u0442\u043e\u0432\u043b\u0435\u043d\u043d\u044b\u0439 \u0441<br data-start=\"461\" data-end=\"464\" \/>\u2705 <strong data-start=\"466\" data-end=\"503\">\u0420\u0430\u0441\u0442\u0443\u0449\u0438\u0435 \u0449\u0435\u043d\u043a\u0438<\/strong> \u0421\u043f\u0435\u0446\u0438\u0430\u043b\u044c\u043d\u0430\u044f \u0444\u043e\u0440\u043c\u0443\u043b\u0430 \u0434\u043b\u044f \u0441\u0431\u0430\u043b\u0430\u043d\u0441\u0438\u0440\u043e\u0432\u0430\u043d\u043d\u043e\u0433\u043e \u0438 \u0431\u043e\u0433\u0430\u0442\u043e\u0433\u043e \u043f\u0438\u0442\u0430\u043d\u0438\u044f<br data-start=\"548\" data-end=\"551\" \/>\u2705 <strong data-start=\"553\" data-end=\"597\">\u0414\u043b\u044f \u0444\u043e\u0440\u043c\u0438\u0440\u043e\u0432\u0430\u043d\u0438\u044f \u0441\u0438\u043b\u044c\u043d\u043e\u0439 \u0438\u043c\u043c\u0443\u043d\u043d\u043e\u0439 \u0441\u0438\u0441\u0442\u0435\u043c\u044b<\/strong> \u0432\u0438\u0442\u0430\u043c\u0438\u043d\u043d\u0430\u044f \u0438 \u043c\u0438\u043d\u0435\u0440\u0430\u043b\u044c\u043d\u0430\u044f \u043f\u043e\u0434\u0434\u0435\u0440\u0436\u043a\u0430<br data-start=\"624\" data-end=\"627\" \/>\u2705 <strong data-start=\"629\" data-end=\"661\">\u041a\u043e\u043d\u0442\u0440\u043e\u043b\u044c \u0437\u0430\u043f\u0430\u0445\u0430<\/strong> \u0443\u043c\u0435\u043d\u044c\u0448\u0430\u0435\u0442 \u0437\u0430\u043f\u0430\u0445 \u0444\u0435\u043a\u0430\u043b\u0438\u0439 \u0441 \u043f\u043e\u043c\u043e\u0449\u044c\u044e \u0442\u0435\u0445\u043d\u043e\u043b\u043e\u0433\u0438\u0438<br data-start=\"704\" data-end=\"707\" \/>\u2705 <strong data-start=\"709\" data-end=\"744\">\u041f\u0440\u0435\u0431\u0438\u043e\u0442\u0438\u0447\u0435\u0441\u043a\u0438\u0439 \u0438 \u043f\u0440\u043e\u0431\u0438\u043e\u0442\u0438\u0447\u0435\u0441\u043a\u0438\u0439 \u043a\u043e\u043c\u043f\u043b\u0435\u043a\u0441<\/strong> \u2013 \u0434\u043b\u044f \u0437\u0434\u043e\u0440\u043e\u0432\u043e\u0433\u043e \u043f\u0438\u0449\u0435\u0432\u0430\u0440\u0435\u043d\u0438\u044f \u0438 \u043a\u0438\u0448\u0435\u0447\u043d\u043e\u0439 \u0444\u043b\u043e\u0440\u044b<br data-start=\"783\" data-end=\"786\" \/>\u2705 <strong data-start=\"788\" data-end=\"813\">\u0411\u0435\u0437 \u0437\u0435\u0440\u043d\u0430<\/strong> \u2013 \u0438\u0434\u0435\u0430\u043b\u044c\u043d\u043e \u043f\u043e\u0434\u0445\u043e\u0434\u0438\u0442 \u0434\u043b\u044f \u0434\u0435\u0442\u0435\u0439, \u0441\u043a\u043b\u043e\u043d\u043d\u044b\u0445 \u043a \u0430\u043b\u043b\u0435\u0440\u0433\u0438\u0438<br data-start=\"854\" data-end=\"857\" \/>\u2705 <strong data-start=\"859\" data-end=\"903\">\u0411\u043e\u0433\u0430\u0442 \u0442\u0430\u0443\u0440\u0438\u043d\u043e\u043c \u0438 \u043d\u0430\u0442\u0443\u0440\u0430\u043b\u044c\u043d\u044b\u043c\u0438 \u0430\u043d\u0442\u0438\u043e\u043a\u0441\u0438\u0434\u0430\u043d\u0442\u0430\u043c\u0438<\/strong><br data-start=\"903\" data-end=\"906\" \/>\u2705 <strong data-start=\"908\" data-end=\"968\">\u041d\u0435 \u0441\u043e\u0434\u0435\u0440\u0436\u0438\u0442 \u0438\u0441\u043a\u0443\u0441\u0441\u0442\u0432\u0435\u043d\u043d\u044b\u0445 \u043a\u0440\u0430\u0441\u0438\u0442\u0435\u043b\u0435\u0439, \u043f\u043e\u0434\u0441\u043b\u0430\u0441\u0442\u0438\u0442\u0435\u043b\u0435\u0439 \u0438 \u043a\u043e\u043d\u0441\u0435\u0440\u0432\u0430\u043d\u0442\u043e\u0432.<\/strong><\/p>\n<hr data-start=\"970\" data-end=\"973\" \/>\n<h3 data-start=\"975\" data-end=\"1002\">\ud83d\udccc <strong data-start=\"982\" data-end=\"1002\">\u041e \u043f\u0440\u043e\u0434\u0443\u043a\u0442\u0435:<\/strong><\/h3>\n<ul data-start=\"1004\" data-end=\"1305\">\n<li data-start=\"1004\" data-end=\"1051\">\n<p data-start=\"1006\" data-end=\"1051\"><strong data-start=\"1006\" data-end=\"1021\">\u041d\u0430\u0437\u0432\u0430\u043d\u0438\u0435 \u043f\u0440\u043e\u0434\u0443\u043a\u0442\u0430:<\/strong> \u041f\u0430\u0448\u0442\u0435\u0442 \u0438\u0437 \u0449\u0435\u043d\u043a\u043e\u0432 \u2013 \u043e\u0442\u0431\u043e\u0440\u043d\u0430\u044f \u044f\u0433\u043d\u0451\u043d\u043a\u0430<\/p>\n<\/li>\n<li data-start=\"1092\" data-end=\"1120\">\n<p data-start=\"1094\" data-end=\"1120\"><strong data-start=\"1094\" data-end=\"1104\">\u0411\u0440\u0435\u043d\u0434:<\/strong> Petline\u00ae Kids<\/p>\n<\/li>\n<li data-start=\"1121\" data-end=\"1160\">\n<p data-start=\"1123\" data-end=\"1160\"><strong data-start=\"1123\" data-end=\"1135\">\u0424\u043e\u0440\u043c\u0430:<\/strong> \u041a\u043e\u043d\u0441\u0435\u0440\u0432\u0438\u0440\u043e\u0432\u0430\u043d\u043d\u044b\u0439 \u043f\u0430\u0448\u0442\u0435\u0442 (\u0432\u043b\u0430\u0436\u043d\u044b\u0439 \u043a\u043e\u0440\u043c)<\/p>\n<\/li>\n<li data-start=\"1161\" data-end=\"1223\">\n<p data-start=\"1163\" data-end=\"1223\"><strong data-start=\"1163\" data-end=\"1180\">\u0426\u0435\u043b\u0435\u0432\u043e\u0435 \u0436\u0438\u0432\u043e\u0442\u043d\u043e\u0435:<\/strong> \u0429\u0435\u043d\u043a\u0438 (\u043e\u0442 1 \u0434\u043e 12 \u043c\u0435\u0441\u044f\u0446\u0435\u0432)<\/p>\n<\/li>\n<li data-start=\"1224\" data-end=\"1305\">\n<p data-start=\"1226\" data-end=\"1305\"><strong data-start=\"1226\" data-end=\"1237\">\u0421\u043e\u0441\u0442\u0430\u0432:<\/strong> \u0411\u0435\u0437\u0437\u0435\u0440\u043d\u043e\u0432\u043e\u0439, \u0442\u0435\u0445\u043d\u043e\u043b\u043e\u0433\u0438\u044f OptiQuattro + Altech Solutions<\/p>\n<\/li>\n<\/ul>\n<hr data-start=\"1307\" data-end=\"1310\" \/>\n<h3 data-start=\"1312\" data-end=\"1331\">\ud83e\uddea <strong data-start=\"1319\" data-end=\"1331\">\u0418\u043d\u0433\u0440\u0435\u0434\u0438\u0435\u043d\u0442\u044b:<\/strong><\/h3>\n<blockquote data-start=\"1333\" data-end=\"1490\">\n<p data-start=\"1335\" data-end=\"1490\"><strong data-start=\"1335\" data-end=\"1347\">\u0411\u0430\u0440\u0430\u043d\u0438\u043d\u0430<\/strong>, \u043c\u044f\u0441\u043d\u043e\u0439 \u0431\u0443\u043b\u044c\u043e\u043d, \u043d\u0430\u0442\u0443\u0440\u0430\u043b\u044c\u043d\u044b\u0435 \u0432\u043e\u043b\u043e\u043a\u043d\u0430, \u0432\u0438\u0442\u0430\u043c\u0438\u043d\u043d\u043e-\u043c\u0438\u043d\u0435\u0440\u0430\u043b\u044c\u043d\u044b\u0439 \u043a\u043e\u043c\u043f\u043b\u0435\u043a\u0441, <strong data-start=\"1402\" data-end=\"1412\">\u0442\u0430\u0443\u0440\u0438\u043d<\/strong>, \u043f\u0440\u0435\u0431\u0438\u043e\u0442\u0438\u043a\u0438 (\u0424\u041e\u0421\/\u041c\u041e\u0421), \u0436\u0435\u043b\u0430\u0442\u0438\u043d\u0438\u0437\u0438\u0440\u0443\u044e\u0449\u0438\u0435 \u0430\u0433\u0435\u043d\u0442\u044b, <strong data-start=\"1465\" data-end=\"1490\">\u043d\u0430\u0442\u0443\u0440\u0430\u043b\u044c\u043d\u044b\u0435 \u0430\u043d\u0442\u0438\u043e\u043a\u0441\u0438\u0434\u0430\u043d\u0442\u044b<\/strong><\/p>\n<\/blockquote>\n<p data-start=\"1492\" data-end=\"1567\">\ud83d\udccc \u0418\u0441\u043a\u0443\u0441\u0441\u0442\u0432\u0435\u043d\u043d\u044b\u0435 \u043f\u043e\u0434\u0441\u043b\u0430\u0441\u0442\u0438\u0442\u0435\u043b\u0438, \u043a\u0440\u0430\u0441\u0438\u0442\u0435\u043b\u0438 \u0438 \u043a\u043e\u043d\u0441\u0435\u0440\u0432\u0430\u043d\u0442\u044b <strong data-start=\"1551\" data-end=\"1567\">\u043d\u0435 \u0432\u043a\u043b\u044e\u0447\u0435\u043d\u043e.<\/strong><\/p>\n<hr data-start=\"1569\" data-end=\"1572\" \/>\n<h3 data-start=\"1574\" data-end=\"1594\">\ud83d\udc3e <strong data-start=\"1581\" data-end=\"1594\">\u0421\u043e\u0432\u043c\u0435\u0441\u0442\u0438\u043c\u043e\u0441\u0442\u044c:<\/strong><\/h3>\n<p data-start=\"1596\" data-end=\"1837\">\ud83e\udd63 <strong data-start=\"1599\" data-end=\"1685\">\u0412\u043b\u0430\u0436\u043d\u044b\u0439 \u043a\u043e\u0440\u043c, \u043a\u043e\u0442\u043e\u0440\u044b\u0439 \u043c\u043e\u0436\u043d\u043e \u0438\u0441\u043f\u043e\u043b\u044c\u0437\u043e\u0432\u0430\u0442\u044c \u043a\u0430\u0436\u0434\u044b\u0439 \u0434\u0435\u043d\u044c \u0434\u043b\u044f \u043d\u043e\u0432\u043e\u0440\u043e\u0436\u0434\u0435\u043d\u043d\u044b\u0445 \u0438 \u0440\u0430\u0441\u0442\u0443\u0449\u0438\u0445 \u0449\u0435\u043d\u043a\u043e\u0432.<\/strong><br data-start=\"1685\" data-end=\"1688\" \/>\ud83d\udcaa <strong data-start=\"1691\" data-end=\"1751\">\u0421\u043f\u043e\u0441\u043e\u0431\u0441\u0442\u0432\u0443\u0435\u0442 \u0440\u0430\u0437\u0432\u0438\u0442\u0438\u044e \u043c\u044b\u0448\u0446, \u043a\u043e\u0441\u0442\u0435\u0439 \u0438 \u0438\u043c\u043c\u0443\u043d\u043d\u043e\u0439 \u0441\u0438\u0441\u0442\u0435\u043c\u044b<\/strong><br data-start=\"1751\" data-end=\"1754\" \/>\ud83e\udde0 <strong data-start=\"1757\" data-end=\"1837\">\u041f\u043e\u043b\u0435\u0437\u0435\u043d \u0434\u043b\u044f \u043c\u043e\u0437\u0433\u0430 \u0438 \u0437\u0440\u0435\u043d\u0438\u044f \u0431\u043b\u0430\u0433\u043e\u0434\u0430\u0440\u044f \u0442\u0430\u0443\u0440\u0438\u043d\u0443 \u0438 \u043e\u043c\u0435\u0433\u0430-\u0436\u0438\u0440\u043d\u044b\u043c \u043a\u0438\u0441\u043b\u043e\u0442\u0430\u043c<\/strong><\/p>\n<\/div>\n<p><!-- .vgblk-rw-wrapper --><\/p>","protected":false},"excerpt":{"rendered":"<p>\ud83d\udc36 Petline Kids \u2013 Puppy Dog P\u00e2t\u00e9 with Lamb Grain-Free | Super Premium Wet Food | Healthy Start for Growing Puppies \u2728 M\u0259hsulun X\u00fcsusiyy\u0259tl\u0259ri: \u2705 Y\u00fcks\u0259k keyfiyy\u0259tli quzu \u0259ti il\u0259 haz\u0131rlanm\u0131\u015f tam rasionlu ya\u015f yem\u2705 Yeti\u015fm\u0259kd\u0259 olan balalar (puppies) \u00fc\u00e7\u00fcn x\u00fcsusi formul \u2013 balansl\u0131 v\u0259 z\u0259ngin qida\u2705 G\u00fccl\u00fc immun sisteminin formala\u015fmas\u0131 \u00fc\u00e7\u00fcn vitamin v\u0259 mineral&#8230;<\/p>","protected":false},"featured_media":989936,"comment_status":"closed","ping_status":"closed","template":"","meta":{"nf_dc_page":"","_monsterinsights_skip_tracking":false,"_monsterinsights_sitenote_active":false,"_monsterinsights_sitenote_note":"","_monsterinsights_sitenote_category":0},"product_brand":[],"product_cat":[16],"product_tag":[],"class_list":{"0":"post-989935","1":"product","2":"type-product","3":"status-publish","4":"has-post-thumbnail","6":"product_cat-uncategorized","8":"first","9":"instock","10":"shipping-taxable","11":"product-type-simple"},"jetpack_sharing_enabled":true,"_links":{"self":[{"href":"https:\/\/agrovetazerbaijan.az\/ru\/wp-json\/wp\/v2\/product\/989935","targetHints":{"allow":["GET"]}}],"collection":[{"href":"https:\/\/agrovetazerbaijan.az\/ru\/wp-json\/wp\/v2\/product"}],"about":[{"href":"https:\/\/agrovetazerbaijan.az\/ru\/wp-json\/wp\/v2\/types\/product"}],"replies":[{"embeddable":true,"href":"https:\/\/agrovetazerbaijan.az\/ru\/wp-json\/wp\/v2\/comments?post=989935"}],"version-history":[{"count":2,"href":"https:\/\/agrovetazerbaijan.az\/ru\/wp-json\/wp\/v2\/product\/989935\/revisions"}],"predecessor-version":[{"id":989938,"href":"https:\/\/agrovetazerbaijan.az\/ru\/wp-json\/wp\/v2\/product\/989935\/revisions\/989938"}],"wp:featuredmedia":[{"embeddable":true,"href":"https:\/\/agrovetazerbaijan.az\/ru\/wp-json\/wp\/v2\/media\/989936"}],"wp:attachment":[{"href":"https:\/\/agrovetazerbaijan.az\/ru\/wp-json\/wp\/v2\/media?parent=989935"}],"wp:term":[{"taxonomy":"product_brand","embeddable":true,"href":"https:\/\/agrovetazerbaijan.az\/ru\/wp-json\/wp\/v2\/product_brand?post=989935"},{"taxonomy":"product_cat","embeddable":true,"href":"https:\/\/agrovetazerbaijan.az\/ru\/wp-json\/wp\/v2\/product_cat?post=989935"},{"taxonomy":"product_tag","embeddable":true,"href":"https:\/\/agrovetazerbaijan.az\/ru\/wp-json\/wp\/v2\/product_tag?post=989935"}],"curies":[{"name":"WP","href":"https:\/\/api.w.org\/{rel}","templated":true}]}}