{"id":989932,"date":"2025-07-13T23:00:16","date_gmt":"2025-07-13T23:00:16","guid":{"rendered":"https:\/\/agrovetazerbaijan.az\/?post_type=product&#038;p=989932"},"modified":"2025-07-13T23:00:29","modified_gmt":"2025-07-13T23:00:29","slug":"petline-elegant-adult-cat-pate-with-salmon","status":"publish","type":"product","link":"https:\/\/agrovetazerbaijan.az\/ru\/product\/petline-elegant-adult-cat-pate-with-salmon\/","title":{"rendered":"Petline Elegant \u2013 \u041f\u0430\u0448\u0442\u0435\u0442 \u0434\u043b\u044f \u0432\u0437\u0440\u043e\u0441\u043b\u044b\u0445 \u043a\u043e\u0448\u0435\u043a \u0441 \u043b\u043e\u0441\u043e\u0441\u0435\u043c"},"content":{"rendered":"<div class=\"vgblk-rw-wrapper limit-wrapper\">\n<h2 data-start=\"189\" data-end=\"245\">\ud83d\udc31 <strong data-start=\"195\" data-end=\"243\">Petline Elegant \u2013 \u041f\u0430\u0448\u0442\u0435\u0442 \u0434\u043b\u044f \u0432\u0437\u0440\u043e\u0441\u043b\u044b\u0445 \u043a\u043e\u0448\u0435\u043a \u0441 \u043b\u043e\u0441\u043e\u0441\u0435\u043c<\/strong><\/h2>\n<p data-start=\"246\" data-end=\"325\"><strong data-start=\"246\" data-end=\"325\">\u0411\u0435\u0437\u0437\u0435\u0440\u043d\u043e\u0432\u043e\u0439 | \u0412\u043b\u0430\u0436\u043d\u044b\u0439 \u043a\u043e\u0440\u043c \u0441\u0443\u043f\u0435\u0440-\u043f\u0440\u0435\u043c\u0438\u0443\u043c \u043a\u043b\u0430\u0441\u0441\u0430 | \u0412\u043a\u0443\u0441\u043d\u044b\u0439 \u0438 \u043f\u0438\u0442\u0430\u0442\u0435\u043b\u044c\u043d\u044b\u0439 \u0434\u043b\u044f \u0432\u0437\u0440\u043e\u0441\u043b\u044b\u0445 \u043a\u043e\u0448\u0435\u043a<\/strong><\/p>\n<hr data-start=\"327\" data-end=\"330\" \/>\n<h3 data-start=\"332\" data-end=\"366\">\u2728 <strong data-start=\"338\" data-end=\"366\">\u041e\u0441\u043e\u0431\u0435\u043d\u043d\u043e\u0441\u0442\u0438 \u043f\u0440\u043e\u0434\u0443\u043a\u0442\u0430:<\/strong><\/h3>\n<p data-start=\"368\" data-end=\"885\">\u2705 <strong data-start=\"370\" data-end=\"412\">\u041b\u043e\u0441\u043e\u0441\u044c \u0432\u044b\u0441\u043e\u043a\u043e\u0433\u043e \u043a\u0430\u0447\u0435\u0441\u0442\u0432\u0430<\/strong> \u0432\u043a\u0443\u0441\u043d\u0430\u044f \u0444\u043e\u0440\u043c\u0443\u043b\u0430, \u0441\u0434\u0435\u043b\u0430\u043d\u043d\u0430\u044f \u0441<br data-start=\"444\" data-end=\"447\" \/>\u2705 <strong data-start=\"449\" data-end=\"503\">\u041f\u043e\u043b\u043d\u043e\u0440\u0430\u0446\u0438\u043e\u043d\u043d\u044b\u0439 \u0438 \u0441\u0431\u0430\u043b\u0430\u043d\u0441\u0438\u0440\u043e\u0432\u0430\u043d\u043d\u044b\u0439 \u043a\u043e\u0440\u043c \u0434\u043b\u044f \u0432\u0437\u0440\u043e\u0441\u043b\u044b\u0445 \u043a\u043e\u0448\u0435\u043a<\/strong><br data-start=\"503\" data-end=\"506\" \/>\u2705 <strong data-start=\"508\" data-end=\"533\">\u0411\u0435\u0437 \u0437\u0435\u0440\u043d\u0430<\/strong> \u2013 \u043f\u043e\u0434\u0445\u043e\u0434\u0438\u0442 \u0434\u043b\u044f \u0447\u0443\u0432\u0441\u0442\u0432\u0438\u0442\u0435\u043b\u044c\u043d\u044b\u0445 \u0438 \u0441\u043a\u043b\u043e\u043d\u043d\u044b\u0445 \u043a \u0430\u043b\u043b\u0435\u0440\u0433\u0438\u0438 \u043a\u043e\u0448\u0435\u043a<br data-start=\"585\" data-end=\"588\" \/>\u2705 <strong data-start=\"590\" data-end=\"635\">\u041e\u0431\u043e\u0433\u0430\u0449\u0435\u043d\u043e \u043d\u0430\u0442\u0443\u0440\u0430\u043b\u044c\u043d\u044b\u043c\u0438 \u0430\u043d\u0442\u0438\u043e\u043a\u0441\u0438\u0434\u0430\u043d\u0442\u0430\u043c\u0438<\/strong> \u2013 \u0441\u043f\u043e\u0441\u043e\u0431\u0441\u0442\u0432\u0443\u0435\u0442 \u0443\u043a\u0440\u0435\u043f\u043b\u0435\u043d\u0438\u044e \u0438\u043c\u043c\u0443\u043d\u0438\u0442\u0435\u0442\u0430<br data-start=\"673\" data-end=\"676\" \/>\u2705 <strong data-start=\"678\" data-end=\"701\">\u0414\u043e\u0431\u0430\u0432\u043b\u0435\u043d \u0442\u0430\u0443\u0440\u0438\u043d<\/strong> \u2013 \u0432\u0430\u0436\u0435\u043d \u0434\u043b\u044f \u0437\u0434\u043e\u0440\u043e\u0432\u043e\u0433\u043e \u0437\u0440\u0435\u043d\u0438\u044f \u0438 \u0440\u0430\u0431\u043e\u0442\u044b \u0441\u0435\u0440\u0434\u0446\u0430<br data-start=\"749\" data-end=\"752\" \/>\u2705 <strong data-start=\"754\" data-end=\"789\">\u041c\u044f\u0433\u043a\u0430\u044f \u0438 \u043d\u0435\u0436\u043d\u0430\u044f \u0442\u0435\u043a\u0441\u0442\u0443\u0440\u0430 (\u043f\u0430\u0448\u0442\u0435\u0442)<\/strong> \u2013 \u0438\u0434\u0435\u0430\u043b\u044c\u043d\u044b\u0439 \u0432\u044b\u0431\u043e\u0440 \u0434\u043b\u044f \u043f\u0440\u0438\u0432\u0435\u0440\u0435\u0434\u043b\u0438\u0432\u044b\u0445 \u043a\u043e\u0448\u0435\u043a<br data-start=\"824\" data-end=\"827\" \/>\u2705 <strong data-start=\"829\" data-end=\"885\">\u0411\u0435\u0437 \u0434\u043e\u0431\u0430\u0432\u043b\u0435\u043d\u0438\u044f \u0438\u0441\u043a\u0443\u0441\u0441\u0442\u0432\u0435\u043d\u043d\u044b\u0445 \u043a\u0440\u0430\u0441\u0438\u0442\u0435\u043b\u0435\u0439, \u0430\u0440\u043e\u043c\u0430\u0442\u0438\u0437\u0430\u0442\u043e\u0440\u043e\u0432 \u0438 \u043a\u043e\u043d\u0441\u0435\u0440\u0432\u0430\u043d\u0442\u043e\u0432.<\/strong><\/p>\n<hr data-start=\"887\" data-end=\"890\" \/>\n<h3 data-start=\"892\" data-end=\"919\">\ud83d\udccc <strong data-start=\"899\" data-end=\"919\">\u041e \u043f\u0440\u043e\u0434\u0443\u043a\u0442\u0435:<\/strong><\/h3>\n<ul data-start=\"921\" data-end=\"1200\">\n<li data-start=\"921\" data-end=\"974\">\n<p data-start=\"923\" data-end=\"974\"><strong data-start=\"923\" data-end=\"938\">\u041d\u0430\u0437\u0432\u0430\u043d\u0438\u0435 \u043f\u0440\u043e\u0434\u0443\u043a\u0442\u0430:<\/strong> \u041f\u0430\u0448\u0442\u0435\u0442 \u0434\u043b\u044f \u0432\u0437\u0440\u043e\u0441\u043b\u044b\u0445 \u043a\u043e\u0448\u0435\u043a \u2013 \u041b\u043e\u0441\u043e\u0441\u044c \u0430\u0441\u0441\u043e\u0440\u0442\u0438<\/p>\n<\/li>\n<li data-start=\"975\" data-end=\"1014\">\n<p data-start=\"977\" data-end=\"1014\"><strong data-start=\"977\" data-end=\"1006\">\u041d\u043e\u043c\u0435\u0440 \u0438\u043d\u0432\u0435\u043d\u0442\u0430\u0440\u044f:<\/strong> 50203<\/p>\n<\/li>\n<li data-start=\"1015\" data-end=\"1046\">\n<p data-start=\"1017\" data-end=\"1046\"><strong data-start=\"1017\" data-end=\"1027\">\u0411\u0440\u0435\u043d\u0434:<\/strong> Petline\u00ae \u042d\u043b\u0435\u0433\u0430\u043d\u0442<\/p>\n<\/li>\n<li data-start=\"1047\" data-end=\"1086\">\n<p data-start=\"1049\" data-end=\"1086\"><strong data-start=\"1049\" data-end=\"1061\">\u0424\u043e\u0440\u043c\u0430:<\/strong> \u041a\u043e\u043d\u0441\u0435\u0440\u0432\u0438\u0440\u043e\u0432\u0430\u043d\u043d\u044b\u0439 \u043f\u0430\u0448\u0442\u0435\u0442 (\u0432\u043b\u0430\u0436\u043d\u044b\u0439 \u043a\u043e\u0440\u043c)<\/p>\n<\/li>\n<li data-start=\"1087\" data-end=\"1137\">\n<p data-start=\"1089\" data-end=\"1137\"><strong data-start=\"1089\" data-end=\"1106\">\u0426\u0435\u043b\u0435\u0432\u043e\u0435 \u0436\u0438\u0432\u043e\u0442\u043d\u043e\u0435:<\/strong> \u0412\u0437\u0440\u043e\u0441\u043b\u044b\u0435 \u043a\u043e\u0448\u043a\u0438<\/p>\n<\/li>\n<li data-start=\"1138\" data-end=\"1200\">\n<p data-start=\"1140\" data-end=\"1200\"><strong data-start=\"1140\" data-end=\"1151\">\u0421\u043e\u0441\u0442\u0430\u0432:<\/strong> \u0411\u0435\u0437\u0437\u0435\u0440\u043d\u043e\u0432\u043e\u0439, \u0442\u0435\u0445\u043d\u043e\u043b\u043e\u0433\u0438\u044f OptiQuattro<\/p>\n<\/li>\n<\/ul>\n<hr data-start=\"1202\" data-end=\"1205\" \/>\n<h3 data-start=\"1207\" data-end=\"1226\">\ud83e\uddea <strong data-start=\"1214\" data-end=\"1226\">\u0418\u043d\u0433\u0440\u0435\u0434\u0438\u0435\u043d\u0442\u044b:<\/strong><\/h3>\n<blockquote data-start=\"1228\" data-end=\"1370\">\n<p data-start=\"1230\" data-end=\"1370\"><strong data-start=\"1230\" data-end=\"1248\">\u041c\u044f\u0441\u043e \u043b\u043e\u0441\u043e\u0441\u044f<\/strong>, \u043c\u044f\u0441\u043d\u043e\u0439 \u0431\u0443\u043b\u044c\u043e\u043d, \u043d\u0430\u0442\u0443\u0440\u0430\u043b\u044c\u043d\u044b\u0435 \u0432\u043e\u043b\u043e\u043a\u043d\u0430, \u0432\u0438\u0442\u0430\u043c\u0438\u043d\u043d\u043e-\u043c\u0438\u043d\u0435\u0440\u0430\u043b\u044c\u043d\u044b\u0439 \u043a\u043e\u043c\u043f\u043b\u0435\u043a\u0441, <strong data-start=\"1306\" data-end=\"1316\">\u0442\u0430\u0443\u0440\u0438\u043d<\/strong>, \u0436\u0435\u043b\u0430\u0442\u0438\u043d\u0438\u0437\u0438\u0440\u0443\u044e\u0449\u0438\u0435 \u0430\u0433\u0435\u043d\u0442\u044b, <strong data-start=\"1345\" data-end=\"1370\">\u043d\u0430\u0442\u0443\u0440\u0430\u043b\u044c\u043d\u044b\u0435 \u0430\u043d\u0442\u0438\u043e\u043a\u0441\u0438\u0434\u0430\u043d\u0442\u044b<\/strong><\/p>\n<\/blockquote>\n<p data-start=\"1372\" data-end=\"1454\">\ud83d\udccc \u0418\u0441\u043a\u0443\u0441\u0441\u0442\u0432\u0435\u043d\u043d\u044b\u0435 \u043f\u043e\u0434\u0441\u043b\u0430\u0441\u0442\u0438\u0442\u0435\u043b\u0438, \u043a\u0440\u0430\u0441\u0438\u0442\u0435\u043b\u0438 \u0438 \u043a\u043e\u043d\u0441\u0435\u0440\u0432\u0430\u043d\u0442\u044b <strong data-start=\"1431\" data-end=\"1454\">\u043d\u0435 \u0438\u0441\u043f\u043e\u043b\u044c\u0437\u043e\u0432\u0430\u043b\u0441\u044f.<\/strong><\/p>\n<hr data-start=\"1456\" data-end=\"1459\" \/>\n<h3 data-start=\"1461\" data-end=\"1481\">\ud83d\udc3e <strong data-start=\"1468\" data-end=\"1481\">\u0421\u043e\u0432\u043c\u0435\u0441\u0442\u0438\u043c\u043e\u0441\u0442\u044c:<\/strong><\/h3>\n<p data-start=\"1483\" data-end=\"1716\">\ud83e\udd63 \u041f\u043e\u0434\u0445\u043e\u0434\u0438\u0442 \u0434\u043b\u044f \u0435\u0436\u0435\u0434\u043d\u0435\u0432\u043d\u043e\u0433\u043e \u0438\u0441\u043f\u043e\u043b\u044c\u0437\u043e\u0432\u0430\u043d\u0438\u044f \u0434\u043b\u044f \u043f\u0440\u0438\u0432\u0435\u0440\u0435\u0434\u043b\u0438\u0432\u044b\u0445 \u0438 \u0447\u0443\u0432\u0441\u0442\u0432\u0438\u0442\u0435\u043b\u044c\u043d\u044b\u0445 \u043a\u043e\u0448\u0435\u043a. <strong data-start=\"1548\" data-end=\"1573\">\u043f\u043e\u043b\u043d\u043e\u0440\u0430\u0446\u0438\u043e\u043d\u043d\u044b\u0439 \u0432\u043b\u0430\u0436\u043d\u044b\u0439 \u043a\u043e\u0440\u043c<\/strong><br data-start=\"1573\" data-end=\"1576\" \/>\ud83d\udca7 \u0421 \u0434\u043e\u043f\u043e\u043b\u043d\u0438\u0442\u0435\u043b\u044c\u043d\u044b\u043c \u0443\u0432\u043b\u0430\u0436\u043d\u0435\u043d\u0438\u0435\u043c <strong data-start=\"1601\" data-end=\"1646\">\u043f\u043e\u0434\u0434\u0435\u0440\u0436\u0438\u0432\u0430\u0435\u0442 \u0437\u0434\u043e\u0440\u043e\u0432\u044c\u0435 \u043c\u043e\u0447\u0435\u0432\u044b\u0432\u043e\u0434\u044f\u0449\u0438\u0445 \u043f\u0443\u0442\u0435\u0439<\/strong><br data-start=\"1646\" data-end=\"1649\" \/>\ud83e\udde0 \u0421 \u0442\u0430\u0443\u0440\u0438\u043d\u043e\u043c <strong data-start=\"1663\" data-end=\"1716\">\u043e\u043a\u0430\u0437\u044b\u0432\u0430\u0435\u0442 \u043f\u043e\u043b\u043e\u0436\u0438\u0442\u0435\u043b\u044c\u043d\u043e\u0435 \u0432\u043b\u0438\u044f\u043d\u0438\u0435 \u043d\u0430 \u0444\u0443\u043d\u043a\u0446\u0438\u0438 \u0433\u043b\u0430\u0437 \u0438 \u043c\u043e\u0437\u0433\u0430<\/strong><\/p>\n<\/div>\n<p><!-- .vgblk-rw-wrapper --><\/p>","protected":false},"excerpt":{"rendered":"<p>\ud83d\udc31 Petline Elegant \u2013 Adult Cat P\u00e2t\u00e9 with Salmon Grain-Free | Super Premium Wet Food | Delicious &amp; Nutritious for Adult Cats \u2728 M\u0259hsulun X\u00fcsusiyy\u0259tl\u0259ri: \u2705 Y\u00fcks\u0259k keyfiyy\u0259tli q\u0131z\u0131lbal\u0131q (salmon) il\u0259 haz\u0131rlanm\u0131\u015f l\u0259zz\u0259tli formul\u2705 Yetkin pi\u015fikl\u0259r \u00fc\u00e7\u00fcn tam v\u0259 balansla\u015fd\u0131r\u0131lm\u0131\u015f qida\u2705 Tax\u0131ls\u0131z (Grain-Free) \u2013 h\u0259ssas v\u0259 allergiyaya meyilli pi\u015fikl\u0259r \u00fc\u00e7\u00fcn uy\u011fun\u2705 T\u0259bii antioksidantlarla z\u0259nginl\u0259\u015fdirilmi\u015f \u2013&#8230;<\/p>","protected":false},"featured_media":989933,"comment_status":"closed","ping_status":"closed","template":"","meta":{"nf_dc_page":"","_monsterinsights_skip_tracking":false,"_monsterinsights_sitenote_active":false,"_monsterinsights_sitenote_note":"","_monsterinsights_sitenote_category":0},"product_brand":[],"product_cat":[244,51,245],"product_tag":[],"class_list":{"0":"post-989932","1":"product","2":"type-product","3":"status-publish","4":"has-post-thumbnail","6":"product_cat-it-ve-pisik-mehsullari","7":"product_cat-cat","8":"product_cat-yemler","10":"first","11":"instock","12":"shipping-taxable","13":"product-type-simple"},"jetpack_sharing_enabled":true,"_links":{"self":[{"href":"https:\/\/agrovetazerbaijan.az\/ru\/wp-json\/wp\/v2\/product\/989932","targetHints":{"allow":["GET"]}}],"collection":[{"href":"https:\/\/agrovetazerbaijan.az\/ru\/wp-json\/wp\/v2\/product"}],"about":[{"href":"https:\/\/agrovetazerbaijan.az\/ru\/wp-json\/wp\/v2\/types\/product"}],"replies":[{"embeddable":true,"href":"https:\/\/agrovetazerbaijan.az\/ru\/wp-json\/wp\/v2\/comments?post=989932"}],"version-history":[{"count":1,"href":"https:\/\/agrovetazerbaijan.az\/ru\/wp-json\/wp\/v2\/product\/989932\/revisions"}],"predecessor-version":[{"id":989934,"href":"https:\/\/agrovetazerbaijan.az\/ru\/wp-json\/wp\/v2\/product\/989932\/revisions\/989934"}],"wp:featuredmedia":[{"embeddable":true,"href":"https:\/\/agrovetazerbaijan.az\/ru\/wp-json\/wp\/v2\/media\/989933"}],"wp:attachment":[{"href":"https:\/\/agrovetazerbaijan.az\/ru\/wp-json\/wp\/v2\/media?parent=989932"}],"wp:term":[{"taxonomy":"product_brand","embeddable":true,"href":"https:\/\/agrovetazerbaijan.az\/ru\/wp-json\/wp\/v2\/product_brand?post=989932"},{"taxonomy":"product_cat","embeddable":true,"href":"https:\/\/agrovetazerbaijan.az\/ru\/wp-json\/wp\/v2\/product_cat?post=989932"},{"taxonomy":"product_tag","embeddable":true,"href":"https:\/\/agrovetazerbaijan.az\/ru\/wp-json\/wp\/v2\/product_tag?post=989932"}],"curies":[{"name":"WP","href":"https:\/\/api.w.org\/{rel}","templated":true}]}}