{"id":989928,"date":"2025-07-13T22:57:04","date_gmt":"2025-07-13T22:57:04","guid":{"rendered":"https:\/\/agrovetazerbaijan.az\/?post_type=product&#038;p=989928"},"modified":"2025-07-13T22:57:21","modified_gmt":"2025-07-13T22:57:21","slug":"petline-delicale-adult-cat-pate-with-chicken","status":"publish","type":"product","link":"https:\/\/agrovetazerbaijan.az\/ru\/product\/petline-delicale-adult-cat-pate-with-chicken\/","title":{"rendered":"Petline Delicale \u2013 \u041f\u0430\u0448\u0442\u0435\u0442 \u0434\u043b\u044f \u0432\u0437\u0440\u043e\u0441\u043b\u044b\u0445 \u043a\u043e\u0448\u0435\u043a \u0441 \u043a\u0443\u0440\u0438\u0446\u0435\u0439"},"content":{"rendered":"<div class=\"vgblk-rw-wrapper limit-wrapper\">\n<h2 data-start=\"241\" data-end=\"299\">\ud83d\udc31 <strong data-start=\"247\" data-end=\"297\">Petline Delicale \u2013 \u041f\u0430\u0448\u0442\u0435\u0442 \u0434\u043b\u044f \u0432\u0437\u0440\u043e\u0441\u043b\u044b\u0445 \u043a\u043e\u0448\u0435\u043a \u0441 \u043a\u0443\u0440\u0438\u0446\u0435\u0439<\/strong><\/h2>\n<p data-start=\"300\" data-end=\"377\"><strong data-start=\"300\" data-end=\"377\">\u0411\u0435\u0437\u0437\u0435\u0440\u043d\u043e\u0432\u043e\u0439 | \u0412\u043b\u0430\u0436\u043d\u044b\u0439 \u043a\u043e\u0440\u043c \u0441\u0443\u043f\u0435\u0440-\u043f\u0440\u0435\u043c\u0438\u0443\u043c \u043a\u043b\u0430\u0441\u0441\u0430 | \u041c\u044f\u0433\u043a\u043e\u0435 \u043f\u0438\u0442\u0430\u043d\u0438\u0435 \u0434\u043b\u044f \u0447\u0443\u0432\u0441\u0442\u0432\u0438\u0442\u0435\u043b\u044c\u043d\u044b\u0445 \u043a\u043e\u0448\u0435\u043a<\/strong><\/p>\n<hr data-start=\"379\" data-end=\"382\" \/>\n<h3 data-start=\"384\" data-end=\"418\">\u2728 <strong data-start=\"390\" data-end=\"418\">\u041e\u0441\u043e\u0431\u0435\u043d\u043d\u043e\u0441\u0442\u0438 \u043f\u0440\u043e\u0434\u0443\u043a\u0442\u0430:<\/strong><\/h3>\n<p data-start=\"420\" data-end=\"968\">\u2705 <strong data-start=\"422\" data-end=\"454\">\u0412\u044b\u0441\u043e\u043a\u043e\u043a\u0430\u0447\u0435\u0441\u0442\u0432\u0435\u043d\u043d\u043e\u0435 \u043a\u0443\u0440\u0438\u043d\u043e\u0435 \u043c\u044f\u0441\u043e<\/strong> \u0412\u043a\u0443\u0441\u043d\u0430\u044f \u0438 \u043f\u0438\u0442\u0430\u0442\u0435\u043b\u044c\u043d\u0430\u044f \u0444\u043e\u0440\u043c\u0443\u043b\u0430, \u043f\u0440\u0438\u0433\u043e\u0442\u043e\u0432\u043b\u0435\u043d\u043d\u0430\u044f \u0438\u0437<br data-start=\"503\" data-end=\"506\" \/>\u2705 <strong data-start=\"508\" data-end=\"567\">\u0420\u0435\u0446\u0435\u043f\u0442 \u00abDelicale\u00bb \u043f\u043e\u0434\u0445\u043e\u0434\u0438\u0442 \u0434\u043b\u044f \u0447\u0443\u0432\u0441\u0442\u0432\u0438\u0442\u0435\u043b\u044c\u043d\u044b\u0445 \u0438 \u043f\u0440\u0438\u0432\u0435\u0440\u0435\u0434\u043b\u0438\u0432\u044b\u0445 \u043a\u043e\u0448\u0435\u043a.<\/strong><br data-start=\"567\" data-end=\"570\" \/>\u2705 <strong data-start=\"572\" data-end=\"607\">\u041f\u043e\u043b\u043d\u043e\u0446\u0435\u043d\u043d\u043e\u0435 \u0438 \u0441\u0431\u0430\u043b\u0430\u043d\u0441\u0438\u0440\u043e\u0432\u0430\u043d\u043d\u043e\u0435 \u043f\u0438\u0442\u0430\u043d\u0438\u0435<\/strong> \u2013 \u0443\u0434\u043e\u0432\u043b\u0435\u0442\u0432\u043e\u0440\u044f\u0435\u0442 \u0435\u0436\u0435\u0434\u043d\u0435\u0432\u043d\u044b\u0435 \u043f\u043e\u0442\u0440\u0435\u0431\u043d\u043e\u0441\u0442\u0438 \u0432 \u043f\u0438\u0442\u0430\u043d\u0438\u0438<br data-start=\"648\" data-end=\"651\" \/>\u2705 <strong data-start=\"653\" data-end=\"678\">\u0411\u0435\u0437 \u0437\u0435\u0440\u043d\u0430<\/strong> \u2013 \u0438\u0434\u0435\u0430\u043b\u044c\u043d\u043e \u043f\u043e\u0434\u0445\u043e\u0434\u0438\u0442 \u0434\u043b\u044f \u043a\u043e\u0448\u0435\u043a, \u0441\u043a\u043b\u043e\u043d\u043d\u044b\u0445 \u043a \u0430\u043b\u043b\u0435\u0440\u0433\u0438\u0438 \u0438 \u0438\u043c\u0435\u044e\u0449\u0438\u0445 \u0447\u0443\u0432\u0441\u0442\u0432\u0438\u0442\u0435\u043b\u044c\u043d\u043e\u0435 \u043f\u0438\u0449\u0435\u0432\u0430\u0440\u0435\u043d\u0438\u0435<br data-start=\"739\" data-end=\"742\" \/>\u2705 <strong data-start=\"744\" data-end=\"770\">\u041c\u044f\u0433\u043a\u0430\u044f \u0442\u0435\u043a\u0441\u0442\u0443\u0440\u0430 (\u043f\u0430\u0448\u0442\u0435\u0442)<\/strong> \u2013 \u0442\u0430\u043a\u0436\u0435 \u043f\u043e\u0434\u0445\u043e\u0434\u0438\u0442 \u0434\u043b\u044f \u043a\u043e\u0448\u0435\u043a \u0441 \u0442\u0440\u0443\u0434\u043d\u044b\u043c \u0434\u043b\u044f \u0436\u0435\u0432\u0430\u043d\u0438\u044f \u043a\u043e\u0440\u043c\u043e\u043c \u0438 \u043f\u043e\u0436\u0438\u043b\u044b\u0445 \u043a\u043e\u0448\u0435\u043a<br data-start=\"822\" data-end=\"825\" \/>\u2705 <strong data-start=\"827\" data-end=\"851\">\u041d\u0430\u0442\u0443\u0440\u0430\u043b\u044c\u043d\u044b\u0435 \u0438\u043d\u0433\u0440\u0435\u0434\u0438\u0435\u043d\u0442\u044b<\/strong> \u2013 \u0431\u0435\u0437 \u0438\u0441\u043a\u0443\u0441\u0441\u0442\u0432\u0435\u043d\u043d\u044b\u0445 \u043f\u043e\u0434\u0441\u043b\u0430\u0441\u0442\u0438\u0442\u0435\u043b\u0435\u0439, \u043a\u0440\u0430\u0441\u0438\u0442\u0435\u043b\u0435\u0439 \u0438 \u043a\u043e\u043d\u0441\u0435\u0440\u0432\u0430\u043d\u0442\u043e\u0432<br data-start=\"906\" data-end=\"909\" \/>\u2705 <strong data-start=\"911\" data-end=\"936\">\u041f\u043e\u0440\u0446\u0438\u043e\u043d\u043d\u044b\u0435 \u043a\u043e\u043d\u0441\u0435\u0440\u0432\u044b<\/strong> \u2013 \u0433\u0438\u0433\u0438\u0435\u043d\u0438\u0447\u043d\u044b\u0439 \u0438 \u043f\u0440\u043e\u0441\u0442\u043e\u0439 \u0432 \u0438\u0441\u043f\u043e\u043b\u044c\u0437\u043e\u0432\u0430\u043d\u0438\u0438<\/p>\n<hr data-start=\"970\" data-end=\"973\" \/>\n<h3 data-start=\"975\" data-end=\"1002\">\ud83d\udccc <strong data-start=\"982\" data-end=\"1002\">\u041e \u043f\u0440\u043e\u0434\u0443\u043a\u0442\u0435:<\/strong><\/h3>\n<ul data-start=\"1004\" data-end=\"1275\">\n<li data-start=\"1004\" data-end=\"1058\">\n<p data-start=\"1006\" data-end=\"1058\"><strong data-start=\"1006\" data-end=\"1021\">\u041d\u0430\u0437\u0432\u0430\u043d\u0438\u0435 \u043f\u0440\u043e\u0434\u0443\u043a\u0442\u0430:<\/strong> \u041f\u0430\u0448\u0442\u0435\u0442 \u0434\u043b\u044f \u0432\u0437\u0440\u043e\u0441\u043b\u044b\u0445 \u043a\u043e\u0448\u0435\u043a \u2013 \u0430\u0441\u0441\u043e\u0440\u0442\u0438 \u0438\u0437 \u043a\u0443\u0440\u0438\u0446\u044b<\/p>\n<\/li>\n<li data-start=\"1099\" data-end=\"1131\">\n<p data-start=\"1101\" data-end=\"1131\"><strong data-start=\"1101\" data-end=\"1111\">\u0411\u0440\u0435\u043d\u0434:<\/strong> Petline\u00ae Delicale<\/p>\n<\/li>\n<li data-start=\"1132\" data-end=\"1171\">\n<p data-start=\"1134\" data-end=\"1171\"><strong data-start=\"1134\" data-end=\"1146\">\u0424\u043e\u0440\u043c\u0430:<\/strong> \u0412\u043b\u0430\u0436\u043d\u044b\u0439 \u043a\u043e\u0440\u043c \/ \u041a\u043e\u043d\u0441\u0435\u0440\u0432\u0438\u0440\u043e\u0432\u0430\u043d\u043d\u044b\u0439 \u043f\u0430\u0448\u0442\u0435\u0442<\/p>\n<\/li>\n<li data-start=\"1172\" data-end=\"1222\">\n<p data-start=\"1174\" data-end=\"1222\"><strong data-start=\"1174\" data-end=\"1191\">\u0426\u0435\u043b\u0435\u0432\u043e\u0435 \u0436\u0438\u0432\u043e\u0442\u043d\u043e\u0435:<\/strong> \u0412\u0437\u0440\u043e\u0441\u043b\u044b\u0435 \u043a\u043e\u0448\u043a\u0438<\/p>\n<\/li>\n<li data-start=\"1223\" data-end=\"1275\">\n<p data-start=\"1225\" data-end=\"1275\"><strong data-start=\"1225\" data-end=\"1236\">\u0421\u043e\u0441\u0442\u0430\u0432:<\/strong> \u0411\u0435\u0437 \u0437\u0435\u0440\u043d\u0430, \u043c\u044f\u0433\u043a\u0430\u044f \u0442\u0435\u043a\u0441\u0442\u0443\u0440\u0430<\/p>\n<\/li>\n<\/ul>\n<hr data-start=\"1277\" data-end=\"1280\" \/>\n<h3 data-start=\"1282\" data-end=\"1301\">\ud83e\uddea <strong data-start=\"1289\" data-end=\"1301\">\u0418\u043d\u0433\u0440\u0435\u0434\u0438\u0435\u043d\u0442\u044b:<\/strong><\/h3>\n<blockquote data-start=\"1303\" data-end=\"1444\">\n<p data-start=\"1305\" data-end=\"1444\"><strong data-start=\"1305\" data-end=\"1318\">\u041a\u0443\u0440\u0438\u043d\u043e\u0435 \u043c\u044f\u0441\u043e<\/strong>, \u043c\u044f\u0441\u043d\u043e\u0439 \u0431\u0443\u043b\u044c\u043e\u043d, \u043d\u0430\u0442\u0443\u0440\u0430\u043b\u044c\u043d\u044b\u0435 \u0432\u043e\u043b\u043e\u043a\u043d\u0430, <strong data-start=\"1343\" data-end=\"1378\">\u0432\u0438\u0442\u0430\u043c\u0438\u043d\u043d\u043e-\u043c\u0438\u043d\u0435\u0440\u0430\u043b\u044c\u043d\u044b\u0439 \u043a\u043e\u043c\u043f\u043b\u0435\u043a\u0441<\/strong>, <strong data-start=\"1380\" data-end=\"1390\">\u0442\u0430\u0443\u0440\u0438\u043d<\/strong>, \u0436\u0435\u043b\u0430\u0442\u0438\u043d\u0438\u0437\u0438\u0440\u0443\u044e\u0449\u0438\u0435 \u0430\u0433\u0435\u043d\u0442\u044b, <strong data-start=\"1419\" data-end=\"1444\">\u043d\u0430\u0442\u0443\u0440\u0430\u043b\u044c\u043d\u044b\u0435 \u0430\u043d\u0442\u0438\u043e\u043a\u0441\u0438\u0434\u0430\u043d\u0442\u044b<\/strong><\/p>\n<\/blockquote>\n<p data-start=\"1446\" data-end=\"1507\">\ud83d\udccc <strong data-start=\"1449\" data-end=\"1507\">\u041d\u0435 \u0441\u043e\u0434\u0435\u0440\u0436\u0438\u0442 \u0438\u0441\u043a\u0443\u0441\u0441\u0442\u0432\u0435\u043d\u043d\u044b\u0445 \u0430\u0440\u043e\u043c\u0430\u0442\u0438\u0437\u0430\u0442\u043e\u0440\u043e\u0432, \u043a\u0440\u0430\u0441\u0438\u0442\u0435\u043b\u0435\u0439 \u0438 \u043a\u043e\u043d\u0441\u0435\u0440\u0432\u0430\u043d\u0442\u043e\u0432.<\/strong><\/p>\n<hr data-start=\"1509\" data-end=\"1512\" \/>\n<h3 data-start=\"1514\" data-end=\"1534\">\ud83d\udc3e <strong data-start=\"1521\" data-end=\"1534\">\u0421\u043e\u0432\u043c\u0435\u0441\u0442\u0438\u043c\u043e\u0441\u0442\u044c:<\/strong><\/h3>\n<p data-start=\"1536\" data-end=\"1742\">\ud83e\udd63 <strong data-start=\"1539\" data-end=\"1597\">\u0418\u0434\u0435\u0430\u043b\u044c\u043d\u044b\u0439 \u0435\u0436\u0435\u0434\u043d\u0435\u0432\u043d\u044b\u0439 \u0432\u043b\u0430\u0436\u043d\u044b\u0439 \u043a\u043e\u0440\u043c \u0434\u043b\u044f \u043f\u0440\u0438\u0432\u0435\u0440\u0435\u0434\u043b\u0438\u0432\u044b\u0445 \u0438 \u0447\u0443\u0432\u0441\u0442\u0432\u0438\u0442\u0435\u043b\u044c\u043d\u044b\u0445 \u043a\u043e\u0448\u0435\u043a<\/strong><br data-start=\"1597\" data-end=\"1600\" \/>\ud83e\udde0 <strong data-start=\"1603\" data-end=\"1665\">\u041f\u043e\u0434\u0434\u0435\u0440\u0436\u0438\u0432\u0430\u0435\u0442 \u0444\u0443\u043d\u043a\u0446\u0438\u0438 \u0433\u043b\u0430\u0437 \u0438 \u043c\u043e\u0437\u0433\u0430 \u0431\u043b\u0430\u0433\u043e\u0434\u0430\u0440\u044f \u0441\u043e\u0434\u0435\u0440\u0436\u0430\u043d\u0438\u044e \u0442\u0430\u0443\u0440\u0438\u043d\u0430<\/strong><br data-start=\"1665\" data-end=\"1668\" \/>\ud83d\udca7 <strong data-start=\"1671\" data-end=\"1703\">\u041e\u0431\u0435\u0441\u043f\u0435\u0447\u0438\u0432\u0430\u0435\u0442 \u0434\u043e\u043f\u043e\u043b\u043d\u0438\u0442\u0435\u043b\u044c\u043d\u043e\u0435 \u0443\u0432\u043b\u0430\u0436\u043d\u0435\u043d\u0438\u0435<\/strong> \u2013 \u043e\u0442\u043b\u0438\u0447\u043d\u043e \u043f\u043e\u0434\u0445\u043e\u0434\u0438\u0442 \u0434\u043b\u044f \u0437\u0434\u043e\u0440\u043e\u0432\u044c\u044f \u043c\u043e\u0447\u0435\u0432\u044b\u0432\u043e\u0434\u044f\u0449\u0438\u0445 \u043f\u0443\u0442\u0435\u0439<\/p>\n<\/div>\n<p><!-- .vgblk-rw-wrapper --><\/p>","protected":false},"excerpt":{"rendered":"<p>\ud83d\udc31 Petline Delicale \u2013 Adult Cat P\u00e2t\u00e9 with Chicken Grain-Free | Super Premium Wet Food | Gentle Nutrition for Sensitive Cats \u2728 M\u0259hsulun X\u00fcsusiyy\u0259tl\u0259ri: \u2705 Y\u00fcks\u0259k keyfiyy\u0259tli toyuq \u0259ti il\u0259 haz\u0131rlanm\u0131\u015f l\u0259zz\u0259tli v\u0259 qidaland\u0131r\u0131c\u0131 formul\u2705 H\u0259ssas v\u0259 se\u00e7ici pi\u015fikl\u0259r \u00fc\u00e7\u00fcn uy\u011fun \u201cDelicale\u201d resepti\u2705 Tam v\u0259 balansla\u015fd\u0131r\u0131lm\u0131\u015f rasion \u2013 g\u00fcnd\u0259lik qida ehtiyaclar\u0131n\u0131 qar\u015f\u0131lay\u0131r\u2705 Tax\u0131ls\u0131z (Grain-Free) \u2013&#8230;<\/p>","protected":false},"featured_media":989929,"comment_status":"closed","ping_status":"closed","template":"","meta":{"nf_dc_page":"","_monsterinsights_skip_tracking":false,"_monsterinsights_sitenote_active":false,"_monsterinsights_sitenote_note":"","_monsterinsights_sitenote_category":0},"product_brand":[],"product_cat":[244,51,245],"product_tag":[],"class_list":{"0":"post-989928","1":"product","2":"type-product","3":"status-publish","4":"has-post-thumbnail","6":"product_cat-it-ve-pisik-mehsullari","7":"product_cat-cat","8":"product_cat-yemler","10":"first","11":"instock","12":"shipping-taxable","13":"product-type-simple"},"jetpack_sharing_enabled":true,"_links":{"self":[{"href":"https:\/\/agrovetazerbaijan.az\/ru\/wp-json\/wp\/v2\/product\/989928","targetHints":{"allow":["GET"]}}],"collection":[{"href":"https:\/\/agrovetazerbaijan.az\/ru\/wp-json\/wp\/v2\/product"}],"about":[{"href":"https:\/\/agrovetazerbaijan.az\/ru\/wp-json\/wp\/v2\/types\/product"}],"replies":[{"embeddable":true,"href":"https:\/\/agrovetazerbaijan.az\/ru\/wp-json\/wp\/v2\/comments?post=989928"}],"version-history":[{"count":2,"href":"https:\/\/agrovetazerbaijan.az\/ru\/wp-json\/wp\/v2\/product\/989928\/revisions"}],"predecessor-version":[{"id":989931,"href":"https:\/\/agrovetazerbaijan.az\/ru\/wp-json\/wp\/v2\/product\/989928\/revisions\/989931"}],"wp:featuredmedia":[{"embeddable":true,"href":"https:\/\/agrovetazerbaijan.az\/ru\/wp-json\/wp\/v2\/media\/989929"}],"wp:attachment":[{"href":"https:\/\/agrovetazerbaijan.az\/ru\/wp-json\/wp\/v2\/media?parent=989928"}],"wp:term":[{"taxonomy":"product_brand","embeddable":true,"href":"https:\/\/agrovetazerbaijan.az\/ru\/wp-json\/wp\/v2\/product_brand?post=989928"},{"taxonomy":"product_cat","embeddable":true,"href":"https:\/\/agrovetazerbaijan.az\/ru\/wp-json\/wp\/v2\/product_cat?post=989928"},{"taxonomy":"product_tag","embeddable":true,"href":"https:\/\/agrovetazerbaijan.az\/ru\/wp-json\/wp\/v2\/product_tag?post=989928"}],"curies":[{"name":"WP","href":"https:\/\/api.w.org\/{rel}","templated":true}]}}