{"id":989924,"date":"2025-07-13T22:51:13","date_gmt":"2025-07-13T22:51:13","guid":{"rendered":"https:\/\/agrovetazerbaijan.az\/?post_type=product&#038;p=989924"},"modified":"2025-07-13T22:51:26","modified_gmt":"2025-07-13T22:51:26","slug":"petline-junior-kitten-pate-with-chicken","status":"publish","type":"product","link":"https:\/\/agrovetazerbaijan.az\/ru\/product\/petline-junior-kitten-pate-with-chicken\/","title":{"rendered":"Petline Junior \u2013 \u041f\u0430\u0448\u0442\u0435\u0442 \u0438\u0437 \u043a\u043e\u0442\u044f\u0442 \u0441 \u043a\u0443\u0440\u0438\u0446\u0435\u0439"},"content":{"rendered":"<div class=\"vgblk-rw-wrapper limit-wrapper\">\n<p data-start=\"0\" data-end=\"174\">\n<hr data-start=\"176\" data-end=\"179\" \/>\n<h2 data-start=\"181\" data-end=\"234\">\ud83d\udc31 <strong data-start=\"187\" data-end=\"232\">Petline Junior \u2013 \u041f\u0430\u0448\u0442\u0435\u0442 \u0438\u0437 \u043a\u043e\u0442\u044f\u0442 \u0441 \u043a\u0443\u0440\u0438\u0446\u0435\u0439<\/strong><\/h2>\n<p data-start=\"235\" data-end=\"308\"><strong data-start=\"235\" data-end=\"308\">\u0411\u0435\u0437\u0437\u0435\u0440\u043d\u043e\u0432\u043e\u0439 | \u0412\u043b\u0430\u0436\u043d\u044b\u0439 \u043a\u043e\u0440\u043c \u0441\u0443\u043f\u0435\u0440-\u043f\u0440\u0435\u043c\u0438\u0443\u043c \u043a\u043b\u0430\u0441\u0441\u0430 | \u041f\u043e\u043b\u043d\u043e\u0440\u0430\u0446\u0438\u043e\u043d\u043d\u044b\u0439 \u0438 \u0441\u0431\u0430\u043b\u0430\u043d\u0441\u0438\u0440\u043e\u0432\u0430\u043d\u043d\u044b\u0439 \u0434\u043b\u044f \u043a\u043e\u0442\u044f\u0442<\/strong><\/p>\n<hr data-start=\"310\" data-end=\"313\" \/>\n<h3 data-start=\"315\" data-end=\"349\">\u2728 <strong data-start=\"321\" data-end=\"349\">\u041e\u0441\u043e\u0431\u0435\u043d\u043d\u043e\u0441\u0442\u0438 \u043f\u0440\u043e\u0434\u0443\u043a\u0442\u0430:<\/strong><\/h3>\n<p data-start=\"351\" data-end=\"842\">\u2705 <strong data-start=\"353\" data-end=\"385\">\u0412\u044b\u0441\u043e\u043a\u043e\u043a\u0430\u0447\u0435\u0441\u0442\u0432\u0435\u043d\u043d\u043e\u0435 \u043a\u0443\u0440\u0438\u043d\u043e\u0435 \u043c\u044f\u0441\u043e<\/strong> \u041d\u0435\u0436\u043d\u044b\u0439 \u0438 \u043f\u0438\u0442\u0430\u0442\u0435\u043b\u044c\u043d\u044b\u0439 \u0432\u043b\u0430\u0436\u043d\u044b\u0439 \u043a\u043e\u0440\u043c, \u043f\u0440\u0438\u0433\u043e\u0442\u043e\u0432\u043b\u0435\u043d\u043d\u044b\u0439 \u0438\u0437<br data-start=\"425\" data-end=\"428\" \/>\u2705 <strong data-start=\"430\" data-end=\"457\">\u041a\u043e\u0442\u044f\u0442\u0430<\/strong> \u0421\u043f\u0435\u0446\u0438\u0430\u043b\u044c\u043d\u043e \u0441\u0431\u0430\u043b\u0430\u043d\u0441\u0438\u0440\u043e\u0432\u0430\u043d\u043d\u0430\u044f \u0444\u043e\u0440\u043c\u0443\u043b\u0430 \u0434\u043b\u044f<br data-start=\"494\" data-end=\"497\" \/>\u2705 <strong data-start=\"499\" data-end=\"524\">\u0411\u0435\u0437 \u0437\u0435\u0440\u043d\u0430<\/strong> \u2013 \u0438\u0434\u0435\u0430\u043b\u044c\u043d\u043e \u043f\u043e\u0434\u0445\u043e\u0434\u0438\u0442 \u0434\u043b\u044f \u043a\u043e\u0448\u0435\u043a \u0441 \u0447\u0443\u0432\u0441\u0442\u0432\u0438\u0442\u0435\u043b\u044c\u043d\u044b\u043c \u0436\u0435\u043b\u0443\u0434\u043a\u043e\u043c \u0438 \u0430\u043b\u043b\u0435\u0440\u0433\u0438\u0435\u0439<br data-start=\"581\" data-end=\"584\" \/>\u2705 <strong data-start=\"586\" data-end=\"651\">\u0411\u043e\u0433\u0430\u0442 \u0432\u0438\u0442\u0430\u043c\u0438\u043d\u0430\u043c\u0438 \u0438 \u043c\u0438\u043d\u0435\u0440\u0430\u043b\u0430\u043c\u0438 \u0434\u043b\u044f \u0438\u043c\u043c\u0443\u043d\u0438\u0442\u0435\u0442\u0430 \u0438 \u0437\u0434\u043e\u0440\u043e\u0432\u043e\u0433\u043e \u0440\u0430\u0437\u0432\u0438\u0442\u0438\u044f<\/strong><br data-start=\"651\" data-end=\"654\" \/>\u2705 <strong data-start=\"656\" data-end=\"682\">\u041c\u044f\u0433\u043a\u0430\u044f \u0442\u0435\u043a\u0441\u0442\u0443\u0440\u0430 (\u043f\u0430\u0448\u0442\u0435\u0442)<\/strong> \u2013 \u0434\u043b\u044f \u043b\u0435\u0433\u043a\u043e\u0433\u043e \u043f\u0438\u0449\u0435\u0432\u0430\u0440\u0435\u043d\u0438\u044f \u043f\u0440\u0438 \u043f\u0435\u0440\u0435\u0445\u043e\u0434\u0435 \u043d\u0430 \u043d\u043e\u0432\u0443\u044e \u043f\u0438\u0449\u0443<br data-start=\"726\" data-end=\"729\" \/>\u2705 <strong data-start=\"731\" data-end=\"777\">\u041d\u0438\u043a\u0430\u043a\u0438\u0445 \u0438\u0441\u043a\u0443\u0441\u0441\u0442\u0432\u0435\u043d\u043d\u044b\u0445 \u043a\u0440\u0430\u0441\u0438\u0442\u0435\u043b\u0435\u0439, \u0430\u0440\u043e\u043c\u0430\u0442\u0438\u0437\u0430\u0442\u043e\u0440\u043e\u0432 \u0438 \u043a\u043e\u043d\u0441\u0435\u0440\u0432\u0430\u043d\u0442\u043e\u0432.<\/strong><br data-start=\"777\" data-end=\"780\" \/>\u2705 <strong data-start=\"782\" data-end=\"807\">\u041f\u043e\u0440\u0446\u0438\u043e\u043d\u043d\u044b\u0435 \u043a\u043e\u043d\u0441\u0435\u0440\u0432\u044b<\/strong> \u2013 \u0441\u0432\u0435\u0436\u0438\u0439 \u0438 \u043f\u0440\u0430\u043a\u0442\u0438\u0447\u043d\u044b\u0439<\/p>\n<hr data-start=\"844\" data-end=\"847\" \/>\n<h3 data-start=\"849\" data-end=\"876\">\ud83d\udccc <strong data-start=\"856\" data-end=\"876\">\u041e \u043f\u0440\u043e\u0434\u0443\u043a\u0442\u0435:<\/strong><\/h3>\n<ul data-start=\"878\" data-end=\"1142\">\n<li data-start=\"878\" data-end=\"929\">\n<p data-start=\"880\" data-end=\"929\"><strong data-start=\"880\" data-end=\"895\">\u041d\u0430\u0437\u0432\u0430\u043d\u0438\u0435 \u043f\u0440\u043e\u0434\u0443\u043a\u0442\u0430:<\/strong> \u041f\u0430\u0448\u0442\u0435\u0442 \u0438\u0437 \u043a\u043e\u0442\u044f\u0442 \u2013 \u0430\u0441\u0441\u043e\u0440\u0442\u0438 \u0438\u0437 \u043a\u0443\u0440\u0438\u0446\u044b<\/p>\n<\/li>\n<li data-start=\"970\" data-end=\"1000\">\n<p data-start=\"972\" data-end=\"1000\"><strong data-start=\"972\" data-end=\"982\">\u0411\u0440\u0435\u043d\u0434:<\/strong> Petline\u00ae Junior<\/p>\n<\/li>\n<li data-start=\"1001\" data-end=\"1040\">\n<p data-start=\"1003\" data-end=\"1040\"><strong data-start=\"1003\" data-end=\"1015\">\u0424\u043e\u0440\u043c\u0430:<\/strong> \u0412\u043b\u0430\u0436\u043d\u044b\u0439 \u043a\u043e\u0440\u043c \/ \u041a\u043e\u043d\u0441\u0435\u0440\u0432\u0438\u0440\u043e\u0432\u0430\u043d\u043d\u044b\u0439 \u043f\u0430\u0448\u0442\u0435\u0442<\/p>\n<\/li>\n<li data-start=\"1041\" data-end=\"1106\">\n<p data-start=\"1043\" data-end=\"1106\"><strong data-start=\"1043\" data-end=\"1060\">\u0426\u0435\u043b\u0435\u0432\u043e\u0435 \u0436\u0438\u0432\u043e\u0442\u043d\u043e\u0435:<\/strong> \u041a\u043e\u0442\u044f\u0442\u0430 (\u043e\u0442 1 \u0434\u043e 12 \u043c\u0435\u0441\u044f\u0446\u0435\u0432)<\/p>\n<\/li>\n<li data-start=\"1107\" data-end=\"1142\">\n<p data-start=\"1109\" data-end=\"1142\"><strong data-start=\"1109\" data-end=\"1120\">\u0421\u043e\u0441\u0442\u0430\u0432:<\/strong> \u0411\u0435\u0437 \u0437\u0435\u0440\u043d\u0430<\/p>\n<\/li>\n<\/ul>\n<hr data-start=\"1144\" data-end=\"1147\" \/>\n<h3 data-start=\"1149\" data-end=\"1168\">\ud83e\uddea <strong data-start=\"1156\" data-end=\"1168\">\u0418\u043d\u0433\u0440\u0435\u0434\u0438\u0435\u043d\u0442\u044b:<\/strong><\/h3>\n<blockquote data-start=\"1170\" data-end=\"1305\">\n<p data-start=\"1172\" data-end=\"1305\"><strong data-start=\"1172\" data-end=\"1185\">\u041a\u0443\u0440\u0438\u043d\u043e\u0435 \u043c\u044f\u0441\u043e<\/strong>, \u043c\u044f\u0441\u043d\u043e\u0439 \u0431\u0443\u043b\u044c\u043e\u043d, \u043d\u0430\u0442\u0443\u0440\u0430\u043b\u044c\u043d\u044b\u0435 \u0432\u043e\u043b\u043e\u043a\u043d\u0430, <strong data-start=\"1210\" data-end=\"1242\">\u0432\u0438\u0442\u0430\u043c\u0438\u043d\u043d\u043e-\u043c\u0438\u043d\u0435\u0440\u0430\u043b\u044c\u043d\u044b\u0439 \u043a\u043e\u043c\u043f\u043b\u0435\u043a\u0441<\/strong>, <strong data-start=\"1244\" data-end=\"1254\">\u0442\u0430\u0443\u0440\u0438\u043d<\/strong>, \u0436\u0435\u043b\u0430\u0442\u0438\u043d\u0438\u0437\u0438\u0440\u0443\u044e\u0449\u0438\u0435 \u0430\u0433\u0435\u043d\u0442\u044b, \u043d\u0430\u0442\u0443\u0440\u0430\u043b\u044c\u043d\u044b\u0435 \u0430\u043d\u0442\u0438\u043e\u043a\u0441\u0438\u0434\u0430\u043d\u0442\u044b.<\/p>\n<\/blockquote>\n<p data-start=\"1307\" data-end=\"1369\">\ud83d\udccc \u041d\u0435 \u0441\u043e\u0434\u0435\u0440\u0436\u0438\u0442 \u0438\u0441\u043a\u0443\u0441\u0441\u0442\u0432\u0435\u043d\u043d\u044b\u0445 \u043f\u043e\u0434\u0441\u043b\u0430\u0441\u0442\u0438\u0442\u0435\u043b\u0435\u0439, \u043a\u0440\u0430\u0441\u0438\u0442\u0435\u043b\u0435\u0439 \u0438 \u043a\u043e\u043d\u0441\u0435\u0440\u0432\u0430\u043d\u0442\u043e\u0432.<\/p>\n<hr data-start=\"1371\" data-end=\"1374\" \/>\n<h3 data-start=\"1376\" data-end=\"1396\">\ud83d\udc3e <strong data-start=\"1383\" data-end=\"1396\">\u0421\u043e\u0432\u043c\u0435\u0441\u0442\u0438\u043c\u043e\u0441\u0442\u044c:<\/strong><\/h3>\n<p data-start=\"1398\" data-end=\"1618\">\ud83e\udd63 <strong data-start=\"1401\" data-end=\"1450\">\u0414\u043b\u044f \u043d\u043e\u0432\u043e\u0440\u043e\u0436\u0434\u0435\u043d\u043d\u044b\u0445 \u0438 \u0440\u0430\u0441\u0442\u0443\u0449\u0438\u0445 \u043a\u043e\u0448\u0435\u043a<\/strong> \u0420\u0435\u043a\u043e\u043c\u0435\u043d\u0434\u0443\u0435\u0442\u0441\u044f \u0432 \u043a\u0430\u0447\u0435\u0441\u0442\u0432\u0435 \u0435\u0436\u0435\u0434\u043d\u0435\u0432\u043d\u043e\u0433\u043e \u0432\u043b\u0430\u0436\u043d\u043e\u0433\u043e \u043a\u043e\u0440\u043c\u0430<br data-start=\"1488\" data-end=\"1491\" \/>\ud83e\udde0 <strong data-start=\"1494\" data-end=\"1571\">\u041e\u0431\u043e\u0433\u0430\u0449\u0435\u043d \u0442\u0430\u0443\u0440\u0438\u043d\u043e\u043c \u0434\u043b\u044f \u0440\u0430\u0437\u0432\u0438\u0442\u0438\u044f \u043c\u043e\u0437\u0433\u0430 \u0438 \u0437\u0440\u0435\u043d\u0438\u044f<\/strong><br data-start=\"1571\" data-end=\"1574\" \/>\ud83d\udcaa <strong data-start=\"1577\" data-end=\"1618\">\u0421\u043f\u043e\u0441\u043e\u0431\u0441\u0442\u0432\u0443\u0435\u0442 \u0440\u0430\u0437\u0432\u0438\u0442\u0438\u044e \u043a\u043e\u0441\u0442\u0435\u0439 \u0438 \u043c\u044b\u0448\u0446<\/strong><\/p>\n<\/div>\n<p><!-- .vgblk-rw-wrapper --><\/p>","protected":false},"excerpt":{"rendered":"<p>\ud83d\udc31 Petline Junior \u2013 Kitten P\u00e2t\u00e9 with Chicken Grain-Free | Super Premium Wet Food | Complete &amp; Balanced for Kittens \u2728 M\u0259hsulun X\u00fcsusiyy\u0259tl\u0259ri: \u2705 Y\u00fcks\u0259k keyfiyy\u0259tli toyuq \u0259ti il\u0259 haz\u0131rlanm\u0131\u015f z\u0259rif v\u0259 qidal\u0131 ya\u015f yem\u2705 Bala pi\u015fikl\u0259r (kittens) \u00fc\u00e7\u00fcn x\u00fcsusi balansla\u015fd\u0131r\u0131lm\u0131\u015f formul\u2705 Tax\u0131ls\u0131z (Grain-Free) \u2013 h\u0259ssas m\u0259d\u0259 v\u0259 allergiyaya meyilli pi\u015fikl\u0259r \u00fc\u00e7\u00fcn ideal\u2705 \u0130mmunitet v\u0259&#8230;<\/p>","protected":false},"featured_media":989925,"comment_status":"closed","ping_status":"closed","template":"","meta":{"nf_dc_page":"","_monsterinsights_skip_tracking":false,"_monsterinsights_sitenote_active":false,"_monsterinsights_sitenote_note":"","_monsterinsights_sitenote_category":0},"product_brand":[],"product_cat":[245,244,51],"product_tag":[],"class_list":{"0":"post-989924","1":"product","2":"type-product","3":"status-publish","4":"has-post-thumbnail","6":"product_cat-yemler","7":"product_cat-it-ve-pisik-mehsullari","8":"product_cat-cat","10":"first","11":"instock","12":"shipping-taxable","13":"product-type-simple"},"jetpack_sharing_enabled":true,"_links":{"self":[{"href":"https:\/\/agrovetazerbaijan.az\/ru\/wp-json\/wp\/v2\/product\/989924","targetHints":{"allow":["GET"]}}],"collection":[{"href":"https:\/\/agrovetazerbaijan.az\/ru\/wp-json\/wp\/v2\/product"}],"about":[{"href":"https:\/\/agrovetazerbaijan.az\/ru\/wp-json\/wp\/v2\/types\/product"}],"replies":[{"embeddable":true,"href":"https:\/\/agrovetazerbaijan.az\/ru\/wp-json\/wp\/v2\/comments?post=989924"}],"version-history":[{"count":2,"href":"https:\/\/agrovetazerbaijan.az\/ru\/wp-json\/wp\/v2\/product\/989924\/revisions"}],"predecessor-version":[{"id":989927,"href":"https:\/\/agrovetazerbaijan.az\/ru\/wp-json\/wp\/v2\/product\/989924\/revisions\/989927"}],"wp:featuredmedia":[{"embeddable":true,"href":"https:\/\/agrovetazerbaijan.az\/ru\/wp-json\/wp\/v2\/media\/989925"}],"wp:attachment":[{"href":"https:\/\/agrovetazerbaijan.az\/ru\/wp-json\/wp\/v2\/media?parent=989924"}],"wp:term":[{"taxonomy":"product_brand","embeddable":true,"href":"https:\/\/agrovetazerbaijan.az\/ru\/wp-json\/wp\/v2\/product_brand?post=989924"},{"taxonomy":"product_cat","embeddable":true,"href":"https:\/\/agrovetazerbaijan.az\/ru\/wp-json\/wp\/v2\/product_cat?post=989924"},{"taxonomy":"product_tag","embeddable":true,"href":"https:\/\/agrovetazerbaijan.az\/ru\/wp-json\/wp\/v2\/product_tag?post=989924"}],"curies":[{"name":"WP","href":"https:\/\/api.w.org\/{rel}","templated":true}]}}