{"id":989920,"date":"2025-07-13T22:48:53","date_gmt":"2025-07-13T22:48:53","guid":{"rendered":"https:\/\/agrovetazerbaijan.az\/?post_type=product&#038;p=989920"},"modified":"2025-07-13T22:49:06","modified_gmt":"2025-07-13T22:49:06","slug":"petline-sensitive-adult-dog-pate-with-salmon","status":"publish","type":"product","link":"https:\/\/agrovetazerbaijan.az\/ru\/product\/petline-sensitive-adult-dog-pate-with-salmon\/","title":{"rendered":"Petline Sensitive \u2013 \u041f\u0430\u0448\u0442\u0435\u0442 \u0434\u043b\u044f \u0432\u0437\u0440\u043e\u0441\u043b\u044b\u0445 \u0441\u043e\u0431\u0430\u043a \u0441 \u043b\u043e\u0441\u043e\u0441\u0435\u043c"},"content":{"rendered":"<div class=\"vgblk-rw-wrapper limit-wrapper\">\n<h2 data-start=\"198\" data-end=\"256\">\ud83d\udc36 <strong data-start=\"204\" data-end=\"254\">Petline Sensitive \u2013 \u041f\u0430\u0448\u0442\u0435\u0442 \u0434\u043b\u044f \u0432\u0437\u0440\u043e\u0441\u043b\u044b\u0445 \u0441\u043e\u0431\u0430\u043a \u0441 \u043b\u043e\u0441\u043e\u0441\u0435\u043c<\/strong><\/h2>\n<p data-start=\"257\" data-end=\"330\"><strong data-start=\"257\" data-end=\"330\">\u0412\u043b\u0430\u0436\u043d\u044b\u0439 \u043a\u043e\u0440\u043c \u0441\u0443\u043f\u0435\u0440-\u043f\u0440\u0435\u043c\u0438\u0443\u043c \u043a\u043b\u0430\u0441\u0441\u0430 | \u0411\u0435\u0437\u0437\u0435\u0440\u043d\u043e\u0432\u043e\u0439 | \u041a\u043e\u043d\u0442\u0440\u043e\u043b\u044c \u0437\u0430\u043f\u0430\u0445\u0430 \u0438 \u043f\u043e\u0434\u0434\u0435\u0440\u0436\u043a\u0430 \u0438\u043c\u043c\u0443\u043d\u0438\u0442\u0435\u0442\u0430<\/strong><\/p>\n<hr data-start=\"332\" data-end=\"335\" \/>\n<h3 data-start=\"337\" data-end=\"371\">\u2728 <strong data-start=\"343\" data-end=\"371\">\u041e\u0441\u043e\u0431\u0435\u043d\u043d\u043e\u0441\u0442\u0438 \u043f\u0440\u043e\u0434\u0443\u043a\u0442\u0430:<\/strong><\/h3>\n<p data-start=\"373\" data-end=\"973\">\u2705 <strong data-start=\"375\" data-end=\"398\">\u041b\u043e\u0441\u043e\u0441\u044c<\/strong> \u0412\u043a\u0443\u0441\u043d\u044b\u0439 \u0438 \u0432\u044b\u0441\u043e\u043a\u043e\u043a\u0430\u0447\u0435\u0441\u0442\u0432\u0435\u043d\u043d\u044b\u0439 \u0432\u043b\u0430\u0436\u043d\u044b\u0439 \u043a\u043e\u0440\u043c, \u043f\u0440\u0438\u0433\u043e\u0442\u043e\u0432\u043b\u0435\u043d\u043d\u044b\u0439 \u0438\u0437<br data-start=\"453\" data-end=\"456\" \/>\u2705 <strong data-start=\"458\" data-end=\"511\">\u041f\u043e\u043b\u043d\u043e\u0440\u0430\u0446\u0438\u043e\u043d\u043d\u044b\u0439 \u0438 \u0441\u0431\u0430\u043b\u0430\u043d\u0441\u0438\u0440\u043e\u0432\u0430\u043d\u043d\u044b\u0439 \u0440\u0430\u0446\u0438\u043e\u043d \u0434\u043b\u044f \u0432\u0437\u0440\u043e\u0441\u043b\u044b\u0445 \u0441\u043e\u0431\u0430\u043a<\/strong><br data-start=\"511\" data-end=\"514\" \/>\u2705 <strong data-start=\"516\" data-end=\"579\">\u041f\u043e\u0434\u0445\u043e\u0434\u0438\u0442 \u0434\u043b\u044f \u0447\u0443\u0432\u0441\u0442\u0432\u0438\u0442\u0435\u043b\u044c\u043d\u043e\u0439 \u043f\u0438\u0449\u0435\u0432\u0430\u0440\u0438\u0442\u0435\u043b\u044c\u043d\u043e\u0439 \u0441\u0438\u0441\u0442\u0435\u043c\u044b \u0438 \u043a\u043e\u0436\u0438 \u2013 \u0444\u043e\u0440\u043c\u0443\u043b\u0430 \u00abSensitive\u00bb<\/strong><br data-start=\"579\" data-end=\"582\" \/>\u2705 <strong data-start=\"584\" data-end=\"600\">\u041a\u043e\u043d\u0442\u0440\u043e\u043b\u044c \u0437\u0430\u043f\u0430\u0445\u0430<\/strong> \u2013 \u043f\u043e\u043c\u043e\u0433\u0430\u0435\u0442 \u0443\u043c\u0435\u043d\u044c\u0448\u0438\u0442\u044c \u043d\u0435\u043f\u0440\u0438\u044f\u0442\u043d\u044b\u0435 \u0437\u0430\u043f\u0430\u0445\u0438<br data-start=\"645\" data-end=\"648\" \/>\u2705 <strong data-start=\"650\" data-end=\"673\">\u0421\u0438\u043b\u044c\u043d\u0430\u044f \u043f\u043e\u0434\u0434\u0435\u0440\u0436\u043a\u0430 \u0438\u043c\u043c\u0443\u043d\u0438\u0442\u0435\u0442\u0430<\/strong> \u2013 \u0431\u043b\u0430\u0433\u043e\u0434\u0430\u0440\u044f \u043d\u0430\u0442\u0443\u0440\u0430\u043b\u044c\u043d\u044b\u043c \u0430\u043d\u0442\u0438\u043e\u043a\u0441\u0438\u0434\u0430\u043d\u0442\u0430\u043c \u0438 \u0432\u0438\u0442\u0430\u043c\u0438\u043d\u0430\u043c<br data-start=\"721\" data-end=\"724\" \/>\u2705 <strong data-start=\"726\" data-end=\"758\">\u041f\u0440\u0435\u0431\u0438\u043e\u0442\u0438\u043a\u0438 \u0438 \u043f\u0440\u043e\u0431\u0438\u043e\u0442\u0438\u043a\u0438<\/strong> \u2013 \u043f\u043e\u0434\u0434\u0435\u0440\u0436\u0438\u0432\u0430\u0435\u0442 \u043f\u0438\u0449\u0435\u0432\u0430\u0440\u0438\u0442\u0435\u043b\u044c\u043d\u0443\u044e \u0441\u0438\u0441\u0442\u0435\u043c\u0443<br data-start=\"787\" data-end=\"790\" \/>\u2705 <strong data-start=\"792\" data-end=\"817\">\u0411\u0435\u0437 \u0437\u0435\u0440\u043d\u0430<\/strong> \u2013 \u043f\u043e\u0434\u0445\u043e\u0434\u0438\u0442 \u0434\u043b\u044f \u0441\u043e\u0431\u0430\u043a, \u0441\u043a\u043b\u043e\u043d\u043d\u044b\u0445 \u043a \u0430\u043b\u043b\u0435\u0440\u0433\u0438\u0447\u0435\u0441\u043a\u0438\u043c \u0440\u0435\u0430\u043a\u0446\u0438\u044f\u043c<br data-start=\"869\" data-end=\"872\" \/>\u2705 <strong data-start=\"874\" data-end=\"898\">\u041d\u0430\u0442\u0443\u0440\u0430\u043b\u044c\u043d\u044b\u0435 \u0438\u043d\u0433\u0440\u0435\u0434\u0438\u0435\u043d\u0442\u044b<\/strong> \u2013 \u0431\u0435\u0437 \u0438\u0441\u043a\u0443\u0441\u0441\u0442\u0432\u0435\u043d\u043d\u044b\u0445 \u043a\u0440\u0430\u0441\u0438\u0442\u0435\u043b\u0435\u0439 \u0438 \u043a\u043e\u043d\u0441\u0435\u0440\u0432\u0430\u043d\u0442\u043e\u0432<br data-start=\"935\" data-end=\"938\" \/>\u2705 <strong data-start=\"940\" data-end=\"973\">\u041f\u0440\u0430\u043a\u0442\u0438\u0447\u043d\u044b\u0435 \u043f\u043e\u0440\u0446\u0438\u043e\u043d\u043d\u044b\u0435 \u043a\u043e\u043d\u0441\u0435\u0440\u0432\u044b<\/strong><\/p>\n<hr data-start=\"975\" data-end=\"978\" \/>\n<h3 data-start=\"980\" data-end=\"1007\">\ud83d\udccc <strong data-start=\"987\" data-end=\"1007\">\u041e \u043f\u0440\u043e\u0434\u0443\u043a\u0442\u0435:<\/strong><\/h3>\n<ul data-start=\"1009\" data-end=\"1290\">\n<li data-start=\"1009\" data-end=\"1062\">\n<p data-start=\"1011\" data-end=\"1062\"><strong data-start=\"1011\" data-end=\"1026\">\u041d\u0430\u0437\u0432\u0430\u043d\u0438\u0435 \u043f\u0440\u043e\u0434\u0443\u043a\u0442\u0430:<\/strong> \u041f\u0430\u0448\u0442\u0435\u0442 \u0434\u043b\u044f \u0432\u0437\u0440\u043e\u0441\u043b\u044b\u0445 \u0441\u043e\u0431\u0430\u043a \u2013 \u041b\u043e\u0441\u043e\u0441\u044c \u0430\u0441\u0441\u043e\u0440\u0442\u0438<\/p>\n<\/li>\n<li data-start=\"1103\" data-end=\"1136\">\n<p data-start=\"1105\" data-end=\"1136\"><strong data-start=\"1105\" data-end=\"1115\">\u0411\u0440\u0435\u043d\u0434:<\/strong> Petline\u00ae Sensitive<\/p>\n<\/li>\n<li data-start=\"1137\" data-end=\"1176\">\n<p data-start=\"1139\" data-end=\"1176\"><strong data-start=\"1139\" data-end=\"1151\">\u0424\u043e\u0440\u043c\u0430:<\/strong> \u0412\u043b\u0430\u0436\u043d\u044b\u0439 \u043a\u043e\u0440\u043c \/ \u041a\u043e\u043d\u0441\u0435\u0440\u0432\u0438\u0440\u043e\u0432\u0430\u043d\u043d\u044b\u0439 \u043f\u0430\u0448\u0442\u0435\u0442<\/p>\n<\/li>\n<li data-start=\"1177\" data-end=\"1224\">\n<p data-start=\"1179\" data-end=\"1224\"><strong data-start=\"1179\" data-end=\"1196\">\u0426\u0435\u043b\u0435\u0432\u043e\u0435 \u0436\u0438\u0432\u043e\u0442\u043d\u043e\u0435:<\/strong> \u0412\u0437\u0440\u043e\u0441\u043b\u044b\u0435 \u0441\u043e\u0431\u0430\u043a\u0438<\/p>\n<\/li>\n<li data-start=\"1225\" data-end=\"1290\">\n<p data-start=\"1227\" data-end=\"1290\"><strong data-start=\"1227\" data-end=\"1238\">\u0421\u043e\u0441\u0442\u0430\u0432:<\/strong> \u0411\u0435\u0437\u0437\u0435\u0440\u043d\u043e\u0432\u0430\u044f \u0444\u043e\u0440\u043c\u0443\u043b\u0430 \u0441 \u043f\u0440\u0435\u0431\u0438\u043e\u0442\u0438\u043a\u0430\u043c\u0438 \u0438 \u043f\u0440\u043e\u0431\u0438\u043e\u0442\u0438\u043a\u0430\u043c\u0438<\/p>\n<\/li>\n<\/ul>\n<hr data-start=\"1292\" data-end=\"1295\" \/>\n<h3 data-start=\"1297\" data-end=\"1316\">\ud83e\uddea <strong data-start=\"1304\" data-end=\"1316\">\u0418\u043d\u0433\u0440\u0435\u0434\u0438\u0435\u043d\u0442\u044b:<\/strong><\/h3>\n<blockquote data-start=\"1318\" data-end=\"1489\">\n<p data-start=\"1320\" data-end=\"1489\"><strong data-start=\"1320\" data-end=\"1338\">\u041c\u044f\u0441\u043e \u043b\u043e\u0441\u043e\u0441\u044f<\/strong>, \u043c\u044f\u0441\u043d\u043e\u0439 \u0431\u0443\u043b\u044c\u043e\u043d, \u043d\u0430\u0442\u0443\u0440\u0430\u043b\u044c\u043d\u044b\u0435 \u0432\u043e\u043b\u043e\u043a\u043d\u0430, \u0432\u0438\u0442\u0430\u043c\u0438\u043d\u043d\u043e-\u043c\u0438\u043d\u0435\u0440\u0430\u043b\u044c\u043d\u044b\u0439 \u043a\u043e\u043c\u043f\u043b\u0435\u043a\u0441, <strong data-start=\"1396\" data-end=\"1412\">\u043f\u0440\u0435\u0431\u0438\u043e\u0442\u0438\u043a\u0438<\/strong>, <strong data-start=\"1414\" data-end=\"1430\">\u043f\u0440\u043e\u0431\u0438\u043e\u0442\u0438\u043a\u0438<\/strong>, \u0442\u0430\u0443\u0440\u0438\u043d, \u0436\u0435\u043b\u0430\u0442\u0438\u043d\u0438\u0437\u0438\u0440\u0443\u044e\u0449\u0438\u0435 \u0430\u0433\u0435\u043d\u0442\u044b, \u043d\u0430\u0442\u0443\u0440\u0430\u043b\u044c\u043d\u044b\u0435 \u0430\u043d\u0442\u0438\u043e\u043a\u0441\u0438\u0434\u0430\u043d\u0442\u044b.<\/p>\n<\/blockquote>\n<p data-start=\"1491\" data-end=\"1565\">\ud83d\udccc <strong data-start=\"1494\" data-end=\"1565\">\u041d\u0435 \u0441\u043e\u0434\u0435\u0440\u0436\u0438\u0442 \u0438\u0441\u043a\u0443\u0441\u0441\u0442\u0432\u0435\u043d\u043d\u044b\u0445 \u043f\u043e\u0434\u0441\u043b\u0430\u0441\u0442\u0438\u0442\u0435\u043b\u0435\u0439, \u043a\u0440\u0430\u0441\u0438\u0442\u0435\u043b\u0435\u0439 \u0438 \u043a\u043e\u043d\u0441\u0435\u0440\u0432\u0430\u043d\u0442\u043e\u0432.<\/strong><\/p>\n<hr data-start=\"1567\" data-end=\"1570\" \/>\n<h3 data-start=\"1572\" data-end=\"1592\">\ud83d\udc3e <strong data-start=\"1579\" data-end=\"1592\">\u0421\u043e\u0432\u043c\u0435\u0441\u0442\u0438\u043c\u043e\u0441\u0442\u044c:<\/strong><\/h3>\n<p data-start=\"1594\" data-end=\"1867\">\ud83e\udd63 \u041b\u044e\u0434\u044f\u043c \u0441 \u0447\u0443\u0432\u0441\u0442\u0432\u0438\u0442\u0435\u043b\u044c\u043d\u043e\u0439 \u043f\u0438\u0449\u0435\u0432\u0430\u0440\u0438\u0442\u0435\u043b\u044c\u043d\u043e\u0439 \u0441\u0438\u0441\u0442\u0435\u043c\u043e\u0439 \u0438\u043b\u0438 \u043a\u043e\u0436\u043d\u043e\u0439 \u0430\u043b\u043b\u0435\u0440\u0433\u0438\u0435\u0439 <strong data-start=\"1675\" data-end=\"1720\">\u0418\u0434\u0435\u0430\u043b\u044c\u043d\u044b\u0439 \u0435\u0436\u0435\u0434\u043d\u0435\u0432\u043d\u044b\u0439 \u0432\u043b\u0430\u0436\u043d\u044b\u0439 \u043a\u043e\u0440\u043c \u0434\u043b\u044f \u0432\u0437\u0440\u043e\u0441\u043b\u044b\u0445 \u0441\u043e\u0431\u0430\u043a<\/strong><br data-start=\"1720\" data-end=\"1723\" \/>\ud83d\udee1\ufe0f <strong data-start=\"1727\" data-end=\"1785\">\u0421\u043f\u0435\u0446\u0438\u0430\u043b\u044c\u043d\u0430\u044f \u0444\u043e\u0440\u043c\u0443\u043b\u0430, \u043f\u043e\u0434\u0434\u0435\u0440\u0436\u0438\u0432\u0430\u044e\u0449\u0430\u044f \u0438\u043c\u043c\u0443\u043d\u0438\u0442\u0435\u0442 \u0438 \u043a\u043e\u043d\u0442\u0440\u043e\u043b\u0438\u0440\u0443\u044e\u0449\u0430\u044f \u0437\u0430\u043f\u0430\u0445<\/strong><br data-start=\"1785\" data-end=\"1788\" \/>\ud83d\udca7 \u041e\u0431\u0435\u0441\u043f\u0435\u0447\u0438\u0432\u0430\u0435\u0442 \u0434\u043e\u043f\u043e\u043b\u043d\u0438\u0442\u0435\u043b\u044c\u043d\u043e\u0435 \u0443\u0432\u043b\u0430\u0436\u043d\u0435\u043d\u0438\u0435 \u2014 \u0438\u0434\u0435\u0430\u043b\u044c\u043d\u043e \u043f\u043e\u0434\u0445\u043e\u0434\u0438\u0442 \u0434\u043b\u044f \u0438\u0441\u043f\u043e\u043b\u044c\u0437\u043e\u0432\u0430\u043d\u0438\u044f \u0441 \u0441\u0443\u0445\u0438\u043c \u043a\u043e\u0440\u043c\u043e\u043c.<\/p>\n<\/div>\n<p><!-- .vgblk-rw-wrapper --><\/p>","protected":false},"excerpt":{"rendered":"<p>\ud83d\udc36 Petline Sensitive \u2013 Adult Dog P\u00e2t\u00e9 with Salmon Super Premium Wet Food | Grain-Free | Odor Control &amp; Immunity Support \u2728 M\u0259hsulun X\u00fcsusiyy\u0259tl\u0259ri: \u2705 Q\u0131z\u0131lbal\u0131q (salmon) il\u0259 haz\u0131rlanm\u0131\u015f l\u0259zz\u0259tli v\u0259 y\u00fcks\u0259k keyfiyy\u0259tli ya\u015f yem\u2705 Yetkin itl\u0259r \u00fc\u00e7\u00fcn tam v\u0259 balansla\u015fd\u0131r\u0131lm\u0131\u015f rasion\u2705 H\u0259ssas h\u0259zm sistemi v\u0259 d\u0259ri \u00fc\u00e7\u00fcn uy\u011fun \u2013 \u201cSensitive\u201d formul\u2705 Odor Control \u2013&#8230;<\/p>","protected":false},"featured_media":989921,"comment_status":"closed","ping_status":"closed","template":"","meta":{"nf_dc_page":"","_monsterinsights_skip_tracking":false,"_monsterinsights_sitenote_active":false,"_monsterinsights_sitenote_note":"","_monsterinsights_sitenote_category":0},"product_brand":[],"product_cat":[244,58,245],"product_tag":[],"class_list":{"0":"post-989920","1":"product","2":"type-product","3":"status-publish","4":"has-post-thumbnail","6":"product_cat-it-ve-pisik-mehsullari","7":"product_cat-dog","8":"product_cat-yemler","10":"first","11":"instock","12":"shipping-taxable","13":"product-type-simple"},"jetpack_sharing_enabled":true,"_links":{"self":[{"href":"https:\/\/agrovetazerbaijan.az\/ru\/wp-json\/wp\/v2\/product\/989920","targetHints":{"allow":["GET"]}}],"collection":[{"href":"https:\/\/agrovetazerbaijan.az\/ru\/wp-json\/wp\/v2\/product"}],"about":[{"href":"https:\/\/agrovetazerbaijan.az\/ru\/wp-json\/wp\/v2\/types\/product"}],"replies":[{"embeddable":true,"href":"https:\/\/agrovetazerbaijan.az\/ru\/wp-json\/wp\/v2\/comments?post=989920"}],"version-history":[{"count":2,"href":"https:\/\/agrovetazerbaijan.az\/ru\/wp-json\/wp\/v2\/product\/989920\/revisions"}],"predecessor-version":[{"id":989923,"href":"https:\/\/agrovetazerbaijan.az\/ru\/wp-json\/wp\/v2\/product\/989920\/revisions\/989923"}],"wp:featuredmedia":[{"embeddable":true,"href":"https:\/\/agrovetazerbaijan.az\/ru\/wp-json\/wp\/v2\/media\/989921"}],"wp:attachment":[{"href":"https:\/\/agrovetazerbaijan.az\/ru\/wp-json\/wp\/v2\/media?parent=989920"}],"wp:term":[{"taxonomy":"product_brand","embeddable":true,"href":"https:\/\/agrovetazerbaijan.az\/ru\/wp-json\/wp\/v2\/product_brand?post=989920"},{"taxonomy":"product_cat","embeddable":true,"href":"https:\/\/agrovetazerbaijan.az\/ru\/wp-json\/wp\/v2\/product_cat?post=989920"},{"taxonomy":"product_tag","embeddable":true,"href":"https:\/\/agrovetazerbaijan.az\/ru\/wp-json\/wp\/v2\/product_tag?post=989920"}],"curies":[{"name":"WP","href":"https:\/\/api.w.org\/{rel}","templated":true}]}}